{"id":74117,"date":"2026-04-28T11:39:25","date_gmt":"2026-04-28T02:39:25","guid":{"rendered":"https:\/\/portal.hokuryu.info\/?page_id=74117"},"modified":"2026-04-28T14:52:30","modified_gmt":"2026-04-28T05:52:30","slug":"about_operator_site","status":"publish","type":"page","link":"https:\/\/portal.hokuryu.info\/vi\/about_operator_site\/","title":{"rendered":"Th\u00f4ng tin v\u1ec1 nh\u00e0 \u0111i\u1ec1u h\u00e0nh v\u00e0 trang web"},"content":{"rendered":"<p>Th\u00e0nh l\u1eadp: Th\u00e1ng 4 n\u0103m 2026<\/p>\n<h2>Gi\u1edbi thi\u1ec7u v\u1ec1 C\u1ed5ng th\u00f4ng tin th\u1ecb tr\u1ea5n Hokuryu<\/h2>\n<p>\u5317\u7adc\u753a\u30dd\u30fc\u30bf\u30eb\u306f\u3001\u5317\u6d77\u9053\u96e8\u7adc\u90e1\u5317\u7adc\u753a\u3092\u62e0\u70b9\u306b\u3001\u5bfa\u5185\u6607\uff06\u90c1\u5b50\u304c2011\u5e74\u3088\u308a\u904b\u55b6\u3059\u308b\u5730\u57df\u60c5\u5831\u30b5\u30a4\u30c8\u3067\u3059\u3002\u4eba\u53e3\u7d041,600\u4eba\u306e\u5c0f\u3055\u306a\u753a\u304b\u3089\u3001\u4e16\u754c10\u304b\u56fd\u8a9e\u3067\u300c\u548c\u306e\u5fc3\u300d\u3092\u767a\u4fe1\u3057\u7d9a\u3051\u3066\u3044\u307e\u3059\u3002<\/p>\n<blockquote>\n<p>&quot;T\u1ea1i th\u1ecb tr\u1ea5n Hokuryu, l\u00f2ng bi\u1ebft \u01a1n s\u00e2u s\u1eafc \u0111\u1ed1i v\u1edbi thi\u00ean nhi\u00ean v\u00e0 tinh th\u1ea7n \u1ea5m \u00e1p c\u1ee7a s\u1ef1 h\u00f2a thu\u1eadn v\u00e0 l\u00f2ng tr\u1eafc \u1ea9n lan t\u1ecfa trong l\u00f2ng ng\u01b0\u1eddi d\u00e2n. Ch\u00fang t\u00f4i hy v\u1ecdng r\u1eb1ng tri\u1ebft l\u00fd gi\u1ea3n d\u1ecb nh\u01b0ng qu\u00fd gi\u00e1 n\u00e0y, \u0111\u01b0\u1ee3c t\u00ecm th\u1ea5y trong cu\u1ed9c s\u1ed1ng th\u01b0\u1eddng nh\u1eadt, s\u1ebd lan t\u1ecfa ra kh\u1eafp th\u1ebf gi\u1edbi.&quot;<\/p>\n<p>\u2014 Noboru Terauchi &amp; Ikuko<\/p>\n<\/blockquote>\n<h2>Tri\u1ebft l\u00fd c\u1ee7a trang web<\/h2>\n<ul>\n<li>Chia s\u1ebb &quot;tinh th\u1ea7n h\u00f2a h\u1ee3p&quot; v\u00e0 &quot;tinh th\u1ea7n t\u1eeb bi&quot; m\u00e0 c\u01b0 d\u00e2n th\u1ecb tr\u1ea5n Hokuryu v\u00f4 th\u1ee9c th\u1ef1c h\u00e0nh v\u1edbi th\u1ebf gi\u1edbi.<\/li>\n<li>Ch\u00fang t\u00f4i \u0111\u1eb7t m\u1ee5c ti\u00eau ti\u1ebfp c\u1eadn 1.600 ng\u01b0\u1eddi tham gia trong khu v\u1ef1c b\u1eb1ng c\u00e1ch ph\u1ed5 bi\u1ebfn th\u00f4ng tin b\u1eb1ng 10 ng\u00f4n ng\u1eef.<\/li>\n<li>Tr\u1ea3i qua 16 n\u0103m v\u00e0 h\u01a1n 20.000 b\u00e0i vi\u1ebft, m\u1ed9t b\u1ee9c tranh ch\u00e2n th\u1ef1c v\u1ec1 cu\u1ed9c s\u1ed1ng th\u01b0\u1eddng nh\u1eadt t\u1ea1i th\u1ecb tr\u1ea5n \u0111\u00e3 \u0111\u01b0\u1ee3c l\u01b0u gi\u1eef.<\/li>\n<li>Ch\u00fang t\u00f4i s\u1ebd c\u00f4ng khai gi\u1edbi thi\u1ec7u s\u1ef1 h\u1ee3p t\u00e1c s\u00e1ng t\u1ea1o v\u1edbi AI kh\u00f4ng ph\u1ea3i nh\u01b0 m\u1ed9t &quot;c\u00f4ng c\u1ee5&quot;, m\u00e0 nh\u01b0 m\u1ed9t &quot;m\u1ed1i quan h\u1ec7 \u0111\u1ed1i t\u00e1c&quot;.<\/li>\n<\/ul>\n<h2>C\u01a1 c\u1ea5u qu\u1ea3n l\u00fd<\/h2>\n<h3>Ng\u01b0\u1eddi qu\u1ea3n l\u00fd ho\u1ea1t \u0111\u1ed9ng<\/h3>\n<p>B\u1ed9 N\u1ed9i v\u1ee5 v\u00e0 H\u1ec7 th\u1ed1ng Truy\u1ec1n th\u00f4ng - Nh\u00e2n vi\u00ean H\u1ed7 tr\u1ee3 C\u1ed9ng \u0111\u1ed3ng Th\u1ecb tr\u1ea5n Hokuryu: Noboru Terauchi &amp; Ikuko<\/p>\n<h3>B\u1ed9 ph\u1eadn ph\u1ee5 tr\u00e1ch<\/h3>\n<ul>\n<li>11-1 Wa, Hokuryu-cho, Uryu-gun, Hokkaido 078-2512, Nh\u1eadt B\u1ea3n<\/li>\n<li>T\u00f2a th\u1ecb ch\u00ednh Hokuryu, Ph\u00f2ng Chi\u1ebfn l\u01b0\u1ee3c T\u01b0\u01a1ng lai Th\u1ecb tr\u1ea5n<\/li>\n<li>\u0110i\u1ec7n tho\u1ea1i: 0164-34-2111 (T\u1ed5ng \u0111\u00e0i)<\/li>\n<li>S\u1ed1 fax: 0164-34-2117<\/li>\n<\/ul>\n<h3>cu\u1ed9c \u0111i\u1ec1u tra<\/h3>\n<p>Email: noboru\u25c7terasun.net (Vui l\u00f2ng thay th\u1ebf \u25c7 b\u1eb1ng @)<\/p>\n<h2>H\u1ed3 s\u01a1 nh\u00e0 \u0111i\u1ec1u h\u00e0nh<\/h2>\n<p>Vui l\u00f2ng xem b\u00e0i vi\u1ebft sau \u0111\u1ec3 bi\u1ebft th\u00eam chi ti\u1ebft v\u1ec1 c\u00e1ch ch\u00fang t\u00f4i g\u1eb7p nhau, l\u00fd do chuy\u1ec3n \u0111\u1ebfn th\u1ecb tr\u1ea5n Hokuryu v\u00e0 h\u00e0nh tr\u00ecnh c\u1ee7a ch\u00fang t\u00f4i trong 16 n\u0103m qua.<\/p>\n<ul>\n<li><a href=\"https:\/\/portal.hokuryu.info\/vi\/62509\/\">Hai ng\u01b0\u1eddi l\u00e0m n\u00ean m\u1ed9t. C\u00e2u chuy\u1ec7n v\u1ec1 th\u1ecb tr\u1ea5n Hokuryu \u0111\u01b0\u1ee3c d\u1ec7t n\u00ean b\u1edfi m\u1eb7t tr\u1eddi v\u00e0 m\u1eb7t tr\u0103ng.<\/a><\/li>\n<\/ul>\n<h2>Danh s\u00e1ch c\u00e1c ph\u01b0\u01a1ng ti\u1ec7n truy\u1ec1n th\u00f4ng<\/h2>\n<p>C\u1ed5ng th\u00f4ng tin Th\u1ecb tr\u1ea5n Hokuryu, c\u00f3 \u0111\u1ecba ch\u1ec9 t\u1ea1i portal.hokuryu.info, s\u1eed d\u1ee5ng n\u0103m n\u1ec1n t\u1ea3ng truy\u1ec1n th\u00f4ng kh\u00e1c nhau \u0111\u1ec3 qu\u1ea3ng b\u00e1 v\u1ebb \u0111\u1eb9p c\u1ee7a Th\u1ecb tr\u1ea5n Hokuryu, m\u1ed7i n\u1ec1n t\u1ea3ng \u0111\u1ec1u t\u1eadn d\u1ee5ng nh\u1eefng \u0111\u1eb7c \u0111i\u1ec3m ri\u00eang bi\u1ec7t c\u1ee7a m\u00ecnh. Ch\u00fang t\u00f4i r\u1ea5t vui n\u1ebfu b\u1ea1n theo d\u00f5i ch\u00fang t\u00f4i tr\u00ean n\u1ec1n t\u1ea3ng m\u00e0 b\u1ea1n \u01b0a th\u00edch.<\/p>\n<p>\u2605 <strong>C\u1ed5ng th\u00f4ng tin th\u1ecb tr\u1ea5n Hokuryu (10 ng\u00f4n ng\u1eef)<\/strong><br \/>\nTrang web ch\u00ednh th\u1ee9c l\u00e0 \u0111i\u1ec3m kh\u1edfi \u0111\u1ea7u cho m\u1ecdi th\u00f4ng tin. Trang web bao qu\u00e1t to\u00e0n di\u1ec7n &quot;hi\u1ec7n tr\u1ea1ng&quot; c\u1ee7a th\u1ecb tr\u1ea5n Hokuryu, bao g\u1ed3m c\u00e1c b\u00e0i vi\u1ebft n\u1ed5i b\u1eadt, nh\u1eefng b\u00e1u v\u1eadt c\u1ee7a th\u1ecb tr\u1ea5n Hokuryu, th\u00f4ng tin v\u1ec1 c\u00e1c t\u1ed5 ch\u1ee9c \u0111\u1ecba ph\u01b0\u01a1ng v\u00e0 b\u00e1o c\u00e1o ho\u1ea1t \u0111\u1ed9ng, t\u1ea5t c\u1ea3 \u0111\u1ec1u c\u00f3 s\u1eb5n b\u1eb1ng 10 ng\u00f4n ng\u1eef.<\/p>\n<ol>\n<li>\ud83c\uddef\ud83c\uddf5 Ti\u1ebfng Nh\u1eadt<a href=\"https:\/\/portal.hokuryu.info\/vi\/\" target=\"_blank\" rel=\"noopener\">https:\/\/portal.hokuryu.info\/<\/a><\/li>\n<li>\ud83c\uddfa\ud83c\uddf8 Ti\u1ebfng Anh:<a href=\"https:\/\/portal.hokuryu.info\/en\/\" target=\"_blank\" rel=\"noopener\">https:\/\/portal.hokuryu.info\/en\/<\/a><\/li>\n<li>\ud83c\uddee\ud83c\udde9 Ti\u1ebfng Indonesia:<a href=\"https:\/\/portal.hokuryu.info\/id\/\" target=\"_blank\" rel=\"noopener\">https:\/\/portal.hokuryu.info\/id\/<\/a><\/li>\n<li>\ud83c\uddfb\ud83c\uddf3 Ti\u1ebfng Vi\u1ec7t Ti\u1ebfng Vi\u1ec7t:<a href=\"https:\/\/portal.hokuryu.info\/vi\/\" target=\"_blank\" rel=\"noopener\">https:\/\/portal.hokuryu.info\/vi\/<\/a><\/li>\n<li>\ud83c\uddf9\ud83c\uddf7 Ti\u1ebfng Th\u1ed5 Nh\u0129 K\u1ef3 (T\u00fcrk\u00e7e):<a href=\"https:\/\/portal.hokuryu.info\/tr\/\" target=\"_blank\" rel=\"noopener\">https:\/\/portal.hokuryu.info\/tr\/<\/a><\/li>\n<li>\ud83c\udde6\ud83c\uddff Ti\u1ebfng Azerbaijan (Az\u0259rbaycanca):<a href=\"https:\/\/portal.hokuryu.info\/az\/\" target=\"_blank\" rel=\"noopener\">https:\/\/portal.hokuryu.info\/az\/<\/a><\/li>\n<li>\ud83c\uddf9\ud83c\udded Ti\u1ebfng Th\u00e1i\u30fb\u0e20\u0e32\u0e29\u0e32\u0e44\u0e17\u0e22:<a href=\"https:\/\/portal.hokuryu.info\/th\/\" target=\"_blank\" rel=\"noopener\">https:\/\/portal.hokuryu.info\/th\/<\/a><\/li>\n<li>\ud83c\uddee\ud83c\uddf3 Ti\u1ebfng Hindi (\u1ea4n \u0110\u1ed9) - \u0939\u093f\u0928\u094d\u0926\u0940 (Ti\u1ebfng Hindi):<a href=\"https:\/\/portal.hokuryu.info\/hi\/\" target=\"_blank\" rel=\"noopener\">https:\/\/portal.hokuryu.info\/hi\/<\/a><\/li>\n<li>\ud83c\udde7\ud83c\uddf7 Ti\u1ebfng B\u1ed3 \u0110\u00e0o Nha:<a href=\"https:\/\/portal.hokuryu.info\/pt\/\" target=\"_blank\" rel=\"noopener\">https:\/\/portal.hokuryu.info\/pt\/<\/a><\/li>\n<li>\ud83c\uddea\ud83c\uddf8 Ti\u1ebfng T\u00e2y Ban Nha:<a href=\"https:\/\/portal.hokuryu.info\/es\/\" target=\"_blank\" rel=\"noopener\">https:\/\/portal.hokuryu.info\/es\/<\/a><\/li>\n<\/ol>\n<p>\u2605 <strong>Trang Facebook (ti\u1ebfng Nh\u1eadt\/ti\u1ebfng Anh)<\/strong><br \/>\nNgo\u00e0i vi\u1ec7c cung c\u1ea5p \u2460 c\u00e1c b\u00e0i vi\u1ebft chuy\u00ean \u0111\u1ec1 v\u00e0 \u2461 &quot;Nh\u1eefng kho b\u00e1u c\u1ee7a th\u1ecb tr\u1ea5n Hokuryu&quot; b\u1eb1ng c\u1ea3 ti\u1ebfng Nh\u1eadt v\u00e0 ti\u1ebfng Anh, ch\u00fang t\u00f4i c\u0169ng nh\u00fang c\u00e1c b\u00e0i \u0111\u0103ng tr\u00ean m\u1ea1ng x\u00e3 h\u1ed9i t\u1eeb nhi\u1ec1u t\u1ed5 ch\u1ee9c trong th\u1ecb tr\u1ea5n v\u00e0 cung c\u1ea5p li\u00ean k\u1ebft \u0111\u1ebfn c\u00e1c trang t\u01b0\u01a1ng \u1ee9ng c\u1ee7a h\u1ecd. N\u00f3 ho\u1ea1t \u0111\u1ed9ng nh\u01b0 m\u1ed9t trung t\u00e2m th\u00f4ng tin cho c\u1ed9ng \u0111\u1ed3ng \u0111\u1ecba ph\u01b0\u01a1ng.<br \/>\n<a href=\"https:\/\/www.facebook.com\/hokuryunow\" target=\"_blank\" rel=\"noopener\">https:\/\/www.facebook.com\/hokuryunow<\/a><\/p>\n<p>\u2605 <strong>Instagram (ti\u1ebfng Nh\u1eadt v\u00e0 ti\u1ebfng Anh)<\/strong><br \/>\n&quot;Nh\u1eefng b\u00e1u v\u1eadt c\u1ee7a th\u1ecb tr\u1ea5n Hokuryu&quot; (Phong c\u1ea3nh th\u1ecb tr\u1ea5n Hokuryu \/ Tr\u1ea3i nghi\u1ec7m c\u00e1c m\u00f9a \u1edf th\u1ecb tr\u1ea5n Hokuryu) \u0111\u01b0\u1ee3c tr\u00ecnh b\u00e0y t\u1eadp trung v\u00e0o v\u0103n b\u1ea3n ti\u1ebfng Nh\u1eadt, ti\u1ebfng Anh v\u00e0 h\u00ecnh \u1ea3nh. \u0110\u00e2y l\u00e0 m\u1ed9t tri\u1ec3n l\u00e3m gi\u1edbi thi\u1ec7u nh\u1eefng kho\u1ea3nh kh\u1eafc tuy\u1ec7t \u0111\u1eb9p c\u1ee7a th\u1ecb tr\u1ea5n Hokuryu \u0111\u1ebfn v\u1edbi th\u1ebf gi\u1edbi.<br \/>\n<a href=\"https:\/\/www.instagram.com\/hokuryunow\/\" target=\"_blank\" rel=\"noopener\">https:\/\/www.instagram.com\/hokuryunow\/<\/a><\/p>\n<p>\u2605 <strong>YouTube (ti\u1ebfng Nh\u1eadt)<\/strong><br \/>\nCh\u00fang t\u00f4i \u0111ang ph\u00e1t h\u00e0nh n\u1ed9i dung video \u0111\u01b0\u1ee3c t\u00edch h\u1ee3p v\u1edbi c\u00e1c b\u00e0i vi\u1ebft chuy\u00ean \u0111\u1ec1. Ch\u00fang t\u00f4i s\u1ebd truy\u1ec1n t\u1ea3i c\u00e1c s\u1ef1 ki\u1ec7n v\u00e0 c\u1ea3m x\u00fac c\u1ee7a ng\u01b0\u1eddi d\u00e2n th\u1ecb tr\u1ea5n Hokuryu v\u1edbi t\u00ednh ch\u00e2n th\u1ef1c m\u00e0 ch\u1ec9 video m\u1edbi c\u00f3 th\u1ec3 mang l\u1ea1i.<br \/>\n<a href=\"https:\/\/www.youtube.com\/@hokuryu_portal\/videos\" target=\"_blank\" rel=\"noopener\">https:\/\/www.youtube.com\/@hokuryu_portal\/videos<\/a><\/p>\n<p>\u2605 <strong>X (tr\u01b0\u1edbc \u0111\u00e2y l\u00e0 Twitter) (ti\u1ebfng Nh\u1eadt\/ti\u1ebfng Anh)<\/strong><br \/>\nCh\u00fang t\u00f4i ch\u1ecdn l\u1ecdc nh\u1eefng c\u00e2u chuy\u1ec7n t\u1eeb c\u00e1c b\u00e0i vi\u1ebft n\u1ed5i b\u1eadt m\u00e0 ch\u00fang t\u00f4i \u0111\u1eb7c bi\u1ec7t mu\u1ed1n chia s\u1ebb v\u1edbi th\u1ebf gi\u1edbi, v\u00e0 \u0111\u0103ng t\u1ea3i ch\u00fang b\u1eb1ng c\u1ea3 ti\u1ebfng Anh v\u00e0 ti\u1ebfng Nh\u1eadt. M\u1ee5c ti\u00eau c\u1ee7a ch\u00fang t\u00f4i l\u00e0 chia s\u1ebb &quot;tinh th\u1ea7n h\u00f2a h\u1ee3p&quot; c\u1ee7a th\u1ecb tr\u1ea5n Hokuryu v\u1edbi to\u00e0n th\u1ebf gi\u1edbi.<br \/>\n<a href=\"https:\/\/x.com\/HokuryuPortal\" target=\"_blank\" rel=\"noopener\">https:\/\/x.com\/HokuryuPortal<\/a><\/p>\n<p>Ch\u00fang t\u00f4i r\u1ea5t mong nh\u1eadn \u0111\u01b0\u1ee3c s\u1ef1 \u1ee7ng h\u1ed9 c\u1ee7a nh\u1eefng ai quan t\u00e2m \u0111\u1ebfn &quot;tinh th\u1ea7n h\u00f2a h\u1ee3p&quot; v\u00e0 &quot;tinh th\u1ea7n t\u1eeb bi&quot; c\u1ee7a th\u1ecb tr\u1ea5n Hokuryu. Xin ch\u00e2n th\u00e0nh c\u1ea3m \u01a1n.<\/p>\n<h2>L\u1ecbch s\u1eed trang web<\/h2>\n<ol>\n<li>C\u1ed5ng th\u00f4ng tin th\u1ecb tr\u1ea5n Hokuryu \u0111\u01b0\u1ee3c th\u00e0nh l\u1eadp v\u00e0o th\u00e1ng 7 n\u0103m 2011.<\/li>\n<li>Vi\u1ec7c qu\u1ea3n l\u00fd quy\u1ec1n truy c\u1eadp b\u1eb1ng Google Analytics 4 s\u1ebd \u0111\u01b0\u1ee3c ti\u1ebfp t\u1ee5c v\u00e0o th\u00e1ng 4 n\u0103m 2024.<\/li>\n<li>V\u00e0o th\u00e1ng 6 n\u0103m 2025, TranslatePress s\u1ebd b\u1eaft \u0111\u1ea7u xu\u1ea5t b\u1ea3n b\u1eb1ng ch\u00edn ng\u00f4n ng\u1eef.<\/li>\n<li>\u0110\u1ebfn th\u00e1ng 2 n\u0103m 2026, ch\u00fang t\u00f4i \u0111\u1eb7t m\u1ee5c ti\u00eau m\u1edf r\u1ed9ng h\u1ec7 th\u1ed1ng li\u00ean l\u1ea1c c\u1ee7a m\u00ecnh l\u00ean 10 ng\u00f4n ng\u1eef.<\/li>\n<li>Trang web \u0111\u00e3 \u0111\u01b0\u1ee3c kh\u1edfi ch\u1ea1y l\u1ea1i v\u00e0o ng\u00e0y 2 th\u00e1ng 4 n\u0103m 2026 (Th\u1ee9 N\u0103m) (17 n\u0103m k\u1ec3 t\u1eeb khi ra m\u1eaft) v\u00e0 ghi nh\u1eadn 273.000 ng\u01b0\u1eddi d\u00f9ng v\u00e0 769.000 l\u01b0\u1ee3t xem trang trong n\u0103m 2025.<\/li>\n<\/ol>\n\n        <div class=\"site-blogcard-premium\">\n            <div class=\"bc-label-custom\">B\u00e0i vi\u1ebft li\u00ean quan<\/div>\n            <div class=\"bc-flex-container\">\n                <div class=\"bc-main-text\">\n                    <div class=\"bc-title-link-box\">\n                        <a href=\"https:\/\/portal.hokuryu.info\/vi\/72718\/\" target=\"_blank\">https:\/\/portal.hokuryu.info\/72718<\/a>\n                    <\/div>\n                    <div class=\"bc-excerpt-box\">Kh\u00f4ng th\u1ec3 truy xu\u1ea5t th\u00f4ng tin trang.<\/div>\n                <\/div>\n                <div class=\"bc-thumbnail-box\">\n                    <a href=\"https:\/\/portal.hokuryu.info\/vi\/72718\/\" target=\"_blank\">\n                        <div class=\"bc-img-zoom-wrap\">\n                            <img decoding=\"async\" src=\"https:\/\/portal.hokuryu.info\/wp\/wp-content\/uploads\/2026\/02\/20230802DSC06445_1.jpg\" alt=\"https:\/\/portal.hokuryu.info\/72718\">\n                        <\/div>\n                    <\/a>\n                <\/div>\n            <\/div>\n        <\/div>\n<h2>C\u00e1c trang li\u00ean quan<\/h2>\n\n        <div class=\"site-blogcard-premium\">\n            <div class=\"bc-label-custom\">B\u00e0i vi\u1ebft li\u00ean quan<\/div>\n            <div class=\"bc-flex-container\">\n                <div class=\"bc-main-text\">\n                    <div class=\"bc-title-link-box\">\n                        <a href=\"https:\/\/portal.hokuryu.info\/vi\/62509\/\" target=\"_blank\">https:\/\/portal.hokuryu.info\/62509<\/a>\n                    <\/div>\n                    <div class=\"bc-excerpt-box\">Kh\u00f4ng th\u1ec3 truy xu\u1ea5t th\u00f4ng tin trang.<\/div>\n                <\/div>\n                <div class=\"bc-thumbnail-box\">\n                    <a href=\"https:\/\/portal.hokuryu.info\/vi\/62509\/\" target=\"_blank\">\n                        <div class=\"bc-img-zoom-wrap\">\n                            <img decoding=\"async\" src=\"https:\/\/portal.hokuryu.info\/wp\/wp-content\/uploads\/2026\/02\/20230802DSC06445_1.jpg\" alt=\"https:\/\/portal.hokuryu.info\/62509\">\n                        <\/div>\n                    <\/a>\n                <\/div>\n            <\/div>\n        <\/div>\n\n        <div class=\"site-blogcard-premium\">\n            <div class=\"bc-label-custom\">B\u00e0i vi\u1ebft li\u00ean quan<\/div>\n            <div class=\"bc-flex-container\">\n                <div class=\"bc-main-text\">\n                    <div class=\"bc-title-link-box\">\n                        <a href=\"https:\/\/portal.hokuryu.info\/vi\/loai\/aboutus\/operations_report\/\" target=\"_blank\">B\u00e1o c\u00e1o ho\u1ea1t \u0111\u1ed9ng trang web (Th\u1ec3 lo\u1ea1i)<\/a>\n                    <\/div>\n                    <div class=\"bc-excerpt-box\">B\u00e0i vi\u1ebft n\u00e0y bao g\u1ed3m c\u00e1c b\u00e1o c\u00e1o, ph\u00e2n t\u00edch v\u00e0 c\u1eadp nh\u1eadt h\u00e0ng th\u00e1ng li\u00ean quan \u0111\u1ebfn ho\u1ea1t \u0111\u1ed9ng c\u1ee7a C\u1ed5ng th\u00f4ng tin Th\u1ecb tr\u1ea5n Hokuryu. \u2022 Qu\u1ea3n l\u00fd v\u1eadn h\u00e0nh: Hokuryu...<\/div>\n                <\/div>\n                <div class=\"bc-thumbnail-box\">\n                    <a href=\"https:\/\/portal.hokuryu.info\/vi\/loai\/aboutus\/operations_report\/\" target=\"_blank\">\n                        <div class=\"bc-img-zoom-wrap\">\n                            <img decoding=\"async\" src=\"https:\/\/portal.hokuryu.info\/wp\/wp-content\/uploads\/2026\/02\/20230802DSC06445_1.jpg\" alt=\"B\u00e1o c\u00e1o ho\u1ea1t \u0111\u1ed9ng trang web (Th\u1ec3 lo\u1ea1i)\">\n                        <\/div>\n                    <\/a>\n                <\/div>\n            <\/div>\n        <\/div>\n\n        <div class=\"site-blogcard-premium\">\n            <div class=\"bc-label-custom\">B\u00e0i vi\u1ebft li\u00ean quan<\/div>\n            <div class=\"bc-flex-container\">\n                <div class=\"bc-main-text\">\n                    <div class=\"bc-title-link-box\">\n                        <a href=\"https:\/\/portal.hokuryu.info\/vi\/operations_policy\/\" target=\"_blank\">https:\/\/portal.hokuryu.info\/operations_policy<\/a>\n                    <\/div>\n                    <div class=\"bc-excerpt-box\">Kh\u00f4ng th\u1ec3 truy xu\u1ea5t th\u00f4ng tin trang.<\/div>\n                <\/div>\n                <div class=\"bc-thumbnail-box\">\n                    <a href=\"https:\/\/portal.hokuryu.info\/vi\/operations_policy\/\" target=\"_blank\">\n                        <div class=\"bc-img-zoom-wrap\">\n                            <img decoding=\"async\" src=\"https:\/\/portal.hokuryu.info\/wp\/wp-content\/uploads\/2026\/02\/20230802DSC06445_1.jpg\" alt=\"https:\/\/portal.hokuryu.info\/operations_policy\">\n                        <\/div>\n                    <\/a>\n                <\/div>\n            <\/div>\n        <\/div>\n\n        <div class=\"site-blogcard-premium\">\n            <div class=\"bc-label-custom\">B\u00e0i vi\u1ebft li\u00ean quan<\/div>\n            <div class=\"bc-flex-container\">\n                <div class=\"bc-main-text\">\n                    <div class=\"bc-title-link-box\">\n                        <a href=\"https:\/\/portal.hokuryu.info\/vi\/chinh-sach-bao-mat\/\" target=\"_blank\">https:\/\/portal.hokuryu.info\/privacy-policy<\/a>\n                    <\/div>\n                    <div class=\"bc-excerpt-box\">Kh\u00f4ng th\u1ec3 truy xu\u1ea5t th\u00f4ng tin trang.<\/div>\n                <\/div>\n                <div class=\"bc-thumbnail-box\">\n                    <a href=\"https:\/\/portal.hokuryu.info\/vi\/chinh-sach-bao-mat\/\" target=\"_blank\">\n                        <div class=\"bc-img-zoom-wrap\">\n                            <img decoding=\"async\" src=\"https:\/\/portal.hokuryu.info\/wp\/wp-content\/uploads\/2026\/02\/20230802DSC06445_1.jpg\" alt=\"https:\/\/portal.hokuryu.info\/privacy-policy\">\n                        <\/div>\n                    <\/a>\n                <\/div>\n            <\/div>\n        <\/div>\n\u3000<br \/>\n\n        <div class=\"site-blogcard-premium\">\n            <div class=\"bc-label-custom\">B\u00e0i vi\u1ebft li\u00ean quan<\/div>\n            <div class=\"bc-flex-container\">\n                <div class=\"bc-main-text\">\n                    <div class=\"bc-title-link-box\">\n                        <a href=\"https:\/\/portal.hokuryu.info\/vi\/index.html\/\" target=\"_blank\">C\u1ed5ng th\u1ecb tr\u1ea5n Hokuryu (Hokkaido) - Ng\u00f4i l\u00e0ng hoa h\u01b0\u1edbng d\u01b0\u01a1ng s\u1ed1 1 Nh\u1eadt B\u1ea3n<\/a>\n                    <\/div>\n                    <div class=\"bc-excerpt-box\">Ph\u01b0\u01a1ng ph\u00e1p canh t\u00e1c ti\u00ean ti\u1ebfn t\u1ea1i th\u1ecb tr\u1ea5n Hokuryu, Hokkaido, qu\u00ea h\u01b0\u01a1ng c\u1ee7a hoa h\u01b0\u1edbng d\u01b0\u01a1ng. Th\u1ecb tr\u1ea5n Hokuryu, n\u01a1i \u0111\u00e3 tuy\u00ean b\u1ed1 &quot;S\u1ea3n xu\u1ea5t th\u1ef1c ph\u1ea9m an to\u00e0n \u0111\u1ec3 b\u1ea3o v\u1ec7 t\u00ednh m\u1ea1ng v\u00e0 s\u1ee9c kh\u1ecfe c\u1ee7a ng\u01b0\u1eddi d\u00e2n (1990)&quot;. Th\u1eadt \u1ea5n t\u01b0\u1ee3ng...<\/div>\n                <\/div>\n                <div class=\"bc-thumbnail-box\">\n                    <a href=\"https:\/\/portal.hokuryu.info\/vi\/index.html\/\" target=\"_blank\">\n                        <div class=\"bc-img-zoom-wrap\">\n                            <img decoding=\"async\" src=\"https:\/\/lh3.googleusercontent.com\/VObf1kbvMs8KaLsut_lSlm999SjzxXpjxIrJgqACNhevhaVBqwpLCxa6k-kthdngh-8UUjxZXlJIdz9JwAjgSxp610qW5BoTh47Ok00PtSa_MR1FFDF7MbdcqA4cmMfI0RHSFm-Dcbil3zherWjzGgbqoipFWPjYSwAyflDpQgkf8TtmbZTAKIx9Fpw-rK-uR3VbcqslfzwUiOoO_J7P_6wBVDIaQx3mux-uUaSAdMDDkfFwxIKfsr6730tlXOh62L9BdDfj9sfNZ0M5FULi8OUnFGZUbc2tpZC06s9UPebAHg65-VGmr07L6-ihI4LyGK6HkC3E40-w3qDheZp6OUCg78EDXs4b3iw-cK0w0wllCvvTIIZx9W1yfFJV-ho2rZ7ga2qFiGbDWIHxh187bcHf65g0i1HafivL9wgl4oFfzlFSclDP8x6fz5hg5poqVQ4qbtehukvBXpTP7fzF70Uanw0iVvp0P7qkhPEl8sgUpzh2kG-pt4A2Q5UcsBoliRd_Aku5G2nG1hXMHMtwgT7rRuIiL8u_pQf1qnz-xExLYEJgNWfEu-sH0TFBPHu3-HxkelZoPHOkuPtCc9D9O_VLW2x9Qz2NjhJDaRYJ8rkYMO5_WMi-iSsWpWpHtmwT0gqOkv5DCFy03fiVdBH067Oxz306a4PJqy9SV5dZiLJnd2KnABLya5emChnfyVpuwb6jTAfdhKMNz9H4V-yMHQAY5ctd4NRNhi3LhW_0TEwa9rY=w160-h150-no\" alt=\"C\u1ed5ng th\u1ecb tr\u1ea5n Hokuryu (Hokkaido) - Ng\u00f4i l\u00e0ng hoa h\u01b0\u1edbng d\u01b0\u01a1ng s\u1ed1 1 Nh\u1eadt B\u1ea3n\">\n                        <\/div>\n                    <\/a>\n                <\/div>\n            <\/div>\n        <\/div>\n<div class=\"img-move\">\n<a href=\"https:\/\/portal.hokuryu.info\/vi\/62509\/\">\ud83d\udd8b\ufe0f L\u00ean k\u1ebf ho\u1ea1ch n\u1ed9i dung, vi\u1ebft b\u00e0i, ch\u1ecdn \u1ea3nh v\u00e0 t\u1ea1o video: Ikuko Terauchi<img decoding=\"async\" style=\"vertical-align: middle;\" src=\"https:\/\/ehokkaido.net\/wp-content\/uploads\/2021\/12\/2021-12-06-11.41.12.png\" \/> Nhi\u1ebfp \u1ea3nh, bi\u00ean t\u1eadp v\u00e0 qu\u1ea3n l\u00fd trang web: Noboru Terauchi<\/a>\n<\/div>\n<p>\u25c7<\/p>\n<div class=\"story-banner\">\n<p class=\"story-banner-title\">N\u0103m c\u00e2u chuy\u1ec7n ch\u1ea1m \u0111\u1ebfn t\u00e2m h\u1ed3n c\u1ee7a th\u1ecb tr\u1ea5n Hokuryu<\/p>\n<div class=\"story-banner-grid\"><a href=\"https:\/\/portal.hokuryu.info\/vi\/64463\/\"><img decoding=\"async\" class=\"story-banner-img\" src=\"https:\/\/portal.hokuryu.info\/wp\/wp-content\/uploads\/2026\/04\/20260413-20220804LUBU6108.jpg\" alt=\"C\u00e2u chuy\u1ec7n v\u1ec1 L\u1ec5 h\u1ed9i Hoa h\u01b0\u1edbng d\u01b0\u01a1ng\"><span class=\"story-banner-sub\">Hoa h\u01b0\u1edbng d\u01b0\u01a1ng v\u00e0 l\u1ecbch s\u1eed<\/span><span class=\"story-banner-name\">C\u00e2u chuy\u1ec7n v\u1ec1 L\u1ec5 h\u1ed9i Hoa h\u01b0\u1edbng d\u01b0\u01a1ng<\/span><\/a><a href=\"https:\/\/portal.hokuryu.info\/vi\/70781\/\"><img decoding=\"async\" class=\"story-banner-img\" src=\"https:\/\/portal.hokuryu.info\/wp\/wp-content\/uploads\/2026\/04\/20260413-2ee454639d49581b086f096a4cad8a35.jpg\" alt=\"N\u00f4ng nghi\u1ec7p, Th\u1ef1c ph\u1ea9m v\u00e0 Cu\u1ed9c s\u1ed1ng\"><span class=\"story-banner-sub\">N\u00f4ng nghi\u1ec7p, Th\u1ef1c ph\u1ea9m v\u00e0 Cu\u1ed9c s\u1ed1ng<\/span><span class=\"story-banner-name\">C\u00e2u chuy\u1ec7n v\u1ec1 g\u1ea1o h\u01b0\u1edbng d\u01b0\u01a1ng<\/span><\/a><a href=\"https:\/\/portal.hokuryu.info\/vi\/65955\/\"><img decoding=\"async\" class=\"story-banner-img\" src=\"https:\/\/portal.hokuryu.info\/wp\/wp-content\/uploads\/2026\/04\/20260413-ac3c8e2e56926a378ae45ee5011703e2.jpg\" alt=\"N\u00f4ng nghi\u1ec7p - Kurosenkoku\"><span class=\"story-banner-sub\">N\u00f4ng nghi\u1ec7p - Kurosenkoku<\/span><span class=\"story-banner-name\">C\u00e2u chuy\u1ec7n v\u1ec1 \u0111\u1eadu n\u00e0nh Kurosenkoku<\/span><\/a><a href=\"https:\/\/portal.hokuryu.info\/vi\/64650\/\"><img decoding=\"async\" class=\"story-banner-img\" src=\"https:\/\/portal.hokuryu.info\/wp\/wp-content\/uploads\/2026\/04\/20250925-Gemini_Generated_Image_xnrnb2xnrnb2xnrn.jpg\" alt=\"N\u00f4ng nghi\u1ec7p - D\u01b0a h\u1ea5u\"><span class=\"story-banner-sub\">N\u00f4ng nghi\u1ec7p - D\u01b0a h\u1ea5u<\/span><span class=\"story-banner-name\">C\u00e2u chuy\u1ec7n v\u1ec1 vi\u1ec7c tr\u1ed3ng hoa h\u01b0\u1edbng d\u01b0\u01a1ng v\u00e0 d\u01b0a h\u1ea5u<\/span><\/a><a href=\"https:\/\/portal.hokuryu.info\/vi\/70779\/\"><img decoding=\"async\" class=\"story-banner-img\" src=\"https:\/\/portal.hokuryu.info\/wp\/wp-content\/uploads\/2026\/04\/20260413-20180913_DSC8149.jpg\" alt=\"N\u00f4ng nghi\u1ec7p - D\u01b0a h\u1ea5u\"><span class=\"story-banner-sub\">N\u00f4ng nghi\u1ec7p - D\u01b0a h\u1ea5u<\/span><span class=\"story-banner-name\">C\u00e2u chuy\u1ec7n v\u1ec1 vi\u1ec7c tr\u1ed3ng d\u01b0a h\u01b0\u1edbng d\u01b0\u01a1ng<\/span><\/a><\/div>\n<\/div>","protected":false},"excerpt":{"rendered":"<p>\u5236\u5b9a\uff1a2026\u5e744\u6708 \u5317\u7adc\u753a\u30dd\u30fc\u30bf\u30eb\u306b\u3064\u3044\u3066 \u5317\u7adc\u753a\u30dd\u30fc\u30bf\u30eb\u306f\u3001\u5317\u6d77\u9053\u96e8\u7adc\u90e1\u5317\u7adc\u753a\u3092\u62e0\u70b9\u306b\u3001\u5bfa\u5185\u6607\uff06\u90c1\u5b50\u304c2011\u5e74\u3088\u308a\u904b\u55b6\u3059\u308b\u5730\u57df\u60c5\u5831\u30b5\u30a4\u30c8\u3067\u3059\u3002\u4eba\u53e3\u7d041,600\u4eba\u306e\u5c0f\u3055\u306a\u753a\u304b\u3089\u3001\u4e16\u754c10\u304b\u56fd\u8a9e\u3067\u300c [&hellip;]<\/p>\n","protected":false},"author":1,"featured_media":74116,"parent":0,"menu_order":0,"comment_status":"closed","ping_status":"closed","template":"","meta":{"footnotes":""},"class_list":["post-74117","page","type-page","status-publish","has-post-thumbnail","hentry"],"_links":{"self":[{"href":"https:\/\/portal.hokuryu.info\/vi\/wp-json\/wp\/v2\/pages\/74117","targetHints":{"allow":["GET"]}}],"collection":[{"href":"https:\/\/portal.hokuryu.info\/vi\/wp-json\/wp\/v2\/pages"}],"about":[{"href":"https:\/\/portal.hokuryu.info\/vi\/wp-json\/wp\/v2\/types\/page"}],"author":[{"embeddable":true,"href":"https:\/\/portal.hokuryu.info\/vi\/wp-json\/wp\/v2\/users\/1"}],"replies":[{"embeddable":true,"href":"https:\/\/portal.hokuryu.info\/vi\/wp-json\/wp\/v2\/comments?post=74117"}],"version-history":[{"count":10,"href":"https:\/\/portal.hokuryu.info\/vi\/wp-json\/wp\/v2\/pages\/74117\/revisions"}],"predecessor-version":[{"id":74152,"href":"https:\/\/portal.hokuryu.info\/vi\/wp-json\/wp\/v2\/pages\/74117\/revisions\/74152"}],"wp:featuredmedia":[{"embeddable":true,"href":"https:\/\/portal.hokuryu.info\/vi\/wp-json\/wp\/v2\/media\/74116"}],"wp:attachment":[{"href":"https:\/\/portal.hokuryu.info\/vi\/wp-json\/wp\/v2\/media?parent=74117"}],"curies":[{"name":"wp","href":"https:\/\/api.w.org\/{rel}","templated":true}]}}