{"id":537,"date":"2021-05-02T12:06:26","date_gmt":"2021-05-02T03:06:26","guid":{"rendered":"http:\/\/portal.hokuryu.info\/?page_id=537"},"modified":"2021-05-02T12:31:55","modified_gmt":"2021-05-02T03:31:55","slug":"1-8-100","status":"publish","type":"page","link":"https:\/\/portal.hokuryu.info\/vi\/537-2\/","title":{"rendered":"B\u1ea1n c\u00f3 th\u1ec3 \u0111\u1ecdc to\u00e0n b\u1ed9 b\u00e0i vi\u1ebft t\u1eeb C\u1ed5ng th\u00f4ng tin th\u1ecb tr\u1ea5n Hokuryu c\u0169 (2011-2020) t\u1ea1i \u0111\u00e2y"},"content":{"rendered":"<p><center><\/p>\n<table cellpadding=\"30\">\n<tbody>\n<tr bgcolor=\"lightcyan\">\n<td>\n<div style=\"text-align: center;\"><a href=\"https:\/\/portal.hokuryu.info\/vi\/index.html\/\"><img decoding=\"async\" class=\"alignnone size-medium wp-image-539\" src=\"https:\/\/portal.hokuryu.info\/wp\/wp-content\/uploads\/2020\/01\/old-portal-300x60.gif\" alt=\"B\u1ea5m v\u00e0o \u0111\u00e2y \u0111\u1ec3 \u0111\u1ebfn c\u1ed5ng th\u00f4ng tin Th\u1ecb tr\u1ea5n Hokuryu c\u0169\" width=\"300\" height=\"60\" \/><br \/>\n<span style=\"font-size: 12pt;\">(B\u1ea1n c\u00f3 th\u1ec3 xem t\u1ea5t c\u1ea3 c\u00e1c b\u00e0i vi\u1ebft t\u1eeb n\u0103m 2011 \u0111\u1ebfn n\u0103m 2019)<\/span><\/a><br \/>\n\u30fb<a style=\"text-decoration: none;\" href=\"https:\/\/portal.hokuryu.info\/vi\/himawari.html\/\">L\u00e0ng H\u01b0\u1edbng D\u01b0\u01a1ng<\/a>\u30fb<a style=\"text-decoration: none;\" href=\"https:\/\/portal.hokuryu.info\/vi\/kurosengoku\/\">\u0110\u1eadu n\u00e0nh Kurosengoku<\/a>\u30fb<a style=\"text-decoration: none;\" href=\"https:\/\/portal.hokuryu.info\/vi\/cong-vien-huong-duong\/onsen.html\/\">Su\u1ed1i n\u01b0\u1edbc n\u00f3ng Hokuryu<\/a>\u30fb<a style=\"text-decoration: none;\" href=\"https:\/\/portal.hokuryu.info\/vi\/news.html\/\">c\u00f3 g\u00ec m\u1edbi<\/a>\u30fb<a style=\"text-decoration: none;\" href=\"https:\/\/portal.hokuryu.info\/vi\/treasure.html\/\">Kho b\u00e1u c\u1ee7a th\u1ecb tr\u1ea5n Hokuryu<\/a><br \/>\n\u30fb<a style=\"text-decoration: none;\" href=\"https:\/\/portal.hokuryu.info\/vi\/mayor.html\/\">Th\u1ecb tr\u01b0\u1edfng Yutaka Sano<\/a>\u30fb<a style=\"text-decoration: none;\" href=\"https:\/\/portal.hokuryu.info\/vi\/hokuryu-town.html\/\">Th\u1ecb tr\u1ea5n Hokuryu<\/a>\u30fb<a style=\"text-decoration: none;\" href=\"https:\/\/portal.hokuryu.info\/vi\/hokuryuski.html\/\">Khu tr\u01b0\u1ee3t tuy\u1ebft th\u1ecb tr\u1ea5n<\/a>\n<\/div>\n<\/td>\n<\/tr>\n<\/tbody>\n<\/table>\n<p><\/center><\/p>\n<figure id=\"attachment_7141\" class=\"wp-caption aligncenter\"><a href=\"https:\/\/portal.hokuryu.info\/vi\/index.html\/\"><img decoding=\"async\" src=\"https:\/\/portal.hokuryu.info\/wp\/wp-content\/uploads\/2021\/01\/hokuryu_portal_2020-scaled.jpg\" alt=\"C\u1ed5ng th\u00f4ng tin th\u1ecb tr\u1ea5n Hokuryu c\u0169 (2011-2020)\" width=\"1325\" height=\"2560\" class=\"size-full wp-image-7141\" style=\"border:solid 1px blue\"\/><figcaption class=\"wp-caption-text\">C\u1ed5ng th\u00f4ng tin th\u1ecb tr\u1ea5n Hokuryu c\u0169 (2011-2020)<\/a><\/figcaption><\/figure>","protected":false},"excerpt":{"rendered":"<p>(T\u1ea5t c\u1ea3 c\u00e1c b\u00e0i vi\u1ebft t\u1eeb n\u0103m 2011 \u0111\u1ebfn n\u0103m 2019 \u0111\u1ec1u c\u00f3 s\u1eb5n) \u30fbL\u00e0ng hoa h\u01b0\u1edbng d\u01b0\u01a1ng \u30fb\u0110\u1eadu n\u00e0nh Kurosengoku \u30fbSu\u1ed1i n\u01b0\u1edbc n\u00f3ng Hokuryu \u30fbTin t\u1ee9c m\u1edbi nh\u1ea5t \u30fbB\u00e1u v\u1eadt c\u1ee7a th\u1ecb tr\u1ea5n Hokuryu \u30fbTh\u1ecb tr\u01b0\u1edfng Sano Yutaka \u30fbTh\u1ecb tr\u1ea5n Hokuryu \u30fbKhu ngh\u1ec9 d\u01b0\u1ee1ng tr\u01b0\u1ee3t tuy\u1ebft c\u1ee7a th\u00e0nh ph\u1ed1<\/p>","protected":false},"author":1,"featured_media":538,"parent":0,"menu_order":0,"comment_status":"closed","ping_status":"closed","template":"","meta":{"footnotes":""},"class_list":["post-537","page","type-page","status-publish","has-post-thumbnail","hentry"],"_links":{"self":[{"href":"https:\/\/portal.hokuryu.info\/vi\/wp-json\/wp\/v2\/pages\/537","targetHints":{"allow":["GET"]}}],"collection":[{"href":"https:\/\/portal.hokuryu.info\/vi\/wp-json\/wp\/v2\/pages"}],"about":[{"href":"https:\/\/portal.hokuryu.info\/vi\/wp-json\/wp\/v2\/types\/page"}],"author":[{"embeddable":true,"href":"https:\/\/portal.hokuryu.info\/vi\/wp-json\/wp\/v2\/users\/1"}],"replies":[{"embeddable":true,"href":"https:\/\/portal.hokuryu.info\/vi\/wp-json\/wp\/v2\/comments?post=537"}],"version-history":[{"count":0,"href":"https:\/\/portal.hokuryu.info\/vi\/wp-json\/wp\/v2\/pages\/537\/revisions"}],"wp:featuredmedia":[{"embeddable":true,"href":"https:\/\/portal.hokuryu.info\/vi\/wp-json\/wp\/v2\/media\/538"}],"wp:attachment":[{"href":"https:\/\/portal.hokuryu.info\/vi\/wp-json\/wp\/v2\/media?parent=537"}],"curies":[{"name":"wp","href":"https:\/\/api.w.org\/{rel}","templated":true}]}}