{"id":3,"date":"2026-04-28T11:36:10","date_gmt":"2026-04-28T02:36:10","guid":{"rendered":"http:\/\/portal.hokuryu.info\/wp"},"modified":"2026-04-28T15:12:15","modified_gmt":"2026-04-28T06:12:15","slug":"chinh-sach-bao-mat","status":"publish","type":"page","link":"https:\/\/portal.hokuryu.info\/vi\/privacy-policy\/","title":{"rendered":"Ch\u00ednh s\u00e1ch b\u1ea3o m\u1eadt"},"content":{"rendered":"<p>L\u1ea7n s\u1eeda \u0111\u1ed5i cu\u1ed1i c\u00f9ng: Th\u00e1ng 4 n\u0103m 2026 *\u0110\u00e3 th\u00eam &quot;Ch\u00ednh s\u00e1ch v\u1ec1 ph\u1ecfng v\u1ea5n v\u00e0 xu\u1ea5t hi\u1ec7n tr\u01b0\u1edbc c\u00f4ng ch\u00fang&quot; (Ban h\u00e0nh: Th\u00e1ng 1 n\u0103m 2020)<\/p>\n<p>C\u1ed5ng th\u00f4ng tin th\u1ecb tr\u1ea5n Hokuryu (https:\/\/portal.hokuryu.info\/) l\u00e0 m\u1ed9t trang web th\u00f4ng tin \u0111\u1ecba ph\u01b0\u01a1ng do Noboru v\u00e0 Ikuko Terauchi \u0111i\u1ec1u h\u00e0nh, c\u00f3 tr\u1ee5 s\u1edf t\u1ea1i th\u1ecb tr\u1ea5n Hokuryu, qu\u1eadn Uryu, Hokkaido. Ch\u00ednh s\u00e1ch n\u00e0y n\u00eau r\u00f5 c\u00e1ch ch\u00fang t\u00f4i x\u1eed l\u00fd th\u00f4ng tin c\u00e1 nh\u00e2n c\u1ee7a ng\u01b0\u1eddi d\u00f9ng trang web n\u00e0y.<\/p>\n<h2>Th\u00f4ng tin c\u1ea7n thu th\u1eadp v\u00e0 m\u1ee5c \u0111\u00edch thu th\u1eadp<\/h2>\n<h3>b\u00ecnh lu\u1eadn<\/h3>\n<p>Khi b\u1ea1n b\u00ecnh lu\u1eadn v\u1ec1 m\u1ed9t b\u00e0i vi\u1ebft, ch\u00fang t\u00f4i thu th\u1eadp t\u00ean, \u0111\u1ecba ch\u1ec9 email, URL trang web, \u0111\u1ecba ch\u1ec9 IP v\u00e0 th\u00f4ng tin tr\u00ecnh duy\u1ec7t c\u1ee7a b\u1ea1n. Th\u00f4ng tin n\u00e0y ch\u1ec9 \u0111\u01b0\u1ee3c s\u1eed d\u1ee5ng \u0111\u1ec3 ph\u00e1t hi\u1ec7n v\u00e0 ng\u0103n ch\u1eb7n c\u00e1c b\u00ecnh lu\u1eadn spam v\u00e0 s\u1ebd kh\u00f4ng \u0111\u01b0\u1ee3c s\u1eed d\u1ee5ng cho b\u1ea5t k\u1ef3 m\u1ee5c \u0111\u00edch n\u00e0o kh\u00e1c. C\u00e1c b\u00ecnh lu\u1eadn \u0111\u01b0\u1ee3c ch\u1ea5p thu\u1eadn s\u1ebd \u0111\u01b0\u1ee3c hi\u1ec3n th\u1ecb c\u00f4ng khai c\u00f9ng v\u1edbi t\u00ean c\u1ee7a b\u1ea1n.<\/p>\n<h3>cu\u1ed9c \u0111i\u1ec1u tra<\/h3>\n<p>N\u1ebfu b\u1ea1n li\u00ean h\u1ec7 v\u1edbi ch\u00fang t\u00f4i qua email ho\u1eb7c c\u00e1c ph\u01b0\u01a1ng ti\u1ec7n kh\u00e1c, th\u00f4ng tin li\u00ean h\u1ec7 c\u1ee7a b\u1ea1n s\u1ebd ch\u1ec9 \u0111\u01b0\u1ee3c s\u1eed d\u1ee5ng \u0111\u1ec3 tr\u1ea3 l\u1eddi y\u00eau c\u1ea7u c\u1ee7a b\u1ea1n. Ch\u00fang t\u00f4i s\u1ebd kh\u00f4ng cung c\u1ea5p th\u00f4ng tin \u0111\u00f3 cho b\u1ea5t k\u1ef3 b\u00ean th\u1ee9 ba n\u00e0o.<\/p>\n<h3>Ph\u00e2n t\u00edch truy c\u1eadp<\/h3>\n<p>Ch\u00fang t\u00f4i s\u1eed d\u1ee5ng Google Analytics \u0111\u1ec3 c\u1ea3i thi\u1ec7n trang web c\u1ee7a m\u00ecnh. D\u1eef li\u1ec7u thu th\u1eadp \u0111\u01b0\u1ee3c \u0111\u00e3 \u0111\u01b0\u1ee3c \u1ea9n danh v\u00e0 kh\u00f4ng x\u00e1c \u0111\u1ecbnh danh t\u00ednh c\u00e1 nh\u00e2n. N\u1ebfu b\u1ea1n mu\u1ed1n t\u1eaft t\u00ednh n\u0103ng thu th\u1eadp d\u1eef li\u1ec7u c\u1ee7a Google Analytics, vui l\u00f2ng s\u1eed d\u1ee5ng ti\u1ec7n \u00edch b\u1ed5 sung Google Analytics Opt-out.<\/p>\n<h3>B\u00e1nh quy<\/h3>\n<p>Khi b\u1ea1n \u0111\u0103ng b\u00ecnh lu\u1eadn, b\u1ea1n c\u00f3 th\u1ec3 ch\u1ecdn l\u01b0u t\u00ean, \u0111\u1ecba ch\u1ec9 email v\u00e0 URL trang web c\u1ee7a m\u00ecnh v\u00e0o cookie (t\u00f9y ch\u1ecdn). \u0110i\u1ec1u n\u00e0y s\u1ebd gi\u00fap b\u1ea1n kh\u00f4ng c\u1ea7n ph\u1ea3i nh\u1eadp l\u1ea1i th\u00f4ng tin n\u00e0y v\u00e0o l\u1ea7n b\u00ecnh lu\u1eadn ti\u1ebfp theo. Cookie n\u00e0y s\u1ebd \u0111\u01b0\u1ee3c l\u01b0u gi\u1eef trong m\u1ed9t n\u0103m.<\/p>\n<h2>V\u1ec1 vi\u1ec7c t\u1ea3i \u1ea3nh l\u00ean<\/h2>\n<p>T\u1ea5t c\u1ea3 \u1ea3nh \u0111\u0103ng t\u1ea3i tr\u00ean trang web n\u00e0y \u0111\u1ec1u do qu\u1ea3n tr\u1ecb vi\u00ean trang web ch\u1ee5p v\u00e0 qu\u1ea3n l\u00fd. \u1ea2nh c\u00f3 ch\u1ee9a th\u00f4ng tin v\u1ecb tr\u00ed (EXIF GPS) s\u1ebd \u0111\u01b0\u1ee3c x\u00f3a tr\u01b0\u1edbc khi t\u1ea3i l\u00ean.<\/p>\n<h2>N\u1ed9i dung \u0111\u01b0\u1ee3c nh\u00fang t\u1eeb c\u00e1c trang web kh\u00e1c<\/h2>\n<p>B\u00e0i vi\u1ebft c\u00f3 th\u1ec3 bao g\u1ed3m n\u1ed9i dung nh\u00fang t\u1eeb YouTube, Facebook, Instagram v\u00e0 c\u00e1c n\u1ec1n t\u1ea3ng kh\u00e1c. N\u1ed9i dung n\u00e0y ho\u1ea1t \u0111\u1ed9ng theo \u0111\u00fang nh\u01b0 d\u1ef1 \u0111\u1ecbnh tr\u00ean n\u1ec1n t\u1ea3ng c\u1ee7a m\u1ed7i d\u1ecbch v\u1ee5 v\u00e0 ch\u00ednh s\u00e1ch b\u1ea3o m\u1eadt t\u01b0\u01a1ng \u1ee9ng \u0111\u01b0\u1ee3c \u00e1p d\u1ee5ng.<\/p>\n<p>Ngo\u00e0i ra, C\u1ed5ng th\u00f4ng tin Th\u1ecb tr\u1ea5n Hokuryu c\u00f3 th\u1ec3 nh\u00fang c\u00e1c b\u00e0i \u0111\u0103ng t\u1eeb c\u00e1c t\u00e0i kho\u1ea3n m\u1ea1ng x\u00e3 h\u1ed9i do nhi\u1ec1u t\u1ed5 ch\u1ee9c v\u00e0 nh\u00f3m kh\u00e1c nhau trong th\u1ecb tr\u1ea5n \u0111i\u1ec1u h\u00e0nh. \u0110i\u1ec1u n\u00e0y nh\u1eb1m m\u1ee5c \u0111\u00edch ph\u1ed5 bi\u1ebfn r\u1ed9ng r\u00e3i th\u00f4ng tin t\u1eeb c\u00e1c t\u1ed5 ch\u1ee9c n\u00e0y c\u1ea3 trong v\u00e0 ngo\u00e0i c\u1ed9ng \u0111\u1ed3ng. N\u1ed9i dung \u0111\u01b0\u1ee3c \u0111\u0103ng t\u1ea3i s\u1ebd \u0111\u01b0\u1ee3c gi\u1eef nguy\u00ean nh\u01b0 b\u1ea3n g\u1ed1c do m\u1ed7i t\u1ed5 ch\u1ee9c \u0111\u0103ng t\u1ea3i, v\u00e0 C\u1ed5ng th\u00f4ng tin Th\u1ecb tr\u1ea5n Hokuryu s\u1ebd kh\u00f4ng thay \u0111\u1ed5i n\u1ed9i dung \u0111\u00f3.<\/p>\n<h2>Ch\u00ednh s\u00e1ch li\u00ean quan \u0111\u1ebfn ph\u1ecfng v\u1ea5n v\u00e0 ng\u01b0\u1eddi \u0111\u01b0\u1ee3c ph\u1ecfng v\u1ea5n<\/h2>\n<p>C\u1ed5ng th\u00f4ng tin th\u1ecb tr\u1ea5n Hokuryu c\u00f3 th\u1ec3 \u0111\u0103ng t\u1ea3i c\u00e1c b\u00e0i vi\u1ebft v\u1ec1 c\u01b0 d\u00e2n, doanh nghi\u1ec7p, t\u1ed5 ch\u1ee9c v\u00e0 du kh\u00e1ch c\u1ee7a th\u1ecb tr\u1ea5n, c\u00f9ng v\u1edbi t\u00ean th\u1eadt v\u00e0 h\u00ecnh \u1ea3nh c\u1ee7a h\u1ecd. B\u1ea3o v\u1ec7 quy\u1ec1n ri\u00eang t\u01b0 v\u00e0 ph\u1ea9m gi\u00e1 c\u1ee7a nh\u1eefng ng\u01b0\u1eddi \u0111\u01b0\u1ee3c \u0111\u1ec1 c\u1eadp l\u00e0 nguy\u00ean t\u1eafc c\u01a1 b\u1ea3n trong ho\u1ea1t \u0111\u1ed9ng c\u1ee7a ch\u00fang t\u00f4i, v\u00e0 ch\u00fang t\u00f4i ti\u1ebfn h\u00e0nh ph\u1ecfng v\u1ea5n v\u00e0 \u0111\u0103ng t\u1ea3i b\u00e0i vi\u1ebft theo c\u00e1c ch\u00ednh s\u00e1ch sau \u0111\u00e2y.<\/p>\n<ul>\n<li>Theo nguy\u00ean t\u1eafc chung, ch\u00fang t\u00f4i s\u1ebd xin ph\u00e9p tr\u01b0\u1edbc ho\u1eb7c b\u1eb1ng v\u0103n b\u1ea3n tr\u01b0\u1edbc khi ti\u1ebfn h\u00e0nh ph\u1ecfng v\u1ea5n ho\u1eb7c ch\u1ee5p \u1ea3nh.<\/li>\n<li>N\u1ebfu c\u00f3 tr\u1ebb v\u1ecb th\u00e0nh ni\u00ean tham gia, ch\u00fang t\u00f4i s\u1ebd x\u00e1c nh\u1eadn s\u1ef1 \u0111\u1ed3ng \u00fd c\u1ee7a ph\u1ee5 huynh.<\/li>\n<li>Trong c\u00e1c cu\u1ed9c ph\u1ecfng v\u1ea5n, ch\u00fang t\u00f4i s\u1ebd th\u00f4ng b\u00e1o v\u1edbi b\u1ea1n b\u1ea5t c\u1ee9 khi n\u00e0o c\u00f3 th\u1ec3 r\u1eb1ng c\u00e1c b\u00e0i b\u00e1o v\u00e0 h\u00ecnh \u1ea3nh s\u1ebd \u0111\u01b0\u1ee3c d\u1ecbch sang 10 ng\u00f4n ng\u1eef v\u00e0 \u0111\u1ebfn tay \u0111\u1ed9c gi\u1ea3 t\u1ea1i h\u01a1n 140 qu\u1ed1c gia tr\u00ean to\u00e0n th\u1ebf gi\u1edbi.<\/li>\n<li>N\u1ebfu ch\u00fang t\u00f4i nh\u1eadn \u0111\u01b0\u1ee3c y\u00eau c\u1ea7u g\u1ee1 b\u1ecf b\u00e0i vi\u1ebft ho\u1eb7c h\u00ecnh \u1ea3nh sau khi \u0111\u00e3 \u0111\u01b0\u1ee3c \u0111\u0103ng t\u1ea3i, ch\u00fang t\u00f4i s\u1ebd ph\u1ea3n h\u1ed3i ngay l\u1eadp t\u1ee9c.<\/li>\n<li>Ch\u00fang t\u00f4i s\u1ebd \u0111\u1eb7c bi\u1ec7t c\u1ea9n tr\u1ecdng khi quy\u1ebft \u0111\u1ecbnh c\u00f3 c\u00f4ng b\u1ed1 n\u1ed9i dung ch\u1ee9a th\u00f4ng tin nh\u1ea1y c\u1ea3m nh\u01b0 s\u1ee9c kh\u1ecfe, quan h\u1ec7 gia \u0111\u00ecnh ho\u1eb7c t\u00ecnh h\u00ecnh t\u00e0i ch\u00ednh hay kh\u00f4ng.<\/li>\n<\/ul>\n<p>M\u1ecdi th\u1eafc m\u1eafc ho\u1eb7c y\u00eau c\u1ea7u li\u00ean quan \u0111\u1ebfn n\u1ed9i dung \u0111\u00e3 \u0111\u0103ng t\u1ea3i, vui l\u00f2ng li\u00ean h\u1ec7 v\u1edbi ch\u00fang t\u00f4i theo th\u00f4ng tin li\u00ean h\u1ec7 b\u00ean d\u01b0\u1edbi.<\/p>\n<h2>Cung c\u1ea5p th\u00f4ng tin c\u00e1 nh\u00e2n cho b\u00ean th\u1ee9 ba<\/h2>\n<p>Ch\u00fang t\u00f4i s\u1ebd kh\u00f4ng cung c\u1ea5p th\u00f4ng tin c\u00e1 nh\u00e2n thu th\u1eadp \u0111\u01b0\u1ee3c cho b\u00ean th\u1ee9 ba tr\u1eeb tr\u01b0\u1eddng h\u1ee3p ph\u00e1p lu\u1eadt y\u00eau c\u1ea7u.<\/p>\n<h2>Ti\u1ebft l\u1ed9, ch\u1ec9nh s\u1eeda v\u00e0 x\u00f3a th\u00f4ng tin c\u00e1 nh\u00e2n<\/h2>\n<p>N\u1ebfu b\u1ea1n mu\u1ed1n y\u00eau c\u1ea7u ti\u1ebft l\u1ed9, ch\u1ec9nh s\u1eeda ho\u1eb7c x\u00f3a th\u00f4ng tin c\u00e1 nh\u00e2n c\u1ee7a m\u00ecnh, vui l\u00f2ng li\u00ean h\u1ec7 v\u1edbi ch\u00fang t\u00f4i theo \u0111\u1ecba ch\u1ec9 b\u00ean d\u01b0\u1edbi. Ch\u00fang t\u00f4i s\u1ebd ph\u1ea3n h\u1ed3i nhanh ch\u00f3ng.<\/p>\n<h2>V\u1ec1 nh\u1eefng thay \u0111\u1ed5i ch\u00ednh s\u00e1ch<\/h2>\n<p>Ch\u00ednh s\u00e1ch b\u1ea3o m\u1eadt n\u00e0y c\u00f3 th\u1ec3 \u0111\u01b0\u1ee3c s\u1eeda \u0111\u1ed5i khi c\u1ea7n thi\u1ebft. Ch\u00ednh s\u00e1ch s\u1eeda \u0111\u1ed5i s\u1ebd c\u00f3 hi\u1ec7u l\u1ef1c k\u1ec3 t\u1eeb th\u1eddi \u0111i\u1ec3m \u0111\u01b0\u1ee3c \u0111\u0103ng t\u1ea3i tr\u00ean trang n\u00e0y.<\/p>\n<p>\u0110\u1ec3 bi\u1ebft th\u00f4ng tin v\u1ec1 ch\u00ednh s\u00e1ch ho\u1ea1t \u0111\u1ed9ng v\u00e0 ti\u00eau chu\u1ea9n t\u1ea1o n\u1ed9i dung c\u1ee7a t\u1eebng ph\u01b0\u01a1ng ti\u1ec7n truy\u1ec1n th\u00f4ng,<a href=\"https:\/\/portal.hokuryu.info\/vi\/operations-policy\/\">Ch\u00ednh s\u00e1ch ho\u1ea1t \u0111\u1ed9ng c\u1ee7a T\u1eadp \u0111o\u00e0n C\u1ed5ng th\u00f4ng tin Th\u1ecb tr\u1ea5n Hokuryu<\/a>Vui l\u00f2ng xem th\u00eam nh\u1eefng th\u00f4ng tin sau \u0111\u00e2y.<\/p>\n<h2>cu\u1ed9c \u0111i\u1ec1u tra<\/h2>\n<ul>\n<li>Gi\u00e1m s\u00e1t vi\u00ean qu\u1ea3n l\u00fd v\u1eadn h\u00e0nh: Noboru Terauchi &amp; Ikuko Terauchi, Nh\u00e2n vi\u00ean h\u1ed7 tr\u1ee3 c\u1ed9ng \u0111\u1ed3ng, B\u1ed9 N\u1ed9i v\u1ee5 v\u00e0 H\u1ec7 th\u1ed1ng Truy\u1ec1n th\u00f4ng, Th\u1ecb tr\u1ea5n Hokuryu<\/li>\n<li>Email: noboru@terasun.net (Vui l\u00f2ng thay th\u1ebf k\u00fd t\u1ef1 @ to\u00e0n chi\u1ec1u r\u1ed9ng b\u1eb1ng k\u00fd t\u1ef1 @ m\u1ed9t n\u1eeda chi\u1ec1u r\u1ed9ng)<\/li>\n<li>\u3012078-2512 11-1 Wa, Hokuryu-cho, Uryu-gun, Hokkaido, Nh\u1eadt B\u1ea3n T\u00f2a th\u1ecb ch\u00ednh Hokuryu, Ph\u00f2ng Chi\u1ebfn l\u01b0\u1ee3c T\u01b0\u01a1ng lai Th\u1ecb tr\u1ea5n<\/li>\n<li>\u0110i\u1ec7n tho\u1ea1i: 0164-34-2111 (T\u00f2a th\u1ecb ch\u00ednh Hokuryu - S\u1ed1 \u0111i\u1ec7n tho\u1ea1i ch\u00ednh)<\/li>\n<\/ul>\n<p>\u3000<br \/>\n\n        <div class=\"site-blogcard-premium\">\n            <div class=\"bc-label-custom\">B\u00e0i vi\u1ebft li\u00ean quan<\/div>\n            <div class=\"bc-flex-container\">\n                <div class=\"bc-main-text\">\n                    <div class=\"bc-title-link-box\">\n                        <a href=\"https:\/\/portal.hokuryu.info\/vi\/about_operator_site\/\" target=\"_blank\">Th\u00f4ng tin v\u1ec1 nh\u00e0 \u0111i\u1ec1u h\u00e0nh v\u00e0 trang web<\/a>\n                    <\/div>\n                    <div class=\"bc-excerpt-box\">Th\u00e0nh l\u1eadp: Th\u00e1ng 4 n\u0103m 2026 Gi\u1edbi thi\u1ec7u v\u1ec1 C\u1ed5ng th\u00f4ng tin Th\u1ecb tr\u1ea5n Hokuryu: C\u1ed5ng th\u00f4ng tin Th\u1ecb tr\u1ea5n Hokuryu \u0111\u1eb7t t\u1ea1i Th\u1ecb tr\u1ea5n Hokuryu, Qu\u1eadn Uryu, Hokkaido, v\u00e0 \u0111\u01b0\u1ee3c t\u1ea1o ra b\u1edfi Noboru Terauchi...<\/div>\n                <\/div>\n                <div class=\"bc-thumbnail-box\">\n                    <a href=\"https:\/\/portal.hokuryu.info\/vi\/about_operator_site\/\" target=\"_blank\">\n                        <div class=\"bc-img-zoom-wrap\">\n                            <img decoding=\"async\" src=\"https:\/\/portal.hokuryu.info\/wp\/wp-content\/uploads\/2026\/04\/ffbddbc207cb779c0a53bd7ea77f4615.jpg\" alt=\"\u904b\u55b6\u8005\u30fb\u30b5\u30a4\u30c8\u306b\u3064\u3044\u3066\" class=\"skip-lazy\" loading=\"eager\" data-no-translation=\"\">\n                        <\/div>\n                    <\/a>\n                <\/div>\n            <\/div>\n        <\/div>\n\n        <div class=\"site-blogcard-premium\">\n            <div class=\"bc-label-custom\">B\u00e0i vi\u1ebft li\u00ean quan<\/div>\n            <div class=\"bc-flex-container\">\n                <div class=\"bc-main-text\">\n                    <div class=\"bc-title-link-box\">\n                        <a href=\"https:\/\/portal.hokuryu.info\/vi\/loai\/aboutus\/operations_report\/\" target=\"_blank\">B\u00e1o c\u00e1o ho\u1ea1t \u0111\u1ed9ng trang web (Th\u1ec3 lo\u1ea1i)<\/a>\n                    <\/div>\n                    <div class=\"bc-excerpt-box\">B\u00e0i vi\u1ebft n\u00e0y bao g\u1ed3m c\u00e1c b\u00e1o c\u00e1o, ph\u00e2n t\u00edch v\u00e0 c\u1eadp nh\u1eadt h\u00e0ng th\u00e1ng li\u00ean quan \u0111\u1ebfn ho\u1ea1t \u0111\u1ed9ng c\u1ee7a C\u1ed5ng th\u00f4ng tin Th\u1ecb tr\u1ea5n Hokuryu. \u2022 Qu\u1ea3n l\u00fd v\u1eadn h\u00e0nh: Hokuryu...<\/div>\n                <\/div>\n                <div class=\"bc-thumbnail-box\">\n                    <a href=\"https:\/\/portal.hokuryu.info\/vi\/loai\/aboutus\/operations_report\/\" target=\"_blank\">\n                        <div class=\"bc-img-zoom-wrap\">\n                            <img decoding=\"async\" src=\"https:\/\/portal.hokuryu.info\/wp\/wp-content\/uploads\/2026\/02\/20230802DSC06445_1.jpg\" alt=\"\u30b5\u30a4\u30c8\u904b\u55b6\u5831\u544a\uff08\u30ab\u30c6\u30b4\u30ea\u30fc\uff09\" class=\"skip-lazy\" loading=\"eager\" data-no-translation=\"\">\n                        <\/div>\n                    <\/a>\n                <\/div>\n            <\/div>\n        <\/div>\n\n        <div class=\"site-blogcard-premium\">\n            <div class=\"bc-label-custom\">B\u00e0i vi\u1ebft li\u00ean quan<\/div>\n            <div class=\"bc-flex-container\">\n                <div class=\"bc-main-text\">\n                    <div class=\"bc-title-link-box\">\n                        <a href=\"https:\/\/portal.hokuryu.info\/vi\/operations_policy\/\" target=\"_blank\">Ch\u00ednh s\u00e1ch ho\u1ea1t \u0111\u1ed9ng c\u1ee7a T\u1eadp \u0111o\u00e0n C\u1ed5ng th\u00f4ng tin Th\u1ecb tr\u1ea5n Hokuryu<\/a>\n                    <\/div>\n                    <div class=\"bc-excerpt-box\">Th\u00e0nh l\u1eadp: Th\u00e1ng 4 n\u0103m 2026 Ng\u01b0\u1eddi v\u1eadn h\u00e0nh\/Qu\u1ea3n tr\u1ecb vi\u00ean: C\u1ed5ng th\u00f4ng tin Th\u1ecb tr\u1ea5n Noboru Terauchi &amp; Ikuko Hokuryu (https:\/\/portal.hokuryu.info\/)...<\/div>\n                <\/div>\n                <div class=\"bc-thumbnail-box\">\n                    <a href=\"https:\/\/portal.hokuryu.info\/vi\/operations_policy\/\" target=\"_blank\">\n                        <div class=\"bc-img-zoom-wrap\">\n                            <img decoding=\"async\" src=\"https:\/\/portal.hokuryu.info\/wp\/wp-content\/uploads\/2026\/04\/ffbddbc207cb779c0a53bd7ea77f4615.jpg\" alt=\"\u5317\u7adc\u753a\u30dd\u30fc\u30bf\u30eb\u7fa4\u30fb\u904b\u55b6\u30dd\u30ea\u30b7\u30fc\" class=\"skip-lazy\" loading=\"eager\" data-no-translation=\"\">\n                        <\/div>\n                    <\/a>\n                <\/div>\n            <\/div>\n        <\/div>\n\u3000<\/p>\n<div class=\"img-move\">\n<a href=\"https:\/\/portal.hokuryu.info\/vi\/62509\/\">\ud83d\udd8b\ufe0f L\u00ean k\u1ebf ho\u1ea1ch n\u1ed9i dung, vi\u1ebft b\u00e0i, ch\u1ecdn \u1ea3nh v\u00e0 t\u1ea1o video: Ikuko Terauchi<img decoding=\"async\" style=\"vertical-align: middle;\" src=\"https:\/\/ehokkaido.net\/wp-content\/uploads\/2021\/12\/2021-12-06-11.41.12.png\" data-no-translation=\"\" \/> Nhi\u1ebfp \u1ea3nh, bi\u00ean t\u1eadp v\u00e0 qu\u1ea3n l\u00fd trang web: Noboru Terauchi<\/a>\n<\/div>\n<p>\u25c7<\/p>\n<div class=\"story-banner\">\n<p class=\"story-banner-title\">N\u0103m c\u00e2u chuy\u1ec7n ch\u1ea1m \u0111\u1ebfn t\u00e2m h\u1ed3n c\u1ee7a th\u1ecb tr\u1ea5n Hokuryu<\/p>\n<div class=\"story-banner-grid\"><a href=\"https:\/\/portal.hokuryu.info\/vi\/64463\/\"><img decoding=\"async\" class=\"story-banner-img\" src=\"https:\/\/portal.hokuryu.info\/wp\/wp-content\/uploads\/2026\/04\/20260413-20220804LUBU6108.jpg\" alt=\"\u3072\u307e\u308f\u308a\u307e\u3064\u308a\u7269\u8a9e\" data-no-translation=\"\"><span class=\"story-banner-sub\">Hoa h\u01b0\u1edbng d\u01b0\u01a1ng v\u00e0 l\u1ecbch s\u1eed<\/span><span class=\"story-banner-name\">C\u00e2u chuy\u1ec7n v\u1ec1 L\u1ec5 h\u1ed9i Hoa h\u01b0\u1edbng d\u01b0\u01a1ng<\/span><\/a><a href=\"https:\/\/portal.hokuryu.info\/vi\/70781\/\"><img decoding=\"async\" class=\"story-banner-img\" src=\"https:\/\/portal.hokuryu.info\/wp\/wp-content\/uploads\/2026\/04\/20260413-2ee454639d49581b086f096a4cad8a35.jpg\" alt=\"\u8fb2\u696d\u30fb\u98df\u3068\u547d\" data-no-translation=\"\"><span class=\"story-banner-sub\">N\u00f4ng nghi\u1ec7p, Th\u1ef1c ph\u1ea9m v\u00e0 Cu\u1ed9c s\u1ed1ng<\/span><span class=\"story-banner-name\">C\u00e2u chuy\u1ec7n v\u1ec1 g\u1ea1o h\u01b0\u1edbng d\u01b0\u01a1ng<\/span><\/a><a href=\"https:\/\/portal.hokuryu.info\/vi\/65955\/\"><img decoding=\"async\" class=\"story-banner-img\" src=\"https:\/\/portal.hokuryu.info\/wp\/wp-content\/uploads\/2026\/04\/20260413-ac3c8e2e56926a378ae45ee5011703e2.jpg\" alt=\"\u8fb2\u696d\u30fb\u9ed2\u5343\u77f3\" data-no-translation=\"\"><span class=\"story-banner-sub\">N\u00f4ng nghi\u1ec7p - Kurosenkoku<\/span><span class=\"story-banner-name\">C\u00e2u chuy\u1ec7n v\u1ec1 \u0111\u1eadu n\u00e0nh Kurosenkoku<\/span><\/a><a href=\"https:\/\/portal.hokuryu.info\/vi\/64650\/\"><img decoding=\"async\" class=\"story-banner-img\" src=\"https:\/\/portal.hokuryu.info\/wp\/wp-content\/uploads\/2026\/04\/20250925-Gemini_Generated_Image_xnrnb2xnrnb2xnrn.jpg\" alt=\"\u8fb2\u696d\u30fb\u3059\u3044\u304b\" data-no-translation=\"\"><span class=\"story-banner-sub\">N\u00f4ng nghi\u1ec7p - D\u01b0a h\u1ea5u<\/span><span class=\"story-banner-name\">C\u00e2u chuy\u1ec7n v\u1ec1 vi\u1ec7c tr\u1ed3ng hoa h\u01b0\u1edbng d\u01b0\u01a1ng v\u00e0 d\u01b0a h\u1ea5u<\/span><\/a><a href=\"https:\/\/portal.hokuryu.info\/vi\/70779\/\"><img decoding=\"async\" class=\"story-banner-img\" src=\"https:\/\/portal.hokuryu.info\/wp\/wp-content\/uploads\/2026\/04\/20260413-20180913_DSC8149.jpg\" alt=\"\u8fb2\u696d\u30fb\u30e1\u30ed\u30f3\" data-no-translation=\"\"><span class=\"story-banner-sub\">N\u00f4ng nghi\u1ec7p - D\u01b0a h\u1ea5u<\/span><span class=\"story-banner-name\">C\u00e2u chuy\u1ec7n v\u1ec1 vi\u1ec7c tr\u1ed3ng d\u01b0a h\u01b0\u1edbng d\u01b0\u01a1ng<\/span><\/a><\/div>\n<\/div>","protected":false},"excerpt":{"rendered":"<p>\u6700\u7d42\u6539\u8a02\uff1a2026\u5e744\u6708\u3000\u203b\u300c\u53d6\u6750\u30fb\u767b\u5834\u8005\u306b\u95a2\u3059\u308b\u65b9\u91dd\u300d\u3092\u8ffd\u52a0\u3057\u307e\u3057\u305f\uff08\u5236\u5b9a\uff1a2020\u5e741\u6708\uff09 \u5317\u7adc\u753a\u30dd\u30fc\u30bf\u30eb\uff08https:\/\/portal.hokuryu.info\/\uff09\u306f\u3001\u5317\u6d77\u9053\u96e8\u7adc\u90e1\u5317\u7adc\u753a\u3092\u62e0\u70b9\u306b [&hellip;]<\/p>\n","protected":false},"author":1,"featured_media":72402,"parent":0,"menu_order":0,"comment_status":"closed","ping_status":"open","template":"","meta":{"footnotes":""},"class_list":["post-3","page","type-page","status-publish","has-post-thumbnail","hentry"],"_links":{"self":[{"href":"https:\/\/portal.hokuryu.info\/vi\/wp-json\/wp\/v2\/pages\/3","targetHints":{"allow":["GET"]}}],"collection":[{"href":"https:\/\/portal.hokuryu.info\/vi\/wp-json\/wp\/v2\/pages"}],"about":[{"href":"https:\/\/portal.hokuryu.info\/vi\/wp-json\/wp\/v2\/types\/page"}],"author":[{"embeddable":true,"href":"https:\/\/portal.hokuryu.info\/vi\/wp-json\/wp\/v2\/users\/1"}],"replies":[{"embeddable":true,"href":"https:\/\/portal.hokuryu.info\/vi\/wp-json\/wp\/v2\/comments?post=3"}],"version-history":[{"count":10,"href":"https:\/\/portal.hokuryu.info\/vi\/wp-json\/wp\/v2\/pages\/3\/revisions"}],"predecessor-version":[{"id":74155,"href":"https:\/\/portal.hokuryu.info\/vi\/wp-json\/wp\/v2\/pages\/3\/revisions\/74155"}],"wp:featuredmedia":[{"embeddable":true,"href":"https:\/\/portal.hokuryu.info\/vi\/wp-json\/wp\/v2\/media\/72402"}],"wp:attachment":[{"href":"https:\/\/portal.hokuryu.info\/vi\/wp-json\/wp\/v2\/media?parent=3"}],"curies":[{"name":"wp","href":"https:\/\/api.w.org\/{rel}","templated":true}]}}