{"id":2,"date":"2020-01-13T15:00:04","date_gmt":"2020-01-13T06:00:04","guid":{"rendered":"http:\/\/portal.hokuryu.info\/wp"},"modified":"2026-04-13T15:32:14","modified_gmt":"2026-04-13T06:32:14","slug":"404-khong-tim-thay","status":"publish","type":"page","link":"https:\/\/portal.hokuryu.info\/vi\/404-not-found\/","title":{"rendered":"Kh\u00f4ng t\u00ecm th\u1ea5y trang."},"content":{"rendered":"<div style=\"text-align:center; padding:20px 0 24px;\">\n<p style=\"font-size:18px; font-weight:700; color:#2d3a6b; margin:0 0 8px;\">Trang b\u1ea1n \u0111ang t\u00ecm ki\u1ebfm kh\u00f4ng t\u1ed3n t\u1ea1i.<\/p>\n<p style=\"font-size:14px; color:#555; margin:0 0 24px;\">URL c\u00f3 th\u1ec3 \u0111\u00e3 thay \u0111\u1ed5i ho\u1eb7c trang web \u0111\u00e3 \u0111\u01b0\u1ee3c chuy\u1ec3n \u0111\u1ebfn v\u1ecb tr\u00ed kh\u00e1c. Vui l\u00f2ng th\u1eed t\u00ecm ki\u1ebfm b\u00ean d\u01b0\u1edbi.<\/p>\n<p><a href=\"https:\/\/portal.hokuryu.info\/vi\/\" style=\"display:inline-block; background:#0f2a45; color:#ffffff; font-size:15px; font-weight:700; padding:12px 32px; text-decoration:none !important; border-top:4px solid #c8920a; border-left:none; position:relative; transition:opacity 0.2s ease;\" onmouseover=\"this.style.opacity='0.7'; this.style.top='2px'; this.style.left='2px';\" onmouseout=\"this.style.opacity='1'; this.style.top='0px'; this.style.left='0px';\">Tr\u1edf l\u1ea1i trang \u0111\u1ea7u<\/a><\/div>\n<div class=\"story-banner\">\n<p class=\"story-banner-title\">H\u00e3y c\u1ea3m nh\u1eadn tinh th\u1ea7n c\u1ee7a th\u1ecb tr\u1ea5n Hokuryu qua n\u0103m c\u00e2u chuy\u1ec7n n\u00e0y.<\/p>\n<\/div>\n<div class=\"story-banner-grid\">\n<a href=\"https:\/\/portal.hokuryu.info\/vi\/64463\/\"><img decoding=\"async\" class=\"story-banner-img\" src=\"https:\/\/portal.hokuryu.info\/wp\/wp-content\/uploads\/2026\/04\/20260413-20220804LUBU6108.jpg\" alt=\"C\u00e2u chuy\u1ec7n v\u1ec1 L\u1ec5 h\u1ed9i Hoa h\u01b0\u1edbng d\u01b0\u01a1ng\"><span class=\"story-banner-sub\">Hoa h\u01b0\u1edbng d\u01b0\u01a1ng v\u00e0 l\u1ecbch s\u1eed<\/span><span class=\"story-banner-name\">C\u00e2u chuy\u1ec7n v\u1ec1 L\u1ec5 h\u1ed9i Hoa h\u01b0\u1edbng d\u01b0\u01a1ng<\/span><\/a><br \/>\n<a href=\"https:\/\/portal.hokuryu.info\/vi\/70781\/\"><img decoding=\"async\" class=\"story-banner-img\" src=\"https:\/\/portal.hokuryu.info\/wp\/wp-content\/uploads\/2026\/04\/20260413-2ee454639d49581b086f096a4cad8a35.jpg\" alt=\"N\u00f4ng nghi\u1ec7p, Th\u1ef1c ph\u1ea9m v\u00e0 Cu\u1ed9c s\u1ed1ng\"><span class=\"story-banner-sub\">N\u00f4ng nghi\u1ec7p, Th\u1ef1c ph\u1ea9m v\u00e0 Cu\u1ed9c s\u1ed1ng<\/span><span class=\"story-banner-name\">C\u00e2u chuy\u1ec7n v\u1ec1 g\u1ea1o h\u01b0\u1edbng d\u01b0\u01a1ng<\/span><\/a><br \/>\n<a href=\"https:\/\/portal.hokuryu.info\/vi\/65955\/\"><img decoding=\"async\" class=\"story-banner-img\" src=\"https:\/\/portal.hokuryu.info\/wp\/wp-content\/uploads\/2026\/04\/20260413-ac3c8e2e56926a378ae45ee5011703e2.jpg\" alt=\"N\u00f4ng nghi\u1ec7p - Kurosenkoku\"><span class=\"story-banner-sub\">N\u00f4ng nghi\u1ec7p - Kurosenkoku<\/span><span class=\"story-banner-name\">C\u00e2u chuy\u1ec7n v\u1ec1 \u0111\u1eadu n\u00e0nh Kurosenkoku<\/span><\/a><br \/>\n<a href=\"https:\/\/portal.hokuryu.info\/vi\/64650\/\"><img decoding=\"async\" class=\"story-banner-img\" src=\"https:\/\/portal.hokuryu.info\/wp\/wp-content\/uploads\/2026\/04\/20250925-Gemini_Generated_Image_xnrnb2xnrnb2xnrn.jpg\" alt=\"N\u00f4ng nghi\u1ec7p - D\u01b0a h\u1ea5u\"><span class=\"story-banner-sub\">N\u00f4ng nghi\u1ec7p - D\u01b0a h\u1ea5u<\/span><span class=\"story-banner-name\">C\u00e2u chuy\u1ec7n v\u1ec1 vi\u1ec7c tr\u1ed3ng hoa h\u01b0\u1edbng d\u01b0\u01a1ng v\u00e0 d\u01b0a h\u1ea5u<\/span><\/a><a href=\"https:\/\/portal.hokuryu.info\/vi\/70779\/\"><img decoding=\"async\" class=\"story-banner-img\" src=\"https:\/\/portal.hokuryu.info\/wp\/wp-content\/uploads\/2026\/04\/20260413-20180913_DSC8149.jpg\" alt=\"N\u00f4ng nghi\u1ec7p - D\u01b0a h\u1ea5u\"><span class=\"story-banner-sub\">N\u00f4ng nghi\u1ec7p - D\u01b0a h\u1ea5u<\/span><span class=\"story-banner-name\">C\u00e2u chuy\u1ec7n v\u1ec1 vi\u1ec7c tr\u1ed3ng d\u01b0a h\u01b0\u1edbng d\u01b0\u01a1ng<\/span><\/a><\/div>\n<div style=\"margin:24px 0 8px; border-left:4px solid #EF9F27; padding:10px 16px; background:#7aab6e; color:#ffffff; font-size:14px; font-weight:700; font-family:sans-serif; line-height:1.4;\">Tuy\u1ec3n t\u1eadp c\u00e1c c\u00e2u chuy\u1ec7n v\u1ec1 cu\u1ed9c s\u1ed1ng th\u01b0\u1eddng nh\u1eadt \u1edf th\u1ecb tr\u1ea5n Hokuryu, m\u1ed7i c\u00e2u chuy\u1ec7n \u0111\u1ec1u ph\u1ea3n \u00e1nh tinh th\u1ea7n c\u1ee7a Nh\u1eadt B\u1ea3n.<\/div>\n<div class=\"story-banner-grid wa-grid\">\n<a href=\"https:\/\/portal.hokuryu.info\/vi\/loai\/truyen-bia\/\"><span class=\"story-banner-sub\">T\u00e2m h\u1ed3n b\u00ecnh d\u1ecb c\u1ee7a ng\u01b0\u1eddi d\u00e2n th\u1ecb tr\u1ea5n<\/span><span class=\"story-banner-name\">B\u00e0i vi\u1ebft n\u1ed5i b\u1eadt<\/span><\/a><br \/>\n<a href=\"https:\/\/portal.hokuryu.info\/vi\/loai\/kho-bau\/scene\/\"><span class=\"story-banner-sub\">C\u1ea3nh quan \u0111\u00f4 th\u1ecb \u0111\u00e1ng nh\u1edb<\/span><span class=\"story-banner-name\">C\u1ea3nh quan th\u1ecb tr\u1ea5n Hokuryu<\/span><\/a><br \/>\n<a href=\"https:\/\/portal.hokuryu.info\/vi\/loai\/kho-bau\/mua\/\"><span class=\"story-banner-sub\">C\u00e1c s\u1ea3n ph\u1ea9m n\u00f4ng nghi\u1ec7p \u0111\u1ecba ph\u01b0\u01a1ng \u0111\u1ec3 th\u01b0\u1edfng th\u1ee9c ngay t\u1ea1i th\u1ecb tr\u1ea5n.<\/span><span class=\"story-banner-name\">H\u00e3y t\u1eadn h\u01b0\u1edfng c\u00e1c m\u00f9a<\/span><\/a><br \/>\n<a href=\"https:\/\/portal.hokuryu.info\/vi\/loai\/kho-bau\/town-life\/\"><span class=\"story-banner-sub\">Ng\u01b0\u1eddi d\u00e2n th\u1ecb tr\u1ea5n v\u00e0 cu\u1ed9c s\u1ed1ng th\u01b0\u1eddng nh\u1eadt c\u1ee7a h\u1ecd<\/span><span class=\"story-banner-name\">C\u00e1c ho\u1ea1t \u0111\u1ed9ng c\u1ee7a th\u1ecb tr\u1ea5n<\/span><\/a><br \/>\n<a href=\"https:\/\/portal.hokuryu.info\/vi\/loai\/lien-quan-den-hokuryu\/\"><span class=\"story-banner-sub\">C\u00e1c s\u1ef1 ki\u1ec7n v\u00e0 ch\u1ee7 \u0111\u1ec1 xoay quanh th\u1ecb tr\u1ea5n<\/span><span class=\"story-banner-name\">C\u00e1c ch\u1ee7 \u0111\u1ec1 xoay quanh th\u1ecb tr\u1ea5n<\/span><\/a>\n<\/div>","protected":false},"excerpt":{"rendered":"<p>\u304a\u63a2\u3057\u306e\u30da\u30fc\u30b8\u304c\u898b\u3064\u304b\u308a\u307e\u305b\u3093 URL\u304c\u5909\u66f4\u3055\u308c\u305f\u304b\u3001\u30da\u30fc\u30b8\u304c\u79fb\u52d5\u3057\u305f\u53ef\u80fd\u6027\u304c\u3042\u308a\u307e\u3059\u3002\u4ee5\u4e0b\u304b\u3089\u304a\u63a2\u3057\u304f\u3060\u3055\u3044\u3002 \u30c8\u30c3\u30d7\u30da\u30fc\u30b8\u3078\u623b\u308b \u3053\u306e5\u3064\u306e\u7269\u8a9e\u304b\u3089\u3001\u5317\u7adc\u753a\u306e\u9b42\u306b\u89e6\u308c\u3066\u304f\u3060\u3055\u3044\u3002 \u3072\u307e\u308f\u308a\u30fb\u6b74\u53f2\u3072 [&hellip;]<\/p>\n","protected":false},"author":1,"featured_media":73215,"parent":0,"menu_order":0,"comment_status":"closed","ping_status":"open","template":"","meta":{"footnotes":""},"class_list":["post-2","page","type-page","status-publish","has-post-thumbnail","hentry"],"_links":{"self":[{"href":"https:\/\/portal.hokuryu.info\/vi\/wp-json\/wp\/v2\/pages\/2","targetHints":{"allow":["GET"]}}],"collection":[{"href":"https:\/\/portal.hokuryu.info\/vi\/wp-json\/wp\/v2\/pages"}],"about":[{"href":"https:\/\/portal.hokuryu.info\/vi\/wp-json\/wp\/v2\/types\/page"}],"author":[{"embeddable":true,"href":"https:\/\/portal.hokuryu.info\/vi\/wp-json\/wp\/v2\/users\/1"}],"replies":[{"embeddable":true,"href":"https:\/\/portal.hokuryu.info\/vi\/wp-json\/wp\/v2\/comments?post=2"}],"version-history":[{"count":27,"href":"https:\/\/portal.hokuryu.info\/vi\/wp-json\/wp\/v2\/pages\/2\/revisions"}],"predecessor-version":[{"id":73338,"href":"https:\/\/portal.hokuryu.info\/vi\/wp-json\/wp\/v2\/pages\/2\/revisions\/73338"}],"wp:featuredmedia":[{"embeddable":true,"href":"https:\/\/portal.hokuryu.info\/vi\/wp-json\/wp\/v2\/media\/73215"}],"wp:attachment":[{"href":"https:\/\/portal.hokuryu.info\/vi\/wp-json\/wp\/v2\/media?parent=2"}],"curies":[{"name":"wp","href":"https:\/\/api.w.org\/{rel}","templated":true}]}}