{"id":9277,"date":"2021-05-21T14:00:42","date_gmt":"2021-05-21T05:00:42","guid":{"rendered":"https:\/\/portal.hokuryu.info\/?page_id=9277"},"modified":"2026-04-15T10:04:58","modified_gmt":"2026-04-15T01:04:58","slug":"aycicegi_fotograflari","status":"publish","type":"page","link":"https:\/\/portal.hokuryu.info\/tr\/sunflower_photos\/","title":{"rendered":"Japonya&#039;n\u0131n en g\u00fczel manzaras\u0131: Hokuryu Kasabas\u0131 Ay\u00e7i\u00e7e\u011fi K\u00f6y\u00fc, foto\u011fraflar ve videolar (\u00fccretsiz)"},"content":{"rendered":"<div class=\"story-banner\">\n<p class=\"story-banner-title\">Hokuryu Kasabas\u0131&#039;n\u0131n ruhuna dokunan be\u015f \u00f6yk\u00fc<\/p>\n<div class=\"story-banner-grid\"><a href=\"https:\/\/portal.hokuryu.info\/tr\/64463\/\"><img decoding=\"async\" class=\"story-banner-img\" src=\"https:\/\/portal.hokuryu.info\/wp\/wp-content\/uploads\/2026\/04\/20260413-20220804LUBU6108.jpg\" alt=\"Ay\u00e7i\u00e7e\u011fi Festivali Hikayesi\"><span class=\"story-banner-sub\">Ay\u00e7i\u00e7ekleri ve Tarih<\/span><span class=\"story-banner-name\">Ay\u00e7i\u00e7e\u011fi Festivali Hikayesi<\/span><\/a><a href=\"https:\/\/portal.hokuryu.info\/tr\/70781\/\"><img decoding=\"async\" class=\"story-banner-img\" src=\"https:\/\/portal.hokuryu.info\/wp\/wp-content\/uploads\/2026\/04\/20260413-2ee454639d49581b086f096a4cad8a35.jpg\" alt=\"Tar\u0131m, G\u0131da ve Ya\u015fam\"><span class=\"story-banner-sub\">Tar\u0131m, G\u0131da ve Ya\u015fam<\/span><span class=\"story-banner-name\">Ay\u00e7i\u00e7ekli Pilav Hikayesi<\/span><\/a><a href=\"https:\/\/portal.hokuryu.info\/tr\/65955\/\"><img decoding=\"async\" class=\"story-banner-img\" src=\"https:\/\/portal.hokuryu.info\/wp\/wp-content\/uploads\/2026\/04\/20260413-ac3c8e2e56926a378ae45ee5011703e2.jpg\" alt=\"Tar\u0131m - Kurosenkoku\"><span class=\"story-banner-sub\">Tar\u0131m - Kurosenkoku<\/span><span class=\"story-banner-name\">Kara Sengoku Soya Fasulyesinin Efsanesi<\/span><\/a><a href=\"https:\/\/portal.hokuryu.info\/tr\/64650\/\"><img decoding=\"async\" class=\"story-banner-img\" src=\"https:\/\/portal.hokuryu.info\/wp\/wp-content\/uploads\/2026\/04\/20250925-Gemini_Generated_Image_xnrnb2xnrnb2xnrn.jpg\" alt=\"Tar\u0131m - Karpuz\"><span class=\"story-banner-sub\">Tar\u0131m - Karpuz<\/span><span class=\"story-banner-name\">Ay\u00e7i\u00e7e\u011fi ve Karpuz Yeti\u015ftiricili\u011finin Hikayesi<\/span><\/a><a href=\"https:\/\/portal.hokuryu.info\/tr\/70779\/\"><img decoding=\"async\" class=\"story-banner-img\" src=\"https:\/\/portal.hokuryu.info\/wp\/wp-content\/uploads\/2026\/04\/20260413-20180913_DSC8149.jpg\" alt=\"Tar\u0131m - Kavunlar\"><span class=\"story-banner-sub\">Tar\u0131m - Kavunlar<\/span><span class=\"story-banner-name\">Ay\u00e7i\u00e7e\u011fi Kavunu Yeti\u015ftiricili\u011finin Hikayesi<\/span><\/a><\/div>\n<p><\/p>\n<div style=\"margin:24px 0 8px; border-left:4px solid #EF9F27; padding:10px 16px; background:#7aab6e; color:#ffffff; font-size:14px; font-weight:700; font-family:sans-serif; line-height:1.4;\">Hokuryu Kasabas\u0131 Ay\u00e7i\u00e7e\u011fi K\u00f6y\u00fc<\/div>\n<div class=\"img-move\">\n<div style=\"text-align: center\"><a class=\"ep-btn bgc-Lyellow ftc-VDgray brc-Vorange es-borderSolidS es-round es-shadow es-TpaddingS es-BpaddingS es-bold es-BTiconBorder icon-earth\" href=\"https:\/\/portal.hokuryu.info\/tr\/aycicegi\/\"><span style=\"font-size: 10pt;\">Ay\u00e7i\u00e7e\u011fi K\u00f6y\u00fc<\/span><\/a> <a class=\"ep-btn bgc-Lyellow ftc-VDgray brc-Vorange es-borderSolidS es-round es-shadow es-TpaddingS es-BpaddingS es-bold es-BTiconBorder icon-spinner3\" href=\"https:\/\/portal.hokuryu.info\/tr\/aycicegi_ciceklenmesi\/\"><span style=\"font-size: 10pt;\">\u00c7i\u00e7eklenme durumu<\/span><\/a> <a class=\"ep-btn bgc-Lyellow ftc-VDgray brc-Vorange es-borderSolidS es-round es-shadow es-TpaddingS es-BpaddingS es-bold es-BTiconBorder icon-spinner4\" href=\"https:\/\/portal.hokuryu.info\/tr\/aycicegi_festivali\/\"><span style=\"font-size: 10pt;\">etkinlik<\/span><\/a> <a class=\"ep-btn bgc-Lyellow ftc-VDgray brc-Vorange es-borderSolidS es-round es-shadow es-TpaddingS es-BpaddingS es-bold es-BTiconBorder icon-road\" href=\"https:\/\/portal.hokuryu.info\/tr\/aycicegi_yonleri\/\"><span style=\"font-size: 10pt;\">eri\u015fim<\/span><\/a> <a class=\"ep-btn bgc-Lyellow ftc-VDgray brc-Vorange es-borderSolidS es-round es-shadow es-TpaddingS es-BpaddingS es-bold es-BTiconBorder icon-spoon-knife\" href=\"https:\/\/portal.hokuryu.info\/tr\/aycicegi_ogle_yemegi\/\"><span style=\"font-size: 10pt;\">\u00f6\u011fle yeme\u011fi<\/span><\/a><\/div>\n<div class=\"img-move\"><figure id=\"attachment_20085\" class=\"wp-caption aligncenter\"><a href=\"https:\/\/portal.hokuryu.info\/tr\/45395\/\" target=\"_blank\" rel=\"noopener\"><img decoding=\"async\" src=\"https:\/\/portal.hokuryu.info\/wp\/wp-content\/uploads\/2024\/07\/13f7e737a522f96b5aaf5bcd3ca6c6a8-2.jpg\" alt=\"&quot;Hokuryu Kasabas\u0131 Ay\u00e7i\u00e7e\u011fi Turizm Derne\u011fi 50. Y\u0131l D\u00f6n\u00fcm\u00fc Kitab\u0131&quot;\" width=\"1950\" height=\"1316\" class=\"size-full wp-image-20085\" style=\"border:solid 1px blue\"\/><figcaption class=\"wp-caption-text\">&quot;Hokuryu Kasabas\u0131 Ay\u00e7i\u00e7e\u011fi Turizm Derne\u011fi 50. Y\u0131l D\u00f6n\u00fcm\u00fc Kitab\u0131&quot;<\/a><\/figcaption><\/figure><\/div>\n<h2>Hokuryu Kasabas\u0131 Ay\u00e7i\u00e7e\u011fi K\u00f6y\u00fc (Hokkaido) foto\u011fraf\u0131<\/h2>\n<p>T\u00fcm foto\u011fraflar\u0131 ayr\u0131 bir pencerede g\u00f6r\u00fcnt\u00fclemek i\u00e7in bir foto\u011frafa t\u0131klay\u0131n<\/p>\n<h3>2025\/2024<\/h3>\n<div class=\"column column-2\">\n<div class=\"column__item\"><a href=\"https:\/\/photos.app.goo.gl\/xTzZsfhFGFjj1Atf8\" target=\"_blank\" rel=\"noopener\"><img decoding=\"async\" src=\"https:\/\/lh3.googleusercontent.com\/pw\/AP1GczOsBQeWZO4wa6lF4iItbReo3U3wIudhJbZUvKYvSiRvKT7uPML3IuAlQkZACq69cb44FAV3wmp9ca1zMszldIlt9UDgz0-IFfnCi1RVZq0Ygt7-lXt6fEi3ZBbub_VGoL6v--yXlRKqO-M_Y-cQB-om=w2000-h1500-s-no-gm?authuser=0\" alt=\"Hokuryu Kasabas\u0131 Ay\u00e7i\u00e7e\u011fi K\u00f6y\u00fc 2025\" \/>2025: 661 par\u00e7a<\/a><\/div>\n<div class=\"column__item\"><a href=\"https:\/\/photos.app.goo.gl\/z3LYLg8DeB4gHHJw6\" target=\"_blank\" rel=\"noopener\"><img decoding=\"async\" src=\"https:\/\/lh3.googleusercontent.com\/pw\/AP1GczMVMZ-5zrIi5TQ8Bq164gR-v5TfFS_Cjupu9yXLiHhAD5ZpVp3Y2awj-VkE3XnszQXeNirP0J9OMCw_qbWjBHlljeINe58Tf7S0nwo6J5wZnokc7waJ_b35uofPzOyP9wCrzUl3cgjtQnS6sgBSrZK-=w2000-h1333-s-no-gm?authuser=0\" alt=\"Hokuryu Kasabas\u0131 Ay\u00e7i\u00e7e\u011fi K\u00f6y\u00fc 2024\" \/>2024: 673<\/a><\/div>\n<\/div>\n<h3>2023 ve 2022<\/h3>\n<div class=\"column column-2\">\n<div class=\"column__item\"><a href=\"https:\/\/photos.app.goo.gl\/PkqdwPz6DyeViG1J7\" target=\"_blank\" rel=\"noopener\"><img decoding=\"async\" src=\"https:\/\/lh3.googleusercontent.com\/pw\/AJFCJaUPzIK9q5Ca9NWkVGuQR5OXFjkW0Jk6CpEROO45-XJTzgIWXHtXxVrEEVrIFze0delq7M0-AmAm15ilyJG_Yac4ojU8QSeaCFq5GNgpZ5HD90taGx0svpv3Wfv_zzqrOfGj-kwGaINr4YFLFOCMLvIz=w2000-h1333-s-no?authuser=1\" alt=\"Hokuryu Kasabas\u0131 Ay\u00e7i\u00e7e\u011fi K\u00f6y\u00fc 2023\" \/>2023: 682 bilet<\/a><\/div>\n<div class=\"column__item\"><a href=\"https:\/\/photos.app.goo.gl\/TJER4PFaHYj72R4aA\" target=\"_blank\" rel=\"noopener\"><img decoding=\"async\" src=\"https:\/\/lh3.googleusercontent.com\/pw\/AJFCJaVU8J0oNsXUDfXTlTGXDZa8VvgmVZmhtos-NWNWKdmd8RqkVxay8xtwjWRGLlSSmX4Fws5IQqyCwySi5RL_NO8nmgpz4XPTF8Wz_Op8A_UHMXJpSstu7z6j0SX-g8qClp4T47kcCe8xd0cfVotvzeri=w2000-h1500-s-no?authuser=0\" alt=\"Hokuryu Kasabas\u0131 Ay\u00e7i\u00e7e\u011fi K\u00f6y\u00fc 2022\" \/>2022: 1.011<\/a><\/div>\n<\/div>\n<h3>2021 ve 2020<\/h3>\n<div class=\"column column-2\">\n<div class=\"column__item\"><a href=\"https:\/\/photos.app.goo.gl\/6p4fXjiWfpikncE16\" target=\"_blank\" rel=\"noopener\"><img decoding=\"async\" src=\"https:\/\/lh3.googleusercontent.com\/pw\/AM-JKLWif6WmBO11kyts4Uz_8CjH1-tYilPfyKt0if6palO3l25C2GSMqTs24YQNcRUIAE9zK9Q09GHghJ9hL7dCVd725OjTChHBTHwxgewzz_elWMZXkhe-2N7novllVYoQhQ4pO2queJG-FKXyJyvrZxwF=w2000-h1333-no?authuser=1\" alt=\"Hokuryu Kasabas\u0131 Ay\u00e7i\u00e7e\u011fi K\u00f6y\u00fc 2021\" \/>2021: 587<\/a><\/div>\n<div class=\"column__item\"><a href=\"https:\/\/photos.app.goo.gl\/TocgVDZ9Cz3qwZg5A\" target=\"_blank\" rel=\"noopener\"><img decoding=\"async\" src=\"https:\/\/lh3.googleusercontent.com\/pw\/ACtC-3e6AF09dIehBM4bmOv0VoM3igh_70WTuNxxlxIBt2C5bw5SxHJj2oGcOUT7KRWVDEh3YsG30nG-iW1WveVr1Ug8R0qSrdCAOs32f3czOXrR75Cuh0Ce-GVUW9DiMMp6EGOgWx4gUnYWjwJekwamKgHj=w2000-h1333-no?authuser=1\" alt=\"Hokuryu Kasabas\u0131 Ay\u00e7i\u00e7e\u011fi K\u00f6y\u00fc 2020\" \/><br \/>\n2020: 197 foto\u011fraf Tohum ekimi durdu, k\u00f6y geli\u015fimi<\/a><\/div>\n<\/div>\n<h3>2019 ve 2018<\/h3>\n<div class=\"column column-2\">\n<div class=\"column__item\"><a href=\"https:\/\/photos.google.com\/share\/AF1QipOIj3clTsFe4bbrzZOqlzPTUG0fSZNyVhuk6gRq-1HWmc-QpOOovt7WA-o-qZ4JnQ?key=MkJBT0FIZEVELUdQUVozUm9aQVk4bnBQZjBHTW5B\" target=\"_blank\" rel=\"noopener\"><img decoding=\"async\" src=\"https:\/\/lh3.googleusercontent.com\/RpMoaYZHFqnKwe74gzXMOx5NoWuUcJUnPd7pjAJepICtKl8_UW8LZzAIsHLm6rzowI2f74ahX_8Wt_xA2T2aUL3HlHthFJHI_nNTkNNvh2qz3EmoOEf_a6FdcUpJ2tFH0Pd4xFk4nrLM1fXT-LT6DCKvoKIlMIIDru5IgwEU98q0I2VpIa6AzI2Tg716vH7qICPSyR0FK74PBgJ47zdoesGLvs1PhtkHprGJSd3mgJtSv2xXkIIdO4rvqzdroA7Gib5VKgHZ2EUggoqHJolQr6GRxLMNOes8HfjzWHA_Y0yqUOCW2hrnjllordb0q3OU6nh2h_u-WyU25WgqKlPi0g5yJ4ZlhLw0ecyO4lusFn7tAc1LC38NJr-SntxP77tYivqcK-dRTj0kWW26xffEcQO7E2nSyt5qsAuqPk0B3b8T_xspInfL8J__bq7i4i4YDGJ5p287K1A1dB-crALovesgm5CZlro780VMkLZFZrKZ7fsyUdayJaybetdognkFhxCA4y03ykNWTgOsxfRpYiy-g4Ui1cHxZWd89-_5BUNSukDDTJXnJBnCaxQFUZOwYjuj_rZBTBOsFBhs9PiQuh1enGdtYnJxSqpWTMfhf2lO8eDjWEW-E0gwl2jSCSbd6FtuMebMfDLFw_XTqIZHqPNl4vPLSZEtKGDjxDADuar2hY6Mjf_dWTIm2BiL5kBLRo7f75iWQzPRy08Y-H2GYJ0OSB8NT9A03sBVnaa59NW1pHk=w477-h318-no\" alt=\"Hokuryu Kasabas\u0131 Ay\u00e7i\u00e7e\u011fi K\u00f6y\u00fc 2019\" \/><br \/>\n2019: 726<\/a><\/div>\n<div class=\"column__item\"><a href=\"https:\/\/photos.google.com\/share\/AF1QipPw7JWhwGQIkMn-BL_PMGsvm6ceTqcshI_wiEygM8QgmMtH-D0Y81HPJAEmEwTTzA?key=YTBjSzd5aTlSRTZEM1FxQXNiSml0aDBiSzd5THl3\" target=\"_blank\" rel=\"noopener\"><img decoding=\"async\" src=\"https:\/\/lh3.googleusercontent.com\/Jshky1Y4e4WyZ1MhmZ5zyqUXTqQJZ93Bl6IJAxPnwNZl_7y6dWx0QmKeZ8gXD3qy5xhu4_YGJMfQAfGaLcsj6Vl4Z1JhkzQnAQeIpw7eJXQ_hrnhKi7-kxj5LoGWokhO9H8uyKF-mCLjD8ftfih_7vGw3mNVsWVPgSfSgB2OkIuhTIUlVNLkcz3VKxZkeRCjAYprEOoVIkgR0eSjp2rnlUx7l8ufnYrR3QiqSxXsd26D6wvz2R63egPc7llJJsjTFjEYxkpCaF5soD3-dghri7Iw5d5wFd-Hg-_mHLAN1vZeUd1C4r6rkWPq-2ayINm_4_MHvsTfE3llb-VpnGLxC-nv0GFygDRAHxLhRx1iBK2VwxMQCpIsN8sUyLLG4AkaZtREwpNp_8ozMwQEl6Kg4NRV-CD-gacOg7-bTFCQGwa7SBLI-UQytexYg4B3tM8tpa9PyFOyQE5MW2MDp9fv3_rikqPwdhbQGxGkFrVdHa80V3n4dTYxptzFL2eB7NjbOnwXnpiMVErv3y-cgtN28j95MKC0bf91uTlTUSjtqMkkt4CnLHHFZlkoes20u17aPDK4RPMTRMuAwXtUBjTt1UeVsJh3rHINLypbTD1WNkMa9a5i_urOCbKsXRJKxvYnKz60YAr3dCOCbzrQzt5clwMGrtzdRLByjkgAlbwVWdI6O_NvTpbjoACcz_kyjspJL1sb7A1wAG1Wn9WrTXb7hy7f=w1420-h946-no\" alt=\"Hokuryu Kasabas\u0131 Ay\u00e7i\u00e7e\u011fi K\u00f6y\u00fc 2018\" \/><br \/>\n2018: 1.037<\/a><\/div>\n<\/div>\n<h3>2017 ve 2016<\/h3>\n<div class=\"column column-2\">\n<div class=\"column__item\"><a href=\"https:\/\/photos.google.com\/share\/AF1QipOPXowxdtM915JoaTltJb3jGoNtMR__rq9YV1Yz8MOfoapJ7EH9UTGYNceM3CGuNQ?key=bkdjZGNhQjJDMkFQekxIZl9JY1ZyMVplc083NHln\" target=\"_blank\" rel=\"noopener\"><img decoding=\"async\" src=\"https:\/\/lh3.googleusercontent.com\/CVj9l6qjruI365DBRq0ppAlXUb0HyNol6aTpaRk_T3rI58t1mkjjKTiY07SG82-ZK58I8J9zGrF7h5RxqNrbiucIPCQpy3Z8zQnMullYXKNCq1wCpMR4lo1qFW6SCOiRqaGbANhMJ7jzkTqMjBLUpCHG-n1MnVjeH6UbD_QFcWMbOMcZuSVmZVAhZzr2ywCNesKH2SsVpyZUURp_HGqaGqtsDBJW7mlOh0A-1qtJoVunYAMP_-Ko3HRExylTm8j1ochJqBtxONBJr4t6wYmXYv3kyAtRRlZUIda1ppY1D3YX4LlB9SmwC8a1c3OSF9nYAjsF7HPYHZJ09UfNsTliyE3ZI4MHJwTVSVlYaeBNc_kuBacRgkF1LwukWEPn4CmPYvQStoKcOgeo6T_EpslRNfs-AvZYrmu2JEc3z96UT98KuwgldOoM-VA3k5bx5JQqhESOzJ9ua3gz69FEroyYHB4TrAA9M53-77ruHULMsFAKDxHuUGtQHwf37jiOEhuPDJZsTP92wM2GNqlMDR1DqYsr2wDt-99OlFj7oPIq7jH6jLhO8vtWM3SZOC-nl7WPETg3Sk8WT-SBqdDfJsd9NgLxgoT4OlqSrduQ0adAEt3Qxeg8EjDkXP_yYh68iE2VGeOftLBUo_K3_KJrRv7YUiG1u-PNtfCW=w1375-h916-no\" alt=\"Hokuryu Kasabas\u0131 Ay\u00e7i\u00e7e\u011fi K\u00f6y\u00fc 2017\" \/><br \/>\n2017: 868<\/a><\/div>\n<div class=\"column__item\"><a href=\"https:\/\/photos.google.com\/share\/AF1QipOInnE9Zcyj4eyymWTogKwZgKx1DWpTDJ8T_CNs6a6o91UGzPna66gEIePZ03w7CA?key=eFZoZkRoTUxBeFBFZS1RY0IzTmVZMkswZ01Ec09n\" target=\"_blank\" rel=\"noopener\"><img decoding=\"async\" src=\"https:\/\/lh3.googleusercontent.com\/9CgXQsXF-ctYqbaYx0Cf64X3dfAs4pHU-Hz5akUnMTYTMPjBo24LGjLH5wfbkIjA2R4YyURQwJbZmj-TI3WKvP8vxemYVKiSvX9VHjgF_5kzcchw-ogwsfsbHuqSmECZmtAfkMatrF_2Ua1cFt3OJHZPNh-14BpJZEc8Hts1BQwsHQTESoCH_pk_BuRFdiajo_SyCB_74ILrmkiPDn3k6UxaMxqpYMFxvEcs4o00vN7-VaC10RfXkbZfMxqOVO2Fs9fClGdjXM9Uj-UUOmBzFgjEMxdQCWcXNPBA4w29z4Af00SjRWE8ffCOQ1usjAZiRT2eQr-X0_M-yJIYYyZ_uv7qPPZ-W9TmUGjynzFcHGaP2ROjCXPwMxXaczdO7qUraG11iUOteQHRfmmEa3cE2wNHXlTPx1l6GfmebmKLRmoHxF3mrLeIM4123mvln09VpxQ8C2Ps_EYAg4-vXrqtyJctKxBZBlCL2zWYNSzDnbCusDVH1TiH1cFec2xKGG7eMqdWCrLhbkMYU9KUuyzj7Tx-11GgR1o9K3gRe9_NyClFdw8S3W8hUOb5gapCccicY4_kx7Tygk2S7I9AaJH83R-uEhg=w1378-h919-no\" alt=\"Hokuryu Kasabas\u0131 Ay\u00e7i\u00e7e\u011fi K\u00f6y\u00fc 2016\" \/><br \/>\n2016: 897 foto\u011fraf<\/a><\/div>\n<\/div>\n<h3>2015 ve 2014<\/h3>\n<div class=\"column column-2\">\n<div class=\"column__item\"><a href=\"https:\/\/photos.google.com\/share\/AF1QipPy7xEIHXG41cApI1V2nlSgh5xI4Bu7VB5zFAXTmeg9ecL1d6YYhQaVNoky27Xe_g?key=YmZSYlE5X1VTRUJ3M3p6S1BWRXk5RjFsaUN6aTJ3\" target=\"_blank\" rel=\"noopener\"><img decoding=\"async\" src=\"https:\/\/lh3.googleusercontent.com\/zBzM0v5tOWy_bScFpTaUUF17M2lb9jU-uMVRYx2UL14=w383-h255-p-no\" alt=\"Hokuryu Kasabas\u0131 Ay\u00e7i\u00e7e\u011fi K\u00f6y\u00fc 2015\" \/><br \/>\n2015-1: 1.996<\/a> \u00a0\u00a0<a href=\"https:\/\/photos.google.com\/share\/AF1QipNviphuJCsdfKNKjXtje85U_pFRUTZG0tIAbb5iu0t5W6Sex5AcsGqroF_lYX1ddQ?key=VGhhRGxvdVJDekhVTFE2OHZoVE54REc4bVZjRnR3\" target=\"_blank\" rel=\"noopener\">-2: 216 foto\u011fraf<\/a><\/div>\n<div class=\"column__item\"><a href=\"https:\/\/goo.gl\/photos\/qecguzRAs4w75Kyd8\" target=\"_blank\" rel=\"noopener\"><img decoding=\"async\" src=\"https:\/\/lh3.googleusercontent.com\/fJ67ltZ3ZoDMiWgbP0ec89hQ1Cshk6VZEEPWelRAOMk=w338-h224-p-no\" alt=\"Hokuryu Kasabas\u0131 Ay\u00e7i\u00e7e\u011fi K\u00f6y\u00fc 2014\" \/><br \/>\n2014: 1.159<\/a><\/div>\n<\/div>\n<h3>2013 ve 2012<\/h3>\n<div class=\"column column-2\">\n<div class=\"column__item\"><a href=\"https:\/\/goo.gl\/photos\/xR6xzs6FLCvfz7sA6\" target=\"_blank\" rel=\"noopener\"><img decoding=\"async\" src=\"https:\/\/lh3.googleusercontent.com\/pw\/ACtC-3eLC-MDe7qJtHPOOfrTQvYOCPav3tD6ubUm2tM1uaKwDnARckmyCEO_zzsyXqDofpp_Ww3wBrzSPshHCBBrtDL-5TjPYMEN9sb3k0L_uIi6O_lQ1h2tS330_kgw98ohYBQ2OSy4OExN0vNMiEWhlrFN=w1600-h1060-no?authuser=0\" alt=\"Hokuryu Kasabas\u0131 Ay\u00e7i\u00e7e\u011fi K\u00f6y\u00fc 2013\" \/><br \/>\n2013: 418<\/a><\/div>\n<div class=\"column__item\"><a href=\"https:\/\/photos.google.com\/share\/AF1QipO2d4gxwFHtlj6LM7W0AQD953B4qJavVXrTvJEJ8XCWTUbFtr-lLlgKl87GDKTP-Q\/photo\/AF1QipPL71AFS9SpudLDBQYhqf8AWuaqbtZxUtH9fkI?key=SG5CVVYwcHJXSkk1azZVQXJDLUpoWXE3b2UwUzVn\" target=\"_blank\" rel=\"noopener\"><img decoding=\"async\" src=\"https:\/\/lh3.googleusercontent.com\/pw\/ACtC-3d1Es8-kY2Kd7z96ipyeZHgHpAKqa034DATc7oQTyxFbu1K1h3yeQLPCD7532lmQFVCNMUlRbwptbW34I85X6_fAgveO6fRExSC8ktgtL_GPtVGheXu1sTO2KZlZJQnWarn9-5vYhn6ug61k2uz5yaF=w1600-h1066-no?authuser=0\" alt=\"Hokuryu Kasabas\u0131 Ay\u00e7i\u00e7e\u011fi K\u00f6y\u00fc 2012\" \/><br \/>\n2012: 400<\/a><\/div>\n<\/div>\n<h3>2011 ve 2010<\/h3>\n<div class=\"column column-2\">\n<div class=\"column__item\"><a href=\"https:\/\/goo.gl\/photos\/VRnLCfVNdjrxWZQY6\" target=\"_blank\" rel=\"noopener\"><img decoding=\"async\" src=\"https:\/\/lh3.googleusercontent.com\/pw\/ACtC-3fmgMin6RNVdvYUXWtDNywwhr1pSucIG-uEUARNGTL8wyxm4DrN5Sp6bviZ2GdaDHyySm9xR15NC0RYrpoJkaBU6EEMGS6uyN5hpLfdM_2QY70GiGF0wzki3XW8_6A7BusHRFrFI-PeBJmL17Vk_Z_U=w1600-h1066-no?authuser=0\" alt=\"Hokuryu Kasabas\u0131 Ay\u00e7i\u00e7e\u011fi K\u00f6y\u00fc 2011\" \/><br \/>\n2011: 319<\/a><\/div>\n<div class=\"column__item\"><a href=\"https:\/\/goo.gl\/photos\/zeb5yhKaJZHLdntz7\" target=\"_blank\" rel=\"noopener\"><img decoding=\"async\" src=\"https:\/\/lh3.googleusercontent.com\/pw\/ACtC-3fVaTXrre5qk_P3vEddoPUZaeGG3KfAYza4JOsj2NxYPCT2SV6Ic0dLiqa1D2LJsSn_3u4TaHWj6gOm9JBtprsQXRD-eyxLlpkxXhcieux4jnyF846DyrJLiaFoVdVXoQ2sF-HQoYuYN2-eEXoUWdmF=w1600-h1067-no?authuser=0\" alt=\"Hokuryu Kasabas\u0131 Ay\u00e7i\u00e7e\u011fi K\u00f6y\u00fc 2010\" \/><br \/>\n2010: 284<\/a><\/div>\n<\/div>\n<h3>Foto\u011fraflar\u0131n kullan\u0131m\u0131yla ilgili<\/h3>\n<ul>\n<li>Hokuryu Kent Portal\u0131, Hokuryu Kent Portal\u0131 ve Google Foto\u011fraflar&#039;da yay\u0131nlanan foto\u011fraflar\u0131n telif hakk\u0131 foto\u011fraf\u00e7\u0131ya aittir.<br \/>\nFoto\u011fraflar\u0131n kamu d\u00fczenine veya genel ahlaka ayk\u0131r\u0131 olmamas\u0131 kayd\u0131yla, a\u015fa\u011f\u0131daki ko\u015fullar sa\u011fland\u0131\u011f\u0131 takdirde, ticari ve ki\u015fisel ama\u00e7larla \u00fccretsiz olarak kullan\u0131labilir: Siz de bunlar\u0131 diledi\u011finiz gibi i\u015fleyebilirsiniz.<\/li>\n<li>Kullan\u0131m \u015fart\u0131 olarak foto\u011fraflar\u0131n internet sitesinde veya internet sitesinin yak\u0131n\u0131nda yay\u0131nlanmas\u0131 gerekmektedir.<br \/>\nL\u00fctfen &quot;Foto\u011fraf Hokuryu Kent Portal\u0131 taraf\u0131ndan sa\u011flanm\u0131\u015ft\u0131r&quot; ifadesini a\u00e7\u0131k\u00e7a belirtin ve Hokuryu Kent Portal\u0131&#039;na bir ba\u011flant\u0131 ekleyin (ba\u011flant\u0131 verece\u011finiz herhangi bir sayfay\u0131 se\u00e7mekte \u00f6zg\u00fcrs\u00fcn\u00fcz).<\/li>\n<li>Foto\u011fraflar\u0131n\u0131z\u0131 bas\u0131l\u0131 materyallerde kullanmak istemeniz halinde, y\u00fcksek \u00e7\u00f6z\u00fcn\u00fcrl\u00fckl\u00fc g\u00f6r\u00fcnt\u00fc dosyalar\u0131n\u0131 \u00fccretsiz olarak sizlere sunaca\u011f\u0131z. G\u00f6nderi yaparken l\u00fctfen foto\u011fraf\u0131n yan\u0131na \u015fu bilgileri ekleyin: &quot;Foto\u011fraf Hokuryu Town Portal taraf\u0131ndan sa\u011flanm\u0131\u015ft\u0131r&quot; ve &quot;https:\/\/portal.hokuryu.info&quot; URL&#039;si (birden fazla foto\u011fraf kullan\u0131rsan\u0131z, krediyi tek bir yerde g\u00f6stermeniz sorun olmaz).<\/li>\n<li>Foto\u011fraflardan herhangi birini kullanman\u0131z durumunda l\u00fctfen Hokuryu Kasaba Portal\u0131 ile ileti\u015fime ge\u00e7iniz.<br \/>\nE\u011fer ana sayfa ise l\u00fctfen URL&#039;sini g\u00f6nderin. E\u011fer memnunsan\u0131z l\u00fctfen son \u00e7al\u0131\u015fman\u0131z\u0131 da g\u00f6nderin.<\/li>\n<\/ul>\n<h3>Sorular\u0131n\u0131z ve \u0130leti\u015fim Bilgileri<\/h3>\n<p>\u30fbHokuryu Kasabas\u0131 Portal Y\u00f6netim G\u00f6revlileri: Noboru ve Ikuko Terauchi<br \/>\n<span style=\"font-size: medium;\">noboru\u2605terasun.net\u00a0<\/span>(L\u00fctfen \u2605 i\u015faretini @ ile de\u011fi\u015ftirin)<\/li>\n<\/ul>\n<h2>film<\/h2>\n<h3>Hokuryu Kasabas\u0131 Ay\u00e7i\u00e7e\u011fi K\u00f6y\u00fc 2022<\/h3>\n<div class=\"youtube\"><iframe title=\"D\u00fcnya \u00e7ap\u0131nda ay\u00e7i\u00e7ekleri - \u00c7i\u00e7eklenme durumu (Hokuryu Kasabas\u0131 Ay\u00e7i\u00e7e\u011fi K\u00f6y\u00fc) Haziran - 4 Temmuz (Pazartesi) 2022\" src=\"https:\/\/www.youtube.com\/embed\/Iw5w7MMdAy4?feature=oembed\" frameborder=\"0\" allow=\"accelerometer; autoplay; clipboard-write; encrypted-media; gyroscope; picture-in-picture; web-share\" referrerpolicy=\"strict-origin-when-cross-origin\" allowfullscreen><\/iframe><\/div>\n<div class=\"youtube\"><iframe title=\"Hokuryu Kasabas\u0131 Ay\u00e7i\u00e7e\u011fi K\u00f6y\u00fc - \u00c7i\u00e7eklenme Durumu: 4 Temmuz (Pzt) 2022\" src=\"https:\/\/www.youtube.com\/embed\/Z0jsCEEkXpE?feature=oembed\" frameborder=\"0\" allow=\"accelerometer; autoplay; clipboard-write; encrypted-media; gyroscope; picture-in-picture; web-share\" referrerpolicy=\"strict-origin-when-cross-origin\" allowfullscreen><\/iframe><\/div>\n<div class=\"youtube\"><iframe title=\"Hokuryu Kasabas\u0131 Ay\u00e7i\u00e7e\u011fi K\u00f6y\u00fc - Ay\u0131klama ve seyreltme\" src=\"https:\/\/www.youtube.com\/embed\/JWW8_AEJW9U?feature=oembed\" frameborder=\"0\" allow=\"accelerometer; autoplay; clipboard-write; encrypted-media; gyroscope; picture-in-picture; web-share\" referrerpolicy=\"strict-origin-when-cross-origin\" allowfullscreen><\/iframe><\/div>\n<h3>Hokuryu Kasabas\u0131 Ay\u00e7i\u00e7e\u011fi K\u00f6y\u00fc 2014<\/h3>\n<div class=\"youtube\">\n<div class=\"youtube\"><iframe title=\"Hokkaido, Hokuryu kasabas\u0131nda ay\u00e7i\u00e7e\u011fi tarlas\u0131 2014\" src=\"https:\/\/www.youtube.com\/embed\/aECUuyns8u8?feature=oembed\" frameborder=\"0\" allow=\"accelerometer; autoplay; clipboard-write; encrypted-media; gyroscope; picture-in-picture; web-share\" referrerpolicy=\"strict-origin-when-cross-origin\" allowfullscreen><\/iframe><\/div>\n<\/div>\n<h3>28. Hokuryu Kasabas\u0131 Ay\u00e7i\u00e7e\u011fi Festivali 2014<\/h3>\n<div class=\"youtube\">\n<div class=\"youtube\"><iframe title=\"Hokkaido, Hokuryu kasabas\u0131nda Ay\u00e7i\u00e7e\u011fi Festivali 2014\" src=\"https:\/\/www.youtube.com\/embed\/biBYu8nRQ30?feature=oembed\" frameborder=\"0\" allow=\"accelerometer; autoplay; clipboard-write; encrypted-media; gyroscope; picture-in-picture; web-share\" referrerpolicy=\"strict-origin-when-cross-origin\" allowfullscreen><\/iframe><\/div>\n<\/div>\n<h3>Ay\u00e7i\u00e7eklerinin a\u00e7t\u0131\u011f\u0131 bir tepede<\/h3>\n<div class=\"youtube\">\n<div class=\"youtube\"><iframe title=\"Ay\u00e7i\u00e7eklerinin A\u00e7t\u0131\u011f\u0131 Tepede (Hokuryu Ortaokulu Mezunlar\u0131 Taraf\u0131ndan 2013&#039;te Bestelenmi\u015ftir)\" src=\"https:\/\/www.youtube.com\/embed\/T4gbCN2Wagc?feature=oembed\" frameborder=\"0\" allow=\"accelerometer; autoplay; clipboard-write; encrypted-media; gyroscope; picture-in-picture; web-share\" referrerpolicy=\"strict-origin-when-cross-origin\" allowfullscreen><\/iframe><\/div>\n<\/div>\n<p><a href=\"https:\/\/portal.hokuryu.info\/tr\/topics\/culture\/20140224\/\" target=\"_blank\" rel=\"nofollow noopener\">\u00d6zel makale: Ay\u00e7i\u00e7eklerinin A\u00e7t\u0131\u011f\u0131 Tepede (Hokuryu Ortaokulu Mezunlar\u0131 Taraf\u0131ndan 2013&#039;te Bestelendi)<\/a>(2014)<\/p>\n<h3>Motorlu yama\u00e7 para\u015f\u00fct\u00fc @Hokuryu Kasabas\u0131 Himawari K\u00f6y\u00fc<\/h3>\n<div class=\"youtube\">\n<div class=\"youtube\"><iframe title=\"Hokkaido&#039;daki Hokuryu kasabas\u0131nda ay\u00e7i\u00e7e\u011fi tarlas\u0131n\u0131n \u00fczerinde motorlu yama\u00e7 para\u015f\u00fct\u00fc 2013\" src=\"https:\/\/www.youtube.com\/embed\/Tq4A4-U7Mtw?feature=oembed\" frameborder=\"0\" allow=\"accelerometer; autoplay; clipboard-write; encrypted-media; gyroscope; picture-in-picture; web-share\" referrerpolicy=\"strict-origin-when-cross-origin\" allowfullscreen><\/iframe><\/div>\n<\/div>\n<p><a href=\"https:\/\/portal.hokuryu.info\/tr\/topics\/culture\/20130816.html\/\" target=\"_blank\" rel=\"noopener\">\u00d6zel makale: Motorlu yama\u00e7 para\u015f\u00fct\u00fc @ Himawari K\u00f6y\u00fc, Hokuryu Kasabas\u0131<\/a>(2013)<\/p>\n<h3>Hokuryu kasabas\u0131 sakinleri Ay\u00e7i\u00e7e\u011fi K\u00f6y\u00fc&#039;n\u00fc destekliyor (2013)<\/h3>\n<div class=\"youtube\">\n<div class=\"youtube\"><iframe title=\"Hokuryu Kasabas\u0131 Sakinleri Ay\u00e7i\u00e7e\u011fi K\u00f6y\u00fc&#039;n\u00fc Destekliyor\" src=\"https:\/\/www.youtube.com\/embed\/XuLjnwkBcy0?feature=oembed\" frameborder=\"0\" allow=\"accelerometer; autoplay; clipboard-write; encrypted-media; gyroscope; picture-in-picture; web-share\" referrerpolicy=\"strict-origin-when-cross-origin\" allowfullscreen><\/iframe><\/div>\n<\/div>\n<\/div>\n\n        <div class=\"site-blogcard-premium\">\n            <div class=\"bc-label-custom\">\u0130lgili makaleler<\/div>\n            <div class=\"bc-flex-container\">\n                <div class=\"bc-main-text\">\n                    <div class=\"bc-title-link-box\">\n                        <a href=\"https:\/\/portal.hokuryu.info\/tr\/topics\/culture\/20110914.html\/\" target=\"_blank\">Hokuryu Kasabas\u0131 Ay\u00e7i\u00e7e\u011fi K\u00f6y\u00fcn\u00fcn &quot;Do\u011fum Hikayesi&quot; - Hokuryu Kasabas\u0131 Portal\u0131 (Hokkaido) - Japonya&#039;n\u0131n 1 Numaral\u0131 Ay\u00e7i\u00e7e\u011fi K\u00f6y\u00fc<\/a>\n                    <\/div>\n                    <div class=\"bc-excerpt-box\">2.100 n\u00fcfuslu ve 401.300 ki\u015filik ya\u015flanma oran\u0131na sahip, canl\u0131 bir kasaban\u0131n &quot;bug\u00fcnk\u00fc&quot; halini sizlere sunuyoruz. Ay\u00e7i\u00e7ekleri gibi, aileler uyum i\u00e7inde ya\u015f\u0131yor...<\/div>\n                <\/div>\n                <div class=\"bc-thumbnail-box\">\n                    <a href=\"https:\/\/portal.hokuryu.info\/tr\/topics\/culture\/20110914.html\/\" target=\"_blank\">\n                        <div class=\"bc-img-zoom-wrap\">\n                            <img decoding=\"async\" src=\"https:\/\/lh3.googleusercontent.com\/-vnW8ZDh9kcM\/Tm6xdp7mwHI\/AAAAAAAAJXI\/MMe7RTfau_4\/s800\/_IGP2200.JPG\" alt=\"Hokuryu Kasabas\u0131 Ay\u00e7i\u00e7e\u011fi K\u00f6y\u00fcn\u00fcn &quot;Do\u011fum Hikayesi&quot; - Hokuryu Kasabas\u0131 Portal\u0131 (Hokkaido) - Japonya&#039;n\u0131n 1 Numaral\u0131 Ay\u00e7i\u00e7e\u011fi K\u00f6y\u00fc\">\n                        <\/div>\n                    <\/a>\n                <\/div>\n            <\/div>\n        <\/div>\n\u3000<\/p>\n<p>\u25c7 \u00c7ekimler, r\u00f6portajlar ve d\u00fczenleme Noboru Terauchi ve Ikuko taraf\u0131ndan yap\u0131lm\u0131\u015ft\u0131r<\/p>","protected":false},"excerpt":{"rendered":"<p>\u5317\u7adc\u753a\u306e\u9b42\u306b\u89e6\u308c\u308b5\u3064\u306e\u7269\u8a9e \u3072\u307e\u308f\u308a\u30fb\u6b74\u53f2\u3072\u307e\u308f\u308a\u307e\u3064\u308a\u7269\u8a9e\u8fb2\u696d\u30fb\u98df\u3068\u547d\u3072\u307e\u308f\u308a\u30e9\u30a4\u30b9\u7269\u8a9e\u8fb2\u696d\u30fb\u9ed2\u5343\u77f3\u5e7b\u306e\u9ed2\u5343\u77f3\u5927\u8c46\u7269\u8a9e\u8fb2\u696d\u30fb\u3059\u3044\u304b\u3072\u307e\u308f\u308a\u3059\u3044\u304b\u683d\u57f9\u7269\u8a9e\u8fb2\u696d\u30fb\u30e1\u30ed\u30f3\u3072\u307e\u308f\u308a\u30e1\u30ed\u30f3\u683d\u57f9\u7269\u8a9e \u5317\u7adc\u753a\u3072 [&hellip;]<\/p>\n","protected":false},"author":1,"featured_media":10156,"parent":0,"menu_order":0,"comment_status":"closed","ping_status":"closed","template":"","meta":{"footnotes":""},"class_list":["post-9277","page","type-page","status-publish","has-post-thumbnail","hentry"],"_links":{"self":[{"href":"https:\/\/portal.hokuryu.info\/tr\/wp-json\/wp\/v2\/pages\/9277","targetHints":{"allow":["GET"]}}],"collection":[{"href":"https:\/\/portal.hokuryu.info\/tr\/wp-json\/wp\/v2\/pages"}],"about":[{"href":"https:\/\/portal.hokuryu.info\/tr\/wp-json\/wp\/v2\/types\/page"}],"author":[{"embeddable":true,"href":"https:\/\/portal.hokuryu.info\/tr\/wp-json\/wp\/v2\/users\/1"}],"replies":[{"embeddable":true,"href":"https:\/\/portal.hokuryu.info\/tr\/wp-json\/wp\/v2\/comments?post=9277"}],"version-history":[{"count":3,"href":"https:\/\/portal.hokuryu.info\/tr\/wp-json\/wp\/v2\/pages\/9277\/revisions"}],"predecessor-version":[{"id":73500,"href":"https:\/\/portal.hokuryu.info\/tr\/wp-json\/wp\/v2\/pages\/9277\/revisions\/73500"}],"wp:featuredmedia":[{"embeddable":true,"href":"https:\/\/portal.hokuryu.info\/tr\/wp-json\/wp\/v2\/media\/10156"}],"wp:attachment":[{"href":"https:\/\/portal.hokuryu.info\/tr\/wp-json\/wp\/v2\/media?parent=9277"}],"curies":[{"name":"wp","href":"https:\/\/api.w.org\/{rel}","templated":true}]}}