{"id":9272,"date":"2021-05-21T14:00:57","date_gmt":"2021-05-21T05:00:57","guid":{"rendered":"https:\/\/portal.hokuryu.info\/?page_id=9272"},"modified":"2026-04-15T10:04:27","modified_gmt":"2026-04-15T01:04:27","slug":"aycicegi_yonleri","status":"publish","type":"page","link":"https:\/\/portal.hokuryu.info\/tr\/sunflower_directions\/","title":{"rendered":"Hokuryu Kasabas\u0131 Himawari no Sato&#039;ya (Ay\u00e7i\u00e7e\u011fi K\u00f6y\u00fc) ula\u015f\u0131m (araba, JR veya ekspres otob\u00fcsle)"},"content":{"rendered":"<div class=\"story-banner\">\n<p class=\"story-banner-title\">Hokuryu Kasabas\u0131&#039;n\u0131n ruhuna dokunan be\u015f \u00f6yk\u00fc<\/p>\n<div class=\"story-banner-grid\"><a href=\"https:\/\/portal.hokuryu.info\/tr\/64463\/\"><img decoding=\"async\" class=\"story-banner-img\" src=\"https:\/\/portal.hokuryu.info\/wp\/wp-content\/uploads\/2026\/04\/20260413-20220804LUBU6108.jpg\" alt=\"Ay\u00e7i\u00e7e\u011fi Festivali Hikayesi\"><span class=\"story-banner-sub\">Ay\u00e7i\u00e7ekleri ve Tarih<\/span><span class=\"story-banner-name\">Ay\u00e7i\u00e7e\u011fi Festivali Hikayesi<\/span><\/a><a href=\"https:\/\/portal.hokuryu.info\/tr\/70781\/\"><img decoding=\"async\" class=\"story-banner-img\" src=\"https:\/\/portal.hokuryu.info\/wp\/wp-content\/uploads\/2026\/04\/20260413-2ee454639d49581b086f096a4cad8a35.jpg\" alt=\"Tar\u0131m, G\u0131da ve Ya\u015fam\"><span class=\"story-banner-sub\">Tar\u0131m, G\u0131da ve Ya\u015fam<\/span><span class=\"story-banner-name\">Ay\u00e7i\u00e7ekli Pilav Hikayesi<\/span><\/a><a href=\"https:\/\/portal.hokuryu.info\/tr\/65955\/\"><img decoding=\"async\" class=\"story-banner-img\" src=\"https:\/\/portal.hokuryu.info\/wp\/wp-content\/uploads\/2026\/04\/20260413-ac3c8e2e56926a378ae45ee5011703e2.jpg\" alt=\"Tar\u0131m - Kurosenkoku\"><span class=\"story-banner-sub\">Tar\u0131m - Kurosenkoku<\/span><span class=\"story-banner-name\">Kara Sengoku Soya Fasulyesinin Efsanesi<\/span><\/a><a href=\"https:\/\/portal.hokuryu.info\/tr\/64650\/\"><img decoding=\"async\" class=\"story-banner-img\" src=\"https:\/\/portal.hokuryu.info\/wp\/wp-content\/uploads\/2026\/04\/20250925-Gemini_Generated_Image_xnrnb2xnrnb2xnrn.jpg\" alt=\"Tar\u0131m - Karpuz\"><span class=\"story-banner-sub\">Tar\u0131m - Karpuz<\/span><span class=\"story-banner-name\">Ay\u00e7i\u00e7e\u011fi ve Karpuz Yeti\u015ftiricili\u011finin Hikayesi<\/span><\/a><a href=\"https:\/\/portal.hokuryu.info\/tr\/70779\/\"><img decoding=\"async\" class=\"story-banner-img\" src=\"https:\/\/portal.hokuryu.info\/wp\/wp-content\/uploads\/2026\/04\/20260413-20180913_DSC8149.jpg\" alt=\"Tar\u0131m - Kavunlar\"><span class=\"story-banner-sub\">Tar\u0131m - Kavunlar<\/span><span class=\"story-banner-name\">Ay\u00e7i\u00e7e\u011fi Kavunu Yeti\u015ftiricili\u011finin Hikayesi<\/span><\/a><\/div>\n<p><\/p>\n<div style=\"margin:24px 0 8px; border-left:4px solid #EF9F27; padding:10px 16px; background:#7aab6e; color:#ffffff; font-size:14px; font-weight:700; font-family:sans-serif; line-height:1.4;\">Hokuryu Kasabas\u0131 Ay\u00e7i\u00e7e\u011fi K\u00f6y\u00fc<\/div>\n<div class=\"img-move\">\n<div style=\"text-align: center\"><a class=\"ep-btn bgc-Lyellow ftc-VDgray brc-Vorange es-borderSolidS es-round es-shadow es-TpaddingS es-BpaddingS es-bold es-BTiconBorder icon-earth\" href=\"https:\/\/portal.hokuryu.info\/tr\/aycicegi\/\"><span style=\"font-size: 10pt;\">Ay\u00e7i\u00e7e\u011fi K\u00f6y\u00fc<\/span><\/a>\u3000<a class=\"ep-btn bgc-Lyellow ftc-VDgray brc-Vorange es-borderSolidS es-round es-shadow es-TpaddingS es-BpaddingS es-bold es-BTiconBorder icon-spinner3\" href=\"https:\/\/portal.hokuryu.info\/tr\/aycicegi_ciceklenmesi\/\"><span style=\"font-size: 10pt;\">\u00c7i\u00e7eklenme durumu<\/span><\/a>\u3000<a class=\"ep-btn bgc-Lyellow ftc-VDgray brc-Vorange es-borderSolidS es-round es-shadow es-TpaddingS es-BpaddingS es-bold es-BTiconBorder icon-spinner4\" href=\"https:\/\/portal.hokuryu.info\/tr\/aycicegi_festivali\/\"><span style=\"font-size: 10pt;\">etkinlik<\/span><\/a>\u3000<a class=\"ep-btn bgc-Lyellow ftc-VDgray brc-Vorange es-borderSolidS es-round es-shadow es-TpaddingS es-BpaddingS es-bold es-BTiconBorder icon-spoon-knife\" href=\"https:\/\/portal.hokuryu.info\/tr\/aycicegi_ogle_yemegi\/\"><span style=\"font-size: 10pt;\">\u00f6\u011fle yeme\u011fi<\/span><\/a>\u3000<a class=\"ep-btn bgc-Lyellow ftc-VDgray brc-Vorange es-borderSolidS es-round es-shadow es-TpaddingS es-BpaddingS es-bold es-BTiconBorder icon-images\" href=\"https:\/\/portal.hokuryu.info\/tr\/aycicegi_fotograflari\/\"><span style=\"font-size: 10pt;\">g\u00f6r\u00fcnt\u00fc<\/span><\/a><\/div>\n<h2>Eri\u015fim\/Araba<\/h2>\n<p>\u30fbHimawari Turist Merkezi:<br \/>\n143-2 Itaya, Hokuryu-cho, Uryu-gun, Hokkaido Tel: 0164-34-2082<\/p>\n<h3>Harita<\/h3>\n<h4>Sapporo \u0130stasyonu - Himawari no Sato<\/h4>\n<div style=\"text-align: center;\"><iframe src=\"https:\/\/www.google.com\/maps\/embed?pb=!1m28!1m12!1m3!1d742084.9719362865!2d141.12762467798586!3d43.402748595752904!2m3!1f0!2f0!3f0!3m2!1i1024!2i768!4f13.1!4m13!3e0!4m5!1s0x5f0b2974d2c3f903%3A0xa5e2b18cdd4a47a5!2z5pyt5bmM6aeF44CB44CSMDYwLTA4MDYg5YyX5rW36YGT5pyt5bmM5biC5YyX5Yy65YyX77yW5p2h6KW_77yU5LiB55uu!3m2!1d43.0686606!2d141.3507553!4m5!1s0x5f0c8ebf210b4f43%3A0x75854b29c114c5ff!2z5YyX5rW36YGT5YyX56uc55S65p2_6LC377yR77yU77yT4oiS77ySIOOBsuOBvuOCj-OCiuims-WFieOCu-ODs-OCv-ODvA!3m2!1d43.7407985!2d141.8726724!5e0!3m2!1sja!2sjp!4v1621254823970!5m2!1sja!2sjp\" width=\"600\" height=\"450\" style=\"border:0;\" allowfullscreen=\"\" loading=\"lazy\"><\/iframe><br \/>\n<a href=\"https:\/\/goo.gl\/maps\/mTh48K4GQg1AGqeC9\" target=\"_blank\" rel=\"noopener\">[Sapporo \u0130stasyonu - Himawari no Sato] Google Haritalar Daha b\u00fcy\u00fck bir haritada g\u00f6r\u00fcnt\u00fcle<\/a><\/div>\n<h4>Asahikawa Havaalan\u0131 - Himawari no Sato<\/h4>\n<div style=\"text-align: center;\"><iframe src=\"https:\/\/www.google.com\/maps\/embed?pb=!1m28!1m12!1m3!1d737858.2773893764!2d141.6072188522056!3d43.74672028208025!2m3!1f0!2f0!3f0!3m2!1i1024!2i768!4f13.1!4m13!3e0!4m5!1s0x5f0cc326770c8515%3A0xcd854004eb7c1a3d!2z5YyX5rW36YGT5p2x56We5qW955S65p2x77yS57eaIOaXreW3neepuua4rw!3m2!1d43.6704225!2d142.454608!4m5!1s0x5f0c8ebf210b4f43%3A0x75854b29c114c5ff!2z5YyX5rW36YGT5YyX56uc55S65p2_6LC377yR77yU77yT4oiS77ySIOOBsuOBvuOCj-OCiuims-WFieOCu-ODs-OCv-ODvA!3m2!1d43.7407985!2d141.8726724!5e0!3m2!1sja!2sjp!4v1621807022034!5m2!1sja!2sjp\" width=\"600\" height=\"450\" style=\"border:0;\" allowfullscreen=\"\" loading=\"lazy\"><\/iframe><br \/>\n<a href=\"https:\/\/goo.gl\/maps\/rcbHZHsKhGpuk9DbA\" target=\"_blank\" rel=\"noopener\">[Asahikawa Havaalan\u0131 - Himawari no Sato] Google Haritalar Daha b\u00fcy\u00fck haritay\u0131 g\u00f6r\u00fcnt\u00fcle<\/a><\/div>\n<h3>mesafe<\/h3>\n<div class=\"column column-2\">\n<div class=\"column__item\">\n<ul>\n<li>New Chitose Havaalan\u0131na yakla\u015f\u0131k 160 km uzakl\u0131kta<\/li>\n<li>Sapporo \u0130stasyonu&#039;na yakla\u015f\u0131k 120 km uzakl\u0131kta<\/li>\n<li>Asahikawa Havaalan\u0131na yakla\u015f\u0131k 70 km uzakl\u0131kta<\/li>\n<li>Asahikawa \u0130stasyonu&#039;na yakla\u015f\u0131k 50 km uzakl\u0131kta<\/li>\n<\/ul>\n<\/div>\n<div class=\"column__item\">\n<ul>\n<li>Rumoi \u0130stasyonu&#039;na yakla\u015f\u0131k 40 km uzakl\u0131kta<\/li>\n<li>Furano \u0130stasyonu&#039;na yakla\u015f\u0131k 80 km uzakl\u0131kta<\/li>\n<\/ul>\n<\/div>\n<\/div>\n<h3>Park yeri ve tuvaletler<\/h3>\n<ul>\n<li>\u00f6zg\u00fcr<\/li>\n<li>G\u00fcn\u00fcn 24 saati hizmetinizdeyiz<\/li>\n<li>Otoparkta tuvalet mevcuttur (engelli eri\u015fimine uygun tuvaletler mevcuttur)<\/li>\n<li>500 normal araba, karavanlar tamam, 15 b\u00fcy\u00fck otob\u00fcs<\/li>\n<\/ul>\n<h3>Hedefinizi ara\u00e7 navigasyon sisteminize girmek i\u00e7in referans<\/h3>\n<h4>\u00d6rnek giri\u015f<\/h4>\n<ul>\n<li>Tesisler i\u00e7in: Himawari Turist Merkezi<\/li>\n<li>Adres: 143-2 Itaya, Hokuryu-cho, Uryu-gun, Hokkaido<\/li>\n<li>Yak\u0131ndaki tesisler i\u00e7in: Hokuryu Belediye Ortaokulu<\/li>\n<\/ul>\n<h2>Eri\u015fim\/toplu ta\u015f\u0131ma (JR\/otob\u00fcs) aramas\u0131<\/h2>\n<h3>Google Haritalar&#039;\u0131 kullanarak toplu ta\u015f\u0131ma g\u00fczergahlar\u0131n\u0131 aray\u0131n<\/h3>\n<p>\u30fbSeyahatinizin tarih ve saatini belirleyip rotay\u0131 kontrol etmek i\u00e7in Google Haritalar&#039;\u0131 kullanman\u0131z\u0131 \u00f6neririz. Arama yapt\u0131\u011f\u0131n\u0131zda JR veya Chuo Otob\u00fcs\u00fcn\u00fc kullanarak en uygun g\u00fczergah g\u00f6sterilecektir.<\/p>\n<div style=\"text-align: center;\"><iframe src=\"https:\/\/www.google.com\/maps\/embed?pb=!1m28!1m12!1m3!1d742224.0333076994!2d141.0816786544958!3d43.3913946327463!2m3!1f0!2f0!3f0!3m2!1i1024!2i768!4f13.1!4m13!3e3!4m5!1s0x5f0b2974d2c3f903%3A0xa5e2b18cdd4a47a5!2z44CSMDYwLTA4MDYg5YyX5rW36YGT5pyt5bmM5biC5YyX5Yy65YyX77yW5p2h6KW_77yU5LiB55uuIOacreW5jOmnhQ!3m2!1d43.0686606!2d141.3507553!4m5!1s0x5f0c8ebf210b4f43%3A0x75854b29c114c5ff!2z5YyX5rW36YGT5YyX56uc55S65p2_6LC377yR77yU77yT4oiS77ySIOOBsuOBvuOCj-OCiuims-WFieOCu-ODs-OCv-ODvA!3m2!1d43.7407985!2d141.8726724!5e0!3m2!1sja!2sjp!4v1621254913812!5m2!1sja!2sjp\" width=\"600\" height=\"450\" style=\"border:0;\" allowfullscreen=\"\" loading=\"lazy\"><\/iframe><br \/>\n<a href=\"https:\/\/goo.gl\/maps\/PFC6QXqZCME8pDr28\" target=\"_blank\" rel=\"noopener\">Google Haritalar Daha b\u00fcy\u00fck haritay\u0131 g\u00f6r\u00fcnt\u00fcle<\/a><\/div>\n<h3>Eri\u015fim: JR<\/h3>\n<h4>Gerekli zaman ve maliyet<\/h4>\n<p>\u30fbSeyahat s\u00fcreleri ve fiyatlar\u0131 (\u00fccret + ekspres \u00fccreti [rezervasyonsuz koltuk]) Haziran 2025 itibar\u0131yla ge\u00e7erlidir.<\/p>\n<p>* Zaman gibi ayr\u0131nt\u0131lar i\u00e7in l\u00fctfen &quot;<a href=\"https:\/\/goo.gl\/maps\/PFC6QXqZCME8pDr28\" target=\"_blank\" rel=\"noopener\">Google Harita Aramas\u0131<\/a>&quot;,<a href=\"https:\/\/jrhokkaidonorikae.com\/pc\/\" target=\"_blank\" rel=\"nofollow noopener\">JR Hokkaido - Sefer saatleri ve \u00fccret arama<\/a>L\u00fctfen &quot; vb. kullan\u0131n.<\/p>\n<table class=\"aligncenter\" border=\"2\" cellspacing=\"5\" cellpadding=\"5\">\n<tbody>\n<tr>\n<td style=\"text-align: center; background-color: #aeafac;\"><span style=\"color: #ffffff;\"><strong>b\u00f6l\u00fcm<\/strong><\/span><\/td>\n<td style=\"text-align: center; background-color: #aeafac;\"><span style=\"color: #ffffff;\"><strong>Tren Ad\u0131<\/strong><\/span><\/td>\n<td style=\"text-align: center; background-color: #aeafac;\"><span style=\"color: #ffffff;\"><strong>Seyahat s\u00fcresi<\/strong><\/span><\/td>\n<td style=\"text-align: center; background-color: #aeafac;\"><span style=\"color: #ffffff;\"><strong>Miktar<\/strong><\/span><\/td>\n<\/tr>\n<tr>\n<td>Sapporo \u0130stasyonu - Takikawa \u0130stasyonu<\/td>\n<td>H\u0131zl\u0131 tren (rezervasyonsuz koltuk)<\/td>\n<td style=\"text-align: right;\">Yakla\u015f\u0131k 50 dakika<\/td>\n<td style=\"text-align: right;\">3.170 yen<\/td>\n<\/tr>\n<tr>\n<td>Ayn\u0131 yerde.<\/td>\n<td>Yerel trenler<\/td>\n<td style=\"text-align: right;\">1,5 ila 2 saat<\/td>\n<td style=\"text-align: right;\">2.020 yen<\/td>\n<\/tr>\n<tr>\n<td>Sapporo \u0130stasyonu - Takikawa \u0130stasyonu - Imobeushi \u0130stasyonu (sonra taksiye binin)<\/td>\n<td>H\u0131zl\u0131 tren (rezervasyonsuz koltuk)<\/td>\n<td style=\"text-align: right;\">Yakla\u015f\u0131k 1 saat 10 dakika<\/td>\n<td style=\"text-align: right;\">3.390 yen<\/td>\n<\/tr>\n<tr>\n<td>Sapporo \u0130stasyonu - Fukagawa \u0130stasyonu<\/td>\n<td>H\u0131zl\u0131 tren (rezervasyonsuz koltuk)<\/td>\n<td style=\"text-align: right;\">Yakla\u015f\u0131k 1 saat<\/td>\n<td style=\"text-align: right;\">4.360 yen<\/td>\n<\/tr>\n<tr>\n<td>Ayn\u0131 yerde.<\/td>\n<td>Yerel trenler<\/td>\n<td style=\"text-align: right;\">Yakla\u015f\u0131k 2 saat<\/td>\n<td style=\"text-align: right;\">2.530 yen<\/td>\n<\/tr>\n<tr>\n<td>Yeni Chitose Havaalan\u0131 - Takikawa \u0130stasyonu<\/td>\n<td>H\u0131zl\u0131 treni kullan\u0131n (rezervasyonsuz koltuk) (Sapporo \u0130stasyonu&#039;nda aktarma yap\u0131n [Havaliman\u0131 \u0130stasyonu&#039;ndan h\u0131zl\u0131 tren])<\/td>\n<td style=\"text-align: right;\">Yakla\u015f\u0131k 1 saat 50 dakika<\/td>\n<td style=\"text-align: right;\">3.700 yen<\/td>\n<\/tr>\n<tr>\n<td>Yeni Chitose Havaalan\u0131 - Fukagawa \u0130stasyonu<\/td>\n<td>H\u0131zl\u0131 treni kullan\u0131n (rezervasyonsuz koltuk) (Sapporo \u0130stasyonu&#039;nda aktarma yap\u0131n [Havaliman\u0131 \u0130stasyonu&#039;ndan h\u0131zl\u0131 tren])<\/td>\n<td style=\"text-align: right;\">Yakla\u015f\u0131k 2 saat<\/td>\n<td style=\"text-align: right;\">5.370 yen<\/td>\n<\/tr>\n<tr>\n<td>Asahikawa \u0130stasyonu - Fukagawa \u0130stasyonu<\/td>\n<td>Yerel trenler<\/td>\n<td style=\"text-align: right;\">Yakla\u015f\u0131k 20 dakika<\/td>\n<td style=\"text-align: right;\">800 yen<\/td>\n<\/tr>\n<\/tbody>\n<\/table>\n<h3>Ula\u015f\u0131m: JR + Taksi<\/h3>\n<ul>\n<li>Sapporo \u0130stasyonu - JR Express - Takikawa \u0130stasyonu - JR Local - Imoseushi \u0130stasyonu - Japon Kiralama (Taksi) - Himawari no Sato<\/li>\n<li>Wa Hire (Hokuryu Kasabas\u0131ndaki taksi \u015firketi): Tel: 0164-34-2659<br \/>\n(Resepsiyon: Pazartesi - Cumartesi 08:30-18:30<\/li>\n<li>Mesafe ve \u00fccret: Imoseushi \u0130stasyonu&#039;ndan Himawari no Sato&#039;ya: yakla\u015f\u0131k 11 km (yakla\u015f\u0131k 4.000 yen)<\/li>\n<li>Al\u0131m \u00fccreti: \u00dccretsiz<\/li>\n<\/ul>\n<h3>Eri\u015fim, Ekspres Otob\u00fcs, Rumoi-go<\/h3>\n<h4>Himawari no Sato yak\u0131n\u0131ndaki otob\u00fcs dura\u011f\u0131<\/h4>\n<p>Bu otob\u00fcs sadece Ay\u00e7i\u00e7e\u011fi Festivali s\u0131ras\u0131nda burada duruyor.<\/p>\n<ul>\n<li>otob\u00fcs dura\u011f\u0131:<strong>&quot;Hokuryu Ortaokulu&quot;<\/strong>Tam kar\u015f\u0131n\u0131zda (Ay\u00e7i\u00e7e\u011fi K\u00f6y\u00fc)<\/li>\n<li>Oraya nas\u0131l gidilir: [Sapporo \u0130stasyonu&#039;ndan] &quot;Sapporo Ekimae Terminali&quot;<strong>Ekspres Rumoi (Takikawa ve Uryu arac\u0131l\u0131\u011f\u0131yla)<\/strong><\/li>\n<p>* Rezervasyon gerekmez<br \/>\n*Otob\u00fcs etkinlik s\u00fcresince (20 Temmuz - 18 A\u011fustos) yaln\u0131zca Hokuryu Ortaokulu \u00f6n\u00fcnde duracakt\u0131r.<br \/>\n\u203b Otob\u00fcs dura\u011f\u0131 haritas\u0131n\u0131 g\u00f6rebilirsiniz (Otob\u00fcs dura\u011f\u0131 5)<br \/>\n<a href=\"https:\/\/transfer.navitime.biz\/chuo-bus\/pc\/diagram\/BusAboardMap?stCode=00300912\" rel=\"noopener\" target=\"_blank\">https:\/\/transfer.navitime.biz\/chuo-bus\/pc\/diagram\/BusAboardMap?stCode=00300912<\/a><\/p>\n<p>Hokkaido Chuo Bus&#039;\u0131n i\u015fletti\u011fi turistik yer \u00e7ok yard\u0131mc\u0131 oluyor.<br \/>\n\n        <div class=\"site-blogcard-premium\">\n            <div class=\"bc-label-custom\">\u0130lgili makaleler<\/div>\n            <div class=\"bc-flex-container\">\n                <div class=\"bc-main-text\">\n                    <div class=\"bc-title-link-box\">\n                        <a href=\"https:\/\/kankou.chuo-bus.co.jp\/bus\/hokuryu-himawari\" target=\"_blank\">2024 Hokuryu Kasabas\u0131 Ay\u00e7i\u00e7e\u011fi Festivali | Araban\u0131z olmasa bile keyfini \u00e7\u0131kar\u0131n! Etkinlik alan\u0131na nas\u0131l ula\u015f\u0131l\u0131r?<\/a>\n                    <\/div>\n                    <div class=\"bc-excerpt-box\"><\/div>\n                <\/div>\n                <div class=\"bc-thumbnail-box\">\n                    <a href=\"https:\/\/kankou.chuo-bus.co.jp\/bus\/hokuryu-himawari\" target=\"_blank\">\n                        <div class=\"bc-img-zoom-wrap\">\n                            <img decoding=\"async\" src=\"https:\/\/kankou.chuo-bus.co.jp\/wp-content\/uploads\/2023\/09\/00_\u3072\u307e\u308f\u308a\u307e\u3064\u308a\u30a2\u30a4\u30ad\u30e3\u30c3\u30c1-768x432.jpg\" alt=\"2024 Hokuryu Kasabas\u0131 Ay\u00e7i\u00e7e\u011fi Festivali | Araban\u0131z olmasa bile keyfini \u00e7\u0131kar\u0131n! Etkinlik alan\u0131na nas\u0131l ula\u015f\u0131l\u0131r?\">\n                        <\/div>\n                    <\/a>\n                <\/div>\n            <\/div>\n        <\/div>\n\u3000<\/p>\n<ul>\n<li>Sefer saatleri ve otob\u00fcs \u00fccretleri 2024 yaz tarifesine g\u00f6re belirlenmi\u015ftir (1 Nisan 2024&#039;te revize edilmi\u015ftir)<\/li>\n<\/ul>\n<p>* Zaman gibi ayr\u0131nt\u0131lar i\u00e7in l\u00fctfen &quot;<a href=\"https:\/\/goo.gl\/maps\/PFC6QXqZCME8pDr28\" target=\"_blank\" rel=\"noopener\">Google Harita Aramas\u0131<\/a>&quot;,<a href=\"https:\/\/www.chuo-bus.co.jp\/highway\/index.cgi?ope=det&amp;n=13&amp;o=1&amp;t=64\" target=\"_blank\" rel=\"nofollow noopener\">Rumoi ekspres otob\u00fcs sefer saatleri<\/a>L\u00fctfen &quot; vb. kullan\u0131n.<\/p>\n<h4>Sapporo Terminali \u2192 Himawari no Sato Kitaryu Ortaokulu<\/h4>\n<p><strong>&lt; Seyahat s\u00fcresi ve maliyeti &gt;<\/strong><\/p>\n<ul>\n<li>Sapporo \u0130stasyonu Terminali \u2192 Himawari no Sato Hokuryu Ortaokulu: Yakla\u015f\u0131k. 2 saat 2.070 yen<\/li>\n<\/ul>\n<p><strong>&lt; Ekspres Rumoi Tren Saatleri &gt;<\/strong><\/p>\n<table class=\"aligncenter\" border=\"2\" cellspacing=\"5\" cellpadding=\"5\">\n<tbody>\n<tr>\n<td style=\"text-align: center; background-color: #aeafac;\"><span style=\"color: #ffffff;\"><strong>Sapporo \u0130stasyonu Terminali (Kalk\u0131\u015f)<\/strong><\/span><\/td>\n<td style=\"text-align: center; background-color: #aeafac;\"><span style=\"color: #ffffff;\"><strong>Takikawa \u0130stasyonu (Kalk\u0131\u015f)<\/strong><\/span><\/td>\n<td style=\"text-align: center; background-color: #aeafac;\"><span style=\"color: #ffffff;\"><strong>Himawari no Sato Hokuryu Ortaokulu (Var\u0131\u015f)<\/strong><\/span><\/td>\n<\/tr>\n<tr>\n<td style=\"text-align: right;\">07:20<\/td>\n<td style=\"text-align: right;\">09:06<\/td>\n<td style=\"background-color: #fcfcd2; text-align: right;\">09:35<\/td>\n<\/tr>\n<\/tbody>\n<\/table>\n<h4>Himawari no Sato Hokuryu Ortaokulu \u2192 Sapporo \u0130stasyon Terminali<\/h4>\n<p><strong>&lt; Ekspres Rumoi Tren Saatleri &gt;<\/strong><\/p>\n<table class=\"aligncenter\" border=\"2\" cellspacing=\"5\" cellpadding=\"5\">\n<tbody>\n<tr>\n<td style=\"text-align: center; background-color: #aeafac;\"><span style=\"color: #ffffff;\"><strong>Himawari no Sato Kitaryu Ortaokulu (Ayr\u0131l\u0131\u015f)<\/strong><\/span><\/td>\n<td style=\"text-align: center; background-color: #aeafac;\"><span style=\"color: #ffffff;\"><strong>Takikawa \u0130stasyonu (Kalk\u0131\u015f)<\/strong><\/span><\/td>\n<td style=\"text-align: center; background-color: #aeafac;\"><span style=\"color: #ffffff;\"><strong>Sapporo \u0130stasyonu Terminali (Var\u0131\u015f)<\/strong><\/span><\/td>\n<\/tr>\n<tr>\n<td style=\"background-color: #fcfcd2; text-align: right;\">13:06<\/td>\n<td style=\"text-align: right;\">13:43<\/td>\n<td style=\"text-align: right;\">15:22<\/td>\n<\/tr>\n<tr>\n<td style=\"background-color: #f8f4e6; text-align: right;\">15:26<\/td>\n<td style=\"text-align: right;\">16:03<\/td>\n<td style=\"text-align: right;\">17:42<\/td>\n<\/tr>\n<\/tbody>\n<\/table>\n<h2>Referans sayfas\u0131<\/h2>\n<div class=\"sitecard\">\n<div class=\"sitecard__subtitle\">Hokkaido Chuo Otob\u00fcs\u00fc &gt; \u00dccretler, Rotalar ve Zaman \u00c7izelgeleri<\/div>\n<div class=\"column column-273\">\n<div class=\"column__item\"><span style=\"font-size: medium;\">Hokkaido Chuo Otob\u00fcs \u00fccreti, g\u00fczergah ve sefer saatleri sayfas\u0131<br \/>\n<span style=\"color: #ff9900;\">\u25b6<\/span> <a href=\"https:\/\/www.chuo-bus.co.jp\/highway\/index.cgi?ope=det&amp;n=13&amp;o=1&amp;t=64\" target=\"_blank\" rel=\"noopener\"><strong>Detaylar i\u00e7in buraya t\u0131klay\u0131n &gt;&gt;<\/strong><\/span><\/div>\n<div class=\"column__item\"><img decoding=\"async\" class=\"aligncenter size-thumbnail wp-image-9787\" src=\"https:\/\/portal.hokuryu.info\/wp\/wp-content\/uploads\/2021\/05\/2021-05-17-20.15.01-300x300.png\" alt=\"Hokkaido Chuo Otob\u00fcs \u00fccreti, g\u00fczergah ve sefer saatleri sayfas\u0131\" height=\"100\" width=\"100\"\/><\/a><\/div>\n<\/div>\n<\/div>\n<div class=\"sitecard\">\n<div class=\"sitecard__subtitle\">Hokkaido Chuo Otob\u00fcs\u00fc - Sorular<\/div>\n<div class=\"column column-273\">\n<div class=\"column__item\"><span style=\"font-size: medium;\">\u30fb\u0130leti\u015fim bilgileri: Takikawa Sat\u0131\u015f Ofisi Tel: 0125-24-6191<br \/>\n<span style=\"color: #ff9900;\">\u25b6<\/span> <a href=\"http:\/\/www.chuo-bus.co.jp\/company\/information\/\" target=\"_blank\" rel=\"noopener\"><strong>Detaylar i\u00e7in buraya t\u0131klay\u0131n &gt;&gt;<\/strong><\/span><\/div>\n<div class=\"column__item\"><img decoding=\"async\" class=\"aligncenter size-thumbnail wp-image-9780\" src=\"https:\/\/portal.hokuryu.info\/wp\/wp-content\/uploads\/2021\/05\/2021-05-17-20.04.48-300x300.jpg\" alt=\"Chuo Otob\u00fcs\u00fc - Sorular\" height=\"100\" width=\"100\"\/><\/a><\/div>\n<\/div>\n<\/div>\n<h2>Yak\u0131n konaklama yerleri<\/h2>\n<div class=\"sitecard\">\n<div class=\"sitecard__subtitle\">[Kapl\u0131calar] Ay\u00e7i\u00e7e\u011fi Park\u0131 Hokuryu Onsen<\/div>\n<div class=\"column column-273\">\n<div class=\"column__item\"><span style=\"font-size: medium;\">\u30fbHimawari no Sato&#039;ya yakla\u015f\u0131k 1 km uzakl\u0131kta<br \/>\n\u30fb163-2 Itaya, Hokuryu-cho, Uryu-gun, Hokkaido<br \/>\nTelefon: 0164-34-3321<br \/>\n\u3000<span style=\"color: #ff9900;\">\u25b6<\/span> <a href=\"https:\/\/sunflower-park.com\/\" target=\"_blank\" rel=\"noopener\"><strong>Ana sayfa i\u00e7in buraya t\u0131klay\u0131n \uff1e\uff1e<\/strong><\/span><\/div>\n<div class=\"column__item\"><img decoding=\"async\" src=\"https:\/\/lh4.googleusercontent.com\/-W4MAnTvpcWA\/TgcXynlAuhI\/AAAAAAAADbg\/YaxfueBeAF4\/w1323-h882-no\/P1050353.JPG\" alt=\"[Kapl\u0131calar] Ay\u00e7i\u00e7e\u011fi Park\u0131 Hokuryu Onsen\" \/><\/a><\/div>\n<\/div>\n<\/div>\n<div class=\"sitecard\">\n<div class=\"sitecard__subtitle\">[Kapl\u0131ca] Chip Yu &amp; Yu<\/div>\n<div class=\"column column-273\">\n<div class=\"column__item\"><span style=\"font-size: medium;\">\u30fbHimawari no Sato&#039;dan arabayla yakla\u015f\u0131k 10 dakika uzakl\u0131kta<br \/>\n\u30fb2085 Chiphubetsucho, Uryu-gun, Hokkaido Tel: 0164-33-2116<br \/>\n<span style=\"color: #ff9900;\">\u25b6<\/span> <a href=\"http:\/\/chipsk.jp\/yuuyu\/\" target=\"_blank\" rel=\"noopener\"><strong>Ana sayfa i\u00e7in buraya t\u0131klay\u0131n \uff1e\uff1e<\/strong><\/span><\/div>\n<div class=\"column__item\"><img decoding=\"async\" src=\"https:\/\/portal.hokuryu.info\/wp\/wp-content\/uploads\/2021\/05\/img_hotwater01.jpg\" alt=\"[Kapl\u0131ca] Chip Yu &amp; Yu\" \/><\/a><\/div>\n<\/div>\n<\/div>\n<div class=\"sitecard\">\n<div class=\"sitecard__subtitle\">[Kapl\u0131ca] Horoshin Onsen Hotarukan<\/div>\n<div class=\"column column-273\">\n<div class=\"column__item\"><span style=\"font-size: medium;\">\u30fbHimawari no Sato&#039;dan arabayla yakla\u015f\u0131k 20 dakika uzakl\u0131kta<br \/>\n\u30fbHoroshin 377, Numata-cho, Uryu-gun, Hokkaido Tel: 0164-35-1188<br \/>\n<span style=\"color: #ff9900;\">\u25b6<\/span> <a href=\"http:\/\/www.horosin-onsen.com\/\" target=\"_blank\" rel=\"noopener\"><strong>Ana sayfa i\u00e7in buraya t\u0131klay\u0131n \uff1e\uff1e<\/strong><\/span><\/div>\n<div class=\"column__item\"><img decoding=\"async\" src=\"https:\/\/portal.hokuryu.info\/wp\/wp-content\/uploads\/2021\/05\/rotenburo1.jpg\" alt=\"[Kapl\u0131ca] Horoshin Onsen Hotarukan\" \/><\/a><\/div>\n<\/div>\n<\/div>\n<div class=\"sitecard\">\n<div class=\"sitecard__subtitle\">[\u00d6zel Han] Hinode Drive-In<\/div>\n<div class=\"column column-273\">\n<div class=\"column__item\"><span style=\"font-size: medium;\">\u30fbHimawari no Sato&#039;ya arabayla yakla\u015f\u0131k 5 dakika uzakl\u0131kta<br \/>\n\u30fbHokkaido Uryu-gun Uryu-cho 6. ko\u011fu\u015f 2 Tel: 0125-77-2274<br \/>\n<span style=\"color: #ff9900;\">\u25b6<\/span> <a href=\"https:\/\/takikawa.mypl.net\/article\/chiikiokoshi-uryu_takikawa\/6490\" target=\"_blank\" rel=\"noopener\"><strong>Ayr\u0131nt\u0131lar i\u00e7in buraya t\u0131klay\u0131n (My Place Takikawa) &gt;&gt;<\/strong><\/span><\/div>\n<div class=\"column__item\"><img decoding=\"async\" src=\"https:\/\/portal.hokuryu.info\/wp\/wp-content\/uploads\/2023\/07\/2023-07-05-12.50.45.jpg\" alt=\"[\u00d6zel Han] Hinode Drive-In\" height=\"150\"\/><\/a><\/div>\n<\/div>\n<\/div>\n<\/div>\n<p>\u25c7<\/p>","protected":false},"excerpt":{"rendered":"<p>\u5317\u7adc\u753a\u306e\u9b42\u306b\u89e6\u308c\u308b5\u3064\u306e\u7269\u8a9e \u3072\u307e\u308f\u308a\u30fb\u6b74\u53f2\u3072\u307e\u308f\u308a\u307e\u3064\u308a\u7269\u8a9e\u8fb2\u696d\u30fb\u98df\u3068\u547d\u3072\u307e\u308f\u308a\u30e9\u30a4\u30b9\u7269\u8a9e\u8fb2\u696d\u30fb\u9ed2\u5343\u77f3\u5e7b\u306e\u9ed2\u5343\u77f3\u5927\u8c46\u7269\u8a9e\u8fb2\u696d\u30fb\u3059\u3044\u304b\u3072\u307e\u308f\u308a\u3059\u3044\u304b\u683d\u57f9\u7269\u8a9e\u8fb2\u696d\u30fb\u30e1\u30ed\u30f3\u3072\u307e\u308f\u308a\u30e1\u30ed\u30f3\u683d\u57f9\u7269\u8a9e \u5317\u7adc\u753a\u3072 [&hellip;]<\/p>\n","protected":false},"author":1,"featured_media":10150,"parent":0,"menu_order":0,"comment_status":"closed","ping_status":"closed","template":"","meta":{"footnotes":""},"class_list":["post-9272","page","type-page","status-publish","has-post-thumbnail","hentry"],"_links":{"self":[{"href":"https:\/\/portal.hokuryu.info\/tr\/wp-json\/wp\/v2\/pages\/9272","targetHints":{"allow":["GET"]}}],"collection":[{"href":"https:\/\/portal.hokuryu.info\/tr\/wp-json\/wp\/v2\/pages"}],"about":[{"href":"https:\/\/portal.hokuryu.info\/tr\/wp-json\/wp\/v2\/types\/page"}],"author":[{"embeddable":true,"href":"https:\/\/portal.hokuryu.info\/tr\/wp-json\/wp\/v2\/users\/1"}],"replies":[{"embeddable":true,"href":"https:\/\/portal.hokuryu.info\/tr\/wp-json\/wp\/v2\/comments?post=9272"}],"version-history":[{"count":3,"href":"https:\/\/portal.hokuryu.info\/tr\/wp-json\/wp\/v2\/pages\/9272\/revisions"}],"predecessor-version":[{"id":73498,"href":"https:\/\/portal.hokuryu.info\/tr\/wp-json\/wp\/v2\/pages\/9272\/revisions\/73498"}],"wp:featuredmedia":[{"embeddable":true,"href":"https:\/\/portal.hokuryu.info\/tr\/wp-json\/wp\/v2\/media\/10150"}],"wp:attachment":[{"href":"https:\/\/portal.hokuryu.info\/tr\/wp-json\/wp\/v2\/media?parent=9272"}],"curies":[{"name":"wp","href":"https:\/\/api.w.org\/{rel}","templated":true}]}}