{"id":74117,"date":"2026-04-28T11:39:25","date_gmt":"2026-04-28T02:39:25","guid":{"rendered":"https:\/\/portal.hokuryu.info\/?page_id=74117"},"modified":"2026-04-28T14:52:30","modified_gmt":"2026-04-28T05:52:30","slug":"about_operator_site","status":"publish","type":"page","link":"https:\/\/portal.hokuryu.info\/tr\/about_operator_site\/","title":{"rendered":"\u0130\u015fletmeci ve site hakk\u0131nda"},"content":{"rendered":"<p>Kurulu\u015f tarihi: Nisan 2026<\/p>\n<h2>Hokuryu Kasaba Portal\u0131 Hakk\u0131nda<\/h2>\n<p>\u5317\u7adc\u753a\u30dd\u30fc\u30bf\u30eb\u306f\u3001\u5317\u6d77\u9053\u96e8\u7adc\u90e1\u5317\u7adc\u753a\u3092\u62e0\u70b9\u306b\u3001\u5bfa\u5185\u6607\uff06\u90c1\u5b50\u304c2011\u5e74\u3088\u308a\u904b\u55b6\u3059\u308b\u5730\u57df\u60c5\u5831\u30b5\u30a4\u30c8\u3067\u3059\u3002\u4eba\u53e3\u7d041,600\u4eba\u306e\u5c0f\u3055\u306a\u753a\u304b\u3089\u3001\u4e16\u754c10\u304b\u56fd\u8a9e\u3067\u300c\u548c\u306e\u5fc3\u300d\u3092\u767a\u4fe1\u3057\u7d9a\u3051\u3066\u3044\u307e\u3059\u3002<\/p>\n<blockquote>\n<p>&quot;Hokuryu Kasabas\u0131&#039;nda, do\u011faya duyulan derin bir minnet duygusu ve insanlar aras\u0131nda s\u0131cak bir uyum ve \u015fefkat ruhu h\u00fck\u00fcm s\u00fcr\u00fcyor. G\u00fcnl\u00fck ya\u015famda bulunan bu m\u00fctevaz\u0131 ama de\u011ferli felsefenin d\u00fcnyaya ula\u015fmas\u0131n\u0131 umuyoruz.&quot;<\/p>\n<p>\u2014 Noboru Terauchi ve Ikuko<\/p>\n<\/blockquote>\n<h2>Site Felsefesi<\/h2>\n<ul>\n<li>Hokuryu kasabas\u0131 sakinlerinin bilin\u00e7sizce uygulad\u0131klar\u0131 &quot;uyum ruhunu&quot; ve &quot;\u015fefkat ruhunu&quot; d\u00fcnyayla payla\u015fmak.<\/li>\n<li>B\u00f6lgedeki 1600 ki\u015fiye ula\u015fmak amac\u0131yla 10 dilde bilgi yaymay\u0131 hedefliyoruz.<\/li>\n<li>16 y\u0131l ve 20.000&#039;den fazla makale arac\u0131l\u0131\u011f\u0131yla, kasabadaki g\u00fcnl\u00fck ya\u015fam\u0131n ger\u00e7ek\u00e7i bir kayd\u0131 korunmu\u015ftur.<\/li>\n<li>Yapay zek\u00e2 ile birlikte ger\u00e7ekle\u015ftirdi\u011fimiz bu \u00e7al\u0131\u015fmay\u0131, bir &quot;ara\u00e7&quot; olarak de\u011fil, bir &quot;ortakl\u0131k&quot; olarak kamuoyuna sunaca\u011f\u0131z.<\/li>\n<\/ul>\n<h2>Y\u00f6netim yap\u0131s\u0131<\/h2>\n<h3>Operasyon ve Y\u00f6netim G\u00f6revlisi<\/h3>\n<p>\u0130\u00e7i\u015fleri ve \u0130leti\u015fim Sistemleri Bakanl\u0131\u011f\u0131 - Hokuryu Kasabas\u0131 Toplum Destek Personeli: Noboru Terauchi ve Ikuko<\/p>\n<h3>Sorumlu departman<\/h3>\n<ul>\n<li>11-1 Wa, Hokuryu-cho, Uryu-gun, Hokkaido 078-2512, Japonya<\/li>\n<li>Hokuryu Belediye Binas\u0131, \u015eehir Gelecek Stratejisi B\u00f6l\u00fcm\u00fc<\/li>\n<li>Tel: 0164-34-2111 (Ana Hat)<\/li>\n<li>Faks: 0164-34-2117<\/li>\n<\/ul>\n<h3>sorgu<\/h3>\n<p>E-posta: noboru\u25c7terasun.net (L\u00fctfen \u25c7 i\u015faretini @ ile de\u011fi\u015ftirin)<\/p>\n<h2>Operat\u00f6r Profili<\/h2>\n<p>Tan\u0131\u015fmam\u0131z, Hokuryu kasabas\u0131na ta\u015f\u0131nmam\u0131z ve son 16 y\u0131ldaki yolculu\u011fumuz hakk\u0131nda ayr\u0131nt\u0131l\u0131 bilgi i\u00e7in l\u00fctfen a\u015fa\u011f\u0131daki makaleye bak\u0131n.<\/p>\n<ul>\n<li><a href=\"https:\/\/portal.hokuryu.info\/tr\/62509\/\">\u0130ki ki\u015fi birdir. G\u00fcne\u015f ve ay\u0131n \u00f6rd\u00fc\u011f\u00fc Hokuryu Kasabas\u0131&#039;n\u0131n hikayesi.<\/a><\/li>\n<\/ul>\n<h2>Medya kurulu\u015flar\u0131 listesi<\/h2>\n<p>portal.hokuryu.info adresinde bulunan Hokuryu Kasabas\u0131 Portal\u0131, Hokuryu Kasabas\u0131&#039;n\u0131n g\u00fczelliklerini tan\u0131tmak i\u00e7in her biri kendine \u00f6zg\u00fc \u00f6zelliklerinden yararlanan be\u015f farkl\u0131 medya platformu kullanmaktad\u0131r. Tercih etti\u011finiz platformda bizi takip ederseniz \u00e7ok seviniriz.<\/p>\n<p>\u2605 <strong>Hokuryu Kasabas\u0131 Portal\u0131 (10 dil)<\/strong><br \/>\nResmi web sitesi, t\u00fcm bilgiler i\u00e7in ba\u015flang\u0131\u00e7 noktas\u0131 g\u00f6revi g\u00f6r\u00fcyor. Hokuryu Kasabas\u0131&#039;n\u0131n &quot;bug\u00fcnk\u00fc&quot; durumunu kapsaml\u0131 bir \u015fekilde ele al\u0131yor; \u00f6zellikli makaleler, Hokuryu Kasabas\u0131&#039;n\u0131n hazineleri, yerel kurulu\u015flar hakk\u0131nda bilgiler ve faaliyet raporlar\u0131 dahil olmak \u00fczere t\u00fcm i\u00e7erik 10 dilde mevcut.<\/p>\n<ol>\n<li>\ud83c\uddef\ud83c\uddf5 Japonca<a href=\"https:\/\/portal.hokuryu.info\/tr\/\" target=\"_blank\" rel=\"noopener\">https:\/\/portal.hokuryu.info\/<\/a><\/li>\n<li>\ud83c\uddfa\ud83c\uddf8 \u0130ngilizce:<a href=\"https:\/\/portal.hokuryu.info\/en\/\" target=\"_blank\" rel=\"noopener\">https:\/\/portal.hokuryu.info\/en\/<\/a><\/li>\n<li>\ud83c\uddee\ud83c\udde9 Endonezyaca:<a href=\"https:\/\/portal.hokuryu.info\/id\/\" target=\"_blank\" rel=\"noopener\">https:\/\/portal.hokuryu.info\/id\/<\/a><\/li>\n<li>\ud83c\uddfb\ud83c\uddf3 Vietnam Ti\u1ebfng Vi\u1ec7t:<a href=\"https:\/\/portal.hokuryu.info\/vi\/\" target=\"_blank\" rel=\"noopener\">https:\/\/portal.hokuryu.info\/vi\/<\/a><\/li>\n<li>\ud83c\uddf9\ud83c\uddf7 T\u00fcrk\u00e7e:<a href=\"https:\/\/portal.hokuryu.info\/tr\/\" target=\"_blank\" rel=\"noopener\">https:\/\/portal.hokuryu.info\/tr\/<\/a><\/li>\n<li>\ud83c\udde6\ud83c\uddff Azerice (Az\u0259rbaycanca):<a href=\"https:\/\/portal.hokuryu.info\/az\/\" target=\"_blank\" rel=\"noopener\">https:\/\/portal.hokuryu.info\/az\/<\/a><\/li>\n<li>\ud83c\uddf9\ud83c\udded Tay dili:<a href=\"https:\/\/portal.hokuryu.info\/th\/\" target=\"_blank\" rel=\"noopener\">https:\/\/portal.hokuryu.info\/th\/<\/a><\/li>\n<li>\ud83c\uddee\ud83c\uddf3 Hint\u00e7e (Hindistan) - \u0939\u093f\u0928\u094d\u0926\u0940 (Hint\u00e7e):<a href=\"https:\/\/portal.hokuryu.info\/hi\/\" target=\"_blank\" rel=\"noopener\">https:\/\/portal.hokuryu.info\/hi\/<\/a><\/li>\n<li>\ud83c\udde7\ud83c\uddf7 Portekizce:<a href=\"https:\/\/portal.hokuryu.info\/pt\/\" target=\"_blank\" rel=\"noopener\">https:\/\/portal.hokuryu.info\/pt\/<\/a><\/li>\n<li>\ud83c\uddea\ud83c\uddf8 \u0130spanyolca:<a href=\"https:\/\/portal.hokuryu.info\/es\/\" target=\"_blank\" rel=\"noopener\">https:\/\/portal.hokuryu.info\/es\/<\/a><\/li>\n<\/ol>\n<p>\u2605 <strong>Facebook sayfas\u0131 (Japonca\/\u0130ngilizce)<\/strong><br \/>\nJaponca ve \u0130ngilizce olarak \u2460 \u00f6zellikli makaleler ve \u2461 &quot;Hokuryu Kasabas\u0131n\u0131n Hazineleri&quot; sunman\u0131n yan\u0131 s\u0131ra, \u00e7e\u015fitli kasaba kurulu\u015flar\u0131ndan gelen sosyal medya payla\u015f\u0131mlar\u0131n\u0131 da ekliyor ve ilgili sayfalar\u0131na ba\u011flant\u0131lar sa\u011fl\u0131yoruz. Bu, yerel topluluk i\u00e7in bir bilgi merkezi g\u00f6revi g\u00f6r\u00fcyor.<br \/>\n<a href=\"https:\/\/www.facebook.com\/hokuryunow\" target=\"_blank\" rel=\"noopener\">https:\/\/www.facebook.com\/hokuryunow<\/a><\/p>\n<p>\u2605 <strong>Instagram (Japonca ve \u0130ngilizce)<\/strong><br \/>\n&quot;Hokuryu Kasabas\u0131n\u0131n Hazineleri&quot; (Hokuryu Kasabas\u0131n\u0131n Manzaralar\u0131 \/ Hokuryu Kasabas\u0131nda Mevsimleri Ya\u015famak), Japonca metin, \u0130ngilizce ve foto\u011fraflara odaklan\u0131larak sunulan, Hokuryu Kasabas\u0131n\u0131n g\u00fczel anlar\u0131n\u0131 d\u00fcnyaya tan\u0131tan bir sergidir.<br \/>\n<a href=\"https:\/\/www.instagram.com\/hokuryunow\/\" target=\"_blank\" rel=\"noopener\">https:\/\/www.instagram.com\/hokuryunow\/<\/a><\/p>\n<p>\u2605 <strong>YouTube (Japonca)<\/strong><br \/>\nMakalelerimize entegre edilmi\u015f video i\u00e7erikleri yay\u0131nl\u0131yoruz. Hokuryu Kasabas\u0131 halk\u0131n\u0131n olaylar\u0131n\u0131 ve d\u00fc\u015f\u00fcncelerini, yaln\u0131zca videonun sa\u011flayabilece\u011fi bir ger\u00e7ek\u00e7ilikle aktaraca\u011f\u0131z.<br \/>\n<a href=\"https:\/\/www.youtube.com\/@hokuryu_portal\/videos\" target=\"_blank\" rel=\"noopener\">https:\/\/www.youtube.com\/@hokuryu_portal\/videos<\/a><\/p>\n<p>\u2605 <strong>X (eski ad\u0131yla Twitter) (Japonca\/\u0130ngilizce)<\/strong><br \/>\n\u00d6ne \u00e7\u0131kan yaz\u0131lar\u0131m\u0131zdan, \u00f6zellikle d\u00fcnyayla payla\u015fmak istedi\u011fimiz \u00f6yk\u00fcleri \u00f6zenle se\u00e7tik ve bunlar\u0131 hem \u0130ngilizce hem de Japonca olarak yay\u0131nl\u0131yoruz. Amac\u0131m\u0131z, Hokuryu Kasabas\u0131&#039;n\u0131n &quot;uyum ruhunu&quot; d\u00fcnyayla payla\u015fmakt\u0131r.<br \/>\n<a href=\"https:\/\/x.com\/HokuryuPortal\" target=\"_blank\" rel=\"noopener\">https:\/\/x.com\/HokuryuPortal<\/a><\/p>\n<p>Hokuryu Kasabas\u0131&#039;n\u0131n &quot;uyum ruhu&quot; ve &quot;\u015fefkat ruhu&quot;na de\u011fer verenlerin deste\u011fini bekliyoruz. \u00c7ok te\u015fekk\u00fcr ederiz.<\/p>\n<h2>Site Ge\u00e7mi\u015fi<\/h2>\n<ol>\n<li>Hokuryu Kasabas\u0131 Giri\u015f Kap\u0131s\u0131 Temmuz 2011&#039;de kurulmu\u015ftur.<\/li>\n<li>Google Analytics 4 kullan\u0131larak eri\u015fim y\u00f6netimi Nisan 2024&#039;te yeniden ba\u015flayacakt\u0131r.<\/li>\n<li>TranslatePress, Haziran 2025&#039;te dokuz dilde yay\u0131n yapmaya ba\u015flayacak.<\/li>\n<li>\u015eubat 2026&#039;ya kadar ileti\u015fim sistemimizi 10 dile geni\u015fletmeyi hedefliyoruz.<\/li>\n<li>Web sitesi 2 Nisan 2026 (Per\u015fembe) tarihinde (lansman\u0131ndan bu yana 17. y\u0131l d\u00f6n\u00fcm\u00fcnde) yeniden ba\u015flat\u0131ld\u0131 ve 2025 y\u0131l\u0131nda 273.000 kullan\u0131c\u0131 ve 769.000 sayfa g\u00f6r\u00fcnt\u00fclemesi kaydetti.<\/li>\n<\/ol>\n\n        <div class=\"site-blogcard-premium\">\n            <div class=\"bc-label-custom\">\u0130lgili makaleler<\/div>\n            <div class=\"bc-flex-container\">\n                <div class=\"bc-main-text\">\n                    <div class=\"bc-title-link-box\">\n                        <a href=\"https:\/\/portal.hokuryu.info\/tr\/72718\/\" target=\"_blank\">https:\/\/portal.hokuryu.info\/72718<\/a>\n                    <\/div>\n                    <div class=\"bc-excerpt-box\">Sayfa bilgileri al\u0131namad\u0131.<\/div>\n                <\/div>\n                <div class=\"bc-thumbnail-box\">\n                    <a href=\"https:\/\/portal.hokuryu.info\/tr\/72718\/\" target=\"_blank\">\n                        <div class=\"bc-img-zoom-wrap\">\n                            <img decoding=\"async\" src=\"https:\/\/portal.hokuryu.info\/wp\/wp-content\/uploads\/2026\/02\/20230802DSC06445_1.jpg\" alt=\"https:\/\/portal.hokuryu.info\/72718\">\n                        <\/div>\n                    <\/a>\n                <\/div>\n            <\/div>\n        <\/div>\n<h2>\u0130lgili sayfalar<\/h2>\n\n        <div class=\"site-blogcard-premium\">\n            <div class=\"bc-label-custom\">\u0130lgili makaleler<\/div>\n            <div class=\"bc-flex-container\">\n                <div class=\"bc-main-text\">\n                    <div class=\"bc-title-link-box\">\n                        <a href=\"https:\/\/portal.hokuryu.info\/tr\/62509\/\" target=\"_blank\">https:\/\/portal.hokuryu.info\/62509<\/a>\n                    <\/div>\n                    <div class=\"bc-excerpt-box\">Sayfa bilgileri al\u0131namad\u0131.<\/div>\n                <\/div>\n                <div class=\"bc-thumbnail-box\">\n                    <a href=\"https:\/\/portal.hokuryu.info\/tr\/62509\/\" target=\"_blank\">\n                        <div class=\"bc-img-zoom-wrap\">\n                            <img decoding=\"async\" src=\"https:\/\/portal.hokuryu.info\/wp\/wp-content\/uploads\/2026\/02\/20230802DSC06445_1.jpg\" alt=\"https:\/\/portal.hokuryu.info\/62509\">\n                        <\/div>\n                    <\/a>\n                <\/div>\n            <\/div>\n        <\/div>\n\n        <div class=\"site-blogcard-premium\">\n            <div class=\"bc-label-custom\">\u0130lgili makaleler<\/div>\n            <div class=\"bc-flex-container\">\n                <div class=\"bc-main-text\">\n                    <div class=\"bc-title-link-box\">\n                        <a href=\"https:\/\/portal.hokuryu.info\/tr\/kategori\/aboutus\/operations_report\/\" target=\"_blank\">Web Sitesi Faaliyet Raporu (Kategori)<\/a>\n                    <\/div>\n                    <div class=\"bc-excerpt-box\">Bu makale, Hokuryu \u015eehir Portal\u0131&#039;n\u0131n i\u015fleyi\u015fine ili\u015fkin ayl\u0131k raporlar, analizler ve g\u00fcncellemeler i\u00e7ermektedir. \u2022 \u0130\u015fletme M\u00fcd\u00fcr\u00fc: Hokuryu...<\/div>\n                <\/div>\n                <div class=\"bc-thumbnail-box\">\n                    <a href=\"https:\/\/portal.hokuryu.info\/tr\/kategori\/aboutus\/operations_report\/\" target=\"_blank\">\n                        <div class=\"bc-img-zoom-wrap\">\n                            <img decoding=\"async\" src=\"https:\/\/portal.hokuryu.info\/wp\/wp-content\/uploads\/2026\/02\/20230802DSC06445_1.jpg\" alt=\"Web Sitesi Faaliyet Raporu (Kategori)\">\n                        <\/div>\n                    <\/a>\n                <\/div>\n            <\/div>\n        <\/div>\n\n        <div class=\"site-blogcard-premium\">\n            <div class=\"bc-label-custom\">\u0130lgili makaleler<\/div>\n            <div class=\"bc-flex-container\">\n                <div class=\"bc-main-text\">\n                    <div class=\"bc-title-link-box\">\n                        <a href=\"https:\/\/portal.hokuryu.info\/tr\/operations_policy\/\" target=\"_blank\">https:\/\/portal.hokuryu.info\/operations_policy<\/a>\n                    <\/div>\n                    <div class=\"bc-excerpt-box\">Sayfa bilgileri al\u0131namad\u0131.<\/div>\n                <\/div>\n                <div class=\"bc-thumbnail-box\">\n                    <a href=\"https:\/\/portal.hokuryu.info\/tr\/operations_policy\/\" target=\"_blank\">\n                        <div class=\"bc-img-zoom-wrap\">\n                            <img decoding=\"async\" src=\"https:\/\/portal.hokuryu.info\/wp\/wp-content\/uploads\/2026\/02\/20230802DSC06445_1.jpg\" alt=\"https:\/\/portal.hokuryu.info\/operations_policy\">\n                        <\/div>\n                    <\/a>\n                <\/div>\n            <\/div>\n        <\/div>\n\n        <div class=\"site-blogcard-premium\">\n            <div class=\"bc-label-custom\">\u0130lgili makaleler<\/div>\n            <div class=\"bc-flex-container\">\n                <div class=\"bc-main-text\">\n                    <div class=\"bc-title-link-box\">\n                        <a href=\"https:\/\/portal.hokuryu.info\/tr\/gizlilik-politikasi\/\" target=\"_blank\">https:\/\/portal.hokuryu.info\/privacy-policy<\/a>\n                    <\/div>\n                    <div class=\"bc-excerpt-box\">Sayfa bilgileri al\u0131namad\u0131.<\/div>\n                <\/div>\n                <div class=\"bc-thumbnail-box\">\n                    <a href=\"https:\/\/portal.hokuryu.info\/tr\/gizlilik-politikasi\/\" target=\"_blank\">\n                        <div class=\"bc-img-zoom-wrap\">\n                            <img decoding=\"async\" src=\"https:\/\/portal.hokuryu.info\/wp\/wp-content\/uploads\/2026\/02\/20230802DSC06445_1.jpg\" alt=\"https:\/\/portal.hokuryu.info\/privacy-policy\">\n                        <\/div>\n                    <\/a>\n                <\/div>\n            <\/div>\n        <\/div>\n\u3000<br \/>\n\n        <div class=\"site-blogcard-premium\">\n            <div class=\"bc-label-custom\">\u0130lgili makaleler<\/div>\n            <div class=\"bc-flex-container\">\n                <div class=\"bc-main-text\">\n                    <div class=\"bc-title-link-box\">\n                        <a href=\"https:\/\/portal.hokuryu.info\/tr\/index.html\/\" target=\"_blank\">Hokuryu Kasabas\u0131 Giri\u015f Kap\u0131s\u0131 (Hokkaido) - Japonya&#039;n\u0131n 1 Numaral\u0131 Ay\u00e7i\u00e7e\u011fi K\u00f6y\u00fc<\/a>\n                    <\/div>\n                    <div class=\"bc-excerpt-box\">Ay\u00e7i\u00e7ekleriyle \u00fcnl\u00fc Hokkaido&#039;daki Hokuryu kasabas\u0131nda parlak tar\u0131m y\u00f6ntemleri. &quot;\u0130nsanlar\u0131n Ya\u015fam\u0131n\u0131 ve Sa\u011fl\u0131\u011f\u0131n\u0131 Korumak \u0130\u00e7in G\u00fcvenli G\u0131da \u00dcretimi (1990)&quot; ilan eden Hokuryu kasabas\u0131 etkileyici...<\/div>\n                <\/div>\n                <div class=\"bc-thumbnail-box\">\n                    <a href=\"https:\/\/portal.hokuryu.info\/tr\/index.html\/\" target=\"_blank\">\n                        <div class=\"bc-img-zoom-wrap\">\n                            <img decoding=\"async\" src=\"https:\/\/lh3.googleusercontent.com\/VObf1kbvMs8KaLsut_lSlm999SjzxXpjxIrJgqACNhevhaVBqwpLCxa6k-kthdngh-8UUjxZXlJIdz9JwAjgSxp610qW5BoTh47Ok00PtSa_MR1FFDF7MbdcqA4cmMfI0RHSFm-Dcbil3zherWjzGgbqoipFWPjYSwAyflDpQgkf8TtmbZTAKIx9Fpw-rK-uR3VbcqslfzwUiOoO_J7P_6wBVDIaQx3mux-uUaSAdMDDkfFwxIKfsr6730tlXOh62L9BdDfj9sfNZ0M5FULi8OUnFGZUbc2tpZC06s9UPebAHg65-VGmr07L6-ihI4LyGK6HkC3E40-w3qDheZp6OUCg78EDXs4b3iw-cK0w0wllCvvTIIZx9W1yfFJV-ho2rZ7ga2qFiGbDWIHxh187bcHf65g0i1HafivL9wgl4oFfzlFSclDP8x6fz5hg5poqVQ4qbtehukvBXpTP7fzF70Uanw0iVvp0P7qkhPEl8sgUpzh2kG-pt4A2Q5UcsBoliRd_Aku5G2nG1hXMHMtwgT7rRuIiL8u_pQf1qnz-xExLYEJgNWfEu-sH0TFBPHu3-HxkelZoPHOkuPtCc9D9O_VLW2x9Qz2NjhJDaRYJ8rkYMO5_WMi-iSsWpWpHtmwT0gqOkv5DCFy03fiVdBH067Oxz306a4PJqy9SV5dZiLJnd2KnABLya5emChnfyVpuwb6jTAfdhKMNz9H4V-yMHQAY5ctd4NRNhi3LhW_0TEwa9rY=w160-h150-no\" alt=\"Hokuryu Kasabas\u0131 Giri\u015f Kap\u0131s\u0131 (Hokkaido) - Japonya&#039;n\u0131n 1 Numaral\u0131 Ay\u00e7i\u00e7e\u011fi K\u00f6y\u00fc\">\n                        <\/div>\n                    <\/a>\n                <\/div>\n            <\/div>\n        <\/div>\n<div class=\"img-move\">\n<a href=\"https:\/\/portal.hokuryu.info\/tr\/62509\/\">\ud83d\udd8b\ufe0f \u0130\u00e7erik planlama, makale yaz\u0131m\u0131, foto\u011fraf se\u00e7imi ve video olu\u015fturma: Ikuko Terauchi<img decoding=\"async\" style=\"vertical-align: middle;\" src=\"https:\/\/ehokkaido.net\/wp-content\/uploads\/2021\/12\/2021-12-06-11.41.12.png\" \/> Foto\u011fraf\u00e7\u0131l\u0131k, d\u00fczenleme ve web sitesi y\u00f6netimi: Noboru Terauchi<\/a>\n<\/div>\n<p>\u25c7<\/p>\n<div class=\"story-banner\">\n<p class=\"story-banner-title\">Hokuryu Kasabas\u0131&#039;n\u0131n ruhuna dokunan be\u015f \u00f6yk\u00fc<\/p>\n<div class=\"story-banner-grid\"><a href=\"https:\/\/portal.hokuryu.info\/tr\/64463\/\"><img decoding=\"async\" class=\"story-banner-img\" src=\"https:\/\/portal.hokuryu.info\/wp\/wp-content\/uploads\/2026\/04\/20260413-20220804LUBU6108.jpg\" alt=\"Ay\u00e7i\u00e7e\u011fi Festivali Hikayesi\"><span class=\"story-banner-sub\">Ay\u00e7i\u00e7ekleri ve Tarih<\/span><span class=\"story-banner-name\">Ay\u00e7i\u00e7e\u011fi Festivali Hikayesi<\/span><\/a><a href=\"https:\/\/portal.hokuryu.info\/tr\/70781\/\"><img decoding=\"async\" class=\"story-banner-img\" src=\"https:\/\/portal.hokuryu.info\/wp\/wp-content\/uploads\/2026\/04\/20260413-2ee454639d49581b086f096a4cad8a35.jpg\" alt=\"Tar\u0131m, G\u0131da ve Ya\u015fam\"><span class=\"story-banner-sub\">Tar\u0131m, G\u0131da ve Ya\u015fam<\/span><span class=\"story-banner-name\">Ay\u00e7i\u00e7ekli Pilav Hikayesi<\/span><\/a><a href=\"https:\/\/portal.hokuryu.info\/tr\/65955\/\"><img decoding=\"async\" class=\"story-banner-img\" src=\"https:\/\/portal.hokuryu.info\/wp\/wp-content\/uploads\/2026\/04\/20260413-ac3c8e2e56926a378ae45ee5011703e2.jpg\" alt=\"Tar\u0131m - Kurosenkoku\"><span class=\"story-banner-sub\">Tar\u0131m - Kurosenkoku<\/span><span class=\"story-banner-name\">Kurosenkoku Soya Fasulyesinin Hikayesi<\/span><\/a><a href=\"https:\/\/portal.hokuryu.info\/tr\/64650\/\"><img decoding=\"async\" class=\"story-banner-img\" src=\"https:\/\/portal.hokuryu.info\/wp\/wp-content\/uploads\/2026\/04\/20250925-Gemini_Generated_Image_xnrnb2xnrnb2xnrn.jpg\" alt=\"Tar\u0131m - Karpuz\"><span class=\"story-banner-sub\">Tar\u0131m - Karpuz<\/span><span class=\"story-banner-name\">Ay\u00e7i\u00e7e\u011fi ve Karpuz Yeti\u015ftiricili\u011finin Hikayesi<\/span><\/a><a href=\"https:\/\/portal.hokuryu.info\/tr\/70779\/\"><img decoding=\"async\" class=\"story-banner-img\" src=\"https:\/\/portal.hokuryu.info\/wp\/wp-content\/uploads\/2026\/04\/20260413-20180913_DSC8149.jpg\" alt=\"Tar\u0131m - Kavunlar\"><span class=\"story-banner-sub\">Tar\u0131m - Kavunlar<\/span><span class=\"story-banner-name\">Ay\u00e7i\u00e7e\u011fi Kavunu Yeti\u015ftiricili\u011finin Hikayesi<\/span><\/a><\/div>\n<\/div>","protected":false},"excerpt":{"rendered":"<p>\u5236\u5b9a\uff1a2026\u5e744\u6708 \u5317\u7adc\u753a\u30dd\u30fc\u30bf\u30eb\u306b\u3064\u3044\u3066 \u5317\u7adc\u753a\u30dd\u30fc\u30bf\u30eb\u306f\u3001\u5317\u6d77\u9053\u96e8\u7adc\u90e1\u5317\u7adc\u753a\u3092\u62e0\u70b9\u306b\u3001\u5bfa\u5185\u6607\uff06\u90c1\u5b50\u304c2011\u5e74\u3088\u308a\u904b\u55b6\u3059\u308b\u5730\u57df\u60c5\u5831\u30b5\u30a4\u30c8\u3067\u3059\u3002\u4eba\u53e3\u7d041,600\u4eba\u306e\u5c0f\u3055\u306a\u753a\u304b\u3089\u3001\u4e16\u754c10\u304b\u56fd\u8a9e\u3067\u300c [&hellip;]<\/p>\n","protected":false},"author":1,"featured_media":74116,"parent":0,"menu_order":0,"comment_status":"closed","ping_status":"closed","template":"","meta":{"footnotes":""},"class_list":["post-74117","page","type-page","status-publish","has-post-thumbnail","hentry"],"_links":{"self":[{"href":"https:\/\/portal.hokuryu.info\/tr\/wp-json\/wp\/v2\/pages\/74117","targetHints":{"allow":["GET"]}}],"collection":[{"href":"https:\/\/portal.hokuryu.info\/tr\/wp-json\/wp\/v2\/pages"}],"about":[{"href":"https:\/\/portal.hokuryu.info\/tr\/wp-json\/wp\/v2\/types\/page"}],"author":[{"embeddable":true,"href":"https:\/\/portal.hokuryu.info\/tr\/wp-json\/wp\/v2\/users\/1"}],"replies":[{"embeddable":true,"href":"https:\/\/portal.hokuryu.info\/tr\/wp-json\/wp\/v2\/comments?post=74117"}],"version-history":[{"count":10,"href":"https:\/\/portal.hokuryu.info\/tr\/wp-json\/wp\/v2\/pages\/74117\/revisions"}],"predecessor-version":[{"id":74152,"href":"https:\/\/portal.hokuryu.info\/tr\/wp-json\/wp\/v2\/pages\/74117\/revisions\/74152"}],"wp:featuredmedia":[{"embeddable":true,"href":"https:\/\/portal.hokuryu.info\/tr\/wp-json\/wp\/v2\/media\/74116"}],"wp:attachment":[{"href":"https:\/\/portal.hokuryu.info\/tr\/wp-json\/wp\/v2\/media?parent=74117"}],"curies":[{"name":"wp","href":"https:\/\/api.w.org\/{rel}","templated":true}]}}