{"id":3,"date":"2026-04-28T11:36:10","date_gmt":"2026-04-28T02:36:10","guid":{"rendered":"http:\/\/portal.hokuryu.info\/wp"},"modified":"2026-04-28T15:12:15","modified_gmt":"2026-04-28T06:12:15","slug":"gizlilik-politikasi","status":"publish","type":"page","link":"https:\/\/portal.hokuryu.info\/tr\/privacy-policy\/","title":{"rendered":"Gizlilik Politikas\u0131"},"content":{"rendered":"<p>Son revizyon: Nisan 2026 *&quot;R\u00f6portajlar ve G\u00f6r\u00fcn\u00fc\u015fler Politikas\u0131&quot; eklendi (Olu\u015fturulma tarihi: Ocak 2020)<\/p>\n<p>\u5317\u7adc\u753a\u30dd\u30fc\u30bf\u30eb\uff08https:\/\/portal.hokuryu.info\/\uff09\u306f\u3001\u5317\u6d77\u9053\u96e8\u7adc\u90e1\u5317\u7adc\u753a\u3092\u62e0\u70b9\u306b\u3001\u5bfa\u5185\u6607\uff06\u90c1\u5b50\u304c\u904b\u55b6\u3059\u308b\u5730\u57df\u60c5\u5831\u30b5\u30a4\u30c8\u3067\u3059\u3002\u672c\u30dd\u30ea\u30b7\u30fc\u306f\u3001\u3053\u306e\u30b5\u30a4\u30c8\u3092\u3054\u5229\u7528\u3044\u305f\u3060\u304f\u7686\u3055\u307e\u306e\u500b\u4eba\u60c5\u5831\u306e\u53d6\u308a\u6271\u3044\u306b\u3064\u3044\u3066\u5b9a\u3081\u305f\u3082\u306e\u3067\u3059\u3002<\/p>\n<h2>Toplanacak bilgiler ve amac\u0131<\/h2>\n<h3>Yorum<\/h3>\n<p>Bir makaleye yorum yapt\u0131\u011f\u0131n\u0131zda, ad\u0131n\u0131z\u0131, e-posta adresinizi, web sitesi URL&#039;nizi, IP adresinizi ve taray\u0131c\u0131 bilgilerinizi toplar\u0131z. Bu bilgiler yaln\u0131zca spam yorumlar\u0131 tespit etmek ve \u00f6nlemek i\u00e7in kullan\u0131l\u0131r ve ba\u015fka hi\u00e7bir ama\u00e7la kullan\u0131lmaz. Onaylanan yorumlar, ad\u0131n\u0131zla birlikte herkese a\u00e7\u0131k olarak g\u00f6r\u00fcnt\u00fclenecektir.<\/p>\n<h3>sorgu<\/h3>\n<p>Bize e-posta veya ba\u015fka yollarla ula\u015f\u0131rsan\u0131z, ileti\u015fim bilgileriniz yaln\u0131zca sorunuza yan\u0131t vermek i\u00e7in kullan\u0131lacakt\u0131r. Bu bilgileri hi\u00e7bir \u00fc\u00e7\u00fcnc\u00fc \u015fah\u0131sla payla\u015fmayaca\u011f\u0131z.<\/p>\n<h3>Eri\u015fim Analizi<\/h3>\n<p>Web sitemizi geli\u015ftirmek i\u00e7in Google Analytics kullan\u0131yoruz. Toplanan veriler anonimle\u015ftirilmi\u015ftir ve bireyleri tan\u0131mlamaz. Google Analytics veri toplamas\u0131n\u0131 devre d\u0131\u015f\u0131 b\u0131rakmak isterseniz, l\u00fctfen Google Analytics Devre D\u0131\u015f\u0131 B\u0131rakma Eklentisini kullan\u0131n.<\/p>\n<h3>\u00c7erez<\/h3>\n<p>Yorum g\u00f6nderirken, ad\u0131n\u0131z\u0131, e-posta adresinizi ve web sitesi URL&#039;nizi bir \u00e7erezde kaydetmeyi se\u00e7ebilirsiniz (iste\u011fe ba\u011fl\u0131). Bu, bir sonraki yorumunuzda bu bilgileri tekrar girme zahmetinden sizi kurtaracakt\u0131r. Bu \u00e7erez bir y\u0131l s\u00fcreyle saklanacakt\u0131r.<\/p>\n<h2>G\u00f6r\u00fcnt\u00fc y\u00fckleme hakk\u0131nda<\/h2>\n<p>Bu sitede yay\u0131nlanan t\u00fcm foto\u011fraflar site y\u00f6neticisi taraf\u0131ndan \u00e7ekilir ve y\u00f6netilir. Konum bilgisi (EXIF GPS) i\u00e7eren g\u00f6r\u00fcnt\u00fcler y\u00fcklenmeden \u00f6nce kald\u0131r\u0131l\u0131r.<\/p>\n<h2>Di\u011fer web sitelerinden g\u00f6m\u00fcl\u00fc i\u00e7erik<\/h2>\n<p>Makaleler YouTube, Facebook, Instagram ve di\u011fer platformlardan g\u00f6m\u00fcl\u00fc i\u00e7erik i\u00e7erebilir. Bu i\u00e7erik, her bir hizmetin platformunda ama\u00e7land\u0131\u011f\u0131 \u015fekilde \u00e7al\u0131\u015f\u0131r ve ilgili gizlilik politikas\u0131 ge\u00e7erlidir.<\/p>\n<p>Ayr\u0131ca, Hokuryu Kasaba Portal\u0131, kasaba i\u00e7indeki \u00e7e\u015fitli kurulu\u015f ve gruplar\u0131n i\u015fletti\u011fi sosyal medya hesaplar\u0131ndan g\u00f6nderiler de i\u00e7erebilir. Bu, s\u00f6z konusu kurulu\u015flardan gelen bilgilerin hem topluluk i\u00e7inde hem de d\u0131\u015f\u0131nda geni\u015f \u00e7apta yay\u0131lmas\u0131n\u0131 ama\u00e7lamaktad\u0131r. Yay\u0131nlanan i\u00e7erik, her kurulu\u015f taraf\u0131ndan orijinal haliyle yay\u0131nlanacak olup, Hokuryu Kasaba Portal\u0131 i\u00e7eri\u011fini de\u011fi\u015ftirmeyecektir.<\/p>\n<h2>M\u00fclakatlar ve m\u00fclakat yap\u0131lan ki\u015filerle ilgili politika<\/h2>\n<p>Hokuryu \u015eehir Portal\u0131, \u015fehir sakinleri, i\u015fletmeler, kurulu\u015flar ve ziyaret\u00e7ileri ger\u00e7ek adlar\u0131 ve foto\u011fraflar\u0131yla birlikte tan\u0131tan makaleler yay\u0131nlayabilir. Tan\u0131t\u0131m\u0131 yap\u0131lan ki\u015filerin gizlili\u011fini ve onurunu korumak, faaliyetlerimizin temel prensibidir ve r\u00f6portajlar\u0131 ve makaleleri a\u015fa\u011f\u0131daki politikalara g\u00f6re ger\u00e7ekle\u015ftiriyoruz.<\/p>\n<ul>\n<li>Genel kural olarak, r\u00f6portaj yapmadan veya foto\u011fraf \u00e7ekmeden \u00f6nce \u00f6nceden veya yaz\u0131l\u0131 onay alaca\u011f\u0131z.<\/li>\n<li>E\u011fer re\u015fit olmayan ki\u015filer gelirse, ebeveynlerinin onay\u0131n\u0131 teyit edece\u011fiz.<\/li>\n<li>M\u00fcmk\u00fcn olan her f\u0131rsatta r\u00f6portajlar s\u0131ras\u0131nda, makalelerin ve foto\u011fraflar\u0131n 10 dile \u00e7evrilece\u011fini ve d\u00fcnya \u00e7ap\u0131nda 140&#039;tan fazla \u00fclkedeki okuyuculara ula\u015faca\u011f\u0131n\u0131 size bildirece\u011fiz.<\/li>\n<li>Yay\u0131nland\u0131ktan sonra bir makalenin veya foto\u011fraf\u0131n kald\u0131r\u0131lmas\u0131 talebi al\u0131rsak, derhal yan\u0131t verece\u011fiz.<\/li>\n<li>Sa\u011fl\u0131k, aile ili\u015fkileri veya mali durum gibi hassas bilgiler i\u00e7eren i\u00e7erikleri yay\u0131nlay\u0131p yay\u0131nlamama konusunda \u00f6zellikle dikkatli karar verece\u011fiz.<\/li>\n<\/ul>\n<p>Yay\u0131nlanan i\u00e7erikle ilgili her t\u00fcrl\u00fc istek veya sorunuz i\u00e7in l\u00fctfen a\u015fa\u011f\u0131daki ileti\u015fim bilgilerini kullanarak bizimle ileti\u015fime ge\u00e7in.<\/p>\n<h2>Ki\u015fisel bilgilerin \u00fc\u00e7\u00fcnc\u00fc taraflarla payla\u015f\u0131lmas\u0131<\/h2>\n<p>Toplad\u0131\u011f\u0131m\u0131z ki\u015fisel bilgileri, kanunen zorunlu haller d\u0131\u015f\u0131nda \u00fc\u00e7\u00fcnc\u00fc taraflarla payla\u015fmayaca\u011f\u0131z.<\/p>\n<h2>Ki\u015fisel bilgilerin if\u015fa edilmesi, d\u00fczeltilmesi ve silinmesi<\/h2>\n<p>Ki\u015fisel bilgilerinizin a\u00e7\u0131klanmas\u0131n\u0131, d\u00fczeltilmesini veya silinmesini talep etmek isterseniz, l\u00fctfen a\u015fa\u011f\u0131daki adresten bizimle ileti\u015fime ge\u00e7in. Talebinize en k\u0131sa s\u00fcrede yan\u0131t verece\u011fiz.<\/p>\n<h2>Politika de\u011fi\u015fiklikleriyle ilgili olarak<\/h2>\n<p>Bu Gizlilik Politikas\u0131 gerekti\u011finde de\u011fi\u015ftirilebilir. Revize edilmi\u015f politika, bu sayfada yay\u0131nland\u0131\u011f\u0131 andan itibaren y\u00fcr\u00fcrl\u00fc\u011fe girecektir.<\/p>\n<p>Her bir medya kurulu\u015funun faaliyet politikalar\u0131 ve i\u00e7erik olu\u015fturma standartlar\u0131 hakk\u0131nda bilgi i\u00e7in,<a href=\"https:\/\/portal.hokuryu.info\/tr\/operations-policy\/\">Hokuryu Kasabas\u0131 Portal Grubu \u0130\u015fletme Politikas\u0131<\/a>L\u00fctfen a\u015fa\u011f\u0131dakilere de bak\u0131n\u0131z.<\/p>\n<h2>sorgu<\/h2>\n<ul>\n<li>\u904b\u55b6\u7ba1\u7406\u8cac\u4efb\u8005\uff1a\u7dcf\u52d9\u7701\u5236\u5ea6\u30fb\u5317\u7adc\u753a\u96c6\u843d\u652f\u63f4\u54e1\u3000\u5bfa\u5185\u6607 \uff06 \u90c1\u5b50<\/li>\n<li>E-posta: noboru@terasun.net (L\u00fctfen tam geni\u015flikteki @ i\u015faretini yar\u0131m geni\u015flikteki @ i\u015faretiyle de\u011fi\u015ftirin)<\/li>\n<li>\u3012078-2512 11-1 Wa, Hokuryu-cho, Uryu-gun, Hokkaido, Japonya Hokuryu Belediye Binas\u0131, Kasaba Gelecek Strateji B\u00f6l\u00fcm\u00fc<\/li>\n<li>Tel: 0164-34-2111 (Hokuryu Belediye Binas\u0131 - Ana numara)<\/li>\n<\/ul>\n<p>\u3000<br \/>\n\n        <div class=\"site-blogcard-premium\">\n            <div class=\"bc-label-custom\">\u0130lgili makaleler<\/div>\n            <div class=\"bc-flex-container\">\n                <div class=\"bc-main-text\">\n                    <div class=\"bc-title-link-box\">\n                        <a href=\"https:\/\/portal.hokuryu.info\/tr\/about_operator_site\/\" target=\"_blank\">https:\/\/portal.hokuryu.info\/about_operator_site<\/a>\n                    <\/div>\n                    <div class=\"bc-excerpt-box\">Sayfa bilgileri al\u0131namad\u0131.<\/div>\n                <\/div>\n                <div class=\"bc-thumbnail-box\">\n                    <a href=\"https:\/\/portal.hokuryu.info\/tr\/about_operator_site\/\" target=\"_blank\">\n                        <div class=\"bc-img-zoom-wrap\">\n                            <img decoding=\"async\" src=\"https:\/\/portal.hokuryu.info\/wp\/wp-content\/uploads\/2026\/02\/20230802DSC06445_1.jpg\" alt=\"https:\/\/portal.hokuryu.info\/about_operator_site\">\n                        <\/div>\n                    <\/a>\n                <\/div>\n            <\/div>\n        <\/div>\n\n        <div class=\"site-blogcard-premium\">\n            <div class=\"bc-label-custom\">\u0130lgili makaleler<\/div>\n            <div class=\"bc-flex-container\">\n                <div class=\"bc-main-text\">\n                    <div class=\"bc-title-link-box\">\n                        <a href=\"https:\/\/portal.hokuryu.info\/tr\/kategori\/aboutus\/operations_report\/\" target=\"_blank\">Web Sitesi Faaliyet Raporu (Kategori)<\/a>\n                    <\/div>\n                    <div class=\"bc-excerpt-box\">Bu makale, Hokuryu \u015eehir Portal\u0131&#039;n\u0131n i\u015fleyi\u015fine ili\u015fkin ayl\u0131k raporlar, analizler ve g\u00fcncellemeler i\u00e7ermektedir. \u2022 \u0130\u015fletme M\u00fcd\u00fcr\u00fc: Hokuryu...<\/div>\n                <\/div>\n                <div class=\"bc-thumbnail-box\">\n                    <a href=\"https:\/\/portal.hokuryu.info\/tr\/kategori\/aboutus\/operations_report\/\" target=\"_blank\">\n                        <div class=\"bc-img-zoom-wrap\">\n                            <img decoding=\"async\" src=\"https:\/\/portal.hokuryu.info\/wp\/wp-content\/uploads\/2026\/02\/20230802DSC06445_1.jpg\" alt=\"Web Sitesi Faaliyet Raporu (Kategori)\">\n                        <\/div>\n                    <\/a>\n                <\/div>\n            <\/div>\n        <\/div>\n\n        <div class=\"site-blogcard-premium\">\n            <div class=\"bc-label-custom\">\u0130lgili makaleler<\/div>\n            <div class=\"bc-flex-container\">\n                <div class=\"bc-main-text\">\n                    <div class=\"bc-title-link-box\">\n                        <a href=\"https:\/\/portal.hokuryu.info\/tr\/operations_policy\/\" target=\"_blank\">https:\/\/portal.hokuryu.info\/operations_policy<\/a>\n                    <\/div>\n                    <div class=\"bc-excerpt-box\">Sayfa bilgileri al\u0131namad\u0131.<\/div>\n                <\/div>\n                <div class=\"bc-thumbnail-box\">\n                    <a href=\"https:\/\/portal.hokuryu.info\/tr\/operations_policy\/\" target=\"_blank\">\n                        <div class=\"bc-img-zoom-wrap\">\n                            <img decoding=\"async\" src=\"https:\/\/portal.hokuryu.info\/wp\/wp-content\/uploads\/2026\/02\/20230802DSC06445_1.jpg\" alt=\"https:\/\/portal.hokuryu.info\/operations_policy\">\n                        <\/div>\n                    <\/a>\n                <\/div>\n            <\/div>\n        <\/div>\n\u3000<\/p>\n<div class=\"img-move\">\n<a href=\"https:\/\/portal.hokuryu.info\/tr\/62509\/\">\ud83d\udd8b\ufe0f \u0130\u00e7erik planlama, makale yaz\u0131m\u0131, foto\u011fraf se\u00e7imi ve video olu\u015fturma: Ikuko Terauchi<img decoding=\"async\" style=\"vertical-align: middle;\" src=\"https:\/\/ehokkaido.net\/wp-content\/uploads\/2021\/12\/2021-12-06-11.41.12.png\" \/> Foto\u011fraf\u00e7\u0131l\u0131k, d\u00fczenleme ve web sitesi y\u00f6netimi: Noboru Terauchi<\/a>\n<\/div>\n<p>\u25c7<\/p>\n<div class=\"story-banner\">\n<p class=\"story-banner-title\">Hokuryu Kasabas\u0131&#039;n\u0131n ruhuna dokunan be\u015f \u00f6yk\u00fc<\/p>\n<div class=\"story-banner-grid\"><a href=\"https:\/\/portal.hokuryu.info\/tr\/64463\/\"><img decoding=\"async\" class=\"story-banner-img\" src=\"https:\/\/portal.hokuryu.info\/wp\/wp-content\/uploads\/2026\/04\/20260413-20220804LUBU6108.jpg\" alt=\"Ay\u00e7i\u00e7e\u011fi Festivali Hikayesi\"><span class=\"story-banner-sub\">Ay\u00e7i\u00e7ekleri ve Tarih<\/span><span class=\"story-banner-name\">Ay\u00e7i\u00e7e\u011fi Festivali Hikayesi<\/span><\/a><a href=\"https:\/\/portal.hokuryu.info\/tr\/70781\/\"><img decoding=\"async\" class=\"story-banner-img\" src=\"https:\/\/portal.hokuryu.info\/wp\/wp-content\/uploads\/2026\/04\/20260413-2ee454639d49581b086f096a4cad8a35.jpg\" alt=\"Tar\u0131m, G\u0131da ve Ya\u015fam\"><span class=\"story-banner-sub\">Tar\u0131m, G\u0131da ve Ya\u015fam<\/span><span class=\"story-banner-name\">Ay\u00e7i\u00e7ekli Pilav Hikayesi<\/span><\/a><a href=\"https:\/\/portal.hokuryu.info\/tr\/65955\/\"><img decoding=\"async\" class=\"story-banner-img\" src=\"https:\/\/portal.hokuryu.info\/wp\/wp-content\/uploads\/2026\/04\/20260413-ac3c8e2e56926a378ae45ee5011703e2.jpg\" alt=\"Tar\u0131m - Kurosenkoku\"><span class=\"story-banner-sub\">Tar\u0131m - Kurosenkoku<\/span><span class=\"story-banner-name\">Kurosenkoku Soya Fasulyesinin Hikayesi<\/span><\/a><a href=\"https:\/\/portal.hokuryu.info\/tr\/64650\/\"><img decoding=\"async\" class=\"story-banner-img\" src=\"https:\/\/portal.hokuryu.info\/wp\/wp-content\/uploads\/2026\/04\/20250925-Gemini_Generated_Image_xnrnb2xnrnb2xnrn.jpg\" alt=\"Tar\u0131m - Karpuz\"><span class=\"story-banner-sub\">Tar\u0131m - Karpuz<\/span><span class=\"story-banner-name\">Ay\u00e7i\u00e7e\u011fi ve Karpuz Yeti\u015ftiricili\u011finin Hikayesi<\/span><\/a><a href=\"https:\/\/portal.hokuryu.info\/tr\/70779\/\"><img decoding=\"async\" class=\"story-banner-img\" src=\"https:\/\/portal.hokuryu.info\/wp\/wp-content\/uploads\/2026\/04\/20260413-20180913_DSC8149.jpg\" alt=\"Tar\u0131m - Kavunlar\"><span class=\"story-banner-sub\">Tar\u0131m - Kavunlar<\/span><span class=\"story-banner-name\">Ay\u00e7i\u00e7e\u011fi Kavunu Yeti\u015ftiricili\u011finin Hikayesi<\/span><\/a><\/div>\n<\/div>","protected":false},"excerpt":{"rendered":"<p>\u6700\u7d42\u6539\u8a02\uff1a2026\u5e744\u6708\u3000\u203b\u300c\u53d6\u6750\u30fb\u767b\u5834\u8005\u306b\u95a2\u3059\u308b\u65b9\u91dd\u300d\u3092\u8ffd\u52a0\u3057\u307e\u3057\u305f\uff08\u5236\u5b9a\uff1a2020\u5e741\u6708\uff09 \u5317\u7adc\u753a\u30dd\u30fc\u30bf\u30eb\uff08https:\/\/portal.hokuryu.info\/\uff09\u306f\u3001\u5317\u6d77\u9053\u96e8\u7adc\u90e1\u5317\u7adc\u753a\u3092\u62e0\u70b9\u306b [&hellip;]<\/p>\n","protected":false},"author":1,"featured_media":72402,"parent":0,"menu_order":0,"comment_status":"closed","ping_status":"open","template":"","meta":{"footnotes":""},"class_list":["post-3","page","type-page","status-publish","has-post-thumbnail","hentry"],"_links":{"self":[{"href":"https:\/\/portal.hokuryu.info\/tr\/wp-json\/wp\/v2\/pages\/3","targetHints":{"allow":["GET"]}}],"collection":[{"href":"https:\/\/portal.hokuryu.info\/tr\/wp-json\/wp\/v2\/pages"}],"about":[{"href":"https:\/\/portal.hokuryu.info\/tr\/wp-json\/wp\/v2\/types\/page"}],"author":[{"embeddable":true,"href":"https:\/\/portal.hokuryu.info\/tr\/wp-json\/wp\/v2\/users\/1"}],"replies":[{"embeddable":true,"href":"https:\/\/portal.hokuryu.info\/tr\/wp-json\/wp\/v2\/comments?post=3"}],"version-history":[{"count":10,"href":"https:\/\/portal.hokuryu.info\/tr\/wp-json\/wp\/v2\/pages\/3\/revisions"}],"predecessor-version":[{"id":74155,"href":"https:\/\/portal.hokuryu.info\/tr\/wp-json\/wp\/v2\/pages\/3\/revisions\/74155"}],"wp:featuredmedia":[{"embeddable":true,"href":"https:\/\/portal.hokuryu.info\/tr\/wp-json\/wp\/v2\/media\/72402"}],"wp:attachment":[{"href":"https:\/\/portal.hokuryu.info\/tr\/wp-json\/wp\/v2\/media?parent=3"}],"curies":[{"name":"wp","href":"https:\/\/api.w.org\/{rel}","templated":true}]}}