{"id":9272,"date":"2021-05-21T14:00:57","date_gmt":"2021-05-21T05:00:57","guid":{"rendered":"https:\/\/portal.hokuryu.info\/?page_id=9272"},"modified":"2026-04-15T10:04:27","modified_gmt":"2026-04-15T01:04:27","slug":"sunflower_directions","status":"publish","type":"page","link":"https:\/\/portal.hokuryu.info\/pt\/sunflower_directions\/","title":{"rendered":"Acesso \u00e0 cidade de Hokuryu Himawari no Sato (Carro, JR, \u00d4nibus Expresso)"},"content":{"rendered":"<div class=\"story-banner\">\n<p class=\"story-banner-title\">Cinco hist\u00f3rias que tocam a alma da cidade de Hokuryu<\/p>\n<div class=\"story-banner-grid\"><a href=\"https:\/\/portal.hokuryu.info\/pt\/64463\/\"><img decoding=\"async\" class=\"story-banner-img\" src=\"https:\/\/portal.hokuryu.info\/wp\/wp-content\/uploads\/2026\/04\/20260413-20220804LUBU6108.jpg\" alt=\"A Hist\u00f3ria do Festival do Girassol\"><span class=\"story-banner-sub\">Girass\u00f3is e Hist\u00f3ria<\/span><span class=\"story-banner-name\">A Hist\u00f3ria do Festival do Girassol<\/span><\/a><a href=\"https:\/\/portal.hokuryu.info\/pt\/70781\/\"><img decoding=\"async\" class=\"story-banner-img\" src=\"https:\/\/portal.hokuryu.info\/wp\/wp-content\/uploads\/2026\/04\/20260413-2ee454639d49581b086f096a4cad8a35.jpg\" alt=\"Agricultura, alimenta\u00e7\u00e3o e vida\"><span class=\"story-banner-sub\">Agricultura, alimenta\u00e7\u00e3o e vida<\/span><span class=\"story-banner-name\">A Hist\u00f3ria do Arroz de Girassol<\/span><\/a><a href=\"https:\/\/portal.hokuryu.info\/pt\/65955\/\"><img decoding=\"async\" class=\"story-banner-img\" src=\"https:\/\/portal.hokuryu.info\/wp\/wp-content\/uploads\/2026\/04\/20260413-ac3c8e2e56926a378ae45ee5011703e2.jpg\" alt=\"Agricultura - Kurosenkoku\"><span class=\"story-banner-sub\">Agricultura - Kurosenkoku<\/span><span class=\"story-banner-name\">A Lenda da Soja Negra do Per\u00edodo Sengoku<\/span><\/a><a href=\"https:\/\/portal.hokuryu.info\/pt\/64650\/\"><img decoding=\"async\" class=\"story-banner-img\" src=\"https:\/\/portal.hokuryu.info\/wp\/wp-content\/uploads\/2026\/04\/20250925-Gemini_Generated_Image_xnrnb2xnrnb2xnrn.jpg\" alt=\"Agricultura - Melancia\"><span class=\"story-banner-sub\">Agricultura - Melancia<\/span><span class=\"story-banner-name\">A Hist\u00f3ria do Cultivo de Girass\u00f3is e Melancias<\/span><\/a><a href=\"https:\/\/portal.hokuryu.info\/pt\/70779\/\"><img decoding=\"async\" class=\"story-banner-img\" src=\"https:\/\/portal.hokuryu.info\/wp\/wp-content\/uploads\/2026\/04\/20260413-20180913_DSC8149.jpg\" alt=\"Agricultura - Mel\u00f5es\"><span class=\"story-banner-sub\">Agricultura - Mel\u00f5es<\/span><span class=\"story-banner-name\">A Hist\u00f3ria do Cultivo do Mel\u00e3o Girassol<\/span><\/a><\/div>\n<p><\/p>\n<div style=\"margin:24px 0 8px; border-left:4px solid #EF9F27; padding:10px 16px; background:#7aab6e; color:#ffffff; font-size:14px; font-weight:700; font-family:sans-serif; line-height:1.4;\">Vila dos Girass\u00f3is da Cidade de Hokuryu<\/div>\n<div class=\"img-move\">\n<div style=\"text-align: center\"><a class=\"ep-btn bgc-Lyellow ftc-VDgray brc-Vorange es-borderSolidS es-round es-shadow es-TpaddingS es-BpaddingS es-bold es-BTiconBorder icon-earth\" href=\"https:\/\/portal.hokuryu.info\/pt\/sunflower\/\"><span style=\"font-size: 10pt;\">Vila dos Girass\u00f3is<\/span><\/a>\u3000<a class=\"ep-btn bgc-Lyellow ftc-VDgray brc-Vorange es-borderSolidS es-round es-shadow es-TpaddingS es-BpaddingS es-bold es-BTiconBorder icon-spinner3\" href=\"https:\/\/portal.hokuryu.info\/pt\/sunflower_bloom\/\"><span style=\"font-size: 10pt;\">Estado de flora\u00e7\u00e3o<\/span><\/a>\u3000<a class=\"ep-btn bgc-Lyellow ftc-VDgray brc-Vorange es-borderSolidS es-round es-shadow es-TpaddingS es-BpaddingS es-bold es-BTiconBorder icon-spinner4\" href=\"https:\/\/portal.hokuryu.info\/pt\/sunflower_festival\/\"><span style=\"font-size: 10pt;\">evento<\/span><\/a>\u3000<a class=\"ep-btn bgc-Lyellow ftc-VDgray brc-Vorange es-borderSolidS es-round es-shadow es-TpaddingS es-BpaddingS es-bold es-BTiconBorder icon-spoon-knife\" href=\"https:\/\/portal.hokuryu.info\/pt\/sunflower_lunch\/\"><span style=\"font-size: 10pt;\">almo\u00e7o<\/span><\/a>\u3000<a class=\"ep-btn bgc-Lyellow ftc-VDgray brc-Vorange es-borderSolidS es-round es-shadow es-TpaddingS es-BpaddingS es-bold es-BTiconBorder icon-images\" href=\"https:\/\/portal.hokuryu.info\/pt\/sunflower_photos\/\"><span style=\"font-size: 10pt;\">imagem<\/span><\/a><\/div>\n<h2>Acesso\/Carro<\/h2>\n<p>\u30fbCentro Tur\u00edstico de Himawari:<br \/>\n143-2 Itaya, Hokuryu-cho, Uryu-gun, Hokkaido Tel: 0164-34-2082<\/p>\n<h3>Mapa<\/h3>\n<h4>Esta\u00e7\u00e3o Sapporo - Himawari no Sato<\/h4>\n<div style=\"text-align: center;\"><iframe src=\"https:\/\/www.google.com\/maps\/embed?pb=!1m28!1m12!1m3!1d742084.9719362865!2d141.12762467798586!3d43.402748595752904!2m3!1f0!2f0!3f0!3m2!1i1024!2i768!4f13.1!4m13!3e0!4m5!1s0x5f0b2974d2c3f903%3A0xa5e2b18cdd4a47a5!2z5pyt5bmM6aeF44CB44CSMDYwLTA4MDYg5YyX5rW36YGT5pyt5bmM5biC5YyX5Yy65YyX77yW5p2h6KW_77yU5LiB55uu!3m2!1d43.0686606!2d141.3507553!4m5!1s0x5f0c8ebf210b4f43%3A0x75854b29c114c5ff!2z5YyX5rW36YGT5YyX56uc55S65p2_6LC377yR77yU77yT4oiS77ySIOOBsuOBvuOCj-OCiuims-WFieOCu-ODs-OCv-ODvA!3m2!1d43.7407985!2d141.8726724!5e0!3m2!1sja!2sjp!4v1621254823970!5m2!1sja!2sjp\" width=\"600\" height=\"450\" style=\"border:0;\" allowfullscreen=\"\" loading=\"lazy\"><\/iframe><br \/>\n<a href=\"https:\/\/goo.gl\/maps\/mTh48K4GQg1AGqeC9\" target=\"_blank\" rel=\"noopener\">[Esta\u00e7\u00e3o Sapporo - Himawari no Sato] Google Maps Ver em um mapa maior<\/a><\/div>\n<h4>Aeroporto de Asahikawa para Himawari no Sato<\/h4>\n<div style=\"text-align: center;\"><iframe src=\"https:\/\/www.google.com\/maps\/embed?pb=!1m28!1m12!1m3!1d737858.2773893764!2d141.6072188522056!3d43.74672028208025!2m3!1f0!2f0!3f0!3m2!1i1024!2i768!4f13.1!4m13!3e0!4m5!1s0x5f0cc326770c8515%3A0xcd854004eb7c1a3d!2z5YyX5rW36YGT5p2x56We5qW955S65p2x77yS57eaIOaXreW3neepuua4rw!3m2!1d43.6704225!2d142.454608!4m5!1s0x5f0c8ebf210b4f43%3A0x75854b29c114c5ff!2z5YyX5rW36YGT5YyX56uc55S65p2_6LC377yR77yU77yT4oiS77ySIOOBsuOBvuOCj-OCiuims-WFieOCu-ODs-OCv-ODvA!3m2!1d43.7407985!2d141.8726724!5e0!3m2!1sja!2sjp!4v1621807022034!5m2!1sja!2sjp\" width=\"600\" height=\"450\" style=\"border:0;\" allowfullscreen=\"\" loading=\"lazy\"><\/iframe><br \/>\n<a href=\"https:\/\/goo.gl\/maps\/rcbHZHsKhGpuk9DbA\" target=\"_blank\" rel=\"noopener\">[Aeroporto de Asahikawa - Himawari no Sato] Google Maps Ver em um mapa maior<\/a><\/div>\n<h3>dist\u00e2ncia<\/h3>\n<div class=\"column column-2\">\n<div class=\"column__item\">\n<ul>\n<li>Aproximadamente a 160 km do Aeroporto de New Chitose<\/li>\n<li>Aproximadamente a 120 km da esta\u00e7\u00e3o de Sapporo.<\/li>\n<li>Aproximadamente a 70 km do Aeroporto de Asahikawa<\/li>\n<li>Aproximadamente a 50 km da Esta\u00e7\u00e3o Asahikawa<\/li>\n<\/ul>\n<\/div>\n<div class=\"column__item\">\n<ul>\n<li>Aproximadamente a 40 km da esta\u00e7\u00e3o de Rumoi.<\/li>\n<li>Aproximadamente a 80 km da Esta\u00e7\u00e3o Furano<\/li>\n<\/ul>\n<\/div>\n<\/div>\n<h3>Estacionamento e banheiros<\/h3>\n<ul>\n<li>livre<\/li>\n<li>Dispon\u00edvel 24 horas<\/li>\n<li>Banheiros dispon\u00edveis no estacionamento (banheiros acess\u00edveis para pessoas com defici\u00eancia dispon\u00edveis)<\/li>\n<li>500 carros comuns, autocaravanas permitidas, 15 autocarros grandes<\/li>\n<\/ul>\n<h3>Refer\u00eancia para inserir seu destino no sistema de navega\u00e7\u00e3o do seu carro.<\/h3>\n<h4>Exemplo de entrada<\/h4>\n<ul>\n<li>Para informa\u00e7\u00f5es sobre as instala\u00e7\u00f5es: Centro Tur\u00edstico Himawari<\/li>\n<li>Endere\u00e7o: 143-2 Itaya, Hokuryu-cho, Uryu-gun, Hokkaido<\/li>\n<li>Instala\u00e7\u00f5es pr\u00f3ximas: Escola Secund\u00e1ria Municipal de Hokuryu<\/li>\n<\/ul>\n<h2>Pesquisa de acesso\/transporte p\u00fablico (JR\/\u00f4nibus)<\/h2>\n<h3>Pesquisando rotas de transporte p\u00fablico usando o Google Maps<\/h3>\n<p>Recomendamos usar o Google Maps para especificar a data e a hora da sua viagem e verificar o trajeto. Ao pesquisar, ser\u00e1 exibida a melhor rota utilizando os \u00f4nibus da JR ou da Chuo Bus.<\/p>\n<div style=\"text-align: center;\"><iframe src=\"https:\/\/www.google.com\/maps\/embed?pb=!1m28!1m12!1m3!1d742224.0333076994!2d141.0816786544958!3d43.3913946327463!2m3!1f0!2f0!3f0!3m2!1i1024!2i768!4f13.1!4m13!3e3!4m5!1s0x5f0b2974d2c3f903%3A0xa5e2b18cdd4a47a5!2z44CSMDYwLTA4MDYg5YyX5rW36YGT5pyt5bmM5biC5YyX5Yy65YyX77yW5p2h6KW_77yU5LiB55uuIOacreW5jOmnhQ!3m2!1d43.0686606!2d141.3507553!4m5!1s0x5f0c8ebf210b4f43%3A0x75854b29c114c5ff!2z5YyX5rW36YGT5YyX56uc55S65p2_6LC377yR77yU77yT4oiS77ySIOOBsuOBvuOCj-OCiuims-WFieOCu-ODs-OCv-ODvA!3m2!1d43.7407985!2d141.8726724!5e0!3m2!1sja!2sjp!4v1621254913812!5m2!1sja!2sjp\" width=\"600\" height=\"450\" style=\"border:0;\" allowfullscreen=\"\" loading=\"lazy\"><\/iframe><br \/>\n<a href=\"https:\/\/goo.gl\/maps\/PFC6QXqZCME8pDr28\" target=\"_blank\" rel=\"noopener\">Google Maps Ver mapa maior<\/a><\/div>\n<h3>Acesso: JR<\/h3>\n<h4>Tempo e custo necess\u00e1rios<\/h4>\n<p>\u30fbOs tempos de viagem e os pre\u00e7os (tarifa + tarifa expressa [assentos n\u00e3o reservados]) s\u00e3o referentes a junho de 2025.<\/p>\n<p>*Para detalhes como hor\u00e1rio, consulte &quot;<a href=\"https:\/\/goo.gl\/maps\/PFC6QXqZCME8pDr28\" target=\"_blank\" rel=\"noopener\">Pesquisa no Google Maps<\/a>\u300d\u3001\u300c<a href=\"https:\/\/jrhokkaidonorikae.com\/pc\/\" target=\"_blank\" rel=\"nofollow noopener\">Consulta de hor\u00e1rios e tarifas da JR Hokkaido<\/a>Por favor, use &quot;, etc.<\/p>\n<table class=\"aligncenter\" border=\"2\" cellspacing=\"5\" cellpadding=\"5\">\n<tbody>\n<tr>\n<td style=\"text-align: center; background-color: #aeafac;\"><span style=\"color: #ffffff;\"><strong>se\u00e7\u00e3o<\/strong><\/span><\/td>\n<td style=\"text-align: center; background-color: #aeafac;\"><span style=\"color: #ffffff;\"><strong>Nome do trem<\/strong><\/span><\/td>\n<td style=\"text-align: center; background-color: #aeafac;\"><span style=\"color: #ffffff;\"><strong>Tempo de viagem<\/strong><\/span><\/td>\n<td style=\"text-align: center; background-color: #aeafac;\"><span style=\"color: #ffffff;\"><strong>Quantia<\/strong><\/span><\/td>\n<\/tr>\n<tr>\n<td>Esta\u00e7\u00e3o Sapporo - Esta\u00e7\u00e3o Takikawa<\/td>\n<td>Trem expresso limitado (assentos n\u00e3o reservados)<\/td>\n<td style=\"text-align: right;\">Aproximadamente 50 minutos<\/td>\n<td style=\"text-align: right;\">3.170 ienes<\/td>\n<\/tr>\n<tr>\n<td>Igual ao anterior<\/td>\n<td>trem local<\/td>\n<td style=\"text-align: right;\">1,5 a 2 horas<\/td>\n<td style=\"text-align: right;\">2.020 ienes<\/td>\n<\/tr>\n<tr>\n<td>Esta\u00e7\u00e3o Sapporo - Esta\u00e7\u00e3o Takikawa - Esta\u00e7\u00e3o Imoseushi (depois pegue um t\u00e1xi)<\/td>\n<td>Trem expresso limitado (assentos n\u00e3o reservados)<\/td>\n<td style=\"text-align: right;\">Aproximadamente 1 hora e 10 minutos<\/td>\n<td style=\"text-align: right;\">3.390 ienes<\/td>\n<\/tr>\n<tr>\n<td>Esta\u00e7\u00e3o Sapporo - Esta\u00e7\u00e3o Fukagawa<\/td>\n<td>Trem expresso limitado (assentos n\u00e3o reservados)<\/td>\n<td style=\"text-align: right;\">Aproximadamente 1 hora<\/td>\n<td style=\"text-align: right;\">4.360 ienes<\/td>\n<\/tr>\n<tr>\n<td>Igual ao anterior<\/td>\n<td>trem local<\/td>\n<td style=\"text-align: right;\">Aproximadamente 2 horas<\/td>\n<td style=\"text-align: right;\">2.530 ienes<\/td>\n<\/tr>\n<tr>\n<td>Novo Aeroporto de Chitose - Esta\u00e7\u00e3o Takikawa<\/td>\n<td>Trem expresso limitado (assento n\u00e3o reservado) (transfer\u00eancia na Esta\u00e7\u00e3o Sapporo [trem r\u00e1pido da Esta\u00e7\u00e3o do Aeroporto])<\/td>\n<td style=\"text-align: right;\">Aproximadamente 1 hora e 50 minutos<\/td>\n<td style=\"text-align: right;\">3.700 ienes<\/td>\n<\/tr>\n<tr>\n<td>Novo Aeroporto de Chitose - Esta\u00e7\u00e3o Fukagawa<\/td>\n<td>Trem expresso limitado (assento n\u00e3o reservado) (transfer\u00eancia na Esta\u00e7\u00e3o Sapporo [trem r\u00e1pido da Esta\u00e7\u00e3o do Aeroporto])<\/td>\n<td style=\"text-align: right;\">Aproximadamente 2 horas<\/td>\n<td style=\"text-align: right;\">5.370 ienes<\/td>\n<\/tr>\n<tr>\n<td>Esta\u00e7\u00e3o Asahikawa - Esta\u00e7\u00e3o Fukagawa<\/td>\n<td>trem local<\/td>\n<td style=\"text-align: right;\">Aproximadamente 20 minutos<\/td>\n<td style=\"text-align: right;\">800 ienes<\/td>\n<\/tr>\n<\/tbody>\n<\/table>\n<h3>Acesso: JR + T\u00e1xi<\/h3>\n<ul>\n<li>Esta\u00e7\u00e3o Sapporo - Trem Expresso Limitado JR - Esta\u00e7\u00e3o Takikawa - Trem Local JR - Esta\u00e7\u00e3o Imoseushi - T\u00e1xi Japon\u00eas - Himawari no Sato<\/li>\n<li>Wa Hire (Empresa de t\u00e1xi na cidade de Hokuryu): Tel: 0164-34-2659<br \/>\n(Recep\u00e7\u00e3o: Segunda a s\u00e1bado, das 8h30 \u00e0s 18h30)<\/li>\n<li>Dist\u00e2ncia e tarifa: Esta\u00e7\u00e3o Imoseushi at\u00e9 Himawari no Sato: Aproximadamente 11 km (aproximadamente 4.000 ienes)<\/li>\n<li>Taxa de coleta: Gratuita<\/li>\n<\/ul>\n<h3>Acesso, \u00f4nibus expresso, Rumoi-go<\/h3>\n<h4>Ponto de \u00f4nibus perto de Himawari no Sato<\/h4>\n<p>Este \u00f4nibus para aqui somente durante o Festival do Girassol.<\/p>\n<ul>\n<li>ponto de \u00f4nibus:<strong>&quot;Escola Secund\u00e1ria Hokuryu&quot;<\/strong>Bem em frente a voc\u00ea (Vila dos Girass\u00f3is)<\/li>\n<li>Como chegar: [Da Esta\u00e7\u00e3o Sapporo] Terminal Sapporo Ekimae<strong>Rodovia Rumoi (via Takikawa e Uryu)<\/strong><\/li>\n<p>*N\u00e3o \u00e9 necess\u00e1rio fazer reserva<br \/>\n*O \u00f4nibus far\u00e1 paradas apenas na Escola Secund\u00e1ria Hokuryu durante o per\u00edodo do evento (de 20 de julho a 18 de agosto).<br \/>\n\u203bVoc\u00ea pode ver o mapa da plataforma (Plataforma 5)<br \/>\n<a href=\"https:\/\/transfer.navitime.biz\/chuo-bus\/pc\/diagram\/BusAboardMap?stCode=00300912\" rel=\"noopener\" target=\"_blank\">https:\/\/transfer.navitime.biz\/chuo-bus\/pc\/diagram\/BusAboardMap?stCode=00300912<\/a><\/p>\n<p>O site de turismo operado pela Hokkaido Chuo Bus \u00e9 muito \u00fatil.<br \/>\n\n        <div class=\"site-blogcard-premium\">\n            <div class=\"bc-label-custom\">Artigos relacionados<\/div>\n            <div class=\"bc-flex-container\">\n                <div class=\"bc-main-text\">\n                    <div class=\"bc-title-link-box\">\n                        <a href=\"https:\/\/kankou.chuo-bus.co.jp\/bus\/hokuryu-himawari\" target=\"_blank\">Festival de Girass\u00f3is da Cidade de Hokuryu 2024 | Aproveite mesmo sem carro! Como chegar ao local?<\/a>\n                    <\/div>\n                    <div class=\"bc-excerpt-box\"><\/div>\n                <\/div>\n                <div class=\"bc-thumbnail-box\">\n                    <a href=\"https:\/\/kankou.chuo-bus.co.jp\/bus\/hokuryu-himawari\" target=\"_blank\">\n                        <div class=\"bc-img-zoom-wrap\">\n                            <img decoding=\"async\" src=\"https:\/\/kankou.chuo-bus.co.jp\/wp-content\/uploads\/2023\/09\/00_\u3072\u307e\u308f\u308a\u307e\u3064\u308a\u30a2\u30a4\u30ad\u30e3\u30c3\u30c1-768x432.jpg\" alt=\"Festival de Girass\u00f3is da Cidade de Hokuryu 2024 | Aproveite mesmo sem carro! Como chegar ao local?\">\n                        <\/div>\n                    <\/a>\n                <\/div>\n            <\/div>\n        <\/div>\n\u3000<\/p>\n<ul>\n<li>Os hor\u00e1rios e tarifas de \u00f4nibus s\u00e3o baseados na programa\u00e7\u00e3o de ver\u00e3o de 2024 (revisada em 1\u00ba de abril de 2024).<\/li>\n<\/ul>\n<p>*Para detalhes como hor\u00e1rio, consulte &quot;<a href=\"https:\/\/goo.gl\/maps\/PFC6QXqZCME8pDr28\" target=\"_blank\" rel=\"noopener\">Pesquisa no Google Maps<\/a>\u300d\u3001\u300c<a href=\"https:\/\/www.chuo-bus.co.jp\/highway\/index.cgi?ope=det&amp;n=13&amp;o=1&amp;t=64\" target=\"_blank\" rel=\"nofollow noopener\">Hor\u00e1rio do \u00f4nibus expresso Rumoi<\/a>Por favor, use &quot;, etc.<\/p>\n<h4>Terminal Sapporo \u2192 Himawari no Sato Hokuryu Junior High School<\/h4>\n<p><strong>&lt;Tempo e custo de viagem&gt;<\/strong><\/p>\n<ul>\n<li>Esta\u00e7\u00e3o Sapporo \u2192 Escola Secund\u00e1ria Himawari no Sato Hokuryu: Aproximadamente 2 horas, 2.070 ienes<\/li>\n<\/ul>\n<p><strong>&lt; Hor\u00e1rio do Trem Expresso Rumoi &gt;<\/strong><\/p>\n<table class=\"aligncenter\" border=\"2\" cellspacing=\"5\" cellpadding=\"5\">\n<tbody>\n<tr>\n<td style=\"text-align: center; background-color: #aeafac;\"><span style=\"color: #ffffff;\"><strong>Terminal da Esta\u00e7\u00e3o de Sapporo (Partidas)<\/strong><\/span><\/td>\n<td style=\"text-align: center; background-color: #aeafac;\"><span style=\"color: #ffffff;\"><strong>Esta\u00e7\u00e3o Takikawa (Partida)<\/strong><\/span><\/td>\n<td style=\"text-align: center; background-color: #aeafac;\"><span style=\"color: #ffffff;\"><strong>Himawari no Sato Hokuryu Junior High School (chegada)<\/strong><\/span><\/td>\n<\/tr>\n<tr>\n<td style=\"text-align: right;\">07:20<\/td>\n<td style=\"text-align: right;\">09:06<\/td>\n<td style=\"background-color: #fcfcd2; text-align: right;\">09:35<\/td>\n<\/tr>\n<\/tbody>\n<\/table>\n<h4>Escola secund\u00e1ria Himawari no Sato Hokuryu \u2192 Terminal da esta\u00e7\u00e3o Sapporo<\/h4>\n<p><strong>&lt; Hor\u00e1rio do Trem Expresso Rumoi &gt;<\/strong><\/p>\n<table class=\"aligncenter\" border=\"2\" cellspacing=\"5\" cellpadding=\"5\">\n<tbody>\n<tr>\n<td style=\"text-align: center; background-color: #aeafac;\"><span style=\"color: #ffffff;\"><strong>Escola secund\u00e1ria Himawari no Sato Hokuryu (partida)<\/strong><\/span><\/td>\n<td style=\"text-align: center; background-color: #aeafac;\"><span style=\"color: #ffffff;\"><strong>Esta\u00e7\u00e3o Takikawa (Partida)<\/strong><\/span><\/td>\n<td style=\"text-align: center; background-color: #aeafac;\"><span style=\"color: #ffffff;\"><strong>Terminal da Esta\u00e7\u00e3o de Sapporo (Chegada)<\/strong><\/span><\/td>\n<\/tr>\n<tr>\n<td style=\"background-color: #fcfcd2; text-align: right;\">13:06<\/td>\n<td style=\"text-align: right;\">13:43<\/td>\n<td style=\"text-align: right;\">15:22<\/td>\n<\/tr>\n<tr>\n<td style=\"background-color: #f8f4e6; text-align: right;\">15:26<\/td>\n<td style=\"text-align: right;\">16:03<\/td>\n<td style=\"text-align: right;\">17:42<\/td>\n<\/tr>\n<\/tbody>\n<\/table>\n<h2>P\u00e1gina de refer\u00eancia<\/h2>\n<div class=\"sitecard\">\n<div class=\"sitecard__subtitle\">\u00d4nibus Hokkaido Chuo &gt; Tarifas, rotas e hor\u00e1rios<\/div>\n<div class=\"column column-273\">\n<div class=\"column__item\"><span style=\"font-size: medium;\">P\u00e1gina sobre tarifas, rotas e hor\u00e1rios do \u00f4nibus Hokkaido Chuo<br \/>\n<span style=\"color: #ff9900;\">\u25b6<\/span> <a href=\"https:\/\/www.chuo-bus.co.jp\/highway\/index.cgi?ope=det&amp;n=13&amp;o=1&amp;t=64\" target=\"_blank\" rel=\"noopener\"><strong>Clique aqui para mais detalhes &gt;&gt;<\/strong><\/span><\/div>\n<div class=\"column__item\"><img decoding=\"async\" class=\"aligncenter size-thumbnail wp-image-9787\" src=\"https:\/\/portal.hokuryu.info\/wp\/wp-content\/uploads\/2021\/05\/2021-05-17-20.15.01-300x300.png\" alt=\"P\u00e1gina sobre tarifas, rotas e hor\u00e1rios do \u00f4nibus Hokkaido Chuo\" height=\"100\" width=\"100\"\/><\/a><\/div>\n<\/div>\n<\/div>\n<div class=\"sitecard\">\n<div class=\"sitecard__subtitle\">\u00d4nibus Hokkaido Chuo - Informa\u00e7\u00f5es<\/div>\n<div class=\"column column-273\">\n<div class=\"column__item\"><span style=\"font-size: medium;\">\u30fbInforma\u00e7\u00f5es: Escrit\u00f3rio de Vendas da Takikawa Tel: 0125-24-6191<br \/>\n<span style=\"color: #ff9900;\">\u25b6<\/span> <a href=\"http:\/\/www.chuo-bus.co.jp\/company\/information\/\" target=\"_blank\" rel=\"noopener\"><strong>Clique aqui para mais detalhes &gt;&gt;<\/strong><\/span><\/div>\n<div class=\"column__item\"><img decoding=\"async\" class=\"aligncenter size-thumbnail wp-image-9780\" src=\"https:\/\/portal.hokuryu.info\/wp\/wp-content\/uploads\/2021\/05\/2021-05-17-20.04.48-300x300.jpg\" alt=\"Informa\u00e7\u00f5es sobre o \u00f4nibus Chuo\" height=\"100\" width=\"100\"\/><\/a><\/div>\n<\/div>\n<\/div>\n<h2>Alojamento nas proximidades<\/h2>\n<div class=\"sitecard\">\n<div class=\"sitecard__subtitle\">[Fonte termal] Parque dos Girass\u00f3is Hokuryu Onsen<\/div>\n<div class=\"column column-273\">\n<div class=\"column__item\"><span style=\"font-size: medium;\">\u30fbAproximadamente a 1 km de Himawari no Sato<br \/>\n\u30fb163-2 Itaya, Hokuryu-cho, Uryu-gun, Hokkaido<br \/>\nTelefone: 0164-34-3321<br \/>\n\u3000<span style=\"color: #ff9900;\">\u25b6<\/span> <a href=\"https:\/\/sunflower-park.com\/\" target=\"_blank\" rel=\"noopener\"><strong>Clique aqui para acessar a p\u00e1gina inicial &gt;&gt;<\/strong><\/span><\/div>\n<div class=\"column__item\"><img decoding=\"async\" src=\"https:\/\/lh4.googleusercontent.com\/-W4MAnTvpcWA\/TgcXynlAuhI\/AAAAAAAADbg\/YaxfueBeAF4\/w1323-h882-no\/P1050353.JPG\" alt=\"[Fonte termal] Parque dos Girass\u00f3is Hokuryu Onsen\" \/><\/a><\/div>\n<\/div>\n<\/div>\n<div class=\"sitecard\">\n<div class=\"sitecard__subtitle\">[Fonte Termal] Chip Yu e Yu<\/div>\n<div class=\"column column-273\">\n<div class=\"column__item\"><span style=\"font-size: medium;\">\u30fbAproximadamente 10 minutos de carro de Himawari no Sato<br \/>\n\u30fb2085 Chipubetsucho, Uryu-gun, Hokkaido Tel: 0164-33-2116<br \/>\n<span style=\"color: #ff9900;\">\u25b6<\/span> <a href=\"http:\/\/chipsk.jp\/yuuyu\/\" target=\"_blank\" rel=\"noopener\"><strong>Clique aqui para acessar a p\u00e1gina inicial &gt;&gt;<\/strong><\/span><\/div>\n<div class=\"column__item\"><img decoding=\"async\" src=\"https:\/\/portal.hokuryu.info\/wp\/wp-content\/uploads\/2021\/05\/img_hotwater01.jpg\" alt=\"[Fonte Termal] Chip Yu e Yu\" \/><\/a><\/div>\n<\/div>\n<\/div>\n<div class=\"sitecard\">\n<div class=\"sitecard__subtitle\">[Fontes termais] Horoshin Onsen Hotarukan<\/div>\n<div class=\"column column-273\">\n<div class=\"column__item\"><span style=\"font-size: medium;\">\u30fbAproximadamente 20 minutos de carro de Himawari no Sato<br \/>\n\u30fbHoroshin 377, Numata-cho, Uryu-gun, Hokkaido Tel: 0164-35-1188<br \/>\n<span style=\"color: #ff9900;\">\u25b6<\/span> <a href=\"http:\/\/www.horosin-onsen.com\/\" target=\"_blank\" rel=\"noopener\"><strong>Clique aqui para acessar a p\u00e1gina inicial &gt;&gt;<\/strong><\/span><\/div>\n<div class=\"column__item\"><img decoding=\"async\" src=\"https:\/\/portal.hokuryu.info\/wp\/wp-content\/uploads\/2021\/05\/rotenburo1.jpg\" alt=\"[Fontes termais] Horoshin Onsen Hotarukan\" \/><\/a><\/div>\n<\/div>\n<\/div>\n<div class=\"sitecard\">\n<div class=\"sitecard__subtitle\">[Minshuku] Hinode Drive-in<\/div>\n<div class=\"column column-273\">\n<div class=\"column__item\"><span style=\"font-size: medium;\">\u30fbAproximadamente 5 minutos de carro de Himawari no Sato<br \/>\n\u30fbHokkaido Uryu-gun Uryu-cho 6\u00aa cidade 2 Tel: 0125-77-2274<br \/>\n<span style=\"color: #ff9900;\">\u25b6<\/span> <a href=\"https:\/\/takikawa.mypl.net\/article\/chiikiokoshi-uryu_takikawa\/6490\" target=\"_blank\" rel=\"noopener\"><strong>Para mais detalhes, clique aqui (My Place Takikawa) &gt;&gt;<\/strong><\/span><\/div>\n<div class=\"column__item\"><img decoding=\"async\" src=\"https:\/\/portal.hokuryu.info\/wp\/wp-content\/uploads\/2023\/07\/2023-07-05-12.50.45.jpg\" alt=\"[Minshuku] Hinode Drive-in\" height=\"150\"\/><\/a><\/div>\n<\/div>\n<\/div>\n<\/div>\n<p>\u25c7<\/p>","protected":false},"excerpt":{"rendered":"<p>\u5317\u7adc\u753a\u306e\u9b42\u306b\u89e6\u308c\u308b5\u3064\u306e\u7269\u8a9e \u3072\u307e\u308f\u308a\u30fb\u6b74\u53f2\u3072\u307e\u308f\u308a\u307e\u3064\u308a\u7269\u8a9e\u8fb2\u696d\u30fb\u98df\u3068\u547d\u3072\u307e\u308f\u308a\u30e9\u30a4\u30b9\u7269\u8a9e\u8fb2\u696d\u30fb\u9ed2\u5343\u77f3\u5e7b\u306e\u9ed2\u5343\u77f3\u5927\u8c46\u7269\u8a9e\u8fb2\u696d\u30fb\u3059\u3044\u304b\u3072\u307e\u308f\u308a\u3059\u3044\u304b\u683d\u57f9\u7269\u8a9e\u8fb2\u696d\u30fb\u30e1\u30ed\u30f3\u3072\u307e\u308f\u308a\u30e1\u30ed\u30f3\u683d\u57f9\u7269\u8a9e \u5317\u7adc\u753a\u3072 [&hellip;]<\/p>\n","protected":false},"author":1,"featured_media":10150,"parent":0,"menu_order":0,"comment_status":"closed","ping_status":"closed","template":"","meta":{"footnotes":""},"class_list":["post-9272","page","type-page","status-publish","has-post-thumbnail","hentry"],"_links":{"self":[{"href":"https:\/\/portal.hokuryu.info\/pt\/wp-json\/wp\/v2\/pages\/9272","targetHints":{"allow":["GET"]}}],"collection":[{"href":"https:\/\/portal.hokuryu.info\/pt\/wp-json\/wp\/v2\/pages"}],"about":[{"href":"https:\/\/portal.hokuryu.info\/pt\/wp-json\/wp\/v2\/types\/page"}],"author":[{"embeddable":true,"href":"https:\/\/portal.hokuryu.info\/pt\/wp-json\/wp\/v2\/users\/1"}],"replies":[{"embeddable":true,"href":"https:\/\/portal.hokuryu.info\/pt\/wp-json\/wp\/v2\/comments?post=9272"}],"version-history":[{"count":3,"href":"https:\/\/portal.hokuryu.info\/pt\/wp-json\/wp\/v2\/pages\/9272\/revisions"}],"predecessor-version":[{"id":73498,"href":"https:\/\/portal.hokuryu.info\/pt\/wp-json\/wp\/v2\/pages\/9272\/revisions\/73498"}],"wp:featuredmedia":[{"embeddable":true,"href":"https:\/\/portal.hokuryu.info\/pt\/wp-json\/wp\/v2\/media\/10150"}],"wp:attachment":[{"href":"https:\/\/portal.hokuryu.info\/pt\/wp-json\/wp\/v2\/media?parent=9272"}],"curies":[{"name":"wp","href":"https:\/\/api.w.org\/{rel}","templated":true}]}}