{"id":74117,"date":"2026-04-28T11:39:25","date_gmt":"2026-04-28T02:39:25","guid":{"rendered":"https:\/\/portal.hokuryu.info\/?page_id=74117"},"modified":"2026-04-28T14:52:30","modified_gmt":"2026-04-28T05:52:30","slug":"about_operator_site","status":"publish","type":"page","link":"https:\/\/portal.hokuryu.info\/pt\/about_operator_site\/","title":{"rendered":"Sobre o operador e o site"},"content":{"rendered":"<p>Estabelecida em: abril de 2026<\/p>\n<h2>Sobre o Portal da Cidade de Hokuryu<\/h2>\n<p>\u5317\u7adc\u753a\u30dd\u30fc\u30bf\u30eb\u306f\u3001\u5317\u6d77\u9053\u96e8\u7adc\u90e1\u5317\u7adc\u753a\u3092\u62e0\u70b9\u306b\u3001\u5bfa\u5185\u6607\uff06\u90c1\u5b50\u304c2011\u5e74\u3088\u308a\u904b\u55b6\u3059\u308b\u5730\u57df\u60c5\u5831\u30b5\u30a4\u30c8\u3067\u3059\u3002\u4eba\u53e3\u7d041,600\u4eba\u306e\u5c0f\u3055\u306a\u753a\u304b\u3089\u3001\u4e16\u754c10\u304b\u56fd\u8a9e\u3067\u300c\u548c\u306e\u5fc3\u300d\u3092\u767a\u4fe1\u3057\u7d9a\u3051\u3066\u3044\u307e\u3059\u3002<\/p>\n<blockquote>\n<p>&quot;Na cidade de Hokuryu, uma profunda gratid\u00e3o pela natureza e um esp\u00edrito acolhedor de harmonia e compaix\u00e3o permeiam o povo. Esperamos que essa filosofia humilde, por\u00e9m preciosa, presente no cotidiano, alcance o mundo.&quot;<\/p>\n<p>- Noboru Terauchi e Ikuko<\/p>\n<\/blockquote>\n<h2>Filosofia do Site<\/h2>\n<ul>\n<li>Compartilhar com o mundo o &quot;esp\u00edrito de harmonia&quot; e o &quot;esp\u00edrito de compaix\u00e3o&quot; que os moradores da cidade de Hokuryu praticam inconscientemente.<\/li>\n<li>Nosso objetivo \u00e9 alcan\u00e7ar uma meta de 1.600 pessoas envolvidas na regi\u00e3o, disseminando informa\u00e7\u00f5es em 10 idiomas.<\/li>\n<li>Ao longo de 16 anos e mais de 20.000 artigos, preservou-se um registro realista da vida cotidiana na cidade.<\/li>\n<li>Apresentaremos publicamente nossa cocria\u00e7\u00e3o com IA n\u00e3o como uma &quot;ferramenta&quot;, mas como uma &quot;parceria&quot;.<\/li>\n<\/ul>\n<h2>Estrutura de gest\u00e3o<\/h2>\n<h3>Gerente de Opera\u00e7\u00f5es e Gest\u00e3o<\/h3>\n<p>Minist\u00e9rio de Assuntos Internos e Sistema de Comunica\u00e7\u00f5es - Equipe de Apoio \u00e0 Comunidade da Cidade de Hokuryu: Noboru Terauchi e Ikuko<\/p>\n<h3>respons\u00e1vel pelo departamento<\/h3>\n<ul>\n<li>11-1 Wa, Hokuryu-cho, Uryu-gun, Hokkaido 078-2512, Jap\u00e3o<\/li>\n<li>Prefeitura de Hokuryu, Divis\u00e3o de Estrat\u00e9gia para o Futuro da Cidade<\/li>\n<li>Telefone: 0164-34-2111 (Principal)<\/li>\n<li>Fax: 0164-34-2117<\/li>\n<\/ul>\n<h3>investiga\u00e7\u00e3o<\/h3>\n<p>E-mail: noboru\u25c7terasun.net (Substitua \u25c7 por @)<\/p>\n<h2>Perfil do operador<\/h2>\n<p>Por favor, leia o artigo a seguir para obter detalhes sobre como nos conhecemos, como nos mudamos para a cidade de Hokuryu e nossa jornada ao longo dos \u00faltimos 16 anos.<\/p>\n<ul>\n<li><a href=\"https:\/\/portal.hokuryu.info\/pt\/62509\/\">Duas pessoas formam uma. A hist\u00f3ria da cidade de Hokuryu, tecida pelo sol e pela lua.<\/a><\/li>\n<\/ul>\n<h2>Lista de meios de comunica\u00e7\u00e3o<\/h2>\n<p>O Portal da Cidade de Hokuryu, dispon\u00edvel em portal.hokuryu.info, utiliza cinco plataformas de m\u00eddia diferentes para promover os encantos da cidade de Hokuryu, cada uma explorando suas caracter\u00edsticas \u00fanicas. Ficaremos muito felizes se voc\u00ea nos seguir em sua plataforma preferida.<\/p>\n<p>\u2605 <strong>Portal da Cidade de Hokuryu (10 idiomas)<\/strong><br \/>\nO site oficial serve como ponto de partida para todas as informa\u00e7\u00f5es. Ele abrange de forma completa o &quot;presente&quot; da cidade de Hokuryu, incluindo artigos especiais, tesouros da cidade, informa\u00e7\u00f5es sobre organiza\u00e7\u00f5es locais e relat\u00f3rios operacionais, tudo dispon\u00edvel em 10 idiomas.<\/p>\n<ol>\n<li>\ud83c\uddef\ud83c\uddf5 Japon\u00eas<a href=\"https:\/\/portal.hokuryu.info\/pt\/\" target=\"_blank\" rel=\"noopener\">https:\/\/portal.hokuryu.info\/<\/a><\/li>\n<li>\ud83c\uddfa\ud83c\uddf8 Ingl\u00eas:<a href=\"https:\/\/portal.hokuryu.info\/en\/\" target=\"_blank\" rel=\"noopener\">https:\/\/portal.hokuryu.info\/en\/<\/a><\/li>\n<li>\ud83c\uddee\ud83c\udde9 Indon\u00e9sio:<a href=\"https:\/\/portal.hokuryu.info\/id\/\" target=\"_blank\" rel=\"noopener\">https:\/\/portal.hokuryu.info\/id\/<\/a><\/li>\n<li>\ud83c\uddfb\ud83c\uddf3 Ti\u1ebfng Vi\u1ec7t vietnamita:<a href=\"https:\/\/portal.hokuryu.info\/vi\/\" target=\"_blank\" rel=\"noopener\">https:\/\/portal.hokuryu.info\/vi\/<\/a><\/li>\n<li>\ud83c\uddf9\ud83c\uddf7 Turco (T\u00fcrk\u00e7e):<a href=\"https:\/\/portal.hokuryu.info\/tr\/\" target=\"_blank\" rel=\"noopener\">https:\/\/portal.hokuryu.info\/tr\/<\/a><\/li>\n<li>\ud83c\udde6\ud83c\uddff Azerbaijano (Az\u0259rbaycanca):<a href=\"https:\/\/portal.hokuryu.info\/az\/\" target=\"_blank\" rel=\"noopener\">https:\/\/portal.hokuryu.info\/az\/<\/a><\/li>\n<li>\ud83c\uddf9\ud83c\udded Tailand\u00eas\u30fb\u0e20\u0e32\u0e29\u0e32\u0e44\u0e17\u0e22:<a href=\"https:\/\/portal.hokuryu.info\/th\/\" target=\"_blank\" rel=\"noopener\">https:\/\/portal.hokuryu.info\/th\/<\/a><\/li>\n<li>\ud83c\uddee\ud83c\uddf3 Hindi (\u00cdndia) - \u0939\u093f\u0928\u094d\u0926\u0940 (Hindi):<a href=\"https:\/\/portal.hokuryu.info\/hi\/\" target=\"_blank\" rel=\"noopener\">https:\/\/portal.hokuryu.info\/hi\/<\/a><\/li>\n<li>\ud83c\udde7\ud83c\uddf7 Portugu\u00eas:<a href=\"https:\/\/portal.hokuryu.info\/pt\/\" target=\"_blank\" rel=\"noopener\">https:\/\/portal.hokuryu.info\/pt\/<\/a><\/li>\n<li>\ud83c\uddea\ud83c\uddf8 Espanhol:<a href=\"https:\/\/portal.hokuryu.info\/es\/\" target=\"_blank\" rel=\"noopener\">https:\/\/portal.hokuryu.info\/es\/<\/a><\/li>\n<\/ol>\n<p>\u2605 <strong>P\u00e1gina do Facebook (japon\u00eas\/ingl\u00eas)<\/strong><br \/>\nAl\u00e9m de fornecer \u2460 artigos especiais e \u2461 &quot;Tesouros da Cidade de Hokuryu&quot; em japon\u00eas e ingl\u00eas, tamb\u00e9m incorporamos publica\u00e7\u00f5es de redes sociais de diversas organiza\u00e7\u00f5es da cidade e fornecemos links para suas respectivas p\u00e1ginas. Funciona como um centro de informa\u00e7\u00f5es para a comunidade local.<br \/>\n<a href=\"https:\/\/www.facebook.com\/hokuryunow\" target=\"_blank\" rel=\"noopener\">https:\/\/www.facebook.com\/hokuryunow<\/a><\/p>\n<p>\u2605 <strong>Instagram (japon\u00eas e ingl\u00eas)<\/strong><br \/>\n&quot;Tesouros da Cidade de Hokuryu&quot; (Paisagens da Cidade de Hokuryu \/ Vivenciando as Esta\u00e7\u00f5es do Ano na Cidade de Hokuryu) \u00e9 apresentado com foco em texto japon\u00eas, ingl\u00eas e fotografias. \u00c9 uma vitrine que leva ao mundo os belos momentos da Cidade de Hokuryu.<br \/>\n<a href=\"https:\/\/www.instagram.com\/hokuryunow\/\" target=\"_blank\" rel=\"noopener\">https:\/\/www.instagram.com\/hokuryunow\/<\/a><\/p>\n<p>\u2605 <strong>YouTube (japon\u00eas)<\/strong><br \/>\nEstamos lan\u00e7ando conte\u00fado em v\u00eddeo integrado aos nossos artigos. Apresentaremos os eventos e as express\u00f5es dos habitantes da cidade de Hokuryu com um realismo que s\u00f3 o v\u00eddeo pode proporcionar.<br \/>\n<a href=\"https:\/\/www.youtube.com\/@hokuryu_portal\/videos\" target=\"_blank\" rel=\"noopener\">https:\/\/www.youtube.com\/@hokuryu_portal\/videos<\/a><\/p>\n<p>\u2605 <strong>X (anteriormente Twitter) (japon\u00eas\/ingl\u00eas)<\/strong><br \/>\nDe nossos artigos em destaque, selecionamos cuidadosamente hist\u00f3rias que desejamos compartilhar com o mundo, e as publicamos em ingl\u00eas e japon\u00eas. Nosso objetivo \u00e9 compartilhar o &quot;esp\u00edrito de harmonia&quot; da cidade de Hokuryu com o mundo.<br \/>\n<a href=\"https:\/\/x.com\/HokuryuPortal\" target=\"_blank\" rel=\"noopener\">https:\/\/x.com\/HokuryuPortal<\/a><\/p>\n<p>Contamos com o apoio de todos que se importam com o &quot;esp\u00edrito de harmonia&quot; e o &quot;esp\u00edrito de compaix\u00e3o&quot; da cidade de Hokuryu. Muito obrigado.<\/p>\n<h2>Hist\u00f3rico do site<\/h2>\n<ol>\n<li>O Portal da Cidade de Hokuryu foi criado em julho de 2011.<\/li>\n<li>O gerenciamento de acesso usando o Google Analytics 4 ser\u00e1 retomado em abril de 2024.<\/li>\n<li>Em junho de 2025, a TranslatePress come\u00e7ar\u00e1 a publicar em nove idiomas.<\/li>\n<li>At\u00e9 fevereiro de 2026, pretendemos expandir nosso sistema de comunica\u00e7\u00e3o para 10 idiomas.<\/li>\n<li>O site foi relan\u00e7ado em 2 de abril de 2026 (quinta-feira) (17\u00ba ano desde o seu lan\u00e7amento) e registrou 273.000 usu\u00e1rios e 769.000 visualiza\u00e7\u00f5es de p\u00e1gina em 2025.<\/li>\n<\/ol>\n\n        <div class=\"site-blogcard-premium\">\n            <div class=\"bc-label-custom\">Artigos relacionados<\/div>\n            <div class=\"bc-flex-container\">\n                <div class=\"bc-main-text\">\n                    <div class=\"bc-title-link-box\">\n                        <a href=\"https:\/\/portal.hokuryu.info\/pt\/72718\/\" target=\"_blank\">https:\/\/portal.hokuryu.info\/72718<\/a>\n                    <\/div>\n                    <div class=\"bc-excerpt-box\">N\u00e3o foi poss\u00edvel recuperar as informa\u00e7\u00f5es da p\u00e1gina.<\/div>\n                <\/div>\n                <div class=\"bc-thumbnail-box\">\n                    <a href=\"https:\/\/portal.hokuryu.info\/pt\/72718\/\" target=\"_blank\">\n                        <div class=\"bc-img-zoom-wrap\">\n                            <img decoding=\"async\" src=\"https:\/\/portal.hokuryu.info\/wp\/wp-content\/uploads\/2026\/02\/20230802DSC06445_1.jpg\" alt=\"https:\/\/portal.hokuryu.info\/72718\">\n                        <\/div>\n                    <\/a>\n                <\/div>\n            <\/div>\n        <\/div>\n<h2>P\u00e1ginas relacionadas<\/h2>\n\n        <div class=\"site-blogcard-premium\">\n            <div class=\"bc-label-custom\">Artigos relacionados<\/div>\n            <div class=\"bc-flex-container\">\n                <div class=\"bc-main-text\">\n                    <div class=\"bc-title-link-box\">\n                        <a href=\"https:\/\/portal.hokuryu.info\/pt\/62509\/\" target=\"_blank\">https:\/\/portal.hokuryu.info\/62509<\/a>\n                    <\/div>\n                    <div class=\"bc-excerpt-box\">N\u00e3o foi poss\u00edvel recuperar as informa\u00e7\u00f5es da p\u00e1gina.<\/div>\n                <\/div>\n                <div class=\"bc-thumbnail-box\">\n                    <a href=\"https:\/\/portal.hokuryu.info\/pt\/62509\/\" target=\"_blank\">\n                        <div class=\"bc-img-zoom-wrap\">\n                            <img decoding=\"async\" src=\"https:\/\/portal.hokuryu.info\/wp\/wp-content\/uploads\/2026\/02\/20230802DSC06445_1.jpg\" alt=\"https:\/\/portal.hokuryu.info\/62509\">\n                        <\/div>\n                    <\/a>\n                <\/div>\n            <\/div>\n        <\/div>\n\n        <div class=\"site-blogcard-premium\">\n            <div class=\"bc-label-custom\">Artigos relacionados<\/div>\n            <div class=\"bc-flex-container\">\n                <div class=\"bc-main-text\">\n                    <div class=\"bc-title-link-box\">\n                        <a href=\"https:\/\/portal.hokuryu.info\/pt\/category\/aboutus\/operations_report\/\" target=\"_blank\">Relat\u00f3rio de Opera\u00e7\u00e3o do Site (Categoria)<\/a>\n                    <\/div>\n                    <div class=\"bc-excerpt-box\">Este artigo cont\u00e9m relat\u00f3rios mensais, an\u00e1lises e atualiza\u00e7\u00f5es sobre o funcionamento do Portal da Cidade de Hokuryu. \u2022 Gerente de Opera\u00e7\u00f5es: Hokuryu...<\/div>\n                <\/div>\n                <div class=\"bc-thumbnail-box\">\n                    <a href=\"https:\/\/portal.hokuryu.info\/pt\/category\/aboutus\/operations_report\/\" target=\"_blank\">\n                        <div class=\"bc-img-zoom-wrap\">\n                            <img decoding=\"async\" src=\"https:\/\/portal.hokuryu.info\/wp\/wp-content\/uploads\/2026\/02\/20230802DSC06445_1.jpg\" alt=\"Relat\u00f3rio de Opera\u00e7\u00e3o do Site (Categoria)\">\n                        <\/div>\n                    <\/a>\n                <\/div>\n            <\/div>\n        <\/div>\n\n        <div class=\"site-blogcard-premium\">\n            <div class=\"bc-label-custom\">Artigos relacionados<\/div>\n            <div class=\"bc-flex-container\">\n                <div class=\"bc-main-text\">\n                    <div class=\"bc-title-link-box\">\n                        <a href=\"https:\/\/portal.hokuryu.info\/pt\/operations_policy\/\" target=\"_blank\">https:\/\/portal.hokuryu.info\/operations_policy<\/a>\n                    <\/div>\n                    <div class=\"bc-excerpt-box\">N\u00e3o foi poss\u00edvel recuperar as informa\u00e7\u00f5es da p\u00e1gina.<\/div>\n                <\/div>\n                <div class=\"bc-thumbnail-box\">\n                    <a href=\"https:\/\/portal.hokuryu.info\/pt\/operations_policy\/\" target=\"_blank\">\n                        <div class=\"bc-img-zoom-wrap\">\n                            <img decoding=\"async\" src=\"https:\/\/portal.hokuryu.info\/wp\/wp-content\/uploads\/2026\/02\/20230802DSC06445_1.jpg\" alt=\"https:\/\/portal.hokuryu.info\/operations_policy\">\n                        <\/div>\n                    <\/a>\n                <\/div>\n            <\/div>\n        <\/div>\n\n        <div class=\"site-blogcard-premium\">\n            <div class=\"bc-label-custom\">Artigos relacionados<\/div>\n            <div class=\"bc-flex-container\">\n                <div class=\"bc-main-text\">\n                    <div class=\"bc-title-link-box\">\n                        <a href=\"https:\/\/portal.hokuryu.info\/pt\/privacy-policy\/\" target=\"_blank\">https:\/\/portal.hokuryu.info\/privacy-policy<\/a>\n                    <\/div>\n                    <div class=\"bc-excerpt-box\">N\u00e3o foi poss\u00edvel recuperar as informa\u00e7\u00f5es da p\u00e1gina.<\/div>\n                <\/div>\n                <div class=\"bc-thumbnail-box\">\n                    <a href=\"https:\/\/portal.hokuryu.info\/pt\/privacy-policy\/\" target=\"_blank\">\n                        <div class=\"bc-img-zoom-wrap\">\n                            <img decoding=\"async\" src=\"https:\/\/portal.hokuryu.info\/wp\/wp-content\/uploads\/2026\/02\/20230802DSC06445_1.jpg\" alt=\"https:\/\/portal.hokuryu.info\/privacy-policy\">\n                        <\/div>\n                    <\/a>\n                <\/div>\n            <\/div>\n        <\/div>\n\u3000<br \/>\n\n        <div class=\"site-blogcard-premium\">\n            <div class=\"bc-label-custom\">Artigos relacionados<\/div>\n            <div class=\"bc-flex-container\">\n                <div class=\"bc-main-text\">\n                    <div class=\"bc-title-link-box\">\n                        <a href=\"https:\/\/portal.hokuryu.info\/pt\/index.html\/\" target=\"_blank\">Portal da cidade de Hokuryu (Hokkaido) - A vila de girass\u00f3is n\u00famero 1 do Jap\u00e3o<\/a>\n                    <\/div>\n                    <div class=\"bc-excerpt-box\">M\u00e9todos agr\u00edcolas inovadores na cidade de Hokuryu, Hokkaido, conhecida por seus girass\u00f3is. A cidade de Hokuryu declarou &quot;Produ\u00e7\u00e3o Segura de Alimentos para Proteger a Vida e a Sa\u00fade das Pessoas (1990)&quot;. Impressionante...<\/div>\n                <\/div>\n                <div class=\"bc-thumbnail-box\">\n                    <a href=\"https:\/\/portal.hokuryu.info\/pt\/index.html\/\" target=\"_blank\">\n                        <div class=\"bc-img-zoom-wrap\">\n                            <img decoding=\"async\" src=\"https:\/\/lh3.googleusercontent.com\/VObf1kbvMs8KaLsut_lSlm999SjzxXpjxIrJgqACNhevhaVBqwpLCxa6k-kthdngh-8UUjxZXlJIdz9JwAjgSxp610qW5BoTh47Ok00PtSa_MR1FFDF7MbdcqA4cmMfI0RHSFm-Dcbil3zherWjzGgbqoipFWPjYSwAyflDpQgkf8TtmbZTAKIx9Fpw-rK-uR3VbcqslfzwUiOoO_J7P_6wBVDIaQx3mux-uUaSAdMDDkfFwxIKfsr6730tlXOh62L9BdDfj9sfNZ0M5FULi8OUnFGZUbc2tpZC06s9UPebAHg65-VGmr07L6-ihI4LyGK6HkC3E40-w3qDheZp6OUCg78EDXs4b3iw-cK0w0wllCvvTIIZx9W1yfFJV-ho2rZ7ga2qFiGbDWIHxh187bcHf65g0i1HafivL9wgl4oFfzlFSclDP8x6fz5hg5poqVQ4qbtehukvBXpTP7fzF70Uanw0iVvp0P7qkhPEl8sgUpzh2kG-pt4A2Q5UcsBoliRd_Aku5G2nG1hXMHMtwgT7rRuIiL8u_pQf1qnz-xExLYEJgNWfEu-sH0TFBPHu3-HxkelZoPHOkuPtCc9D9O_VLW2x9Qz2NjhJDaRYJ8rkYMO5_WMi-iSsWpWpHtmwT0gqOkv5DCFy03fiVdBH067Oxz306a4PJqy9SV5dZiLJnd2KnABLya5emChnfyVpuwb6jTAfdhKMNz9H4V-yMHQAY5ctd4NRNhi3LhW_0TEwa9rY=w160-h150-no\" alt=\"Portal da cidade de Hokuryu (Hokkaido) - A vila de girass\u00f3is n\u00famero 1 do Jap\u00e3o\">\n                        <\/div>\n                    <\/a>\n                <\/div>\n            <\/div>\n        <\/div>\n<div class=\"img-move\">\n<a href=\"https:\/\/portal.hokuryu.info\/pt\/62509\/\">\ud83d\udd8b\ufe0f Planejamento de conte\u00fado, reda\u00e7\u00e3o de artigos, sele\u00e7\u00e3o de fotos e cria\u00e7\u00e3o de v\u00eddeos: Ikuko Terauchi<img decoding=\"async\" style=\"vertical-align: middle;\" src=\"https:\/\/ehokkaido.net\/wp-content\/uploads\/2021\/12\/2021-12-06-11.41.12.png\" \/> Fotografia, edi\u00e7\u00e3o e gest\u00e3o do site: Noboru Terauchi<\/a>\n<\/div>\n<p>\u25c7<\/p>\n<div class=\"story-banner\">\n<p class=\"story-banner-title\">Cinco hist\u00f3rias que tocam a alma da cidade de Hokuryu<\/p>\n<div class=\"story-banner-grid\"><a href=\"https:\/\/portal.hokuryu.info\/pt\/64463\/\"><img decoding=\"async\" class=\"story-banner-img\" src=\"https:\/\/portal.hokuryu.info\/wp\/wp-content\/uploads\/2026\/04\/20260413-20220804LUBU6108.jpg\" alt=\"A Hist\u00f3ria do Festival do Girassol\"><span class=\"story-banner-sub\">Girass\u00f3is e Hist\u00f3ria<\/span><span class=\"story-banner-name\">A Hist\u00f3ria do Festival do Girassol<\/span><\/a><a href=\"https:\/\/portal.hokuryu.info\/pt\/70781\/\"><img decoding=\"async\" class=\"story-banner-img\" src=\"https:\/\/portal.hokuryu.info\/wp\/wp-content\/uploads\/2026\/04\/20260413-2ee454639d49581b086f096a4cad8a35.jpg\" alt=\"Agricultura, alimenta\u00e7\u00e3o e vida\"><span class=\"story-banner-sub\">Agricultura, alimenta\u00e7\u00e3o e vida<\/span><span class=\"story-banner-name\">A Hist\u00f3ria do Arroz de Girassol<\/span><\/a><a href=\"https:\/\/portal.hokuryu.info\/pt\/65955\/\"><img decoding=\"async\" class=\"story-banner-img\" src=\"https:\/\/portal.hokuryu.info\/wp\/wp-content\/uploads\/2026\/04\/20260413-ac3c8e2e56926a378ae45ee5011703e2.jpg\" alt=\"Agricultura - Kurosenkoku\"><span class=\"story-banner-sub\">Agricultura - Kurosenkoku<\/span><span class=\"story-banner-name\">A Hist\u00f3ria da Soja Kurosenkoku<\/span><\/a><a href=\"https:\/\/portal.hokuryu.info\/pt\/64650\/\"><img decoding=\"async\" class=\"story-banner-img\" src=\"https:\/\/portal.hokuryu.info\/wp\/wp-content\/uploads\/2026\/04\/20250925-Gemini_Generated_Image_xnrnb2xnrnb2xnrn.jpg\" alt=\"Agricultura - Melancia\"><span class=\"story-banner-sub\">Agricultura - Melancia<\/span><span class=\"story-banner-name\">A Hist\u00f3ria do Cultivo de Girass\u00f3is e Melancias<\/span><\/a><a href=\"https:\/\/portal.hokuryu.info\/pt\/70779\/\"><img decoding=\"async\" class=\"story-banner-img\" src=\"https:\/\/portal.hokuryu.info\/wp\/wp-content\/uploads\/2026\/04\/20260413-20180913_DSC8149.jpg\" alt=\"Agricultura - Mel\u00f5es\"><span class=\"story-banner-sub\">Agricultura - Mel\u00f5es<\/span><span class=\"story-banner-name\">A Hist\u00f3ria do Cultivo do Mel\u00e3o Girassol<\/span><\/a><\/div>\n<\/div>","protected":false},"excerpt":{"rendered":"<p>\u5236\u5b9a\uff1a2026\u5e744\u6708 \u5317\u7adc\u753a\u30dd\u30fc\u30bf\u30eb\u306b\u3064\u3044\u3066 \u5317\u7adc\u753a\u30dd\u30fc\u30bf\u30eb\u306f\u3001\u5317\u6d77\u9053\u96e8\u7adc\u90e1\u5317\u7adc\u753a\u3092\u62e0\u70b9\u306b\u3001\u5bfa\u5185\u6607\uff06\u90c1\u5b50\u304c2011\u5e74\u3088\u308a\u904b\u55b6\u3059\u308b\u5730\u57df\u60c5\u5831\u30b5\u30a4\u30c8\u3067\u3059\u3002\u4eba\u53e3\u7d041,600\u4eba\u306e\u5c0f\u3055\u306a\u753a\u304b\u3089\u3001\u4e16\u754c10\u304b\u56fd\u8a9e\u3067\u300c [&hellip;]<\/p>\n","protected":false},"author":1,"featured_media":74116,"parent":0,"menu_order":0,"comment_status":"closed","ping_status":"closed","template":"","meta":{"footnotes":""},"class_list":["post-74117","page","type-page","status-publish","has-post-thumbnail","hentry"],"_links":{"self":[{"href":"https:\/\/portal.hokuryu.info\/pt\/wp-json\/wp\/v2\/pages\/74117","targetHints":{"allow":["GET"]}}],"collection":[{"href":"https:\/\/portal.hokuryu.info\/pt\/wp-json\/wp\/v2\/pages"}],"about":[{"href":"https:\/\/portal.hokuryu.info\/pt\/wp-json\/wp\/v2\/types\/page"}],"author":[{"embeddable":true,"href":"https:\/\/portal.hokuryu.info\/pt\/wp-json\/wp\/v2\/users\/1"}],"replies":[{"embeddable":true,"href":"https:\/\/portal.hokuryu.info\/pt\/wp-json\/wp\/v2\/comments?post=74117"}],"version-history":[{"count":10,"href":"https:\/\/portal.hokuryu.info\/pt\/wp-json\/wp\/v2\/pages\/74117\/revisions"}],"predecessor-version":[{"id":74152,"href":"https:\/\/portal.hokuryu.info\/pt\/wp-json\/wp\/v2\/pages\/74117\/revisions\/74152"}],"wp:featuredmedia":[{"embeddable":true,"href":"https:\/\/portal.hokuryu.info\/pt\/wp-json\/wp\/v2\/media\/74116"}],"wp:attachment":[{"href":"https:\/\/portal.hokuryu.info\/pt\/wp-json\/wp\/v2\/media?parent=74117"}],"curies":[{"name":"wp","href":"https:\/\/api.w.org\/{rel}","templated":true}]}}