{"id":2,"date":"2020-01-13T15:00:04","date_gmt":"2020-01-13T06:00:04","guid":{"rendered":"http:\/\/portal.hokuryu.info\/wp"},"modified":"2026-04-13T15:32:14","modified_gmt":"2026-04-13T06:32:14","slug":"404-not-found","status":"publish","type":"page","link":"https:\/\/portal.hokuryu.info\/pt\/404-not-found\/","title":{"rendered":"P\u00e1gina n\u00e3o encontrada."},"content":{"rendered":"<div style=\"text-align:center; padding:20px 0 24px;\">\n<p style=\"font-size:18px; font-weight:700; color:#2d3a6b; margin:0 0 8px;\">A p\u00e1gina que voc\u00ea est\u00e1 procurando n\u00e3o foi encontrada.<\/p>\n<p style=\"font-size:14px; color:#555; margin:0 0 24px;\">O URL pode ter mudado ou a p\u00e1gina pode ter sido movida. Por favor, tente pesquisar abaixo.<\/p>\n<p><a href=\"https:\/\/portal.hokuryu.info\/pt\/\" style=\"display:inline-block; background:#0f2a45; color:#ffffff; font-size:15px; font-weight:700; padding:12px 32px; text-decoration:none !important; border-top:4px solid #c8920a; border-left:none; position:relative; transition:opacity 0.2s ease;\" onmouseover=\"this.style.opacity='0.7'; this.style.top='2px'; this.style.left='2px';\" onmouseout=\"this.style.opacity='1'; this.style.top='0px'; this.style.left='0px';\">Voltar ao topo da p\u00e1gina<\/a><\/div>\n<div class=\"story-banner\">\n<p class=\"story-banner-title\">Vivencie o esp\u00edrito da cidade de Hokuryu atrav\u00e9s destas cinco hist\u00f3rias.<\/p>\n<\/div>\n<div class=\"story-banner-grid\">\n<a href=\"https:\/\/portal.hokuryu.info\/pt\/64463\/\"><img decoding=\"async\" class=\"story-banner-img\" src=\"https:\/\/portal.hokuryu.info\/wp\/wp-content\/uploads\/2026\/04\/20260413-20220804LUBU6108.jpg\" alt=\"\u3072\u307e\u308f\u308a\u307e\u3064\u308a\u7269\u8a9e\" data-no-translation=\"\"><span class=\"story-banner-sub\">Girass\u00f3is e Hist\u00f3ria<\/span><span class=\"story-banner-name\">A Hist\u00f3ria do Festival do Girassol<\/span><\/a><br \/>\n<a href=\"https:\/\/portal.hokuryu.info\/pt\/70781\/\"><img decoding=\"async\" class=\"story-banner-img\" src=\"https:\/\/portal.hokuryu.info\/wp\/wp-content\/uploads\/2026\/04\/20260413-2ee454639d49581b086f096a4cad8a35.jpg\" alt=\"\u8fb2\u696d\u30fb\u98df\u3068\u547d\" data-no-translation=\"\"><span class=\"story-banner-sub\">Agricultura, alimenta\u00e7\u00e3o e vida<\/span><span class=\"story-banner-name\">A Hist\u00f3ria do Arroz de Girassol<\/span><\/a><br \/>\n<a href=\"https:\/\/portal.hokuryu.info\/pt\/65955\/\"><img decoding=\"async\" class=\"story-banner-img\" src=\"https:\/\/portal.hokuryu.info\/wp\/wp-content\/uploads\/2026\/04\/20260413-ac3c8e2e56926a378ae45ee5011703e2.jpg\" alt=\"\u8fb2\u696d\u30fb\u9ed2\u5343\u77f3\" data-no-translation=\"\"><span class=\"story-banner-sub\">Agricultura - Kurosenkoku<\/span><span class=\"story-banner-name\">A Hist\u00f3ria da Soja Kurosenkoku<\/span><\/a><br \/>\n<a href=\"https:\/\/portal.hokuryu.info\/pt\/64650\/\"><img decoding=\"async\" class=\"story-banner-img\" src=\"https:\/\/portal.hokuryu.info\/wp\/wp-content\/uploads\/2026\/04\/20250925-Gemini_Generated_Image_xnrnb2xnrnb2xnrn.jpg\" alt=\"\u8fb2\u696d\u30fb\u3059\u3044\u304b\" data-no-translation=\"\"><span class=\"story-banner-sub\">Agricultura - Melancia<\/span><span class=\"story-banner-name\">A Hist\u00f3ria do Cultivo de Girass\u00f3is e Melancias<\/span><\/a><a href=\"https:\/\/portal.hokuryu.info\/pt\/70779\/\"><img decoding=\"async\" class=\"story-banner-img\" src=\"https:\/\/portal.hokuryu.info\/wp\/wp-content\/uploads\/2026\/04\/20260413-20180913_DSC8149.jpg\" alt=\"\u8fb2\u696d\u30fb\u30e1\u30ed\u30f3\" data-no-translation=\"\"><span class=\"story-banner-sub\">Agricultura - Mel\u00f5es<\/span><span class=\"story-banner-name\">A Hist\u00f3ria do Cultivo do Mel\u00e3o Girassol<\/span><\/a><\/div>\n<div style=\"margin:24px 0 8px; border-left:4px solid #EF9F27; padding:10px 16px; background:#7aab6e; color:#ffffff; font-size:14px; font-weight:700; font-family:sans-serif; line-height:1.4;\">Uma cole\u00e7\u00e3o de hist\u00f3rias sobre o cotidiano na cidade de Hokuryu, cada uma refletindo o esp\u00edrito do Jap\u00e3o.<\/div>\n<div class=\"story-banner-grid wa-grid\">\n<a href=\"https:\/\/portal.hokuryu.info\/pt\/category\/cover-story\/\"><span class=\"story-banner-sub\">Os cora\u00e7\u00f5es cotidianos dos moradores da cidade<\/span><span class=\"story-banner-name\">Artigos de destaque<\/span><\/a><br \/>\n<a href=\"https:\/\/portal.hokuryu.info\/pt\/category\/treasure\/scene\/\"><span class=\"story-banner-sub\">Paisagens urbanas memor\u00e1veis<\/span><span class=\"story-banner-name\">Paisagem da cidade de Hokuryu<\/span><\/a><br \/>\n<a href=\"https:\/\/portal.hokuryu.info\/pt\/category\/treasure\/seasons\/\"><span class=\"story-banner-sub\">Produtos agr\u00edcolas locais para desfrutar na cidade.<\/span><span class=\"story-banner-name\">Aproveite as esta\u00e7\u00f5es do ano<\/span><\/a><br \/>\n<a href=\"https:\/\/portal.hokuryu.info\/pt\/category\/treasure\/town-life\/\"><span class=\"story-banner-sub\">Os habitantes da cidade e seu cotidiano.<\/span><span class=\"story-banner-name\">Atividades da cidade<\/span><\/a><br \/>\n<a href=\"https:\/\/portal.hokuryu.info\/pt\/category\/related-to-hokuryu\/\"><span class=\"story-banner-sub\">Eventos e assuntos relacionados \u00e0 cidade<\/span><span class=\"story-banner-name\">Temas relacionados \u00e0 cidade<\/span><\/a>\n<\/div>","protected":false},"excerpt":{"rendered":"<p>\u304a\u63a2\u3057\u306e\u30da\u30fc\u30b8\u304c\u898b\u3064\u304b\u308a\u307e\u305b\u3093 URL\u304c\u5909\u66f4\u3055\u308c\u305f\u304b\u3001\u30da\u30fc\u30b8\u304c\u79fb\u52d5\u3057\u305f\u53ef\u80fd\u6027\u304c\u3042\u308a\u307e\u3059\u3002\u4ee5\u4e0b\u304b\u3089\u304a\u63a2\u3057\u304f\u3060\u3055\u3044\u3002 \u30c8\u30c3\u30d7\u30da\u30fc\u30b8\u3078\u623b\u308b \u3053\u306e5\u3064\u306e\u7269\u8a9e\u304b\u3089\u3001\u5317\u7adc\u753a\u306e\u9b42\u306b\u89e6\u308c\u3066\u304f\u3060\u3055\u3044\u3002 \u3072\u307e\u308f\u308a\u30fb\u6b74\u53f2\u3072 [&hellip;]<\/p>\n","protected":false},"author":1,"featured_media":73215,"parent":0,"menu_order":0,"comment_status":"closed","ping_status":"open","template":"","meta":{"footnotes":""},"class_list":["post-2","page","type-page","status-publish","has-post-thumbnail","hentry"],"_links":{"self":[{"href":"https:\/\/portal.hokuryu.info\/pt\/wp-json\/wp\/v2\/pages\/2","targetHints":{"allow":["GET"]}}],"collection":[{"href":"https:\/\/portal.hokuryu.info\/pt\/wp-json\/wp\/v2\/pages"}],"about":[{"href":"https:\/\/portal.hokuryu.info\/pt\/wp-json\/wp\/v2\/types\/page"}],"author":[{"embeddable":true,"href":"https:\/\/portal.hokuryu.info\/pt\/wp-json\/wp\/v2\/users\/1"}],"replies":[{"embeddable":true,"href":"https:\/\/portal.hokuryu.info\/pt\/wp-json\/wp\/v2\/comments?post=2"}],"version-history":[{"count":27,"href":"https:\/\/portal.hokuryu.info\/pt\/wp-json\/wp\/v2\/pages\/2\/revisions"}],"predecessor-version":[{"id":73338,"href":"https:\/\/portal.hokuryu.info\/pt\/wp-json\/wp\/v2\/pages\/2\/revisions\/73338"}],"wp:featuredmedia":[{"embeddable":true,"href":"https:\/\/portal.hokuryu.info\/pt\/wp-json\/wp\/v2\/media\/73215"}],"wp:attachment":[{"href":"https:\/\/portal.hokuryu.info\/pt\/wp-json\/wp\/v2\/media?parent=2"}],"curies":[{"name":"wp","href":"https:\/\/api.w.org\/{rel}","templated":true}]}}