{"id":9272,"date":"2021-05-21T14:00:57","date_gmt":"2021-05-21T05:00:57","guid":{"rendered":"https:\/\/portal.hokuryu.info\/?page_id=9272"},"modified":"2026-04-15T10:04:27","modified_gmt":"2026-04-15T01:04:27","slug":"sunflower_directions","status":"publish","type":"page","link":"https:\/\/portal.hokuryu.info\/es\/sunflower_directions\/","title":{"rendered":"Acceso a Himawari no Sato, ciudad de Hokuryu (autom\u00f3vil, JR, autob\u00fas expr\u00e9s)"},"content":{"rendered":"<div class=\"story-banner\">\n<p class=\"story-banner-title\">Cinco historias que tocan el alma de la ciudad de Hokuryu.<\/p>\n<div class=\"story-banner-grid\"><a href=\"https:\/\/portal.hokuryu.info\/es\/64463\/\"><img decoding=\"async\" class=\"story-banner-img\" src=\"https:\/\/portal.hokuryu.info\/wp\/wp-content\/uploads\/2026\/04\/20260413-20220804LUBU6108.jpg\" alt=\"La historia del Festival del Girasol\"><span class=\"story-banner-sub\">Girasoles e historia<\/span><span class=\"story-banner-name\">La historia del Festival del Girasol<\/span><\/a><a href=\"https:\/\/portal.hokuryu.info\/es\/70781\/\"><img decoding=\"async\" class=\"story-banner-img\" src=\"https:\/\/portal.hokuryu.info\/wp\/wp-content\/uploads\/2026\/04\/20260413-2ee454639d49581b086f096a4cad8a35.jpg\" alt=\"Agricultura, alimentaci\u00f3n y vida\"><span class=\"story-banner-sub\">Agricultura, alimentaci\u00f3n y vida<\/span><span class=\"story-banner-name\">La historia del arroz de girasol<\/span><\/a><a href=\"https:\/\/portal.hokuryu.info\/es\/65955\/\"><img decoding=\"async\" class=\"story-banner-img\" src=\"https:\/\/portal.hokuryu.info\/wp\/wp-content\/uploads\/2026\/04\/20260413-ac3c8e2e56926a378ae45ee5011703e2.jpg\" alt=\"Agricultura - Kurosenkoku\"><span class=\"story-banner-sub\">Agricultura - Kurosenkoku<\/span><span class=\"story-banner-name\">La leyenda de la soja negra del Sengoku<\/span><\/a><a href=\"https:\/\/portal.hokuryu.info\/es\/64650\/\"><img decoding=\"async\" class=\"story-banner-img\" src=\"https:\/\/portal.hokuryu.info\/wp\/wp-content\/uploads\/2026\/04\/20250925-Gemini_Generated_Image_xnrnb2xnrnb2xnrn.jpg\" alt=\"Agricultura - Sand\u00eda\"><span class=\"story-banner-sub\">Agricultura - Sand\u00eda<\/span><span class=\"story-banner-name\">La historia del cultivo de girasoles y sand\u00edas<\/span><\/a><a href=\"https:\/\/portal.hokuryu.info\/es\/70779\/\"><img decoding=\"async\" class=\"story-banner-img\" src=\"https:\/\/portal.hokuryu.info\/wp\/wp-content\/uploads\/2026\/04\/20260413-20180913_DSC8149.jpg\" alt=\"Agricultura - Melones\"><span class=\"story-banner-sub\">Agricultura - Melones<\/span><span class=\"story-banner-name\">La historia del cultivo del mel\u00f3n girasol<\/span><\/a><\/div>\n<p><\/p>\n<div style=\"margin:24px 0 8px; border-left:4px solid #EF9F27; padding:10px 16px; background:#7aab6e; color:#ffffff; font-size:14px; font-weight:700; font-family:sans-serif; line-height:1.4;\">Pueblo de girasoles de la ciudad de Hokuryu<\/div>\n<div class=\"img-move\">\n<div style=\"text-align: center\"><a class=\"ep-btn bgc-Lyellow ftc-VDgray brc-Vorange es-borderSolidS es-round es-shadow es-TpaddingS es-BpaddingS es-bold es-BTiconBorder icon-earth\" href=\"https:\/\/portal.hokuryu.info\/es\/sunflower\/\"><span style=\"font-size: 10pt;\">Aldea del Girasol<\/span><\/a>\u3000<a class=\"ep-btn bgc-Lyellow ftc-VDgray brc-Vorange es-borderSolidS es-round es-shadow es-TpaddingS es-BpaddingS es-bold es-BTiconBorder icon-spinner3\" href=\"https:\/\/portal.hokuryu.info\/es\/sunflower_bloom\/\"><span style=\"font-size: 10pt;\">Estado de floraci\u00f3n<\/span><\/a>\u3000<a class=\"ep-btn bgc-Lyellow ftc-VDgray brc-Vorange es-borderSolidS es-round es-shadow es-TpaddingS es-BpaddingS es-bold es-BTiconBorder icon-spinner4\" href=\"https:\/\/portal.hokuryu.info\/es\/sunflower_festival\/\"><span style=\"font-size: 10pt;\">evento<\/span><\/a>\u3000<a class=\"ep-btn bgc-Lyellow ftc-VDgray brc-Vorange es-borderSolidS es-round es-shadow es-TpaddingS es-BpaddingS es-bold es-BTiconBorder icon-spoon-knife\" href=\"https:\/\/portal.hokuryu.info\/es\/sunflower_lunch\/\"><span style=\"font-size: 10pt;\">almuerzo<\/span><\/a>\u3000<a class=\"ep-btn bgc-Lyellow ftc-VDgray brc-Vorange es-borderSolidS es-round es-shadow es-TpaddingS es-BpaddingS es-bold es-BTiconBorder icon-images\" href=\"https:\/\/portal.hokuryu.info\/es\/sunflower_photos\/\"><span style=\"font-size: 10pt;\">imagen<\/span><\/a><\/div>\n<h2>Acceso\/Coche<\/h2>\n<p>\u30fbCentro tur\u00edstico de Himawari:<br \/>\n143-2 Itaya, Hokuryu-cho, Uryu-gun, Hokkaido Tel: 0164-34-2082<\/p>\n<h3>Mapa<\/h3>\n<h4>Estaci\u00f3n de Sapporo - Himawari no Sato<\/h4>\n<div style=\"text-align: center;\"><iframe src=\"https:\/\/www.google.com\/maps\/embed?pb=!1m28!1m12!1m3!1d742084.9719362865!2d141.12762467798586!3d43.402748595752904!2m3!1f0!2f0!3f0!3m2!1i1024!2i768!4f13.1!4m13!3e0!4m5!1s0x5f0b2974d2c3f903%3A0xa5e2b18cdd4a47a5!2z5pyt5bmM6aeF44CB44CSMDYwLTA4MDYg5YyX5rW36YGT5pyt5bmM5biC5YyX5Yy65YyX77yW5p2h6KW_77yU5LiB55uu!3m2!1d43.0686606!2d141.3507553!4m5!1s0x5f0c8ebf210b4f43%3A0x75854b29c114c5ff!2z5YyX5rW36YGT5YyX56uc55S65p2_6LC377yR77yU77yT4oiS77ySIOOBsuOBvuOCj-OCiuims-WFieOCu-ODs-OCv-ODvA!3m2!1d43.7407985!2d141.8726724!5e0!3m2!1sja!2sjp!4v1621254823970!5m2!1sja!2sjp\" width=\"600\" height=\"450\" style=\"border:0;\" allowfullscreen=\"\" loading=\"lazy\"><\/iframe><br \/>\n<a href=\"https:\/\/goo.gl\/maps\/mTh48K4GQg1AGqeC9\" target=\"_blank\" rel=\"noopener\">[Estaci\u00f3n de Sapporo - Himawari no Sato] Google Maps Ver en un mapa m\u00e1s grande<\/a><\/div>\n<h4>Aeropuerto Asahikawa a Himawari no Sato<\/h4>\n<div style=\"text-align: center;\"><iframe src=\"https:\/\/www.google.com\/maps\/embed?pb=!1m28!1m12!1m3!1d737858.2773893764!2d141.6072188522056!3d43.74672028208025!2m3!1f0!2f0!3f0!3m2!1i1024!2i768!4f13.1!4m13!3e0!4m5!1s0x5f0cc326770c8515%3A0xcd854004eb7c1a3d!2z5YyX5rW36YGT5p2x56We5qW955S65p2x77yS57eaIOaXreW3neepuua4rw!3m2!1d43.6704225!2d142.454608!4m5!1s0x5f0c8ebf210b4f43%3A0x75854b29c114c5ff!2z5YyX5rW36YGT5YyX56uc55S65p2_6LC377yR77yU77yT4oiS77ySIOOBsuOBvuOCj-OCiuims-WFieOCu-ODs-OCv-ODvA!3m2!1d43.7407985!2d141.8726724!5e0!3m2!1sja!2sjp!4v1621807022034!5m2!1sja!2sjp\" width=\"600\" height=\"450\" style=\"border:0;\" allowfullscreen=\"\" loading=\"lazy\"><\/iframe><br \/>\n<a href=\"https:\/\/goo.gl\/maps\/rcbHZHsKhGpuk9DbA\" target=\"_blank\" rel=\"noopener\">[Aeropuerto de Asahikawa - Himawari no Sato] Google Maps Ver en un mapa m\u00e1s grande<\/a><\/div>\n<h3>distancia<\/h3>\n<div class=\"column column-2\">\n<div class=\"column__item\">\n<ul>\n<li>Aproximadamente a 160 km del nuevo aeropuerto de Chitose<\/li>\n<li>Aproximadamente a 120 km de la estaci\u00f3n de Sapporo<\/li>\n<li>Aproximadamente a 70 km del aeropuerto de Asahikawa<\/li>\n<li>Aproximadamente a 50 km de la estaci\u00f3n de Asahikawa<\/li>\n<\/ul>\n<\/div>\n<div class=\"column__item\">\n<ul>\n<li>Aproximadamente a 40 km de la estaci\u00f3n de Rumoi<\/li>\n<li>Aproximadamente a 80 km de la estaci\u00f3n de Furano<\/li>\n<\/ul>\n<\/div>\n<\/div>\n<h3>Aparcamiento y ba\u00f1os<\/h3>\n<ul>\n<li>gratis<\/li>\n<li>Disponible las 24 horas<\/li>\n<li>Ba\u00f1os disponibles en el estacionamiento (ba\u00f1os accesibles para discapacitados disponibles)<\/li>\n<li>500 coches normales, se admiten autocaravanas y 15 autobuses grandes.<\/li>\n<\/ul>\n<h3>Referencia para introducir su destino en el sistema de navegaci\u00f3n de su coche<\/h3>\n<h4>Ejemplo de entrada<\/h4>\n<ul>\n<li>Para instalaciones: Centro tur\u00edstico de Himawari<\/li>\n<li>Direcci\u00f3n: 143-2 Itaya, Hokuryu-cho, Uryu-gun, Hokkaido<\/li>\n<li>Instalaciones cercanas: Escuela secundaria municipal de Hokuryu<\/li>\n<\/ul>\n<h2>B\u00fasqueda de acceso\/transporte p\u00fablico (JR\/autob\u00fas)<\/h2>\n<h3>B\u00fasqueda de rutas de transporte p\u00fablico mediante Google Maps<\/h3>\n<p>Recomendamos usar Google Maps para especificar la fecha y hora de su viaje y consultar la ruta. Al buscar, se mostrar\u00e1 la mejor ruta con JR o Chuo Bus.<\/p>\n<div style=\"text-align: center;\"><iframe src=\"https:\/\/www.google.com\/maps\/embed?pb=!1m28!1m12!1m3!1d742224.0333076994!2d141.0816786544958!3d43.3913946327463!2m3!1f0!2f0!3f0!3m2!1i1024!2i768!4f13.1!4m13!3e3!4m5!1s0x5f0b2974d2c3f903%3A0xa5e2b18cdd4a47a5!2z44CSMDYwLTA4MDYg5YyX5rW36YGT5pyt5bmM5biC5YyX5Yy65YyX77yW5p2h6KW_77yU5LiB55uuIOacreW5jOmnhQ!3m2!1d43.0686606!2d141.3507553!4m5!1s0x5f0c8ebf210b4f43%3A0x75854b29c114c5ff!2z5YyX5rW36YGT5YyX56uc55S65p2_6LC377yR77yU77yT4oiS77ySIOOBsuOBvuOCj-OCiuims-WFieOCu-ODs-OCv-ODvA!3m2!1d43.7407985!2d141.8726724!5e0!3m2!1sja!2sjp!4v1621254913812!5m2!1sja!2sjp\" width=\"600\" height=\"450\" style=\"border:0;\" allowfullscreen=\"\" loading=\"lazy\"><\/iframe><br \/>\n<a href=\"https:\/\/goo.gl\/maps\/PFC6QXqZCME8pDr28\" target=\"_blank\" rel=\"noopener\">Google Maps Ver mapa m\u00e1s grande<\/a><\/div>\n<h3>Acceso: JR<\/h3>\n<h4>Tiempo y costo requeridos<\/h4>\n<p>\u30fbLos tiempos de viaje y precios (tarifa + tarifa expr\u00e9s [asientos sin reserva]) son a junio de 2025.<\/p>\n<p>*Para obtener detalles como el tiempo, consulte &quot;<a href=\"https:\/\/goo.gl\/maps\/PFC6QXqZCME8pDr28\" target=\"_blank\" rel=\"noopener\">B\u00fasqueda de Google Maps<\/a>\u300d\u3001\u300c<a href=\"https:\/\/jrhokkaidonorikae.com\/pc\/\" target=\"_blank\" rel=\"nofollow noopener\">B\u00fasqueda de horarios y tarifas de JR Hokkaido<\/a>Por favor utilice &quot;, etc.<\/p>\n<table class=\"aligncenter\" border=\"2\" cellspacing=\"5\" cellpadding=\"5\">\n<tbody>\n<tr>\n<td style=\"text-align: center; background-color: #aeafac;\"><span style=\"color: #ffffff;\"><strong>secci\u00f3n<\/strong><\/span><\/td>\n<td style=\"text-align: center; background-color: #aeafac;\"><span style=\"color: #ffffff;\"><strong>Nombre del tren<\/strong><\/span><\/td>\n<td style=\"text-align: center; background-color: #aeafac;\"><span style=\"color: #ffffff;\"><strong>Tiempo de viaje<\/strong><\/span><\/td>\n<td style=\"text-align: center; background-color: #aeafac;\"><span style=\"color: #ffffff;\"><strong>Cantidad<\/strong><\/span><\/td>\n<\/tr>\n<tr>\n<td>Estaci\u00f3n de Sapporo - Estaci\u00f3n de Takikawa<\/td>\n<td>Tren expreso limitado (asientos sin reserva)<\/td>\n<td style=\"text-align: right;\">Aproximadamente 50 minutos<\/td>\n<td style=\"text-align: right;\">3.170 yenes<\/td>\n<\/tr>\n<tr>\n<td>Lo mismo que arriba<\/td>\n<td>tren local<\/td>\n<td style=\"text-align: right;\">1,5 a 2 horas<\/td>\n<td style=\"text-align: right;\">2.020 yenes<\/td>\n<\/tr>\n<tr>\n<td>Estaci\u00f3n de Sapporo - Estaci\u00f3n de Takikawa - Estaci\u00f3n de Imoseushi (luego tomar un taxi)<\/td>\n<td>Tren expreso limitado (asientos sin reserva)<\/td>\n<td style=\"text-align: right;\">Aproximadamente 1 hora y 10 minutos<\/td>\n<td style=\"text-align: right;\">3.390 yenes<\/td>\n<\/tr>\n<tr>\n<td>Estaci\u00f3n de Sapporo - Estaci\u00f3n de Fukagawa<\/td>\n<td>Tren expreso limitado (asientos sin reserva)<\/td>\n<td style=\"text-align: right;\">Aproximadamente 1 hora<\/td>\n<td style=\"text-align: right;\">4.360 yenes<\/td>\n<\/tr>\n<tr>\n<td>Lo mismo que arriba<\/td>\n<td>tren local<\/td>\n<td style=\"text-align: right;\">Aproximadamente 2 horas<\/td>\n<td style=\"text-align: right;\">2.530 yenes<\/td>\n<\/tr>\n<tr>\n<td>Nuevo aeropuerto de Chitose - Estaci\u00f3n Takikawa<\/td>\n<td>Tren expreso limitado (asiento sin reserva) (traslado en la estaci\u00f3n de Sapporo [tren r\u00e1pido desde la estaci\u00f3n del aeropuerto])<\/td>\n<td style=\"text-align: right;\">Aproximadamente 1 hora y 50 minutos<\/td>\n<td style=\"text-align: right;\">3.700 yenes<\/td>\n<\/tr>\n<tr>\n<td>Nuevo aeropuerto de Chitose - Estaci\u00f3n Fukagawa<\/td>\n<td>Tren expreso limitado (asiento sin reserva) (traslado en la estaci\u00f3n de Sapporo [tren r\u00e1pido desde la estaci\u00f3n del aeropuerto])<\/td>\n<td style=\"text-align: right;\">Aproximadamente 2 horas<\/td>\n<td style=\"text-align: right;\">5.370 yenes<\/td>\n<\/tr>\n<tr>\n<td>Estaci\u00f3n Asahikawa - Estaci\u00f3n Fukagawa<\/td>\n<td>tren local<\/td>\n<td style=\"text-align: right;\">Aproximadamente 20 minutos<\/td>\n<td style=\"text-align: right;\">800 yen<\/td>\n<\/tr>\n<\/tbody>\n<\/table>\n<h3>Acceso: JR + Taxi<\/h3>\n<ul>\n<li>Estaci\u00f3n de Sapporo - JR Limited Express - Estaci\u00f3n de Takikawa - JR Local - Estaci\u00f3n de Imoseushi - Auto de alquiler japon\u00e9s (taxi) - Himawari no Sato<\/li>\n<li>Wa Hire (Empresa de taxis de la ciudad de Hokuryu): Tel.: 0164-34-2659<br \/>\n(Recepci\u00f3n: Lunes a s\u00e1bado 8:30-18:30<\/li>\n<li>Distancia y tarifa: Estaci\u00f3n de Imoseushi a Himawari no Sato: aproximadamente 11 km (aproximadamente 4000 yenes)<\/li>\n<li>Tarifa de recogida: gratuita<\/li>\n<\/ul>\n<h3>Acceso, Autob\u00fas Expr\u00e9s, Rumoi-go<\/h3>\n<h4>Parada de autob\u00fas cerca de Himawari no Sato<\/h4>\n<p>Este autob\u00fas para aqu\u00ed s\u00f3lo durante el Festival del Girasol.<\/p>\n<ul>\n<li>parada de autob\u00fas:<strong>&quot;Escuela Secundaria Hokuryu&quot;<\/strong>Justo frente a ti (Sunflower Village)<\/li>\n<li>C\u00f3mo llegar: [Desde la estaci\u00f3n de Sapporo] Terminal Sapporo Ekimae<strong>Carretera Rumoi (v\u00eda Takikawa y Uryu)<\/strong><\/li>\n<p>*No se requiere reserva<br \/>\n*El autob\u00fas solo se detendr\u00e1 en la escuela secundaria Hokuryu durante el per\u00edodo del evento (del 20 de julio al 18 de agosto).<br \/>\n\u203bPuedes ver el mapa de la plataforma (Plataforma 5)<br \/>\n<a href=\"https:\/\/transfer.navitime.biz\/chuo-bus\/pc\/diagram\/BusAboardMap?stCode=00300912\" rel=\"noopener\" target=\"_blank\">https:\/\/transfer.navitime.biz\/chuo-bus\/pc\/diagram\/BusAboardMap?stCode=00300912<\/a><\/p>\n<p>El sitio web tur\u00edstico administrado por Hokkaido Chuo Bus es muy \u00fatil.<br \/>\n\n        <div class=\"site-blogcard-premium\">\n            <div class=\"bc-label-custom\">Art\u00edculos relacionados<\/div>\n            <div class=\"bc-flex-container\">\n                <div class=\"bc-main-text\">\n                    <div class=\"bc-title-link-box\">\n                        <a href=\"https:\/\/kankou.chuo-bus.co.jp\/bus\/hokuryu-himawari\" target=\"_blank\">Festival del Girasol de Hokuryu 2024 | \u00a1Disfr\u00fatalo incluso sin coche! \u00bfC\u00f3mo llegar?<\/a>\n                    <\/div>\n                    <div class=\"bc-excerpt-box\"><\/div>\n                <\/div>\n                <div class=\"bc-thumbnail-box\">\n                    <a href=\"https:\/\/kankou.chuo-bus.co.jp\/bus\/hokuryu-himawari\" target=\"_blank\">\n                        <div class=\"bc-img-zoom-wrap\">\n                            <img decoding=\"async\" src=\"https:\/\/kankou.chuo-bus.co.jp\/wp-content\/uploads\/2023\/09\/00_\u3072\u307e\u308f\u308a\u307e\u3064\u308a\u30a2\u30a4\u30ad\u30e3\u30c3\u30c1-768x432.jpg\" alt=\"Festival del Girasol de Hokuryu 2024 | \u00a1Disfr\u00fatalo incluso sin coche! \u00bfC\u00f3mo llegar?\">\n                        <\/div>\n                    <\/a>\n                <\/div>\n            <\/div>\n        <\/div>\n\u3000<\/p>\n<ul>\n<li>Los horarios y tarifas de autob\u00fas se basan en el calendario de verano de 2024 (revisado el 1 de abril de 2024)<\/li>\n<\/ul>\n<p>*Para obtener detalles como el tiempo, consulte &quot;<a href=\"https:\/\/goo.gl\/maps\/PFC6QXqZCME8pDr28\" target=\"_blank\" rel=\"noopener\">B\u00fasqueda de Google Maps<\/a>\u300d\u3001\u300c<a href=\"https:\/\/www.chuo-bus.co.jp\/highway\/index.cgi?ope=det&amp;n=13&amp;o=1&amp;t=64\" target=\"_blank\" rel=\"nofollow noopener\">Horario del autob\u00fas expr\u00e9s Rumoi<\/a>Por favor utilice &quot;, etc.<\/p>\n<h4>Terminal de Sapporo \u2192 Escuela secundaria Himawari no Sato Hokuryu<\/h4>\n<p><strong>&lt;Tiempo y costo de viaje&gt;<\/strong><\/p>\n<ul>\n<li>Terminal de la estaci\u00f3n de Sapporo \u2192 Escuela secundaria Himawari no Sato Hokuryu: aprox. 2 horas, 2070 yenes<\/li>\n<\/ul>\n<p><strong>&lt; Horario del tren Express Rumoi &gt;<\/strong><\/p>\n<table class=\"aligncenter\" border=\"2\" cellspacing=\"5\" cellpadding=\"5\">\n<tbody>\n<tr>\n<td style=\"text-align: center; background-color: #aeafac;\"><span style=\"color: #ffffff;\"><strong>Terminal de la estaci\u00f3n de Sapporo (Salida)<\/strong><\/span><\/td>\n<td style=\"text-align: center; background-color: #aeafac;\"><span style=\"color: #ffffff;\"><strong>Estaci\u00f3n de Takikawa (Salida)<\/strong><\/span><\/td>\n<td style=\"text-align: center; background-color: #aeafac;\"><span style=\"color: #ffffff;\"><strong>Escuela secundaria Himawari no Sato Hokuryu (llegada)<\/strong><\/span><\/td>\n<\/tr>\n<tr>\n<td style=\"text-align: right;\">07:20<\/td>\n<td style=\"text-align: right;\">09:06<\/td>\n<td style=\"background-color: #fcfcd2; text-align: right;\">09:35<\/td>\n<\/tr>\n<\/tbody>\n<\/table>\n<h4>Escuela secundaria Himawari no Sato Hokuryu \u2192 Terminal de la estaci\u00f3n de Sapporo<\/h4>\n<p><strong>&lt; Horario del tren Express Rumoi &gt;<\/strong><\/p>\n<table class=\"aligncenter\" border=\"2\" cellspacing=\"5\" cellpadding=\"5\">\n<tbody>\n<tr>\n<td style=\"text-align: center; background-color: #aeafac;\"><span style=\"color: #ffffff;\"><strong>Escuela secundaria Himawari no Sato Hokuryu (salida)<\/strong><\/span><\/td>\n<td style=\"text-align: center; background-color: #aeafac;\"><span style=\"color: #ffffff;\"><strong>Estaci\u00f3n de Takikawa (Salida)<\/strong><\/span><\/td>\n<td style=\"text-align: center; background-color: #aeafac;\"><span style=\"color: #ffffff;\"><strong>Terminal de la estaci\u00f3n de Sapporo (Llegada)<\/strong><\/span><\/td>\n<\/tr>\n<tr>\n<td style=\"background-color: #fcfcd2; text-align: right;\">13:06<\/td>\n<td style=\"text-align: right;\">13:43<\/td>\n<td style=\"text-align: right;\">15:22<\/td>\n<\/tr>\n<tr>\n<td style=\"background-color: #f8f4e6; text-align: right;\">15:26<\/td>\n<td style=\"text-align: right;\">16:03<\/td>\n<td style=\"text-align: right;\">17:42<\/td>\n<\/tr>\n<\/tbody>\n<\/table>\n<h2>P\u00e1gina de referencia<\/h2>\n<div class=\"sitecard\">\n<div class=\"sitecard__subtitle\">Autob\u00fas Hokkaido Chuo &gt; Tarifas, rutas y horarios<\/div>\n<div class=\"column column-273\">\n<div class=\"column__item\"><span style=\"font-size: medium;\">P\u00e1gina de tarifas, rutas y horarios de autobuses de Hokkaido Chuo<br \/>\n<span style=\"color: #ff9900;\">\u25b6<\/span> <a href=\"https:\/\/www.chuo-bus.co.jp\/highway\/index.cgi?ope=det&amp;n=13&amp;o=1&amp;t=64\" target=\"_blank\" rel=\"noopener\"><strong>Haga clic aqu\u00ed para m\u00e1s detalles &gt;&gt;<\/strong><\/span><\/div>\n<div class=\"column__item\"><img decoding=\"async\" class=\"aligncenter size-thumbnail wp-image-9787\" src=\"https:\/\/portal.hokuryu.info\/wp\/wp-content\/uploads\/2021\/05\/2021-05-17-20.15.01-300x300.png\" alt=\"P\u00e1gina de tarifas, rutas y horarios de autobuses de Hokkaido Chuo\" height=\"100\" width=\"100\"\/><\/a><\/div>\n<\/div>\n<\/div>\n<div class=\"sitecard\">\n<div class=\"sitecard__subtitle\">Hokkaido Chuo Bus - Consultas<\/div>\n<div class=\"column column-273\">\n<div class=\"column__item\"><span style=\"font-size: medium;\">\u30fbConsultas: Oficina de ventas de Takikawa Tel: 0125-24-6191<br \/>\n<span style=\"color: #ff9900;\">\u25b6<\/span> <a href=\"http:\/\/www.chuo-bus.co.jp\/company\/information\/\" target=\"_blank\" rel=\"noopener\"><strong>Haga clic aqu\u00ed para m\u00e1s detalles &gt;&gt;<\/strong><\/span><\/div>\n<div class=\"column__item\"><img decoding=\"async\" class=\"aligncenter size-thumbnail wp-image-9780\" src=\"https:\/\/portal.hokuryu.info\/wp\/wp-content\/uploads\/2021\/05\/2021-05-17-20.04.48-300x300.jpg\" alt=\"Consultas de Chuo Bus\" height=\"100\" width=\"100\"\/><\/a><\/div>\n<\/div>\n<\/div>\n<h2>Alojamiento cercano<\/h2>\n<div class=\"sitecard\">\n<div class=\"sitecard__subtitle\">[Aguas termales] Parque de girasoles Hokuryu Onsen<\/div>\n<div class=\"column column-273\">\n<div class=\"column__item\"><span style=\"font-size: medium;\">\u30fbAproximadamente a 1 km de Himawari no Sato<br \/>\n\u30fb163-2 Itaya, Hokuryu-cho, Uryu-gun, Hokkaido<br \/>\nTel\u00e9fono: 0164-34-3321<br \/>\n\u3000<span style=\"color: #ff9900;\">\u25b6<\/span> <a href=\"https:\/\/sunflower-park.com\/\" target=\"_blank\" rel=\"noopener\"><strong>Haga clic aqu\u00ed para ir a la p\u00e1gina de inicio &gt;&gt;<\/strong><\/span><\/div>\n<div class=\"column__item\"><img decoding=\"async\" src=\"https:\/\/lh4.googleusercontent.com\/-W4MAnTvpcWA\/TgcXynlAuhI\/AAAAAAAADbg\/YaxfueBeAF4\/w1323-h882-no\/P1050353.JPG\" alt=\"[Aguas termales] Parque de girasoles Hokuryu Onsen\" \/><\/a><\/div>\n<\/div>\n<\/div>\n<div class=\"sitecard\">\n<div class=\"sitecard__subtitle\">[Aguas termales] Chip Yu y Yu<\/div>\n<div class=\"column column-273\">\n<div class=\"column__item\"><span style=\"font-size: medium;\">\u30fbAproximadamente a 10 minutos en coche desde Himawari no Sato<br \/>\n\u30fb2085 Chipubetsucho, Uryu-gun, Hokkaido Tel: 0164-33-2116<br \/>\n<span style=\"color: #ff9900;\">\u25b6<\/span> <a href=\"http:\/\/chipsk.jp\/yuuyu\/\" target=\"_blank\" rel=\"noopener\"><strong>Haga clic aqu\u00ed para ir a la p\u00e1gina de inicio &gt;&gt;<\/strong><\/span><\/div>\n<div class=\"column__item\"><img decoding=\"async\" src=\"https:\/\/portal.hokuryu.info\/wp\/wp-content\/uploads\/2021\/05\/img_hotwater01.jpg\" alt=\"[Aguas termales] Chip Yu y Yu\" \/><\/a><\/div>\n<\/div>\n<\/div>\n<div class=\"sitecard\">\n<div class=\"sitecard__subtitle\">[Aguas termales] Horoshin Onsen Hotarukan<\/div>\n<div class=\"column column-273\">\n<div class=\"column__item\"><span style=\"font-size: medium;\">\u30fbAproximadamente 20 minutos en coche desde Himawari no Sato<br \/>\n\u30fbHoroshin 377, Numata-cho, Uryu-gun, Hokkaido Tel: 0164-35-1188<br \/>\n<span style=\"color: #ff9900;\">\u25b6<\/span> <a href=\"http:\/\/www.horosin-onsen.com\/\" target=\"_blank\" rel=\"noopener\"><strong>Haga clic aqu\u00ed para ir a la p\u00e1gina de inicio &gt;&gt;<\/strong><\/span><\/div>\n<div class=\"column__item\"><img decoding=\"async\" src=\"https:\/\/portal.hokuryu.info\/wp\/wp-content\/uploads\/2021\/05\/rotenburo1.jpg\" alt=\"[Aguas termales] Horoshin Onsen Hotarukan\" \/><\/a><\/div>\n<\/div>\n<\/div>\n<div class=\"sitecard\">\n<div class=\"sitecard__subtitle\">[Minshuku] Autocine Hinode<\/div>\n<div class=\"column column-273\">\n<div class=\"column__item\"><span style=\"font-size: medium;\">\u30fbA unos 5 minutos en coche desde Himawari no Sato<br \/>\n\u30fbHokkaido Uryu-gun Uryu-cho sexta ciudad 2 Tel: 0125-77-2274<br \/>\n<span style=\"color: #ff9900;\">\u25b6<\/span> <a href=\"https:\/\/takikawa.mypl.net\/article\/chiikiokoshi-uryu_takikawa\/6490\" target=\"_blank\" rel=\"noopener\"><strong>Para m\u00e1s detalles, haga clic aqu\u00ed (Mi Lugar Takikawa) &gt;&gt;<\/strong><\/span><\/div>\n<div class=\"column__item\"><img decoding=\"async\" src=\"https:\/\/portal.hokuryu.info\/wp\/wp-content\/uploads\/2023\/07\/2023-07-05-12.50.45.jpg\" alt=\"[Minshuku] Autocine Hinode\" height=\"150\"\/><\/a><\/div>\n<\/div>\n<\/div>\n<\/div>\n<p>\u25c7<\/p>","protected":false},"excerpt":{"rendered":"<p>\u5317\u7adc\u753a\u306e\u9b42\u306b\u89e6\u308c\u308b5\u3064\u306e\u7269\u8a9e \u3072\u307e\u308f\u308a\u30fb\u6b74\u53f2\u3072\u307e\u308f\u308a\u307e\u3064\u308a\u7269\u8a9e\u8fb2\u696d\u30fb\u98df\u3068\u547d\u3072\u307e\u308f\u308a\u30e9\u30a4\u30b9\u7269\u8a9e\u8fb2\u696d\u30fb\u9ed2\u5343\u77f3\u5e7b\u306e\u9ed2\u5343\u77f3\u5927\u8c46\u7269\u8a9e\u8fb2\u696d\u30fb\u3059\u3044\u304b\u3072\u307e\u308f\u308a\u3059\u3044\u304b\u683d\u57f9\u7269\u8a9e\u8fb2\u696d\u30fb\u30e1\u30ed\u30f3\u3072\u307e\u308f\u308a\u30e1\u30ed\u30f3\u683d\u57f9\u7269\u8a9e \u5317\u7adc\u753a\u3072 [&hellip;]<\/p>\n","protected":false},"author":1,"featured_media":10150,"parent":0,"menu_order":0,"comment_status":"closed","ping_status":"closed","template":"","meta":{"footnotes":""},"class_list":["post-9272","page","type-page","status-publish","has-post-thumbnail","hentry"],"_links":{"self":[{"href":"https:\/\/portal.hokuryu.info\/es\/wp-json\/wp\/v2\/pages\/9272","targetHints":{"allow":["GET"]}}],"collection":[{"href":"https:\/\/portal.hokuryu.info\/es\/wp-json\/wp\/v2\/pages"}],"about":[{"href":"https:\/\/portal.hokuryu.info\/es\/wp-json\/wp\/v2\/types\/page"}],"author":[{"embeddable":true,"href":"https:\/\/portal.hokuryu.info\/es\/wp-json\/wp\/v2\/users\/1"}],"replies":[{"embeddable":true,"href":"https:\/\/portal.hokuryu.info\/es\/wp-json\/wp\/v2\/comments?post=9272"}],"version-history":[{"count":3,"href":"https:\/\/portal.hokuryu.info\/es\/wp-json\/wp\/v2\/pages\/9272\/revisions"}],"predecessor-version":[{"id":73498,"href":"https:\/\/portal.hokuryu.info\/es\/wp-json\/wp\/v2\/pages\/9272\/revisions\/73498"}],"wp:featuredmedia":[{"embeddable":true,"href":"https:\/\/portal.hokuryu.info\/es\/wp-json\/wp\/v2\/media\/10150"}],"wp:attachment":[{"href":"https:\/\/portal.hokuryu.info\/es\/wp-json\/wp\/v2\/media?parent=9272"}],"curies":[{"name":"wp","href":"https:\/\/api.w.org\/{rel}","templated":true}]}}