{"id":74117,"date":"2026-04-28T11:39:25","date_gmt":"2026-04-28T02:39:25","guid":{"rendered":"https:\/\/portal.hokuryu.info\/?page_id=74117"},"modified":"2026-04-28T14:52:30","modified_gmt":"2026-04-28T05:52:30","slug":"about_operator_site","status":"publish","type":"page","link":"https:\/\/portal.hokuryu.info\/es\/about_operator_site\/","title":{"rendered":"Acerca del operador y del sitio web"},"content":{"rendered":"<p>Establecida: abril de 2026<\/p>\n<h2>Acerca del portal de la ciudad de Hokuryu<\/h2>\n<p>\u5317\u7adc\u753a\u30dd\u30fc\u30bf\u30eb\u306f\u3001\u5317\u6d77\u9053\u96e8\u7adc\u90e1\u5317\u7adc\u753a\u3092\u62e0\u70b9\u306b\u3001\u5bfa\u5185\u6607\uff06\u90c1\u5b50\u304c2011\u5e74\u3088\u308a\u904b\u55b6\u3059\u308b\u5730\u57df\u60c5\u5831\u30b5\u30a4\u30c8\u3067\u3059\u3002\u4eba\u53e3\u7d041,600\u4eba\u306e\u5c0f\u3055\u306a\u753a\u304b\u3089\u3001\u4e16\u754c10\u304b\u56fd\u8a9e\u3067\u300c\u548c\u306e\u5fc3\u300d\u3092\u767a\u4fe1\u3057\u7d9a\u3051\u3066\u3044\u307e\u3059\u3002<\/p>\n<blockquote>\n<p>En la ciudad de Hokuryu, reina entre sus habitantes una profunda gratitud por la naturaleza y un c\u00e1lido esp\u00edritu de armon\u00eda y compasi\u00f3n. Esperamos que esta filosof\u00eda, humilde pero valiosa, presente en la vida cotidiana, llegue a todo el mundo.<\/p>\n<p>- Noboru Terauchi e Ikuko<\/p>\n<\/blockquote>\n<h2>Filosof\u00eda del sitio<\/h2>\n<ul>\n<li>Compartir con el mundo el &quot;esp\u00edritu de armon\u00eda&quot; y el &quot;esp\u00edritu de compasi\u00f3n&quot; que los habitantes de la ciudad de Hokuryu practican inconscientemente.<\/li>\n<li>Nuestro objetivo es llegar a 1.600 personas de la regi\u00f3n mediante la difusi\u00f3n de informaci\u00f3n en 10 idiomas.<\/li>\n<li>A lo largo de 16 a\u00f1os y m\u00e1s de 20.000 art\u00edculos, se ha conservado un registro realista de la vida cotidiana en la ciudad.<\/li>\n<li>Presentaremos p\u00fablicamente nuestra cocreaci\u00f3n con IA no como una &quot;herramienta&quot;, sino como una &quot;asociaci\u00f3n&quot;.<\/li>\n<\/ul>\n<h2>Estructura de gesti\u00f3n<\/h2>\n<h3>Gerente de Operaciones y Gesti\u00f3n<\/h3>\n<p>Ministerio del Interior y Sistema de Comunicaciones - Personal de apoyo comunitario de la ciudad de Hokuryu: Noboru Terauchi e Ikuko<\/p>\n<h3>Departamento a cargo<\/h3>\n<ul>\n<li>11-1 Wa, Hokuryu-cho, Uryu-gun, Hokkaido 078-2512, Jap\u00f3n<\/li>\n<li>Departamento de Estrategia para el Futuro del Ayuntamiento de Hokuryu<\/li>\n<li>Tel\u00e9fono: 0164-34-2111 (Principal)<\/li>\n<li>Fax: 0164-34-2117<\/li>\n<\/ul>\n<h3>consulta<\/h3>\n<p>Correo electr\u00f3nico: noboru\u25c7terasun.net (Por favor, reemplace \u25c7 por @)<\/p>\n<h2>Perfil del operador<\/h2>\n<p>Para obtener m\u00e1s detalles sobre c\u00f3mo nos conocimos, c\u00f3mo nos mudamos a la ciudad de Hokuryu y nuestra trayectoria durante los \u00faltimos 16 a\u00f1os, consulte el siguiente art\u00edculo.<\/p>\n<ul>\n<li><a href=\"https:\/\/portal.hokuryu.info\/es\/62509\/\">Dos personas hacen uno. La historia de la ciudad de Hokuryu, tejida por el sol y la luna.<\/a><\/li>\n<\/ul>\n<h2>Lista de medios de comunicaci\u00f3n<\/h2>\n<p>El portal de la ciudad de Hokuryu, ubicado en portal.hokuryu.info, utiliza cinco plataformas diferentes para promocionar los encantos de Hokuryu, cada una con sus propias caracter\u00edsticas. Nos encantar\u00eda que nos siguieras en tu plataforma preferida.<\/p>\n<p>\u2605 <strong>Portal de la ciudad de Hokuryu (10 idiomas)<\/strong><br \/>\nEl sitio web oficial sirve como punto de partida para toda la informaci\u00f3n. Cubre de forma exhaustiva el presente de la ciudad de Hokuryu, incluyendo art\u00edculos de fondo, tesoros de la ciudad, informaci\u00f3n sobre organizaciones locales e informes operativos, todo disponible en 10 idiomas.<\/p>\n<ol>\n<li>\ud83c\uddef\ud83c\uddf5 Japon\u00e9s<a href=\"https:\/\/portal.hokuryu.info\/es\/\" target=\"_blank\" rel=\"noopener\">https:\/\/portal.hokuryu.info\/<\/a><\/li>\n<li>\ud83c\uddfa\ud83c\uddf8 Ingl\u00e9s:<a href=\"https:\/\/portal.hokuryu.info\/en\/\" target=\"_blank\" rel=\"noopener\">https:\/\/portal.hokuryu.info\/en\/<\/a><\/li>\n<li>\ud83c\uddee\ud83c\udde9 Indonesio:<a href=\"https:\/\/portal.hokuryu.info\/id\/\" target=\"_blank\" rel=\"noopener\">https:\/\/portal.hokuryu.info\/id\/<\/a><\/li>\n<li>\ud83c\uddfb\ud83c\uddf3 Vietnamita Ti\u1ebfng Vi\u1ec7t:<a href=\"https:\/\/portal.hokuryu.info\/vi\/\" target=\"_blank\" rel=\"noopener\">https:\/\/portal.hokuryu.info\/vi\/<\/a><\/li>\n<li>\ud83c\uddf9\ud83c\uddf7 Turco (T\u00fcrk\u00e7e):<a href=\"https:\/\/portal.hokuryu.info\/tr\/\" target=\"_blank\" rel=\"noopener\">https:\/\/portal.hokuryu.info\/tr\/<\/a><\/li>\n<li>\ud83c\udde6\ud83c\uddff Azerbaiyano (Az\u0259rbaycanca):<a href=\"https:\/\/portal.hokuryu.info\/az\/\" target=\"_blank\" rel=\"noopener\">https:\/\/portal.hokuryu.info\/az\/<\/a><\/li>\n<li>\ud83c\uddf9\ud83c\udded Tailand\u00e9s \u30fb\u0e20\u0e32\u0e29\u0e32\u0e44\u0e17\u0e22:<a href=\"https:\/\/portal.hokuryu.info\/th\/\" target=\"_blank\" rel=\"noopener\">https:\/\/portal.hokuryu.info\/th\/<\/a><\/li>\n<li>\ud83c\uddee\ud83c\uddf3 Hindi (India) - \u0939\u093f\u0928\u094d\u0926\u0940 (Hindi):<a href=\"https:\/\/portal.hokuryu.info\/hi\/\" target=\"_blank\" rel=\"noopener\">https:\/\/portal.hokuryu.info\/hi\/<\/a><\/li>\n<li>\ud83c\udde7\ud83c\uddf7 Portugu\u00e9s:<a href=\"https:\/\/portal.hokuryu.info\/pt\/\" target=\"_blank\" rel=\"noopener\">https:\/\/portal.hokuryu.info\/pt\/<\/a><\/li>\n<li>Espa\u00f1ol: \ud83c\uddea\ud83c\uddf8<a href=\"https:\/\/portal.hokuryu.info\/es\/\" target=\"_blank\" rel=\"noopener\">https:\/\/portal.hokuryu.info\/es\/<\/a><\/li>\n<\/ol>\n<p>\u2605 <strong>P\u00e1gina de Facebook (japon\u00e9s\/ingl\u00e9s)<\/strong><br \/>\nAdem\u00e1s de ofrecer \u2460 art\u00edculos de fondo y \u2461 la secci\u00f3n &quot;Tesoros de la ciudad de Hokuryu&quot; en japon\u00e9s e ingl\u00e9s, tambi\u00e9n integramos publicaciones de redes sociales de diversas organizaciones locales y proporcionamos enlaces a sus respectivas p\u00e1ginas. Funciona como un centro de informaci\u00f3n para la comunidad local.<br \/>\n<a href=\"https:\/\/www.facebook.com\/hokuryunow\" target=\"_blank\" rel=\"noopener\">https:\/\/www.facebook.com\/hokuryunow<\/a><\/p>\n<p>\u2605 <strong>Instagram (japon\u00e9s e ingl\u00e9s)<\/strong><br \/>\n\u00abTesoros de la ciudad de Hokuryu\u00bb (Paisajes de la ciudad de Hokuryu \/ Disfrutando de las estaciones en la ciudad de Hokuryu) se presenta con un enfoque en texto en japon\u00e9s, ingl\u00e9s y fotograf\u00edas. Es una muestra que ofrece al mundo los bellos momentos de la ciudad de Hokuryu.<br \/>\n<a href=\"https:\/\/www.instagram.com\/hokuryunow\/\" target=\"_blank\" rel=\"noopener\">https:\/\/www.instagram.com\/hokuryunow\/<\/a><\/p>\n<p>\u2605 <strong>YouTube (japon\u00e9s)<\/strong><br \/>\nEstamos publicando contenido de video integrado con nuestros art\u00edculos. Transmitiremos los eventos y las expresiones de los habitantes de Hokuryu con un realismo que solo el video puede brindar.<br \/>\n<a href=\"https:\/\/www.youtube.com\/@hokuryu_portal\/videos\" target=\"_blank\" rel=\"noopener\">https:\/\/www.youtube.com\/@hokuryu_portal\/videos<\/a><\/p>\n<p>\u2605 <strong>X (anteriormente Twitter) (japon\u00e9s\/ingl\u00e9s)<\/strong><br \/>\nDe entre nuestros art\u00edculos destacados, hemos seleccionado cuidadosamente historias que deseamos compartir con el mundo, y las publicamos tanto en ingl\u00e9s como en japon\u00e9s. Nuestro objetivo es compartir con el mundo el esp\u00edritu de armon\u00eda de la ciudad de Hokuryu.<br \/>\n<a href=\"https:\/\/x.com\/HokuryuPortal\" target=\"_blank\" rel=\"noopener\">https:\/\/x.com\/HokuryuPortal<\/a><\/p>\n<p>Esperamos contar con el apoyo de quienes se preocupan por el esp\u00edritu de armon\u00eda y compasi\u00f3n de la ciudad de Hokuryu. Muchas gracias.<\/p>\n<h2>Historia del sitio<\/h2>\n<ol>\n<li>El portal de la ciudad de Hokuryu se estableci\u00f3 en julio de 2011.<\/li>\n<li>La gesti\u00f3n de accesos mediante Google Analytics 4 se reanudar\u00e1 en abril de 2024.<\/li>\n<li>En junio de 2025, TranslatePress comenzar\u00e1 a publicar en nueve idiomas.<\/li>\n<li>Para febrero de 2026, nuestro objetivo es ampliar nuestro sistema de comunicaci\u00f3n a 10 idiomas.<\/li>\n<li>El sitio web se relanz\u00f3 el 2 de abril de 2026 (jueves) (17 a\u00f1os despu\u00e9s de su lanzamiento) y registr\u00f3 273.000 usuarios y 769.000 p\u00e1ginas vistas en 2025.<\/li>\n<\/ol>\n\n        <div class=\"site-blogcard-premium\">\n            <div class=\"bc-label-custom\">Art\u00edculos relacionados<\/div>\n            <div class=\"bc-flex-container\">\n                <div class=\"bc-main-text\">\n                    <div class=\"bc-title-link-box\">\n                        <a href=\"https:\/\/portal.hokuryu.info\/es\/72718\/\" target=\"_blank\">https:\/\/portal.hokuryu.info\/72718<\/a>\n                    <\/div>\n                    <div class=\"bc-excerpt-box\">No se puede recuperar la informaci\u00f3n de la p\u00e1gina.<\/div>\n                <\/div>\n                <div class=\"bc-thumbnail-box\">\n                    <a href=\"https:\/\/portal.hokuryu.info\/es\/72718\/\" target=\"_blank\">\n                        <div class=\"bc-img-zoom-wrap\">\n                            <img decoding=\"async\" src=\"https:\/\/portal.hokuryu.info\/wp\/wp-content\/uploads\/2026\/02\/20230802DSC06445_1.jpg\" alt=\"https:\/\/portal.hokuryu.info\/72718\">\n                        <\/div>\n                    <\/a>\n                <\/div>\n            <\/div>\n        <\/div>\n<h2>P\u00e1ginas relacionadas<\/h2>\n\n        <div class=\"site-blogcard-premium\">\n            <div class=\"bc-label-custom\">Art\u00edculos relacionados<\/div>\n            <div class=\"bc-flex-container\">\n                <div class=\"bc-main-text\">\n                    <div class=\"bc-title-link-box\">\n                        <a href=\"https:\/\/portal.hokuryu.info\/es\/62509\/\" target=\"_blank\">https:\/\/portal.hokuryu.info\/62509<\/a>\n                    <\/div>\n                    <div class=\"bc-excerpt-box\">No se puede recuperar la informaci\u00f3n de la p\u00e1gina.<\/div>\n                <\/div>\n                <div class=\"bc-thumbnail-box\">\n                    <a href=\"https:\/\/portal.hokuryu.info\/es\/62509\/\" target=\"_blank\">\n                        <div class=\"bc-img-zoom-wrap\">\n                            <img decoding=\"async\" src=\"https:\/\/portal.hokuryu.info\/wp\/wp-content\/uploads\/2026\/02\/20230802DSC06445_1.jpg\" alt=\"https:\/\/portal.hokuryu.info\/62509\">\n                        <\/div>\n                    <\/a>\n                <\/div>\n            <\/div>\n        <\/div>\n\n        <div class=\"site-blogcard-premium\">\n            <div class=\"bc-label-custom\">Art\u00edculos relacionados<\/div>\n            <div class=\"bc-flex-container\">\n                <div class=\"bc-main-text\">\n                    <div class=\"bc-title-link-box\">\n                        <a href=\"https:\/\/portal.hokuryu.info\/es\/category\/aboutus\/operations_report\/\" target=\"_blank\">Informe de funcionamiento del sitio web (Categor\u00eda)<\/a>\n                    <\/div>\n                    <div class=\"bc-excerpt-box\">Este art\u00edculo contiene informes mensuales, an\u00e1lisis y actualizaciones sobre el funcionamiento del portal de la ciudad de Hokuryu. \u2022 Gerente de operaciones: Hokuryu...<\/div>\n                <\/div>\n                <div class=\"bc-thumbnail-box\">\n                    <a href=\"https:\/\/portal.hokuryu.info\/es\/category\/aboutus\/operations_report\/\" target=\"_blank\">\n                        <div class=\"bc-img-zoom-wrap\">\n                            <img decoding=\"async\" src=\"https:\/\/portal.hokuryu.info\/wp\/wp-content\/uploads\/2026\/02\/20230802DSC06445_1.jpg\" alt=\"Informe de funcionamiento del sitio web (Categor\u00eda)\">\n                        <\/div>\n                    <\/a>\n                <\/div>\n            <\/div>\n        <\/div>\n\n        <div class=\"site-blogcard-premium\">\n            <div class=\"bc-label-custom\">Art\u00edculos relacionados<\/div>\n            <div class=\"bc-flex-container\">\n                <div class=\"bc-main-text\">\n                    <div class=\"bc-title-link-box\">\n                        <a href=\"https:\/\/portal.hokuryu.info\/es\/operations_policy\/\" target=\"_blank\">https:\/\/portal.hokuryu.info\/operations_policy<\/a>\n                    <\/div>\n                    <div class=\"bc-excerpt-box\">No se puede recuperar la informaci\u00f3n de la p\u00e1gina.<\/div>\n                <\/div>\n                <div class=\"bc-thumbnail-box\">\n                    <a href=\"https:\/\/portal.hokuryu.info\/es\/operations_policy\/\" target=\"_blank\">\n                        <div class=\"bc-img-zoom-wrap\">\n                            <img decoding=\"async\" src=\"https:\/\/portal.hokuryu.info\/wp\/wp-content\/uploads\/2026\/02\/20230802DSC06445_1.jpg\" alt=\"https:\/\/portal.hokuryu.info\/operations_policy\">\n                        <\/div>\n                    <\/a>\n                <\/div>\n            <\/div>\n        <\/div>\n\n        <div class=\"site-blogcard-premium\">\n            <div class=\"bc-label-custom\">Art\u00edculos relacionados<\/div>\n            <div class=\"bc-flex-container\">\n                <div class=\"bc-main-text\">\n                    <div class=\"bc-title-link-box\">\n                        <a href=\"https:\/\/portal.hokuryu.info\/es\/privacy-policy\/\" target=\"_blank\">https:\/\/portal.hokuryu.info\/privacy-policy<\/a>\n                    <\/div>\n                    <div class=\"bc-excerpt-box\">No se puede recuperar la informaci\u00f3n de la p\u00e1gina.<\/div>\n                <\/div>\n                <div class=\"bc-thumbnail-box\">\n                    <a href=\"https:\/\/portal.hokuryu.info\/es\/privacy-policy\/\" target=\"_blank\">\n                        <div class=\"bc-img-zoom-wrap\">\n                            <img decoding=\"async\" src=\"https:\/\/portal.hokuryu.info\/wp\/wp-content\/uploads\/2026\/02\/20230802DSC06445_1.jpg\" alt=\"https:\/\/portal.hokuryu.info\/privacy-policy\">\n                        <\/div>\n                    <\/a>\n                <\/div>\n            <\/div>\n        <\/div>\n\u3000<br \/>\n\n        <div class=\"site-blogcard-premium\">\n            <div class=\"bc-label-custom\">Art\u00edculos relacionados<\/div>\n            <div class=\"bc-flex-container\">\n                <div class=\"bc-main-text\">\n                    <div class=\"bc-title-link-box\">\n                        <a href=\"https:\/\/portal.hokuryu.info\/es\/index.html\/\" target=\"_blank\">Portal de la ciudad de Hokuryu (Hokkaido) - El pueblo de girasoles n\u00famero 1 de Jap\u00f3n<\/a>\n                    <\/div>\n                    <div class=\"bc-excerpt-box\">M\u00e9todos agr\u00edcolas brillantes en la ciudad de Hokuryu, Hokkaido, cuna de los girasoles. La ciudad de Hokuryu, que declar\u00f3 &quot;Producci\u00f3n segura de alimentos para proteger la vida y la salud de las personas (1990)&quot;. Impresionante...<\/div>\n                <\/div>\n                <div class=\"bc-thumbnail-box\">\n                    <a href=\"https:\/\/portal.hokuryu.info\/es\/index.html\/\" target=\"_blank\">\n                        <div class=\"bc-img-zoom-wrap\">\n                            <img decoding=\"async\" src=\"https:\/\/lh3.googleusercontent.com\/VObf1kbvMs8KaLsut_lSlm999SjzxXpjxIrJgqACNhevhaVBqwpLCxa6k-kthdngh-8UUjxZXlJIdz9JwAjgSxp610qW5BoTh47Ok00PtSa_MR1FFDF7MbdcqA4cmMfI0RHSFm-Dcbil3zherWjzGgbqoipFWPjYSwAyflDpQgkf8TtmbZTAKIx9Fpw-rK-uR3VbcqslfzwUiOoO_J7P_6wBVDIaQx3mux-uUaSAdMDDkfFwxIKfsr6730tlXOh62L9BdDfj9sfNZ0M5FULi8OUnFGZUbc2tpZC06s9UPebAHg65-VGmr07L6-ihI4LyGK6HkC3E40-w3qDheZp6OUCg78EDXs4b3iw-cK0w0wllCvvTIIZx9W1yfFJV-ho2rZ7ga2qFiGbDWIHxh187bcHf65g0i1HafivL9wgl4oFfzlFSclDP8x6fz5hg5poqVQ4qbtehukvBXpTP7fzF70Uanw0iVvp0P7qkhPEl8sgUpzh2kG-pt4A2Q5UcsBoliRd_Aku5G2nG1hXMHMtwgT7rRuIiL8u_pQf1qnz-xExLYEJgNWfEu-sH0TFBPHu3-HxkelZoPHOkuPtCc9D9O_VLW2x9Qz2NjhJDaRYJ8rkYMO5_WMi-iSsWpWpHtmwT0gqOkv5DCFy03fiVdBH067Oxz306a4PJqy9SV5dZiLJnd2KnABLya5emChnfyVpuwb6jTAfdhKMNz9H4V-yMHQAY5ctd4NRNhi3LhW_0TEwa9rY=w160-h150-no\" alt=\"Portal de la ciudad de Hokuryu (Hokkaido) - El pueblo de girasoles n\u00famero 1 de Jap\u00f3n\">\n                        <\/div>\n                    <\/a>\n                <\/div>\n            <\/div>\n        <\/div>\n<div class=\"img-move\">\n<a href=\"https:\/\/portal.hokuryu.info\/es\/62509\/\">\ud83d\udd8b\ufe0f Planificaci\u00f3n de contenido, redacci\u00f3n de art\u00edculos, selecci\u00f3n de fotograf\u00edas y creaci\u00f3n de v\u00eddeos: Ikuko Terauchi<img decoding=\"async\" style=\"vertical-align: middle;\" src=\"https:\/\/ehokkaido.net\/wp-content\/uploads\/2021\/12\/2021-12-06-11.41.12.png\" \/> Fotograf\u00eda, edici\u00f3n y gesti\u00f3n del sitio web: Noboru Terauchi<\/a>\n<\/div>\n<p>\u25c7<\/p>\n<div class=\"story-banner\">\n<p class=\"story-banner-title\">Cinco historias que tocan el alma de la ciudad de Hokuryu.<\/p>\n<div class=\"story-banner-grid\"><a href=\"https:\/\/portal.hokuryu.info\/es\/64463\/\"><img decoding=\"async\" class=\"story-banner-img\" src=\"https:\/\/portal.hokuryu.info\/wp\/wp-content\/uploads\/2026\/04\/20260413-20220804LUBU6108.jpg\" alt=\"La historia del Festival del Girasol\"><span class=\"story-banner-sub\">Girasoles e historia<\/span><span class=\"story-banner-name\">La historia del Festival del Girasol<\/span><\/a><a href=\"https:\/\/portal.hokuryu.info\/es\/70781\/\"><img decoding=\"async\" class=\"story-banner-img\" src=\"https:\/\/portal.hokuryu.info\/wp\/wp-content\/uploads\/2026\/04\/20260413-2ee454639d49581b086f096a4cad8a35.jpg\" alt=\"Agricultura, alimentaci\u00f3n y vida\"><span class=\"story-banner-sub\">Agricultura, alimentaci\u00f3n y vida<\/span><span class=\"story-banner-name\">La historia del arroz de girasol<\/span><\/a><a href=\"https:\/\/portal.hokuryu.info\/es\/65955\/\"><img decoding=\"async\" class=\"story-banner-img\" src=\"https:\/\/portal.hokuryu.info\/wp\/wp-content\/uploads\/2026\/04\/20260413-ac3c8e2e56926a378ae45ee5011703e2.jpg\" alt=\"Agricultura - Kurosenkoku\"><span class=\"story-banner-sub\">Agricultura - Kurosenkoku<\/span><span class=\"story-banner-name\">La historia de la soja Kurosenkoku<\/span><\/a><a href=\"https:\/\/portal.hokuryu.info\/es\/64650\/\"><img decoding=\"async\" class=\"story-banner-img\" src=\"https:\/\/portal.hokuryu.info\/wp\/wp-content\/uploads\/2026\/04\/20250925-Gemini_Generated_Image_xnrnb2xnrnb2xnrn.jpg\" alt=\"Agricultura - Sand\u00eda\"><span class=\"story-banner-sub\">Agricultura - Sand\u00eda<\/span><span class=\"story-banner-name\">La historia del cultivo de girasoles y sand\u00edas<\/span><\/a><a href=\"https:\/\/portal.hokuryu.info\/es\/70779\/\"><img decoding=\"async\" class=\"story-banner-img\" src=\"https:\/\/portal.hokuryu.info\/wp\/wp-content\/uploads\/2026\/04\/20260413-20180913_DSC8149.jpg\" alt=\"Agricultura - Melones\"><span class=\"story-banner-sub\">Agricultura - Melones<\/span><span class=\"story-banner-name\">La historia del cultivo del mel\u00f3n girasol<\/span><\/a><\/div>\n<\/div>","protected":false},"excerpt":{"rendered":"<p>\u5236\u5b9a\uff1a2026\u5e744\u6708 \u5317\u7adc\u753a\u30dd\u30fc\u30bf\u30eb\u306b\u3064\u3044\u3066 \u5317\u7adc\u753a\u30dd\u30fc\u30bf\u30eb\u306f\u3001\u5317\u6d77\u9053\u96e8\u7adc\u90e1\u5317\u7adc\u753a\u3092\u62e0\u70b9\u306b\u3001\u5bfa\u5185\u6607\uff06\u90c1\u5b50\u304c2011\u5e74\u3088\u308a\u904b\u55b6\u3059\u308b\u5730\u57df\u60c5\u5831\u30b5\u30a4\u30c8\u3067\u3059\u3002\u4eba\u53e3\u7d041,600\u4eba\u306e\u5c0f\u3055\u306a\u753a\u304b\u3089\u3001\u4e16\u754c10\u304b\u56fd\u8a9e\u3067\u300c [&hellip;]<\/p>\n","protected":false},"author":1,"featured_media":74116,"parent":0,"menu_order":0,"comment_status":"closed","ping_status":"closed","template":"","meta":{"footnotes":""},"class_list":["post-74117","page","type-page","status-publish","has-post-thumbnail","hentry"],"_links":{"self":[{"href":"https:\/\/portal.hokuryu.info\/es\/wp-json\/wp\/v2\/pages\/74117","targetHints":{"allow":["GET"]}}],"collection":[{"href":"https:\/\/portal.hokuryu.info\/es\/wp-json\/wp\/v2\/pages"}],"about":[{"href":"https:\/\/portal.hokuryu.info\/es\/wp-json\/wp\/v2\/types\/page"}],"author":[{"embeddable":true,"href":"https:\/\/portal.hokuryu.info\/es\/wp-json\/wp\/v2\/users\/1"}],"replies":[{"embeddable":true,"href":"https:\/\/portal.hokuryu.info\/es\/wp-json\/wp\/v2\/comments?post=74117"}],"version-history":[{"count":10,"href":"https:\/\/portal.hokuryu.info\/es\/wp-json\/wp\/v2\/pages\/74117\/revisions"}],"predecessor-version":[{"id":74152,"href":"https:\/\/portal.hokuryu.info\/es\/wp-json\/wp\/v2\/pages\/74117\/revisions\/74152"}],"wp:featuredmedia":[{"embeddable":true,"href":"https:\/\/portal.hokuryu.info\/es\/wp-json\/wp\/v2\/media\/74116"}],"wp:attachment":[{"href":"https:\/\/portal.hokuryu.info\/es\/wp-json\/wp\/v2\/media?parent=74117"}],"curies":[{"name":"wp","href":"https:\/\/api.w.org\/{rel}","templated":true}]}}