{"id":3,"date":"2026-04-28T11:36:10","date_gmt":"2026-04-28T02:36:10","guid":{"rendered":"http:\/\/portal.hokuryu.info\/wp"},"modified":"2026-04-28T15:12:15","modified_gmt":"2026-04-28T06:12:15","slug":"privacy-policy","status":"publish","type":"page","link":"https:\/\/portal.hokuryu.info\/es\/privacy-policy\/","title":{"rendered":"pol\u00edtica de privacidad"},"content":{"rendered":"<p>\u00daltima revisi\u00f3n: abril de 2026 *Se agreg\u00f3 la &quot;Pol\u00edtica sobre entrevistas y apariciones&quot; (establecida en enero de 2020)<\/p>\n<p>\u5317\u7adc\u753a\u30dd\u30fc\u30bf\u30eb\uff08https:\/\/portal.hokuryu.info\/\uff09\u306f\u3001\u5317\u6d77\u9053\u96e8\u7adc\u90e1\u5317\u7adc\u753a\u3092\u62e0\u70b9\u306b\u3001\u5bfa\u5185\u6607\uff06\u90c1\u5b50\u304c\u904b\u55b6\u3059\u308b\u5730\u57df\u60c5\u5831\u30b5\u30a4\u30c8\u3067\u3059\u3002\u672c\u30dd\u30ea\u30b7\u30fc\u306f\u3001\u3053\u306e\u30b5\u30a4\u30c8\u3092\u3054\u5229\u7528\u3044\u305f\u3060\u304f\u7686\u3055\u307e\u306e\u500b\u4eba\u60c5\u5831\u306e\u53d6\u308a\u6271\u3044\u306b\u3064\u3044\u3066\u5b9a\u3081\u305f\u3082\u306e\u3067\u3059\u3002<\/p>\n<h2>Informaci\u00f3n que se recopilar\u00e1 y su finalidad.<\/h2>\n<h3>comentario<\/h3>\n<p>Cuando comentas un art\u00edculo, recopilamos tu nombre, direcci\u00f3n de correo electr\u00f3nico, URL del sitio web, direcci\u00f3n IP e informaci\u00f3n del navegador. Esta informaci\u00f3n se utiliza exclusivamente para detectar y prevenir comentarios no deseados y no se utilizar\u00e1 para ning\u00fan otro fin. Los comentarios aprobados se mostrar\u00e1n p\u00fablicamente junto con tu nombre.<\/p>\n<h3>consulta<\/h3>\n<p>Si se comunica con nosotros por correo electr\u00f3nico u otro medio, su informaci\u00f3n de contacto se utilizar\u00e1 \u00fanicamente para responder a su consulta. No la compartiremos con terceros.<\/p>\n<h3>An\u00e1lisis de acceso<\/h3>\n<p>Utilizamos Google Analytics para mejorar nuestro sitio web. Los datos recopilados son an\u00f3nimos y no identifican a ninguna persona. Si desea desactivar la recopilaci\u00f3n de datos de Google Analytics, utilice el complemento de exclusi\u00f3n voluntaria de Google Analytics.<\/p>\n<h3>Galleta<\/h3>\n<p>Al publicar un comentario, puedes optar por guardar tu nombre, direcci\u00f3n de correo electr\u00f3nico y URL del sitio web en una cookie (opcional). As\u00ed, no tendr\u00e1s que volver a introducir esta informaci\u00f3n la pr\u00f3xima vez que comentes. Esta cookie se conservar\u00e1 durante un a\u00f1o.<\/p>\n<h2>Acerca de la subida de im\u00e1genes<\/h2>\n<p>Todas las fotos publicadas en este sitio son tomadas y gestionadas por el administrador del sitio. Las im\u00e1genes que contienen informaci\u00f3n de ubicaci\u00f3n (EXIF GPS) se eliminan antes de subirlas.<\/p>\n<h2>Contenido incrustado de otros sitios web<\/h2>\n<p>Los art\u00edculos pueden incluir contenido incrustado de YouTube, Facebook, Instagram y otras plataformas. Este contenido funciona seg\u00fan lo previsto en la plataforma de cada servicio, y se aplica su respectiva pol\u00edtica de privacidad.<\/p>\n<p>Adem\u00e1s, el Portal de la Ciudad de Hokuryu puede incluir publicaciones de cuentas de redes sociales de diversas organizaciones y grupos de la ciudad. Esto tiene como objetivo difundir ampliamente la informaci\u00f3n de estas organizaciones tanto dentro como fuera de la comunidad. El contenido publicado se presenta tal como lo public\u00f3 originalmente cada organizaci\u00f3n, y el Portal de la Ciudad de Hokuryu no lo modificar\u00e1.<\/p>\n<h2>Pol\u00edtica relativa a las entrevistas y a los entrevistados<\/h2>\n<p>El portal de la ciudad de Hokuryu puede publicar art\u00edculos sobre residentes, empresas, organizaciones y visitantes, incluyendo sus nombres reales y fotograf\u00edas. Proteger la privacidad y la dignidad de las personas que aparecen en ellos es un principio fundamental de nuestro funcionamiento, y realizamos entrevistas y publicamos art\u00edculos de acuerdo con las siguientes pol\u00edticas.<\/p>\n<ul>\n<li>Como norma general, obtendremos el consentimiento previo o por escrito antes de realizar entrevistas o tomar fotograf\u00edas.<\/li>\n<li>Si comparecen menores de edad, confirmaremos su consentimiento paterno.<\/li>\n<li>Durante las entrevistas, siempre que sea posible, les informaremos de que los art\u00edculos y las fotos se traducir\u00e1n a 10 idiomas y llegar\u00e1n a lectores en m\u00e1s de 140 pa\u00edses de todo el mundo.<\/li>\n<li>Si recibimos una solicitud para eliminar un art\u00edculo o una fotograf\u00eda despu\u00e9s de que haya sido publicado, responderemos con prontitud.<\/li>\n<li>Tendremos especial cuidado al decidir si publicamos o no contenido que incluya informaci\u00f3n sensible como la salud, las relaciones familiares o la situaci\u00f3n financiera.<\/li>\n<\/ul>\n<p>Para cualquier solicitud o consulta relacionada con el contenido publicado, no dude en ponerse en contacto con nosotros a trav\u00e9s de la informaci\u00f3n de contacto que aparece a continuaci\u00f3n.<\/p>\n<h2>Suministro de informaci\u00f3n personal a terceros<\/h2>\n<p>No facilitaremos la informaci\u00f3n personal que recopilamos a terceros, salvo que la ley lo exija.<\/p>\n<h2>Divulgaci\u00f3n, correcci\u00f3n y eliminaci\u00f3n de informaci\u00f3n personal<\/h2>\n<p>Si desea solicitar la divulgaci\u00f3n, correcci\u00f3n o eliminaci\u00f3n de su informaci\u00f3n personal, p\u00f3ngase en contacto con nosotros en la direcci\u00f3n que figura a continuaci\u00f3n. Le responderemos a la brevedad.<\/p>\n<h2>En relaci\u00f3n con los cambios en las pol\u00edticas<\/h2>\n<p>Esta Pol\u00edtica de Privacidad podr\u00e1 ser modificada seg\u00fan sea necesario. La pol\u00edtica revisada entrar\u00e1 en vigor a partir del momento en que se publique en esta p\u00e1gina.<\/p>\n<p>Para obtener informaci\u00f3n sobre las pol\u00edticas operativas y los est\u00e1ndares de creaci\u00f3n de contenido de cada medio de comunicaci\u00f3n,<a href=\"https:\/\/portal.hokuryu.info\/es\/operations-policy\/\">Pol\u00edtica de funcionamiento del grupo Hokuryu Town Portal<\/a>Consulte tambi\u00e9n lo siguiente.<\/p>\n<h2>consulta<\/h2>\n<ul>\n<li>\u904b\u55b6\u7ba1\u7406\u8cac\u4efb\u8005\uff1a\u7dcf\u52d9\u7701\u5236\u5ea6\u30fb\u5317\u7adc\u753a\u96c6\u843d\u652f\u63f4\u54e1\u3000\u5bfa\u5185\u6607 \uff06 \u90c1\u5b50<\/li>\n<li>Correo electr\u00f3nico: noboru@terasun.net (Por favor, reemplace el s\u00edmbolo @ de ancho completo por uno de ancho reducido).<\/li>\n<li>\u3012078-2512 11-1 Wa, Hokuryu-cho, Uryu-gun, Hokkaido, Jap\u00f3n Ayuntamiento de Hokuryu, Divisi\u00f3n de Estrategia Futura de la Ciudad<\/li>\n<li>Tel\u00e9fono: 0164-34-2111 (Ayuntamiento de Hokuryu - N\u00famero principal)<\/li>\n<\/ul>\n<p>\u3000<br \/>\n\n        <div class=\"site-blogcard-premium\">\n            <div class=\"bc-label-custom\">Art\u00edculos relacionados<\/div>\n            <div class=\"bc-flex-container\">\n                <div class=\"bc-main-text\">\n                    <div class=\"bc-title-link-box\">\n                        <a href=\"https:\/\/portal.hokuryu.info\/es\/about_operator_site\/\" target=\"_blank\">https:\/\/portal.hokuryu.info\/about_operator_site<\/a>\n                    <\/div>\n                    <div class=\"bc-excerpt-box\">No se puede recuperar la informaci\u00f3n de la p\u00e1gina.<\/div>\n                <\/div>\n                <div class=\"bc-thumbnail-box\">\n                    <a href=\"https:\/\/portal.hokuryu.info\/es\/about_operator_site\/\" target=\"_blank\">\n                        <div class=\"bc-img-zoom-wrap\">\n                            <img decoding=\"async\" src=\"https:\/\/portal.hokuryu.info\/wp\/wp-content\/uploads\/2026\/02\/20230802DSC06445_1.jpg\" alt=\"https:\/\/portal.hokuryu.info\/about_operator_site\">\n                        <\/div>\n                    <\/a>\n                <\/div>\n            <\/div>\n        <\/div>\n\n        <div class=\"site-blogcard-premium\">\n            <div class=\"bc-label-custom\">Art\u00edculos relacionados<\/div>\n            <div class=\"bc-flex-container\">\n                <div class=\"bc-main-text\">\n                    <div class=\"bc-title-link-box\">\n                        <a href=\"https:\/\/portal.hokuryu.info\/es\/category\/aboutus\/operations_report\/\" target=\"_blank\">Informe de funcionamiento del sitio web (Categor\u00eda)<\/a>\n                    <\/div>\n                    <div class=\"bc-excerpt-box\">Este art\u00edculo contiene informes mensuales, an\u00e1lisis y actualizaciones sobre el funcionamiento del portal de la ciudad de Hokuryu. \u2022 Gerente de operaciones: Hokuryu...<\/div>\n                <\/div>\n                <div class=\"bc-thumbnail-box\">\n                    <a href=\"https:\/\/portal.hokuryu.info\/es\/category\/aboutus\/operations_report\/\" target=\"_blank\">\n                        <div class=\"bc-img-zoom-wrap\">\n                            <img decoding=\"async\" src=\"https:\/\/portal.hokuryu.info\/wp\/wp-content\/uploads\/2026\/02\/20230802DSC06445_1.jpg\" alt=\"Informe de funcionamiento del sitio web (Categor\u00eda)\">\n                        <\/div>\n                    <\/a>\n                <\/div>\n            <\/div>\n        <\/div>\n\n        <div class=\"site-blogcard-premium\">\n            <div class=\"bc-label-custom\">Art\u00edculos relacionados<\/div>\n            <div class=\"bc-flex-container\">\n                <div class=\"bc-main-text\">\n                    <div class=\"bc-title-link-box\">\n                        <a href=\"https:\/\/portal.hokuryu.info\/es\/operations_policy\/\" target=\"_blank\">https:\/\/portal.hokuryu.info\/operations_policy<\/a>\n                    <\/div>\n                    <div class=\"bc-excerpt-box\">No se puede recuperar la informaci\u00f3n de la p\u00e1gina.<\/div>\n                <\/div>\n                <div class=\"bc-thumbnail-box\">\n                    <a href=\"https:\/\/portal.hokuryu.info\/es\/operations_policy\/\" target=\"_blank\">\n                        <div class=\"bc-img-zoom-wrap\">\n                            <img decoding=\"async\" src=\"https:\/\/portal.hokuryu.info\/wp\/wp-content\/uploads\/2026\/02\/20230802DSC06445_1.jpg\" alt=\"https:\/\/portal.hokuryu.info\/operations_policy\">\n                        <\/div>\n                    <\/a>\n                <\/div>\n            <\/div>\n        <\/div>\n\u3000<\/p>\n<div class=\"img-move\">\n<a href=\"https:\/\/portal.hokuryu.info\/es\/62509\/\">\ud83d\udd8b\ufe0f Planificaci\u00f3n de contenido, redacci\u00f3n de art\u00edculos, selecci\u00f3n de fotograf\u00edas y creaci\u00f3n de v\u00eddeos: Ikuko Terauchi<img decoding=\"async\" style=\"vertical-align: middle;\" src=\"https:\/\/ehokkaido.net\/wp-content\/uploads\/2021\/12\/2021-12-06-11.41.12.png\" \/> Fotograf\u00eda, edici\u00f3n y gesti\u00f3n del sitio web: Noboru Terauchi<\/a>\n<\/div>\n<p>\u25c7<\/p>\n<div class=\"story-banner\">\n<p class=\"story-banner-title\">Cinco historias que tocan el alma de la ciudad de Hokuryu.<\/p>\n<div class=\"story-banner-grid\"><a href=\"https:\/\/portal.hokuryu.info\/es\/64463\/\"><img decoding=\"async\" class=\"story-banner-img\" src=\"https:\/\/portal.hokuryu.info\/wp\/wp-content\/uploads\/2026\/04\/20260413-20220804LUBU6108.jpg\" alt=\"La historia del Festival del Girasol\"><span class=\"story-banner-sub\">Girasoles e historia<\/span><span class=\"story-banner-name\">La historia del Festival del Girasol<\/span><\/a><a href=\"https:\/\/portal.hokuryu.info\/es\/70781\/\"><img decoding=\"async\" class=\"story-banner-img\" src=\"https:\/\/portal.hokuryu.info\/wp\/wp-content\/uploads\/2026\/04\/20260413-2ee454639d49581b086f096a4cad8a35.jpg\" alt=\"Agricultura, alimentaci\u00f3n y vida\"><span class=\"story-banner-sub\">Agricultura, alimentaci\u00f3n y vida<\/span><span class=\"story-banner-name\">La historia del arroz de girasol<\/span><\/a><a href=\"https:\/\/portal.hokuryu.info\/es\/65955\/\"><img decoding=\"async\" class=\"story-banner-img\" src=\"https:\/\/portal.hokuryu.info\/wp\/wp-content\/uploads\/2026\/04\/20260413-ac3c8e2e56926a378ae45ee5011703e2.jpg\" alt=\"Agricultura - Kurosenkoku\"><span class=\"story-banner-sub\">Agricultura - Kurosenkoku<\/span><span class=\"story-banner-name\">La historia de la soja Kurosenkoku<\/span><\/a><a href=\"https:\/\/portal.hokuryu.info\/es\/64650\/\"><img decoding=\"async\" class=\"story-banner-img\" src=\"https:\/\/portal.hokuryu.info\/wp\/wp-content\/uploads\/2026\/04\/20250925-Gemini_Generated_Image_xnrnb2xnrnb2xnrn.jpg\" alt=\"Agricultura - Sand\u00eda\"><span class=\"story-banner-sub\">Agricultura - Sand\u00eda<\/span><span class=\"story-banner-name\">La historia del cultivo de girasoles y sand\u00edas<\/span><\/a><a href=\"https:\/\/portal.hokuryu.info\/es\/70779\/\"><img decoding=\"async\" class=\"story-banner-img\" src=\"https:\/\/portal.hokuryu.info\/wp\/wp-content\/uploads\/2026\/04\/20260413-20180913_DSC8149.jpg\" alt=\"Agricultura - Melones\"><span class=\"story-banner-sub\">Agricultura - Melones<\/span><span class=\"story-banner-name\">La historia del cultivo del mel\u00f3n girasol<\/span><\/a><\/div>\n<\/div>","protected":false},"excerpt":{"rendered":"<p>\u6700\u7d42\u6539\u8a02\uff1a2026\u5e744\u6708\u3000\u203b\u300c\u53d6\u6750\u30fb\u767b\u5834\u8005\u306b\u95a2\u3059\u308b\u65b9\u91dd\u300d\u3092\u8ffd\u52a0\u3057\u307e\u3057\u305f\uff08\u5236\u5b9a\uff1a2020\u5e741\u6708\uff09 \u5317\u7adc\u753a\u30dd\u30fc\u30bf\u30eb\uff08https:\/\/portal.hokuryu.info\/\uff09\u306f\u3001\u5317\u6d77\u9053\u96e8\u7adc\u90e1\u5317\u7adc\u753a\u3092\u62e0\u70b9\u306b [&hellip;]<\/p>\n","protected":false},"author":1,"featured_media":72402,"parent":0,"menu_order":0,"comment_status":"closed","ping_status":"open","template":"","meta":{"footnotes":""},"class_list":["post-3","page","type-page","status-publish","has-post-thumbnail","hentry"],"_links":{"self":[{"href":"https:\/\/portal.hokuryu.info\/es\/wp-json\/wp\/v2\/pages\/3","targetHints":{"allow":["GET"]}}],"collection":[{"href":"https:\/\/portal.hokuryu.info\/es\/wp-json\/wp\/v2\/pages"}],"about":[{"href":"https:\/\/portal.hokuryu.info\/es\/wp-json\/wp\/v2\/types\/page"}],"author":[{"embeddable":true,"href":"https:\/\/portal.hokuryu.info\/es\/wp-json\/wp\/v2\/users\/1"}],"replies":[{"embeddable":true,"href":"https:\/\/portal.hokuryu.info\/es\/wp-json\/wp\/v2\/comments?post=3"}],"version-history":[{"count":10,"href":"https:\/\/portal.hokuryu.info\/es\/wp-json\/wp\/v2\/pages\/3\/revisions"}],"predecessor-version":[{"id":74155,"href":"https:\/\/portal.hokuryu.info\/es\/wp-json\/wp\/v2\/pages\/3\/revisions\/74155"}],"wp:featuredmedia":[{"embeddable":true,"href":"https:\/\/portal.hokuryu.info\/es\/wp-json\/wp\/v2\/media\/72402"}],"wp:attachment":[{"href":"https:\/\/portal.hokuryu.info\/es\/wp-json\/wp\/v2\/media?parent=3"}],"curies":[{"name":"wp","href":"https:\/\/api.w.org\/{rel}","templated":true}]}}