{"id":9275,"date":"2026-05-12T14:00:41","date_gmt":"2026-05-12T05:00:41","guid":{"rendered":"https:\/\/portal.hokuryu.info\/?page_id=9275"},"modified":"2026-05-14T08:22:51","modified_gmt":"2026-05-13T23:22:51","slug":"sunflower_lunch","status":"publish","type":"page","link":"https:\/\/portal.hokuryu.info\/en\/sunflower_lunch\/","title":{"rendered":"Recommended lunch restaurants (Hokuryu Town, Chichibetsu Town, Moseushi Town, Fukagawa City, Mashike Town)"},"content":{"rendered":"<p><!-- ============================================================\n\u304a\u3059\u3059\u3081\u30e9\u30f3\u30c1\u30ec\u30b9\u30c8\u30e9\u30f3 \u56fa\u5b9a\u30da\u30fc\u30b8\uff08\u6700\u7d42\u7248\uff09\n\u5317\u7adc\u753a\u30dd\u30fc\u30bf\u30eb\u7528 HTML\n\u66f4\u65b0\uff1a2026\u5e745\u670812\u65e5\n\u30eb\u30fc\u30eb\uff1astyle\u30bf\u30b0\u306a\u3057\u30fbinline style\u306e\u307f\u30fbp br table\u306a\u3057\n4\u8272\uff1a#2d3a6b(\u7d3a\u6854\u6897) #4a7a40(\u82e5\u8449) #8898c8(\u9752\u85e4) #ef9f27(\u3072\u307e\u308f\u308a\u91d1)\n============================================================ --><\/p>\n<p><!-- \u25a0 story-banner\uff08\u3072\u307e\u308f\u308a\u306e\u91cc\u30b7\u30ea\u30fc\u30ba\uff09 --><\/p>\n<div class=\"story-banner\">\n<p class=\"story-banner-title\">Five stories that touch the soul of Hokuryu Town<\/p>\n<div class=\"story-banner-grid\"><a href=\"https:\/\/portal.hokuryu.info\/en\/64463\/\"><img decoding=\"async\" class=\"story-banner-img\" src=\"https:\/\/portal.hokuryu.info\/wp\/wp-content\/uploads\/2026\/04\/20260413-20220804LUBU6108.jpg\" alt=\"\u3072\u307e\u308f\u308a\u307e\u3064\u308a\u7269\u8a9e\" data-no-translation=\"\"><span class=\"story-banner-sub\">Sunflowers and History<\/span><span class=\"story-banner-name\">The Sunflower Festival Story<\/span><\/a><a href=\"https:\/\/portal.hokuryu.info\/en\/70781\/\"><img decoding=\"async\" class=\"story-banner-img\" src=\"https:\/\/portal.hokuryu.info\/wp\/wp-content\/uploads\/2026\/04\/20260413-2ee454639d49581b086f096a4cad8a35.jpg\" alt=\"\u8fb2\u696d\u30fb\u98df\u3068\u547d\" data-no-translation=\"\"><span class=\"story-banner-sub\">Agriculture, Food, and Life<\/span><span class=\"story-banner-name\">The Sunflower Rice Story<\/span><\/a><a href=\"https:\/\/portal.hokuryu.info\/en\/65955\/\"><img decoding=\"async\" class=\"story-banner-img\" src=\"https:\/\/portal.hokuryu.info\/wp\/wp-content\/uploads\/2026\/04\/20260413-ac3c8e2e56926a378ae45ee5011703e2.jpg\" alt=\"\u8fb2\u696d\u30fb\u9ed2\u5343\u77f3\" data-no-translation=\"\"><span class=\"story-banner-sub\">Agriculture - Kurosenkoku<\/span><span class=\"story-banner-name\">The Legend of the Black Sengoku Soybean<\/span><\/a><a href=\"https:\/\/portal.hokuryu.info\/en\/64650\/\"><img decoding=\"async\" class=\"story-banner-img\" src=\"https:\/\/portal.hokuryu.info\/wp\/wp-content\/uploads\/2026\/04\/20250925-Gemini_Generated_Image_xnrnb2xnrnb2xnrn.jpg\" alt=\"\u8fb2\u696d\u30fb\u3059\u3044\u304b\" data-no-translation=\"\"><span class=\"story-banner-sub\">Agriculture - Watermelon<\/span><span class=\"story-banner-name\">The Story of Sunflower and Watermelon Cultivation<\/span><\/a><a href=\"https:\/\/portal.hokuryu.info\/en\/70779\/\"><img decoding=\"async\" class=\"story-banner-img\" src=\"https:\/\/portal.hokuryu.info\/wp\/wp-content\/uploads\/2026\/04\/20260413-20180913_DSC8149.jpg\" alt=\"\u8fb2\u696d\u30fb\u30e1\u30ed\u30f3\" data-no-translation=\"\"><span class=\"story-banner-sub\">Agriculture - Melons<\/span><span class=\"story-banner-name\">The Story of Sunflower Melon Cultivation<\/span><\/a><\/div>\n<p><\/p>\n<div style=\"margin:24px 0 8px; border-left:4px solid #EF9F27; padding:10px 16px; background:#7aab6e; color:#ffffff; font-size:14px; font-weight:700; font-family:sans-serif; line-height:1.4;\">Hokuryu Town Sunflower Village<\/div>\n<div style=\"text-align: center;\" class=\"img-move\"><a class=\"ep-btn bgc-Lyellow ftc-VDgray brc-Vorange es-borderSolidS es-round es-shadow es-TpaddingS es-BpaddingS es-bold es-BTiconBorder icon-earth\" href=\"https:\/\/portal.hokuryu.info\/en\/sunflower\/\"><span style=\"font-size: 10pt;\">Sunflower Village<\/span><\/a>\u3000<a class=\"ep-btn bgc-Lyellow ftc-VDgray brc-Vorange es-borderSolidS es-round es-shadow es-TpaddingS es-BpaddingS es-bold es-BTiconBorder icon-spinner3\" href=\"https:\/\/portal.hokuryu.info\/en\/sunflower_bloom\/\"><span style=\"font-size: 10pt;\">Flowering status<\/span><\/a>\u3000<a class=\"ep-btn bgc-Lyellow ftc-VDgray brc-Vorange es-borderSolidS es-round es-shadow es-TpaddingS es-BpaddingS es-bold es-BTiconBorder icon-spinner4\" href=\"https:\/\/portal.hokuryu.info\/en\/sunflower_festival\/\"><span style=\"font-size: 10pt;\">event<\/span><\/a>\u3000<a class=\"ep-btn bgc-Lyellow ftc-VDgray brc-Vorange es-borderSolidS es-round es-shadow es-TpaddingS es-BpaddingS es-bold es-BTiconBorder icon-road\" href=\"https:\/\/portal.hokuryu.info\/en\/sunflower_directions\/\"><span style=\"font-size: 10pt;\">access<\/span><\/a>\u3000<a class=\"ep-btn bgc-Lyellow ftc-VDgray brc-Vorange es-borderSolidS es-round es-shadow es-TpaddingS es-BpaddingS es-bold es-BTiconBorder icon-images\" href=\"https:\/\/portal.hokuryu.info\/en\/sunflower_photos\/\"><span style=\"font-size: 10pt;\">image<\/span><\/a><\/div>\n<\/div>\n<h2 style=\"text-align:center; color:#2d3a6b;\">Recommended lunch restaurants<\/h2>\n<h3 style=\"text-align:center; color:#4a7a40;\">Hokuryu Town, Chichibetsu Town, Moseushi Town, Fukagawa City, Mashike Town<\/h3>\n<blockquote><p>\nHere are some restaurants within a 30-40 minute drive from Himawari no Sato. Restaurants within Hokuryu Town have been researched and verified by the Hokuryu Town Portal. For restaurants in surrounding areas, please refer to the latest information on Google Maps. Please enjoy the delicious rice from &quot;Northern Sorachi, Japan&#039;s rice-producing region,&quot; and the many dishes made with care using ingredients grown in the land of Hokkaido.\n<\/p><\/blockquote>\n<h2>Restaurant Map<span style=\"font-size:14px; font-weight:normal; color:#666;\">(Updated: May 12, 2026)<\/span><\/h2>\n<div style=\"text-align:center;\">\n<iframe src=\"https:\/\/www.google.com\/maps\/d\/u\/0\/embed?mid=1uq-GAcL_sg8e8I41YRxdKu2ngmsYdPU&#038;ehbc=2E312F&#038;noprof=1\" width=\"100%\" height=\"600\" style=\"border:0;\"><\/iframe>\n<\/div>\n<div style=\"text-align:center; margin-top:8px;\">\n<a href=\"https:\/\/www.google.com\/maps\/d\/u\/0\/viewer?mid=1uq-GAcL_sg8e8I41YRxdKu2ngmsYdPU\" target=\"_blank\" rel=\"noopener\" style=\"font-size:14px; color:#2d3a6b;\">View a larger Google Map here &gt;&gt;<\/a>\n<\/div>\n<h2>Shops in Hokuryu Town<span style=\"font-size:13px; font-weight:normal; color:#4a7a40; margin-left:8px;\">(Confirmed through portal interviews)<\/span><\/h2>\n<h3>Restaurant Fusha (Sunflower Park Hokuryu Onsen)<\/h3>\n\n        <div class=\"site-blogcard-premium\">\n            <div class=\"bc-label-custom\">Related articles<\/div>\n            <div class=\"bc-flex-container\">\n                <div class=\"bc-main-text\">\n                    <div class=\"bc-title-link-box\">\n                        <a href=\"https:\/\/sunflower-park.com\/restaurant\" target=\"_blank\">Restaurant Fusha - [Official] Sunflower Park Hotel \/ Hokuryu Onsen | Sunflower Village Hokuryu Town Natural Hot Springs and Roadside Station Hotel<\/a>\n                    <\/div>\n                    <div class=\"bc-excerpt-box\">We welcome you with a meal you can only enjoy here, made with plenty of ingredients from Hokuryu Town. We offer both tatami seating and table seating...<\/div>\n                <\/div>\n                <div class=\"bc-thumbnail-box\">\n                    <a href=\"https:\/\/sunflower-park.com\/restaurant\" target=\"_blank\">\n                        <div class=\"bc-img-zoom-wrap\">\n                            <img decoding=\"async\" src=\"https:\/\/sunflower-park.com\/sys\/wp-content\/uploads\/2025\/06\/main_restaurant.jpg\" alt=\"\u30ec\u30b9\u30c8\u30e9\u30f3\u98a8\u8eca - \u3010\u516c\u5f0f\u3011\u30b5\u30f3\u30d5\u30e9\u30ef\u30fc\u30d1\u30fc\u30af\u30db\u30c6\u30eb\uff0f\u5317\u7adc\u6e29\u6cc9\uff5c\u3072\u307e\u308f\u308a\u306e\u91cc\u5317\u7adc\u753a \u5929\u7136\u6e29\u6cc9\u3068\u9053\u306e\u99c5\u4f75\u8a2d\u30db\u30c6\u30eb\" class=\"skip-lazy\" loading=\"eager\" data-no-translation=\"\">\n                        <\/div>\n                    <\/a>\n                <\/div>\n            <\/div>\n        <\/div>\n<h3>Himawari Restaurant<\/h3>\n\n        <div class=\"site-blogcard-premium\">\n            <div class=\"bc-label-custom\">Related articles<\/div>\n            <div class=\"bc-flex-container\">\n                <div class=\"bc-main-text\">\n                    <div class=\"bc-title-link-box\">\n                        <a href=\"https:\/\/portal.hokuryu.info\/en\/category\/town-life\/personal\/dining-himawari\/\" target=\"_blank\">Himawari Restaurant (Category)<\/a>\n                    <\/div>\n                    <div class=\"bc-excerpt-box\">This page compiles articles and Instagram information about Himawari, a restaurant in Hokuryu Town.<\/div>\n                <\/div>\n                <div class=\"bc-thumbnail-box\">\n                    <a href=\"https:\/\/portal.hokuryu.info\/en\/category\/town-life\/personal\/dining-himawari\/\" target=\"_blank\">\n                        <div class=\"bc-img-zoom-wrap\">\n                            <img decoding=\"async\" src=\"https:\/\/lh3.googleusercontent.com\/p9SQqYTOZMuctMSlbG2wQzBPe27XN-joMGUZvQLWblznyndH1U-2VEkKHbs5Uio6rcc4_06HGpYFCOUpywi-bOackb54JvAldG9I-4AKs-c0B7iE_KbfcOmxQD-HAr8gdZYfM8m2xbU-QyUQVxK0dQngREGxb6bJ7Vdp6rqCCGeFFYzSS44DtPrNFSXYZewXVLVktLH5cU_5rHJXh-Yzfppz4Nt9NELciy4PAAwLwzNh_06EEilAxNMzksT4AOyMSN3hXonEoz-GIBZTUCpBquPj-c2MFLI6Ys1Sq6m5ESVWeTvYpF04GQIIGubo7To7s6lsvnkQobx9uwStbGYjVD9OAmsnOz2-p_XndwcTVe7pi11hWJDyW1pA_JDA4U3IcCvQv8_6YG2s1096YJlloB6pvTI2_YO6o09UZGov2AZqNCLVrQy9Dss2LbM_m6ENn44bHc-HTx32QENkvqWzfDWw6-96cSaixYpBj5ABa8IeI-he3Lepy8HCnyUGuXLuzPghrC6ildwOjAOJyji6Ezr6qLF8K17iK9eodwDAjvwLZ0yM2UaQol-BHu3940NHa_BjFyLHRrCMgI52sGV09ClsBvpEm00M_PB-SxVuZouWcbvnNeHNWc8yHzqaicI_svIsl8c7htC_1jdVsNRsC30MiYzG8NV3=w1373-h915-no\" alt=\"\u304a\u98df\u4e8b\u51e6\u5411\u65e5\u8475\uff08\u30ab\u30c6\u30b4\u30ea\u30fc\uff09\" class=\"skip-lazy\" loading=\"eager\" data-no-translation=\"\">\n                        <\/div>\n                    <\/a>\n                <\/div>\n            <\/div>\n        <\/div>\n<h3>Kitchen Harebare<\/h3>\n\n        <div class=\"site-blogcard-premium\">\n            <div class=\"bc-label-custom\">Related articles<\/div>\n            <div class=\"bc-flex-container\">\n                <div class=\"bc-main-text\">\n                    <div class=\"bc-title-link-box\">\n                        <a href=\"https:\/\/portal.hokuryu.info\/en\/category\/town-life\/personal\/kitchen_harebare\/\" target=\"_blank\">Kitchen Harebare (Category)<\/a>\n                    <\/div>\n                    <div class=\"bc-excerpt-box\">2025\u5e742\u6708\u30aa\u30fc\u30d7\u30f3\u3002\u5730\u5143\u306b\u611b\u3055\u308c\u308b\u6d0b\u98df\u5e97\u300cKitchen \u6674\u6674\u300d\u306e\u6700\u65b0\u60c5\u5831\u306f\u3053\u3061\u3089\u3002<\/div>\n                <\/div>\n                <div class=\"bc-thumbnail-box\">\n                    <a href=\"https:\/\/portal.hokuryu.info\/en\/category\/town-life\/personal\/kitchen_harebare\/\" target=\"_blank\">\n                        <div class=\"bc-img-zoom-wrap\">\n                            <img decoding=\"async\" src=\"https:\/\/lh3.googleusercontent.com\/pw\/AP1GczMw4fIB87-NxipdQWPp79_IKb9tK46QYRNVCwEx5-_P-Hp6cMlWE6y0Vpr31axPLz0EAtncaCQmntw_5gqTIYm_F1aj7OQQUi6KrWuF7s3NfGuCCfubLKj6nU5DoxyDXzNAtqkfX2GnkxMIMWKDVek-=w2000-h1500-s-no-gm?authuser=0\" alt=\"Kitchen \u6674\u6674\uff08\u30ad\u30c3\u30c1\u30f3 \u306f\u308c\u3070\u308c\uff09\uff08\u30ab\u30c6\u30b4\u30ea\u30fc\uff09\" class=\"skip-lazy\" loading=\"eager\" data-no-translation=\"\">\n                        <\/div>\n                    <\/a>\n                <\/div>\n            <\/div>\n        <\/div>\n<h3>Restaurant Ryusai<\/h3>\n\n        <div class=\"site-blogcard-premium\">\n            <div class=\"bc-label-custom\">Related articles<\/div>\n            <div class=\"bc-flex-container\">\n                <div class=\"bc-main-text\">\n                    <div class=\"bc-title-link-box\">\n                        <a href=\"https:\/\/portal.hokuryu.info\/en\/72237\/\" target=\"_blank\">Ry\u016bsai, a cozy, stand-alone restaurant, has opened in Hokury\u016b-ch\u014d on the Mashike-Inada Prefectural Road!<\/a>\n                    <\/div>\n                    <div class=\"bc-excerpt-box\">Wednesday, March 24, 2026. Located in a quiet area surrounded by mountains and fields along the Mashike-Inada Prefectural Road, on Tuesday, March 17, we will be serving meals...<\/div>\n                <\/div>\n                <div class=\"bc-thumbnail-box\">\n                    <a href=\"https:\/\/portal.hokuryu.info\/en\/72237\/\" target=\"_blank\">\n                        <div class=\"bc-img-zoom-wrap\">\n                            <img decoding=\"async\" src=\"https:\/\/portal.hokuryu.info\/wp\/wp-content\/uploads\/2026\/03\/20260323-IMG_4605-1.jpg\" alt=\"\u304a\u98df\u4e8b\u51e6 \u9f8d\u5f69\uff08\u308a\u3085\u3046\u3055\u3044\uff09\u3042\u305f\u305f\u304b\u306a\u4e00\u8ed2\u5bb6\u306e\u98df\u5802\u30fb\u5317\u7adc\u753a \u9053\u9053\u5897\u6bdb\u7a32\u7530\u7dda\u306b\u30aa\u30fc\u30d7\u30f3\uff01\" class=\"skip-lazy\" loading=\"eager\" data-no-translation=\"\">\n                        <\/div>\n                    <\/a>\n                <\/div>\n            <\/div>\n        <\/div>\n<h2>Shops in the surrounding area<span style=\"font-size:13px; font-weight:normal; color:#666; margin-left:8px;\">(Please check Google Maps for the latest information.)<\/span><\/h2>\n<h3>Chippubetsu Town<\/h3>\n<ul>\n<li><a href=\"https:\/\/maps.app.goo.gl\/H9fWKKNdppDfWCJn8\" target=\"_blank\" rel=\"noopener\"><strong>Kitchen House Kojima<\/strong><\/a>Their specialty is &quot;Green Neapolitan,&quot; made with broccoli from Chichibetsu.<\/li>\n<li><a href=\"https:\/\/maps.app.goo.gl\/SxZsd6ZNTVbPCByUA\" target=\"_blank\" rel=\"noopener\"><strong>Mochi sweets and cafe Nichinichi<\/strong><\/a>Handmade mochi made with locally sourced ingredients, primarily for takeout.<\/li>\n<\/ul>\n<h3>Moseushicho<\/h3>\n<ul>\n<li><a href=\"https:\/\/maps.app.goo.gl\/9aiyaiC4UFxKi3VKA\" target=\"_blank\" rel=\"noopener\"><strong>Ajidokoro Yonezato (Beily)<\/strong><\/a>Hearty dishes featuring Shiretoko pork. *Currently operating in a temporary location due to hot spring renovations. Advance confirmation recommended.<\/li>\n<\/ul>\n<h3>Fukagawa City<\/h3>\n<ul>\n<li><a href=\"https:\/\/maps.app.goo.gl\/wzWQiLaeykF47TZw6\" target=\"_blank\" rel=\"noopener\"><strong>Kikusushi<\/strong><\/a>A long-established sushi restaurant founded in 1962, popular for its reasonably priced lunches.<\/li>\n<li><a href=\"https:\/\/maps.app.goo.gl\/NbuSLUHM9pe2eYFHA\" target=\"_blank\" rel=\"noopener\"><strong>Restaurant Monsieur Sandakan<\/strong><\/a>Homemade sausages, rice cooked in a traditional pot, and freshly roasted coffee.<\/li>\n<li><a href=\"https:\/\/maps.app.goo.gl\/sKq1bBEegPK8nbFy5\" target=\"_blank\" rel=\"noopener\"><strong>Red windmill<\/strong><\/a>A clean and tidy restaurant converted from a former fire station.<\/li>\n<li><a href=\"https:\/\/maps.app.goo.gl\/Sv2dyetUnBegMBgE6\" target=\"_blank\" rel=\"noopener\"><strong>Soup Curry Sendo<\/strong><\/a>Ishinabe, the only soup curry specialty restaurant in Fukagawa, serves hot soup curry until the very last bite.<\/li>\n<\/ul>\n<h3>Mashike Town<\/h3>\n<ul>\n<li><a href=\"https:\/\/maps.app.goo.gl\/q9bXQTfjC65M6ujGA\" target=\"_blank\" rel=\"noopener\"><strong>Matsukura Sushi<\/strong><\/a>Our specialty is a jumbo raw sushi bowl overflowing with sweet shrimp caught that morning.<\/li>\n<\/ul>\n<h2>Nearby tourist attractions<\/h2>\n<h3>Rose Garden Chippubetsu (Chichibetsu Town)<\/h3>\n<div class=\"sitecard\">\n<div class=\"sitecard__subtitle\">Rose Garden Chippubetsu<\/div>\n<div class=\"column column-273\">\n<div class=\"column__item\"><span style=\"font-size:medium;\">300 varieties and 3,000 rose bushes\u2014a magnificent sight. The colorful roses bloom across a gently sloping hillside, covering an area of approximately 3,000 square meters.<br \/>\n<span style=\"color:#ff9900;\">\u25b6<\/span> <a href=\"https:\/\/rosegarden-chippubetsu.com\/index.html\" target=\"_blank\" rel=\"nofollow noopener\"><strong>For more details, please visit [Rose Garden Chippubetsu] &gt;&gt;<\/strong><\/a><\/span><\/div>\n<div class=\"column__item\"><img decoding=\"async\" src=\"https:\/\/lh3.googleusercontent.com\/pw\/AM-JKLUkkn4erIo15-dUCmTDihmQ-XI17mZc-AYww8bCCFcxTuF_Gzh9MYbzMAm845G1xs9550aLC5cHRBLTdfhGUl4iaslrUpR7MiJ24AyxP9YWjEzh375lv-PePs13yuSEyJKy33zSWhbkfmxd9srCKDzn4A=w2000-h1333-no?authuser=0\" alt=\"\u30ed\u30fc\u30ba\u30ac\u30fc\u30c7\u30f3\u3061\u3063\u3077\u3079\u3064\" data-no-translation=\"\"><\/div>\n<\/div>\n<\/div>\n<h3>Senbodai (Rumoi City)<\/h3>\n<div class=\"sitecard\">\n<div class=\"sitecard__subtitle\">Senbodai<\/div>\n<div class=\"column column-273\">\n<div class=\"column__item\"><span style=\"font-size:medium;\">Located 180 meters above sea level, Senbodai offers panoramic views of Rumoi city. On clear days, the silhouette of Rishiri Island can be seen, and to the south, the majestic peaks of Shokanbetsu Quasi-National Park can be admired.<br \/>\n<span style=\"color:#ff9900;\">\u25b6<\/span> <a href=\"https:\/\/www.rumoi-rasisa.jp\/web\/rumoimeguri\/senbodai\/\" target=\"_blank\" rel=\"noopener\"><strong>For more details, please visit the Rumoi Tourism Association website.<\/strong><\/a><\/span><\/div>\n<div class=\"column__item\"><img decoding=\"async\" src=\"https:\/\/portal.hokuryu.info\/wp\/wp-content\/uploads\/2021\/07\/senbodai1-1.jpg\" alt=\"\u5343\u671b\u53f0\" data-no-translation=\"\"><\/div>\n<\/div>\n<\/div>\n<div class=\"img-move\">\n<a href=\"https:\/\/portal.hokuryu.info\/en\/62509\/\">\ud83d\udd8b\ufe0f Content planning, article writing, photo selection, and video creation: Ikuko Terauchi<img decoding=\"async\" style=\"vertical-align: middle;\" src=\"https:\/\/ehokkaido.net\/wp-content\/uploads\/2021\/12\/2021-12-06-11.41.12.png\" data-no-translation=\"\" \/> Photography, editing, and website management: Noboru Terauchi<\/a>(Updated May 12, 2026)<\/div>\n<p>\u25c7<\/p>","protected":false},"excerpt":{"rendered":"<p>\u5317\u7adc\u753a\u306e\u9b42\u306b\u89e6\u308c\u308b5\u3064\u306e\u7269\u8a9e \u3072\u307e\u308f\u308a\u30fb\u6b74\u53f2\u3072\u307e\u308f\u308a\u307e\u3064\u308a\u7269\u8a9e\u8fb2\u696d\u30fb\u98df\u3068\u547d\u3072\u307e\u308f\u308a\u30e9\u30a4\u30b9\u7269\u8a9e\u8fb2\u696d\u30fb\u9ed2\u5343\u77f3\u5e7b\u306e\u9ed2\u5343\u77f3\u5927\u8c46\u7269\u8a9e\u8fb2\u696d\u30fb\u3059\u3044\u304b\u3072\u307e\u308f\u308a\u3059\u3044\u304b\u683d\u57f9\u7269\u8a9e\u8fb2\u696d\u30fb\u30e1\u30ed\u30f3\u3072\u307e\u308f\u308a\u30e1\u30ed\u30f3\u683d\u57f9\u7269\u8a9e \u5317\u7adc\u753a\u3072 [&hellip;]<\/p>\n","protected":false},"author":1,"featured_media":10144,"parent":0,"menu_order":0,"comment_status":"closed","ping_status":"closed","template":"","meta":{"footnotes":""},"class_list":["post-9275","page","type-page","status-publish","has-post-thumbnail","hentry"],"_links":{"self":[{"href":"https:\/\/portal.hokuryu.info\/en\/wp-json\/wp\/v2\/pages\/9275","targetHints":{"allow":["GET"]}}],"collection":[{"href":"https:\/\/portal.hokuryu.info\/en\/wp-json\/wp\/v2\/pages"}],"about":[{"href":"https:\/\/portal.hokuryu.info\/en\/wp-json\/wp\/v2\/types\/page"}],"author":[{"embeddable":true,"href":"https:\/\/portal.hokuryu.info\/en\/wp-json\/wp\/v2\/users\/1"}],"replies":[{"embeddable":true,"href":"https:\/\/portal.hokuryu.info\/en\/wp-json\/wp\/v2\/comments?post=9275"}],"version-history":[{"count":17,"href":"https:\/\/portal.hokuryu.info\/en\/wp-json\/wp\/v2\/pages\/9275\/revisions"}],"predecessor-version":[{"id":74793,"href":"https:\/\/portal.hokuryu.info\/en\/wp-json\/wp\/v2\/pages\/9275\/revisions\/74793"}],"wp:featuredmedia":[{"embeddable":true,"href":"https:\/\/portal.hokuryu.info\/en\/wp-json\/wp\/v2\/media\/10144"}],"wp:attachment":[{"href":"https:\/\/portal.hokuryu.info\/en\/wp-json\/wp\/v2\/media?parent=9275"}],"curies":[{"name":"wp","href":"https:\/\/api.w.org\/{rel}","templated":true}]}}