{"id":9272,"date":"2021-05-21T14:00:57","date_gmt":"2021-05-21T05:00:57","guid":{"rendered":"https:\/\/portal.hokuryu.info\/?page_id=9272"},"modified":"2026-04-15T10:04:27","modified_gmt":"2026-04-15T01:04:27","slug":"gun%c9%99baxan_istiqam%c9%99tl%c9%99ri","status":"publish","type":"page","link":"https:\/\/portal.hokuryu.info\/az\/sunflower_directions\/","title":{"rendered":"Hokuryu Town Himawari no Sato&#039;ya (G\u00fcn\u0259baxan K\u0259ndin\u0259) giri\u015f (avtomobil, JR v\u0259 ya ekspress avtobusla)"},"content":{"rendered":"<div class=\"story-banner\">\n<p class=\"story-banner-title\">Hokuryu \u015f\u0259h\u0259rinin ruhuna toxunan be\u015f hekay\u0259<\/p>\n<div class=\"story-banner-grid\"><a href=\"https:\/\/portal.hokuryu.info\/az\/64463\/\"><img decoding=\"async\" class=\"story-banner-img\" src=\"https:\/\/portal.hokuryu.info\/wp\/wp-content\/uploads\/2026\/04\/20260413-20220804LUBU6108.jpg\" alt=\"G\u00fcn\u0259baxan Festival\u0131 Hekay\u0259si\"><span class=\"story-banner-sub\">G\u00fcn\u0259baxanlar v\u0259 Tarix<\/span><span class=\"story-banner-name\">G\u00fcn\u0259baxan Festival\u0131 Hekay\u0259si<\/span><\/a><a href=\"https:\/\/portal.hokuryu.info\/az\/70781\/\"><img decoding=\"async\" class=\"story-banner-img\" src=\"https:\/\/portal.hokuryu.info\/wp\/wp-content\/uploads\/2026\/04\/20260413-2ee454639d49581b086f096a4cad8a35.jpg\" alt=\"K\u0259nd T\u0259s\u0259rr\u00fcfat\u0131, Qida v\u0259 H\u0259yat\"><span class=\"story-banner-sub\">K\u0259nd T\u0259s\u0259rr\u00fcfat\u0131, Qida v\u0259 H\u0259yat<\/span><span class=\"story-banner-name\">G\u00fcn\u0259baxan D\u00fcy\u00fc Hekay\u0259si<\/span><\/a><a href=\"https:\/\/portal.hokuryu.info\/az\/65955\/\"><img decoding=\"async\" class=\"story-banner-img\" src=\"https:\/\/portal.hokuryu.info\/wp\/wp-content\/uploads\/2026\/04\/20260413-ac3c8e2e56926a378ae45ee5011703e2.jpg\" alt=\"K\u0259nd T\u0259s\u0259rr\u00fcfat\u0131 - Kurosenkoku\"><span class=\"story-banner-sub\">K\u0259nd T\u0259s\u0259rr\u00fcfat\u0131 - Kurosenkoku<\/span><span class=\"story-banner-name\">Qara Sengoku Soyas\u0131n\u0131n \u018ffsan\u0259si<\/span><\/a><a href=\"https:\/\/portal.hokuryu.info\/az\/64650\/\"><img decoding=\"async\" class=\"story-banner-img\" src=\"https:\/\/portal.hokuryu.info\/wp\/wp-content\/uploads\/2026\/04\/20250925-Gemini_Generated_Image_xnrnb2xnrnb2xnrn.jpg\" alt=\"K\u0259nd t\u0259s\u0259rr\u00fcfat\u0131 - Qarp\u0131z\"><span class=\"story-banner-sub\">K\u0259nd t\u0259s\u0259rr\u00fcfat\u0131 - Qarp\u0131z<\/span><span class=\"story-banner-name\">G\u00fcn\u0259baxan v\u0259 qarp\u0131z yeti\u015fdirilm\u0259sinin hekay\u0259si<\/span><\/a><a href=\"https:\/\/portal.hokuryu.info\/az\/70779\/\"><img decoding=\"async\" class=\"story-banner-img\" src=\"https:\/\/portal.hokuryu.info\/wp\/wp-content\/uploads\/2026\/04\/20260413-20180913_DSC8149.jpg\" alt=\"K\u0259nd t\u0259s\u0259rr\u00fcfat\u0131 - Qovunlar\"><span class=\"story-banner-sub\">K\u0259nd t\u0259s\u0259rr\u00fcfat\u0131 - Qovunlar<\/span><span class=\"story-banner-name\">G\u00fcn\u0259baxan Qovununun Yeti\u015fdirilm\u0259sinin Hekay\u0259si<\/span><\/a><\/div>\n<p><\/p>\n<div style=\"margin:24px 0 8px; border-left:4px solid #EF9F27; padding:10px 16px; background:#7aab6e; color:#ffffff; font-size:14px; font-weight:700; font-family:sans-serif; line-height:1.4;\">Hokuryu q\u0259s\u0259b\u0259si G\u00fcn\u0259baxan k\u0259ndi<\/div>\n<div class=\"img-move\">\n<div style=\"text-align: center\"><a class=\"ep-btn bgc-Lyellow ftc-VDgray brc-Vorange es-borderSolidS es-round es-shadow es-TpaddingS es-BpaddingS es-bold es-BTiconBorder icon-earth\" href=\"https:\/\/portal.hokuryu.info\/az\/gun%c9%99baxan\/\"><span style=\"font-size: 10pt;\">G\u00fcn\u0259baxan k\u0259ndi<\/span><\/a>\u3000<a class=\"ep-btn bgc-Lyellow ftc-VDgray brc-Vorange es-borderSolidS es-round es-shadow es-TpaddingS es-BpaddingS es-bold es-BTiconBorder icon-spinner3\" href=\"https:\/\/portal.hokuryu.info\/az\/gun%c9%99baxan_cic%c9%99yi\/\"><span style=\"font-size: 10pt;\">\u00c7i\u00e7\u0259kl\u0259m\u0259 v\u0259ziyy\u0259ti<\/span><\/a>\u3000<a class=\"ep-btn bgc-Lyellow ftc-VDgray brc-Vorange es-borderSolidS es-round es-shadow es-TpaddingS es-BpaddingS es-bold es-BTiconBorder icon-spinner4\" href=\"https:\/\/portal.hokuryu.info\/az\/gun%c9%99baxan_festivali\/\"><span style=\"font-size: 10pt;\">hadis\u0259<\/span><\/a>\u3000<a class=\"ep-btn bgc-Lyellow ftc-VDgray brc-Vorange es-borderSolidS es-round es-shadow es-TpaddingS es-BpaddingS es-bold es-BTiconBorder icon-spoon-knife\" href=\"https:\/\/portal.hokuryu.info\/az\/gun%c9%99baxan_nahar\/\"><span style=\"font-size: 10pt;\">nahar<\/span><\/a>\u3000<a class=\"ep-btn bgc-Lyellow ftc-VDgray brc-Vorange es-borderSolidS es-round es-shadow es-TpaddingS es-BpaddingS es-bold es-BTiconBorder icon-images\" href=\"https:\/\/portal.hokuryu.info\/az\/gun%c9%99baxan_fotolari\/\"><span style=\"font-size: 10pt;\">\u015f\u0259kil<\/span><\/a><\/div>\n<h2>Giri\u015f\/Ma\u015f\u0131n<\/h2>\n<p>\u30fbHimawari Turizm M\u0259rk\u0259zi:<br \/>\n143-2 Itaya, Hokuryu-cho, Uryu-gun, Hokkaydo Tel: 0164-34-2082<\/p>\n<h3>X\u0259rit\u0259<\/h3>\n<h4>Sapporo stansiyas\u0131 - Himawari no Sato<\/h4>\n<div style=\"text-align: center;\"><iframe src=\"https:\/\/www.google.com\/maps\/embed?pb=!1m28!1m12!1m3!1d742084.9719362865!2d141.12762467798586!3d43.402748595752904!2m3!1f0!2f0!3f0!3m2!1i1024!2i768!4f13.1!4m13!3e0!4m5!1s0x5f0b2974d2c3f903%3A0xa5e2b18cdd4a47a5!2z5pyt5bmM6aeF44CB44CSMDYwLTA4MDYg5YyX5rW36YGT5pyt5bmM5biC5YyX5Yy65YyX77yW5p2h6KW_77yU5LiB55uu!3m2!1d43.0686606!2d141.3507553!4m5!1s0x5f0c8ebf210b4f43%3A0x75854b29c114c5ff!2z5YyX5rW36YGT5YyX56uc55S65p2_6LC377yR77yU77yT4oiS77ySIOOBsuOBvuOCj-OCiuims-WFieOCu-ODs-OCv-ODvA!3m2!1d43.7407985!2d141.8726724!5e0!3m2!1sja!2sjp!4v1621254823970!5m2!1sja!2sjp\" width=\"600\" height=\"450\" style=\"border:0;\" allowfullscreen=\"\" loading=\"lazy\"><\/iframe><br \/>\n<a href=\"https:\/\/goo.gl\/maps\/mTh48K4GQg1AGqeC9\" target=\"_blank\" rel=\"noopener\">[Sapporo Station - Himawari no Sato] Google Maps Daha b\u00f6y\u00fck x\u0259rit\u0259d\u0259 bax\u0131n<\/a><\/div>\n<h4>Asahikawa hava liman\u0131 - Himawari no Sato<\/h4>\n<div style=\"text-align: center;\"><iframe src=\"https:\/\/www.google.com\/maps\/embed?pb=!1m28!1m12!1m3!1d737858.2773893764!2d141.6072188522056!3d43.74672028208025!2m3!1f0!2f0!3f0!3m2!1i1024!2i768!4f13.1!4m13!3e0!4m5!1s0x5f0cc326770c8515%3A0xcd854004eb7c1a3d!2z5YyX5rW36YGT5p2x56We5qW955S65p2x77yS57eaIOaXreW3neepuua4rw!3m2!1d43.6704225!2d142.454608!4m5!1s0x5f0c8ebf210b4f43%3A0x75854b29c114c5ff!2z5YyX5rW36YGT5YyX56uc55S65p2_6LC377yR77yU77yT4oiS77ySIOOBsuOBvuOCj-OCiuims-WFieOCu-ODs-OCv-ODvA!3m2!1d43.7407985!2d141.8726724!5e0!3m2!1sja!2sjp!4v1621807022034!5m2!1sja!2sjp\" width=\"600\" height=\"450\" style=\"border:0;\" allowfullscreen=\"\" loading=\"lazy\"><\/iframe><br \/>\n<a href=\"https:\/\/goo.gl\/maps\/rcbHZHsKhGpuk9DbA\" target=\"_blank\" rel=\"noopener\">[Asahikawa Airport - Himawari no Sato] Google Maps B\u00f6y\u00fck x\u0259rit\u0259y\u0259 bax\u0131n<\/a><\/div>\n<h3>m\u0259saf\u0259<\/h3>\n<div class=\"column column-2\">\n<div class=\"column__item\">\n<ul>\n<li>New Chitose Hava Liman\u0131ndan t\u0259xmin\u0259n 160 km<\/li>\n<li>Sapporo stansiyas\u0131ndan t\u0259xmin\u0259n 120 km<\/li>\n<li>Asahikawa hava liman\u0131ndan t\u0259xmin\u0259n 70 km<\/li>\n<li>Asahikawa stansiyas\u0131ndan t\u0259xmin\u0259n 50 km<\/li>\n<\/ul>\n<\/div>\n<div class=\"column__item\">\n<ul>\n<li>Rumoi stansiyas\u0131ndan t\u0259xmin\u0259n 40 km<\/li>\n<li>Furano stansiyas\u0131ndan t\u0259xmin\u0259n 80 km<\/li>\n<\/ul>\n<\/div>\n<\/div>\n<h3>Dayanacaq v\u0259 tualet<\/h3>\n<ul>\n<li>pulsuz<\/li>\n<li>G\u00fcnd\u0259 24 saat m\u00f6vcuddur<\/li>\n<li>Dayanacaqda tualet m\u00f6vcuddur (\u0259lill\u0259r \u00fc\u00e7\u00fcn tualetl\u0259r m\u00f6vcuddur)<\/li>\n<li>500 adi ma\u015f\u0131n, kampervanlar OK, 15 iri avtobus<\/li>\n<\/ul>\n<h3>T\u0259yinat\u0131n\u0131z\u0131 avtomobilinizin naviqasiya sisteminiz\u0259 daxil etm\u0259k \u00fc\u00e7\u00fcn istinad<\/h3>\n<h4>Giri\u015f n\u00fcmun\u0259si<\/h4>\n<ul>\n<li>Obyektl\u0259r \u00fc\u00e7\u00fcn: Himawari Turizm M\u0259rk\u0259zi<\/li>\n<li>\u00dcnvan: 143-2 Itaya, Hokuryu-cho, Uryu-gun, Hokkaydo<\/li>\n<li>Yax\u0131nl\u0131qdak\u0131 obyektl\u0259r \u00fc\u00e7\u00fcn: Hokuryu B\u0259l\u0259diyy\u0259 Orta M\u0259kt\u0259bi<\/li>\n<\/ul>\n<h2>Giri\u015f\/ictimai n\u0259qliyyat (JR\/avtobus) axtar\u0131\u015f\u0131<\/h2>\n<h3>Google X\u0259rit\u0259l\u0259rd\u0259n istifad\u0259 ed\u0259r\u0259k ictimai n\u0259qliyyat mar\u015frutlar\u0131n\u0131 axtar\u0131n<\/h3>\n<p>\u30fbS\u0259yah\u0259tinizin tarixini v\u0259 vaxt\u0131n\u0131 t\u0259yin etm\u0259k v\u0259 mar\u015frutu yoxlamaq \u00fc\u00e7\u00fcn Google X\u0259rit\u0259d\u0259n istifad\u0259 etm\u0259yi t\u00f6vsiy\u0259 edirik. Axtard\u0131\u011f\u0131n\u0131z zaman JR v\u0259 ya Chuo Bus istifad\u0259 ed\u0259r\u0259k \u0259n uy\u011fun mar\u015frut g\u00f6st\u0259ril\u0259c\u0259k.<\/p>\n<div style=\"text-align: center;\"><iframe src=\"https:\/\/www.google.com\/maps\/embed?pb=!1m28!1m12!1m3!1d742224.0333076994!2d141.0816786544958!3d43.3913946327463!2m3!1f0!2f0!3f0!3m2!1i1024!2i768!4f13.1!4m13!3e3!4m5!1s0x5f0b2974d2c3f903%3A0xa5e2b18cdd4a47a5!2z44CSMDYwLTA4MDYg5YyX5rW36YGT5pyt5bmM5biC5YyX5Yy65YyX77yW5p2h6KW_77yU5LiB55uuIOacreW5jOmnhQ!3m2!1d43.0686606!2d141.3507553!4m5!1s0x5f0c8ebf210b4f43%3A0x75854b29c114c5ff!2z5YyX5rW36YGT5YyX56uc55S65p2_6LC377yR77yU77yT4oiS77ySIOOBsuOBvuOCj-OCiuims-WFieOCu-ODs-OCv-ODvA!3m2!1d43.7407985!2d141.8726724!5e0!3m2!1sja!2sjp!4v1621254913812!5m2!1sja!2sjp\" width=\"600\" height=\"450\" style=\"border:0;\" allowfullscreen=\"\" loading=\"lazy\"><\/iframe><br \/>\n<a href=\"https:\/\/goo.gl\/maps\/PFC6QXqZCME8pDr28\" target=\"_blank\" rel=\"noopener\">Google X\u0259rit\u0259l\u0259r Daha b\u00f6y\u00fck x\u0259rit\u0259y\u0259 bax\u0131n<\/a><\/div>\n<h3>Giri\u015f: JR<\/h3>\n<h4>T\u0259l\u0259b olunan vaxt v\u0259 x\u0259rc<\/h4>\n<p>\u30fbS\u0259yah\u0259t vaxtlar\u0131 v\u0259 qiym\u0259tl\u0259r (gedi\u015f haqq\u0131 + ekspress gedi\u015f haqq\u0131 [ehtiyats\u0131z oturma]) 2025-ci ilin iyun ay\u0131na kimidir.<\/p>\n<p>* Vaxt kimi t\u0259f\u0259rr\u00fcatlar \u00fc\u00e7\u00fcn bax\u0131n &quot;<a href=\"https:\/\/goo.gl\/maps\/PFC6QXqZCME8pDr28\" target=\"_blank\" rel=\"noopener\">Google X\u0259rit\u0259 Axtar\u0131\u015f\u0131<\/a>&quot;,<a href=\"https:\/\/jrhokkaidonorikae.com\/pc\/\" target=\"_blank\" rel=\"nofollow noopener\">JR Hokkaido - C\u0259dv\u0259l v\u0259 gedi\u015f haqq\u0131 axtar\u0131\u015f\u0131<\/a>Z\u0259hm\u0259t olmasa istifad\u0259 edin &quot; v\u0259 s.<\/p>\n<table class=\"aligncenter\" border=\"2\" cellspacing=\"5\" cellpadding=\"5\">\n<tbody>\n<tr>\n<td style=\"text-align: center; background-color: #aeafac;\"><span style=\"color: #ffffff;\"><strong>b\u00f6lm\u0259<\/strong><\/span><\/td>\n<td style=\"text-align: center; background-color: #aeafac;\"><span style=\"color: #ffffff;\"><strong>Qatar\u0131n ad\u0131<\/strong><\/span><\/td>\n<td style=\"text-align: center; background-color: #aeafac;\"><span style=\"color: #ffffff;\"><strong>S\u0259yah\u0259t vaxt\u0131<\/strong><\/span><\/td>\n<td style=\"text-align: center; background-color: #aeafac;\"><span style=\"color: #ffffff;\"><strong>M\u0259bl\u0259\u011f<\/strong><\/span><\/td>\n<\/tr>\n<tr>\n<td>Sapporo stansiyas\u0131 - Takikawa stansiyas\u0131<\/td>\n<td>Ekspress qatar (rezervsiz oturacaq)<\/td>\n<td style=\"text-align: right;\">T\u0259xmin\u0259n 50 d\u0259qiq\u0259<\/td>\n<td style=\"text-align: right;\">3,170 yen<\/td>\n<\/tr>\n<tr>\n<td>Yen\u0259 orada.<\/td>\n<td>Yerli qatarlar<\/td>\n<td style=\"text-align: right;\">1,5-2 saat<\/td>\n<td style=\"text-align: right;\">2020 yen<\/td>\n<\/tr>\n<tr>\n<td>Sapporo Station - Takikawa Station - Imobeushi Station (sonra taksi il\u0259)<\/td>\n<td>Ekspress qatar (rezervsiz oturacaq)<\/td>\n<td style=\"text-align: right;\">T\u0259xmin\u0259n 1 saat 10 d\u0259qiq\u0259<\/td>\n<td style=\"text-align: right;\">3,390 yen<\/td>\n<\/tr>\n<tr>\n<td>Sapporo stansiyas\u0131 - Fukaqava stansiyas\u0131<\/td>\n<td>Ekspress qatar (rezervsiz oturacaq)<\/td>\n<td style=\"text-align: right;\">T\u0259xmin\u0259n 1 saat<\/td>\n<td style=\"text-align: right;\">4,360 yen<\/td>\n<\/tr>\n<tr>\n<td>Yen\u0259 orada.<\/td>\n<td>Yerli qatarlar<\/td>\n<td style=\"text-align: right;\">T\u0259xmin\u0259n 2 saat<\/td>\n<td style=\"text-align: right;\">2530 yen<\/td>\n<\/tr>\n<tr>\n<td>Yeni Chitose Hava Liman\u0131 - Takikawa Stansiyas\u0131<\/td>\n<td>Ekspress qatardan istifad\u0259 edin (rezervsiz oturacaq) (Sapporo stansiyas\u0131nda transfer [Aeroport stansiyas\u0131ndan s\u00fcr\u0259tli qatar])<\/td>\n<td style=\"text-align: right;\">T\u0259xmin\u0259n 1 saat 50 d\u0259qiq\u0259<\/td>\n<td style=\"text-align: right;\">3,700 yen<\/td>\n<\/tr>\n<tr>\n<td>Yeni Chitose Hava Liman\u0131 - Fukagawa Stansiyas\u0131<\/td>\n<td>Ekspress qatardan istifad\u0259 edin (rezervsiz oturacaq) (Sapporo stansiyas\u0131nda transfer [Aeroport stansiyas\u0131ndan s\u00fcr\u0259tli qatar])<\/td>\n<td style=\"text-align: right;\">T\u0259xmin\u0259n 2 saat<\/td>\n<td style=\"text-align: right;\">5,370 yen<\/td>\n<\/tr>\n<tr>\n<td>Asahikawa Station - Fukagawa Station<\/td>\n<td>Yerli qatarlar<\/td>\n<td style=\"text-align: right;\">T\u0259xmin\u0259n 20 d\u0259qiq\u0259<\/td>\n<td style=\"text-align: right;\">800 yen<\/td>\n<\/tr>\n<\/tbody>\n<\/table>\n<h3>Giri\u015f: JR + Taksi<\/h3>\n<ul>\n<li>Sapporo Station - JR Express - Takikawa Station - JR Lokal - Imoseushi Station - Yapon \u0130car\u0259si (Taksi) - Himawari no Sato<\/li>\n<li>Wa Hire (Hokuryu q\u0259s\u0259b\u0259sind\u0259 taksi \u015firk\u0259ti): Tel: 0164-34-2659<br \/>\n(Q\u0259bul: Bazar ert\u0259si-\u015e\u0259nb\u0259 08:30-18:30<\/li>\n<li>M\u0259saf\u0259 v\u0259 gedi\u015f haqq\u0131: Imoseushi Stansiyas\u0131ndan Himawari no Satoya q\u0259d\u0259r: t\u0259xmin\u0259n 11 km (t\u0259xmin\u0259n 4000 yen)<\/li>\n<li>G\u00f6t\u00fcrm\u0259 haqq\u0131: Pulsuz<\/li>\n<\/ul>\n<h3>Giri\u015f, Ekspres Avtobus, Rumoi-go<\/h3>\n<h4>Himawari no Sato yax\u0131nl\u0131\u011f\u0131nda avtobus dayanaca\u011f\u0131<\/h4>\n<p>Bu avtobus yaln\u0131z G\u00fcn\u0259baxan bayram\u0131 zaman\u0131 burada dayan\u0131r.<\/p>\n<ul>\n<li>avtobus dayanaca\u011f\u0131:<strong>&quot;Hokuryu Tam Orta M\u0259kt\u0259bi&quot;<\/strong>Tam qar\u015f\u0131n\u0131zda (G\u00fcn\u0259baxan k\u0259ndi)<\/li>\n<li>Oraya nec\u0259 \u00e7atmaq olar: [Sapporo Stansiyas\u0131ndan] &quot;Sapporo Ekimae Terminal\u0131&quot;<strong>Express Rumoi (Takikawa v\u0259 Uryu vasit\u0259sil\u0259)<\/strong><\/li>\n<p>* Rezervasyon t\u0259l\u0259b olunmur<br \/>\n*T\u0259dbir zaman\u0131 (20 iyul - 18 avqust) avtobus yaln\u0131z Hokuryu Orta M\u0259kt\u0259bind\u0259 dayanacaq.<br \/>\n\u203b Siz avtobus dayanaca\u011f\u0131 x\u0259rit\u0259sini g\u00f6r\u0259 bil\u0259rsiniz (5 n\u00f6mr\u0259li avtobus dayanaca\u011f\u0131)<br \/>\n<a href=\"https:\/\/transfer.navitime.biz\/chuo-bus\/pc\/diagram\/BusAboardMap?stCode=00300912\" rel=\"noopener\" target=\"_blank\">https:\/\/transfer.navitime.biz\/chuo-bus\/pc\/diagram\/BusAboardMap?stCode=00300912<\/a><\/p>\n<p>Hokkaido Chuo Bus t\u0259r\u0259find\u0259n idar\u0259 olunan turizm sayt\u0131 \u00e7ox faydal\u0131d\u0131r.<br \/>\n\n        <div class=\"site-blogcard-premium\">\n            <div class=\"bc-label-custom\">\u018flaq\u0259dar m\u0259qal\u0259l\u0259r<\/div>\n            <div class=\"bc-flex-container\">\n                <div class=\"bc-main-text\">\n                    <div class=\"bc-title-link-box\">\n                        <a href=\"https:\/\/kankou.chuo-bus.co.jp\/bus\/hokuryu-himawari\" target=\"_blank\">2024 Hokuryu \u015e\u0259h\u0259r G\u00fcn\u0259baxan Festival\u0131 | Ma\u015f\u0131n olmadan bel\u0259 h\u0259zz al\u0131n! M\u0259kana nec\u0259 getm\u0259k olar?<\/a>\n                    <\/div>\n                    <div class=\"bc-excerpt-box\"><\/div>\n                <\/div>\n                <div class=\"bc-thumbnail-box\">\n                    <a href=\"https:\/\/kankou.chuo-bus.co.jp\/bus\/hokuryu-himawari\" target=\"_blank\">\n                        <div class=\"bc-img-zoom-wrap\">\n                            <img decoding=\"async\" src=\"https:\/\/kankou.chuo-bus.co.jp\/wp-content\/uploads\/2023\/09\/00_\u3072\u307e\u308f\u308a\u307e\u3064\u308a\u30a2\u30a4\u30ad\u30e3\u30c3\u30c1-768x432.jpg\" alt=\"2024 Hokuryu \u015e\u0259h\u0259r G\u00fcn\u0259baxan Festival\u0131 | Ma\u015f\u0131n olmadan bel\u0259 h\u0259zz al\u0131n! M\u0259kana nec\u0259 getm\u0259k olar?\">\n                        <\/div>\n                    <\/a>\n                <\/div>\n            <\/div>\n        <\/div>\n\u3000<\/p>\n<ul>\n<li>C\u0259dv\u0259ll\u0259r v\u0259 avtobus tarifl\u0259ri 2024-c\u00fc ilin yay c\u0259dv\u0259lin\u0259 \u0259saslan\u0131r (1 aprel 2024-c\u00fc ild\u0259 yenid\u0259n i\u015fl\u0259nmi\u015fdir)<\/li>\n<\/ul>\n<p>* Vaxt kimi t\u0259f\u0259rr\u00fcatlar \u00fc\u00e7\u00fcn bax\u0131n &quot;<a href=\"https:\/\/goo.gl\/maps\/PFC6QXqZCME8pDr28\" target=\"_blank\" rel=\"noopener\">Google X\u0259rit\u0259 Axtar\u0131\u015f\u0131<\/a>&quot;,<a href=\"https:\/\/www.chuo-bus.co.jp\/highway\/index.cgi?ope=det&amp;n=13&amp;o=1&amp;t=64\" target=\"_blank\" rel=\"nofollow noopener\">Rumoi ekspress avtobusunun c\u0259dv\u0259li<\/a>Z\u0259hm\u0259t olmasa istifad\u0259 edin &quot; v\u0259 s.<\/p>\n<h4>Sapporo Terminal\u0131 \u2192 Himawari no Sato Kitaryu Junior Liseyi<\/h4>\n<p><strong>&lt; S\u0259yah\u0259t vaxt\u0131 v\u0259 d\u0259y\u0259ri &gt;<\/strong><\/p>\n<ul>\n<li>Sapporo Stansiyas\u0131 Terminal\u0131 \u2192 Himawari no Sato Hokuryu Ki\u00e7ik Liseyi: T\u0259qrib\u0259n. 2 saat 2,070 yen<\/li>\n<\/ul>\n<p><strong>&lt; Express Rumoi Qatar\u0131n\u0131n C\u0259dv\u0259li &gt;<\/strong><\/p>\n<table class=\"aligncenter\" border=\"2\" cellspacing=\"5\" cellpadding=\"5\">\n<tbody>\n<tr>\n<td style=\"text-align: center; background-color: #aeafac;\"><span style=\"color: #ffffff;\"><strong>Sapporo Stansiyas\u0131 Terminal\u0131 (Gedi\u015f)<\/strong><\/span><\/td>\n<td style=\"text-align: center; background-color: #aeafac;\"><span style=\"color: #ffffff;\"><strong>Takikawa Stansiyas\u0131 (Gedi\u015f)<\/strong><\/span><\/td>\n<td style=\"text-align: center; background-color: #aeafac;\"><span style=\"color: #ffffff;\"><strong>Himawari no Sato Kitaryu Junior Liseyi (G\u0259li\u015f)<\/strong><\/span><\/td>\n<\/tr>\n<tr>\n<td style=\"text-align: right;\">07:20<\/td>\n<td style=\"text-align: right;\">09:06<\/td>\n<td style=\"background-color: #fcfcd2; text-align: right;\">09:35<\/td>\n<\/tr>\n<\/tbody>\n<\/table>\n<h4>Himawari no Sato Hokuryu Junior Liseyi \u2192 Sapporo Stansiyas\u0131 Terminal\u0131<\/h4>\n<p><strong>&lt; Express Rumoi Qatar\u0131n\u0131n C\u0259dv\u0259li &gt;<\/strong><\/p>\n<table class=\"aligncenter\" border=\"2\" cellspacing=\"5\" cellpadding=\"5\">\n<tbody>\n<tr>\n<td style=\"text-align: center; background-color: #aeafac;\"><span style=\"color: #ffffff;\"><strong>Himawari no Sato Kitaryu Junior Liseyi (Gedi\u015f)<\/strong><\/span><\/td>\n<td style=\"text-align: center; background-color: #aeafac;\"><span style=\"color: #ffffff;\"><strong>Takikawa Stansiyas\u0131 (Gedi\u015f)<\/strong><\/span><\/td>\n<td style=\"text-align: center; background-color: #aeafac;\"><span style=\"color: #ffffff;\"><strong>Sapporo Stansiyas\u0131 Terminal\u0131 (G\u0259li\u015f)<\/strong><\/span><\/td>\n<\/tr>\n<tr>\n<td style=\"background-color: #fcfcd2; text-align: right;\">13:06<\/td>\n<td style=\"text-align: right;\">13:43<\/td>\n<td style=\"text-align: right;\">15:22<\/td>\n<\/tr>\n<tr>\n<td style=\"background-color: #f8f4e6; text-align: right;\">15:26<\/td>\n<td style=\"text-align: right;\">16:03<\/td>\n<td style=\"text-align: right;\">17:42<\/td>\n<\/tr>\n<\/tbody>\n<\/table>\n<h2>\u0130stinad s\u0259hif\u0259si<\/h2>\n<div class=\"sitecard\">\n<div class=\"sitecard__subtitle\">Hokkaydo Chuo avtobusu &gt; Tarifl\u0259r, Mar\u015frutlar v\u0259 C\u0259dv\u0259ll\u0259r<\/div>\n<div class=\"column column-273\">\n<div class=\"column__item\"><span style=\"font-size: medium;\">Hokkaydo Chuo avtobusunun gedi\u015f haqq\u0131, mar\u015frut v\u0259 c\u0259dv\u0259l s\u0259hif\u0259si<br \/>\n<span style=\"color: #ff9900;\">\u25b6<\/span> <a href=\"https:\/\/www.chuo-bus.co.jp\/highway\/index.cgi?ope=det&amp;n=13&amp;o=1&amp;t=64\" target=\"_blank\" rel=\"noopener\"><strong>\u018ftrafl\u0131 m\u0259lumat \u00fc\u00e7\u00fcn bura klikl\u0259yin &gt;&gt;<\/strong><\/span><\/div>\n<div class=\"column__item\"><img decoding=\"async\" class=\"aligncenter size-thumbnail wp-image-9787\" src=\"https:\/\/portal.hokuryu.info\/wp\/wp-content\/uploads\/2021\/05\/2021-05-17-20.15.01-300x300.png\" alt=\"Hokkaydo Chuo avtobusunun gedi\u015f haqq\u0131, mar\u015frut v\u0259 c\u0259dv\u0259l s\u0259hif\u0259si\" height=\"100\" width=\"100\"\/><\/a><\/div>\n<\/div>\n<\/div>\n<div class=\"sitecard\">\n<div class=\"sitecard__subtitle\">Hokkaido Chuo Bus - Sor\u011fular<\/div>\n<div class=\"column column-273\">\n<div class=\"column__item\"><span style=\"font-size: medium;\">\u30fb\u018flaq\u0259 m\u0259lumat\u0131: Takikawa Sat\u0131\u015f Ofisi Tel: 0125-24-6191<br \/>\n<span style=\"color: #ff9900;\">\u25b6<\/span> <a href=\"http:\/\/www.chuo-bus.co.jp\/company\/information\/\" target=\"_blank\" rel=\"noopener\"><strong>\u018ftrafl\u0131 m\u0259lumat \u00fc\u00e7\u00fcn bura klikl\u0259yin &gt;&gt;<\/strong><\/span><\/div>\n<div class=\"column__item\"><img decoding=\"async\" class=\"aligncenter size-thumbnail wp-image-9780\" src=\"https:\/\/portal.hokuryu.info\/wp\/wp-content\/uploads\/2021\/05\/2021-05-17-20.04.48-300x300.jpg\" alt=\"Chuo Bus - Sor\u011fular\" height=\"100\" width=\"100\"\/><\/a><\/div>\n<\/div>\n<\/div>\n<h2>Yax\u0131nl\u0131qda ya\u015fay\u0131\u015f<\/h2>\n<div class=\"sitecard\">\n<div class=\"sitecard__subtitle\">[Qaynar Bulaqlar] G\u00fcn\u0259baxan Park\u0131 Hokuryu Onsen<\/div>\n<div class=\"column column-273\">\n<div class=\"column__item\"><span style=\"font-size: medium;\">\u30fbHimawari no Satodan t\u0259xmin\u0259n 1 km<br \/>\n\u30fb163-2 Itaya, Hokuryu-cho, Uryu-gun, Hokkaydo<br \/>\nTel: 0164-34-3321<br \/>\n\u3000<span style=\"color: #ff9900;\">\u25b6<\/span> <a href=\"https:\/\/sunflower-park.com\/\" target=\"_blank\" rel=\"noopener\"><strong>\u018fsas s\u0259hif\u0259 \u00fc\u00e7\u00fcn bura klikl\u0259yin \uff1e\uff1e<\/strong><\/span><\/div>\n<div class=\"column__item\"><img decoding=\"async\" src=\"https:\/\/lh4.googleusercontent.com\/-W4MAnTvpcWA\/TgcXynlAuhI\/AAAAAAAADbg\/YaxfueBeAF4\/w1323-h882-no\/P1050353.JPG\" alt=\"[Qaynar Bulaqlar] G\u00fcn\u0259baxan Park\u0131 Hokuryu Onsen\" \/><\/a><\/div>\n<\/div>\n<\/div>\n<div class=\"sitecard\">\n<div class=\"sitecard__subtitle\">[Qaynar Bulaq] \u00c7ip Yu v\u0259 Yu<\/div>\n<div class=\"column column-273\">\n<div class=\"column__item\"><span style=\"font-size: medium;\">\u30fbHimawari no Sato-dan ma\u015f\u0131nla t\u0259xmin\u0259n 10 d\u0259qiq\u0259<br \/>\n\u30fb2085 Chiphubetsucho, Uryu-gun, Hokkaydo Tel: 0164-33-2116<br \/>\n<span style=\"color: #ff9900;\">\u25b6<\/span> <a href=\"http:\/\/chipsk.jp\/yuuyu\/\" target=\"_blank\" rel=\"noopener\"><strong>\u018fsas s\u0259hif\u0259 \u00fc\u00e7\u00fcn bura klikl\u0259yin \uff1e\uff1e<\/strong><\/span><\/div>\n<div class=\"column__item\"><img decoding=\"async\" src=\"https:\/\/portal.hokuryu.info\/wp\/wp-content\/uploads\/2021\/05\/img_hotwater01.jpg\" alt=\"[Qaynar Bulaq] \u00c7ip Yu v\u0259 Yu\" \/><\/a><\/div>\n<\/div>\n<\/div>\n<div class=\"sitecard\">\n<div class=\"sitecard__subtitle\">[Qaynar Bulaq] Horoshin Onsen Hotarukan<\/div>\n<div class=\"column column-273\">\n<div class=\"column__item\"><span style=\"font-size: medium;\">\u30fbHimawari no Sato-dan ma\u015f\u0131nla t\u0259xmin\u0259n 20 d\u0259qiq\u0259<br \/>\n\u30fbHoroshin 377, Numata-cho, Uryu-gun, Hokkaydo Tel: 0164-35-1188<br \/>\n<span style=\"color: #ff9900;\">\u25b6<\/span> <a href=\"http:\/\/www.horosin-onsen.com\/\" target=\"_blank\" rel=\"noopener\"><strong>\u018fsas s\u0259hif\u0259 \u00fc\u00e7\u00fcn bura klikl\u0259yin \uff1e\uff1e<\/strong><\/span><\/div>\n<div class=\"column__item\"><img decoding=\"async\" src=\"https:\/\/portal.hokuryu.info\/wp\/wp-content\/uploads\/2021\/05\/rotenburo1.jpg\" alt=\"[Qaynar Bulaq] Horoshin Onsen Hotarukan\" \/><\/a><\/div>\n<\/div>\n<\/div>\n<div class=\"sitecard\">\n<div class=\"sitecard__subtitle\">[\u015e\u0259xsi Inn] Hinode Drive-In<\/div>\n<div class=\"column column-273\">\n<div class=\"column__item\"><span style=\"font-size: medium;\">\u30fbHimawari no Sato-dan ma\u015f\u0131nla t\u0259xmin\u0259n 5 d\u0259qiq\u0259<br \/>\n\u30fbHokkaydo Uryu-gun Uryu-cho 6-c\u0131 palata 2 Tel: 0125-77-2274<br \/>\n<span style=\"color: #ff9900;\">\u25b6<\/span> <a href=\"https:\/\/takikawa.mypl.net\/article\/chiikiokoshi-uryu_takikawa\/6490\" target=\"_blank\" rel=\"noopener\"><strong>\u018ftrafl\u0131 m\u0259lumat \u00fc\u00e7\u00fcn bura klikl\u0259yin (My Place Takikawa) &gt;&gt;<\/strong><\/span><\/div>\n<div class=\"column__item\"><img decoding=\"async\" src=\"https:\/\/portal.hokuryu.info\/wp\/wp-content\/uploads\/2023\/07\/2023-07-05-12.50.45.jpg\" alt=\"[\u015e\u0259xsi Inn] Hinode Drive-In\" height=\"150\"\/><\/a><\/div>\n<\/div>\n<\/div>\n<\/div>\n<p>\u25c7<\/p>","protected":false},"excerpt":{"rendered":"<p>\u5317\u7adc\u753a\u306e\u9b42\u306b\u89e6\u308c\u308b5\u3064\u306e\u7269\u8a9e \u3072\u307e\u308f\u308a\u30fb\u6b74\u53f2\u3072\u307e\u308f\u308a\u307e\u3064\u308a\u7269\u8a9e\u8fb2\u696d\u30fb\u98df\u3068\u547d\u3072\u307e\u308f\u308a\u30e9\u30a4\u30b9\u7269\u8a9e\u8fb2\u696d\u30fb\u9ed2\u5343\u77f3\u5e7b\u306e\u9ed2\u5343\u77f3\u5927\u8c46\u7269\u8a9e\u8fb2\u696d\u30fb\u3059\u3044\u304b\u3072\u307e\u308f\u308a\u3059\u3044\u304b\u683d\u57f9\u7269\u8a9e\u8fb2\u696d\u30fb\u30e1\u30ed\u30f3\u3072\u307e\u308f\u308a\u30e1\u30ed\u30f3\u683d\u57f9\u7269\u8a9e \u5317\u7adc\u753a\u3072 [&hellip;]<\/p>\n","protected":false},"author":1,"featured_media":10150,"parent":0,"menu_order":0,"comment_status":"closed","ping_status":"closed","template":"","meta":{"footnotes":""},"class_list":["post-9272","page","type-page","status-publish","has-post-thumbnail","hentry"],"_links":{"self":[{"href":"https:\/\/portal.hokuryu.info\/az\/wp-json\/wp\/v2\/pages\/9272","targetHints":{"allow":["GET"]}}],"collection":[{"href":"https:\/\/portal.hokuryu.info\/az\/wp-json\/wp\/v2\/pages"}],"about":[{"href":"https:\/\/portal.hokuryu.info\/az\/wp-json\/wp\/v2\/types\/page"}],"author":[{"embeddable":true,"href":"https:\/\/portal.hokuryu.info\/az\/wp-json\/wp\/v2\/users\/1"}],"replies":[{"embeddable":true,"href":"https:\/\/portal.hokuryu.info\/az\/wp-json\/wp\/v2\/comments?post=9272"}],"version-history":[{"count":3,"href":"https:\/\/portal.hokuryu.info\/az\/wp-json\/wp\/v2\/pages\/9272\/revisions"}],"predecessor-version":[{"id":73498,"href":"https:\/\/portal.hokuryu.info\/az\/wp-json\/wp\/v2\/pages\/9272\/revisions\/73498"}],"wp:featuredmedia":[{"embeddable":true,"href":"https:\/\/portal.hokuryu.info\/az\/wp-json\/wp\/v2\/media\/10150"}],"wp:attachment":[{"href":"https:\/\/portal.hokuryu.info\/az\/wp-json\/wp\/v2\/media?parent=9272"}],"curies":[{"name":"wp","href":"https:\/\/api.w.org\/{rel}","templated":true}]}}