{"id":74117,"date":"2026-04-28T11:39:25","date_gmt":"2026-04-28T02:39:25","guid":{"rendered":"https:\/\/portal.hokuryu.info\/?page_id=74117"},"modified":"2026-04-28T14:52:30","modified_gmt":"2026-04-28T05:52:30","slug":"about_operator_site","status":"publish","type":"page","link":"https:\/\/portal.hokuryu.info\/az\/about_operator_site\/","title":{"rendered":"Operator v\u0259 sayt haqq\u0131nda"},"content":{"rendered":"<p>Yarad\u0131lma tarixi: Aprel 2026<\/p>\n<h2>Hokuryu Town Portal\u0131 haqq\u0131nda<\/h2>\n<p>Hokuryu \u015e\u0259h\u0259r Portal\u0131, Hokkaydo adas\u0131n\u0131n Uryu rayonundak\u0131 Hokuryu \u015f\u0259h\u0259rind\u0259 yerl\u0259\u015f\u0259n v\u0259 2011-ci ild\u0259n b\u0259ri Noboru v\u0259 \u0130kuko Terau\u00e7i t\u0259r\u0259find\u0259n idar\u0259 olunan yerli m\u0259lumat sayt\u0131d\u0131r. T\u0259xmin\u0259n 1600 \u0259halisi olan bu ki\u00e7ik \u015f\u0259h\u0259rd\u0259n d\u00fcnyan\u0131n 10 dilind\u0259 &quot;Yaponiya ruhunu&quot; yayma\u011fa davam edir.<\/p>\n<blockquote>\n<p>&quot;Hokuryu \u015f\u0259h\u0259rind\u0259 t\u0259bi\u0259t\u0259 d\u0259rin minn\u0259tdarl\u0131q hissi, insanlar aras\u0131nda harmoniya v\u0259 \u015f\u0259fq\u0259t ruhu h\u00f6km s\u00fcr\u00fcr. \u00dcmid edirik ki, g\u00fcnd\u0259lik h\u0259yatda rast g\u0259lin\u0259n bu t\u0259vaz\u00f6kar, lakin d\u0259y\u0259rli f\u0259ls\u0259f\u0259 d\u00fcnyaya \u00e7atacaq.&quot;<\/p>\n<p>\u2014 Noboru Terauchi v\u0259 \u0130kuko<\/p>\n<\/blockquote>\n<h2>Sayt F\u0259ls\u0259f\u0259si<\/h2>\n<ul>\n<li>Hokuryu \u015f\u0259h\u0259rinin sakinl\u0259rinin \u015f\u00fcuralt\u0131 olaraq d\u00fcnya il\u0259 t\u0259tbiq etdikl\u0259ri &quot;harmoniya ruhu&quot; v\u0259 &quot;m\u0259rh\u0259m\u0259t ruhu&quot;nu b\u00f6l\u00fc\u015fm\u0259k.<\/li>\n<li>Biz 10 dild\u0259 m\u0259lumat yaymaqla regionda i\u015ftirak ed\u0259n 1600 n\u0259f\u0259rlik h\u0259d\u0259f\u0259 \u00e7atma\u011f\u0131 h\u0259d\u0259fl\u0259yirik.<\/li>\n<li>16 il v\u0259 20.000-d\u0259n \u00e7ox m\u0259qal\u0259 \u0259rzind\u0259 \u015f\u0259h\u0259rd\u0259ki g\u00fcnd\u0259lik h\u0259yat\u0131n realistik bir qeydi qorunub saxlan\u0131l\u0131b.<\/li>\n<li>S\u00fcni intellektl\u0259 birg\u0259 yaratd\u0131\u011f\u0131m\u0131z i\u015fi &quot;al\u0259t&quot; kimi deyil, &quot;t\u0259r\u0259fda\u015fl\u0131q&quot; kimi ictimaiyy\u0259t\u0259 t\u0259qdim ed\u0259c\u0259yik.<\/li>\n<\/ul>\n<h2>\u0130dar\u0259etm\u0259 strukturu<\/h2>\n<h3>\u018fm\u0259liyyat v\u0259 \u0130dar\u0259etm\u0259 M\u00fct\u0259x\u0259ssisi<\/h3>\n<p>Daxili \u0130\u015fl\u0259r v\u0259 Rabit\u0259 Nazirliyi Sistemi - Hokuryu \u015e\u0259h\u0259r \u0130cma D\u0259st\u0259k Hey\u0259ti: Noboru Terauchi v\u0259 Ikuko<\/p>\n<h3>M\u0259sul \u015f\u00f6b\u0259<\/h3>\n<ul>\n<li>11-1 Wa, Hokuryu-cho, Uryu-gun, Hokkaydo 078-2512, Yaponiya<\/li>\n<li>Hokuryu B\u0259l\u0259diyy\u0259 Binas\u0131, \u015e\u0259h\u0259rin G\u0259l\u0259c\u0259k Strategiyas\u0131 B\u00f6lm\u0259si<\/li>\n<li>Tel: 0164-34-2111 (\u018fsas)<\/li>\n<li>Faks: 0164-34-2117<\/li>\n<\/ul>\n<h3>sor\u011fu<\/h3>\n<p>E-po\u00e7t: noboru\u25c7terasun.net (Z\u0259hm\u0259t olmasa, \u25c7 i\u015far\u0259sini @ il\u0259 \u0259v\u0259z edin)<\/p>\n<h2>Operator Profili<\/h2>\n<p>Nec\u0259 tan\u0131\u015f oldu\u011fumuz, Hokuryu \u015f\u0259h\u0259rin\u0259 nec\u0259 k\u00f6\u00e7d\u00fcy\u00fcm\u00fcz v\u0259 son 16 ild\u0259ki s\u0259yah\u0259timiz haqq\u0131nda \u0259trafl\u0131 m\u0259lumat \u00fc\u00e7\u00fcn a\u015fa\u011f\u0131dak\u0131 m\u0259qal\u0259y\u0259 bax\u0131n.<\/p>\n<ul>\n<li><a href=\"https:\/\/portal.hokuryu.info\/az\/62509\/\">\u0130ki n\u0259f\u0259r bir edir. G\u00fcn\u0259\u015f v\u0259 ay\u0131n toxundu\u011fu Hokuryu q\u0259s\u0259b\u0259sinin hekay\u0259si<\/a><\/li>\n<\/ul>\n<h2>Media qurumlar\u0131n\u0131n siyah\u0131s\u0131<\/h2>\n<p>portal.hokuryu.info \u00fcnvan\u0131nda yerl\u0259\u015f\u0259n Hokuryu \u015e\u0259h\u0259r Portal\u0131, Hokuryu \u015e\u0259h\u0259rinin cazib\u0259sini t\u0259bli\u011f etm\u0259k \u00fc\u00e7\u00fcn be\u015f f\u0259rqli media platformas\u0131ndan istifad\u0259 edir v\u0259 h\u0259r biri \u00f6z\u00fcn\u0259m\u0259xsus x\u00fcsusiyy\u0259tl\u0259rind\u0259n istifad\u0259 edir. Bizi se\u00e7diyiniz platformada izl\u0259s\u0259niz, \u00e7ox m\u0259mnun olar\u0131q.<\/p>\n<p>\u2605 <strong>Hokuryu \u015e\u0259h\u0259r Portal\u0131 (10 dild\u0259)<\/strong><br \/>\nR\u0259smi veb sayt b\u00fct\u00fcn m\u0259lumatlar \u00fc\u00e7\u00fcn ba\u015flan\u011f\u0131c n\u00f6qt\u0259si rolunu oynay\u0131r. Burada Hokuryu \u015f\u0259h\u0259rinin haz\u0131rk\u0131 v\u0259ziyy\u0259ti, o c\u00fcml\u0259d\u0259n m\u0259qal\u0259l\u0259r, Hokuryu \u015f\u0259h\u0259rinin x\u0259zin\u0259l\u0259ri, \u015f\u0259h\u0259r t\u0259\u015fkilat\u0131 m\u0259lumatlar\u0131 v\u0259 \u0259m\u0259liyyat hesabatlar\u0131 \u0259trafl\u0131 \u015f\u0259kild\u0259 \u0259hat\u0259 olunur v\u0259 bunlar\u0131n ham\u0131s\u0131 10 dild\u0259 m\u00f6vcuddur.<\/p>\n<ol>\n<li>\ud83c\uddef\ud83c\uddf5 Yapon<a href=\"https:\/\/portal.hokuryu.info\/az\/\" target=\"_blank\" rel=\"noopener\">https:\/\/portal.hokuryu.info\/<\/a><\/li>\n<li>\ud83c\uddfa\ud83c\uddf8 \u0130ngilis dili:<a href=\"https:\/\/portal.hokuryu.info\/en\/\" target=\"_blank\" rel=\"noopener\">https:\/\/portal.hokuryu.info\/en\/<\/a><\/li>\n<li>\ud83c\uddee\ud83c\udde9 \u0130ndoneziya:<a href=\"https:\/\/portal.hokuryu.info\/id\/\" target=\"_blank\" rel=\"noopener\">https:\/\/portal.hokuryu.info\/id\/<\/a><\/li>\n<li>\ud83c\uddfb\ud83c\uddf3 Vyetnam Ti\u1ebfng Vi\u1ec7t:<a href=\"https:\/\/portal.hokuryu.info\/vi\/\" target=\"_blank\" rel=\"noopener\">https:\/\/portal.hokuryu.info\/vi\/<\/a><\/li>\n<li>\ud83c\uddf9\ud83c\uddf7 T\u00fcrk (T\u00fcrk\u00e7e):<a href=\"https:\/\/portal.hokuryu.info\/tr\/\" target=\"_blank\" rel=\"noopener\">https:\/\/portal.hokuryu.info\/tr\/<\/a><\/li>\n<li>\ud83c\udde6\ud83c\uddff Az\u0259rbaycanca (Az\u0259rbaycanca):<a href=\"https:\/\/portal.hokuryu.info\/az\/\" target=\"_blank\" rel=\"noopener\">https:\/\/portal.hokuryu.info\/az\/<\/a><\/li>\n<li>\ud83c\uddf9\ud83c\udded Tay\u30fb\u0e20\u0e32\u0e29\u0e32\u0e44\u0e17\u0e22:<a href=\"https:\/\/portal.hokuryu.info\/th\/\" target=\"_blank\" rel=\"noopener\">https:\/\/portal.hokuryu.info\/th\/<\/a><\/li>\n<li>\ud83c\uddee\ud83c\uddf3 Hindi (Hindistan) - \u0939\u093f\u0928\u094d\u0926\u0940 (Hind dili):<a href=\"https:\/\/portal.hokuryu.info\/hi\/\" target=\"_blank\" rel=\"noopener\">https:\/\/portal.hokuryu.info\/hi\/<\/a><\/li>\n<li>\ud83c\udde7\ud83c\uddf7 Portuqalca:<a href=\"https:\/\/portal.hokuryu.info\/pt\/\" target=\"_blank\" rel=\"noopener\">https:\/\/portal.hokuryu.info\/pt\/<\/a><\/li>\n<li>\ud83c\uddea\ud83c\uddf8 \u0130span dili:<a href=\"https:\/\/portal.hokuryu.info\/es\/\" target=\"_blank\" rel=\"noopener\">https:\/\/portal.hokuryu.info\/es\/<\/a><\/li>\n<\/ol>\n<p>\u2605 <strong>Facebook s\u0259hif\u0259si (Yapon\/\u0130ngilis dili)<\/strong><br \/>\nH\u0259m yapon, h\u0259m d\u0259 ingilis dill\u0259rind\u0259 \u2460 m\u0259qal\u0259 v\u0259 \u2461 &quot;Hokuryu \u015e\u0259h\u0259rinin X\u0259zin\u0259l\u0259ri&quot; t\u0259qdim etm\u0259kl\u0259 yana\u015f\u0131, m\u00fcxt\u0259lif \u015f\u0259h\u0259r t\u0259\u015fkilatlar\u0131ndan SNS yaz\u0131lar\u0131n\u0131 da yerl\u0259\u015fdirir v\u0259 onlar\u0131n m\u00fcvafiq s\u0259hif\u0259l\u0259rin\u0259 ke\u00e7idl\u0259r t\u0259qdim edirik. Bu, yerli icma \u00fc\u00e7\u00fcn m\u0259lumat m\u0259rk\u0259zi kimi f\u0259aliyy\u0259t g\u00f6st\u0259rir.<br \/>\n<a href=\"https:\/\/www.facebook.com\/hokuryunow\" target=\"_blank\" rel=\"noopener\">https:\/\/www.facebook.com\/hokuryunow<\/a><\/p>\n<p>\u2605 <strong>Instagram (Yapon v\u0259 \u0130ngilis dill\u0259rind\u0259)<\/strong><br \/>\n&quot;Hokuryu \u015e\u0259h\u0259rinin X\u0259zin\u0259l\u0259ri&quot; (Hokuryu \u015e\u0259h\u0259rinin M\u0259nz\u0259r\u0259si \/ Hokuryu \u015e\u0259h\u0259rind\u0259 F\u0259sill\u0259ri Ya\u015famaq) \u0259s\u0259ri yapon m\u0259tni, ingilis dili v\u0259 foto\u015f\u0259kill\u0259r\u0259 \u0259saslanaraq t\u0259qdim olunur. Bu, Hokuryu \u015e\u0259h\u0259rinin g\u00f6z\u0259l anlar\u0131n\u0131 d\u00fcnyaya \u00e7atd\u0131ran bir s\u0259rgidir.<br \/>\n<a href=\"https:\/\/www.instagram.com\/hokuryunow\/\" target=\"_blank\" rel=\"noopener\">https:\/\/www.instagram.com\/hokuryunow\/<\/a><\/p>\n<p>\u2605 <strong>YouTube (Yapon)<\/strong><br \/>\n\u018fsas m\u0259qal\u0259l\u0259rimizl\u0259 inteqrasiya olunmu\u015f video m\u0259zmunu t\u0259qdim edirik. Hokuryu q\u0259s\u0259b\u0259si sakinl\u0259rinin hadis\u0259l\u0259rini v\u0259 ifad\u0259l\u0259rini yaln\u0131z videonun t\u0259min ed\u0259 bil\u0259c\u0259yi realizm hissi il\u0259 \u00e7atd\u0131raca\u011f\u0131q.<br \/>\n<a href=\"https:\/\/www.youtube.com\/@hokuryu_portal\/videos\" target=\"_blank\" rel=\"noopener\">https:\/\/www.youtube.com\/@hokuryu_portal\/videos<\/a><\/p>\n<p>\u2605 <strong>X (\u0259vv\u0259ll\u0259r Twitter) (Yapon\/\u0130ngilis dili)<\/strong><br \/>\nX\u00fcsusil\u0259 d\u00fcnya il\u0259 b\u00f6l\u00fc\u015fm\u0259k ist\u0259diyimiz m\u0259qal\u0259l\u0259rimizd\u0259n hekay\u0259l\u0259r se\u00e7ir v\u0259 onlar\u0131 h\u0259m ingilis, h\u0259m d\u0259 yapon dill\u0259rind\u0259 d\u0259rc edirik. M\u0259qs\u0259dimiz Hokuryu \u015f\u0259h\u0259rinin &quot;harmoniya ruhunu&quot; d\u00fcnya il\u0259 b\u00f6l\u00fc\u015fm\u0259kdir.<br \/>\n<a href=\"https:\/\/x.com\/HokuryuPortal\" target=\"_blank\" rel=\"noopener\">https:\/\/x.com\/HokuryuPortal<\/a><\/p>\n<p>Hokuryu q\u0259s\u0259b\u0259sinin &quot;harmoniya ruhu&quot; v\u0259 &quot;\u015f\u0259fq\u0259t ruhu&quot; il\u0259 maraqlananlar\u0131n d\u0259st\u0259yini g\u00f6zl\u0259yirik. \u00c7ox sa\u011f olun.<\/p>\n<h2>Sayt Tarixi<\/h2>\n<ol>\n<li>Hokuryu \u015e\u0259h\u0259r Portal\u0131 2011-ci ilin iyul ay\u0131nda yarad\u0131l\u0131b<\/li>\n<li>Google Analytics 4 istifad\u0259 ed\u0259r\u0259k giri\u015f idar\u0259etm\u0259si 2024-c\u00fc ilin aprel ay\u0131nda b\u0259rpa olunacaq.<\/li>\n<li>2025-ci ilin iyun ay\u0131nda TranslatePress doqquz dild\u0259 n\u0259\u015fr etm\u0259y\u0259 ba\u015flayacaq.<\/li>\n<li>2026-c\u0131 ilin fevral ay\u0131na q\u0259d\u0259r \u00fcnsiyy\u0259t sistemimizi 10 dil\u0259 q\u0259d\u0259r geni\u015fl\u0259ndirm\u0259yi h\u0259d\u0259fl\u0259yirik.<\/li>\n<li>Veb sayt 2 aprel 2026-c\u0131 ild\u0259 (c\u00fcm\u0259 ax\u015fam\u0131) (istifad\u0259y\u0259 verilm\u0259sind\u0259n 17-ci il) yenid\u0259n istifad\u0259y\u0259 verildi v\u0259 2025-ci ild\u0259 273.000 istifad\u0259\u00e7i v\u0259 769.000 s\u0259hif\u0259 bax\u0131\u015f\u0131 qeyd\u0259 al\u0131nd\u0131.<\/li>\n<\/ol>\n\n        <div class=\"site-blogcard-premium\">\n            <div class=\"bc-label-custom\">\u018flaq\u0259dar m\u0259qal\u0259l\u0259r<\/div>\n            <div class=\"bc-flex-container\">\n                <div class=\"bc-main-text\">\n                    <div class=\"bc-title-link-box\">\n                        <a href=\"https:\/\/portal.hokuryu.info\/az\/72718\/\" target=\"_blank\">https:\/\/portal.hokuryu.info\/72718<\/a>\n                    <\/div>\n                    <div class=\"bc-excerpt-box\">S\u0259hif\u0259 m\u0259lumatlar\u0131n\u0131 \u0259ld\u0259 etm\u0259k m\u00fcmk\u00fcn deyil.<\/div>\n                <\/div>\n                <div class=\"bc-thumbnail-box\">\n                    <a href=\"https:\/\/portal.hokuryu.info\/az\/72718\/\" target=\"_blank\">\n                        <div class=\"bc-img-zoom-wrap\">\n                            <img decoding=\"async\" src=\"https:\/\/portal.hokuryu.info\/wp\/wp-content\/uploads\/2026\/02\/20230802DSC06445_1.jpg\" alt=\"https:\/\/portal.hokuryu.info\/72718\">\n                        <\/div>\n                    <\/a>\n                <\/div>\n            <\/div>\n        <\/div>\n<h2>\u018flaq\u0259dar s\u0259hif\u0259l\u0259r<\/h2>\n\n        <div class=\"site-blogcard-premium\">\n            <div class=\"bc-label-custom\">\u018flaq\u0259dar m\u0259qal\u0259l\u0259r<\/div>\n            <div class=\"bc-flex-container\">\n                <div class=\"bc-main-text\">\n                    <div class=\"bc-title-link-box\">\n                        <a href=\"https:\/\/portal.hokuryu.info\/az\/62509\/\" target=\"_blank\">https:\/\/portal.hokuryu.info\/62509<\/a>\n                    <\/div>\n                    <div class=\"bc-excerpt-box\">S\u0259hif\u0259 m\u0259lumatlar\u0131n\u0131 \u0259ld\u0259 etm\u0259k m\u00fcmk\u00fcn deyil.<\/div>\n                <\/div>\n                <div class=\"bc-thumbnail-box\">\n                    <a href=\"https:\/\/portal.hokuryu.info\/az\/62509\/\" target=\"_blank\">\n                        <div class=\"bc-img-zoom-wrap\">\n                            <img decoding=\"async\" src=\"https:\/\/portal.hokuryu.info\/wp\/wp-content\/uploads\/2026\/02\/20230802DSC06445_1.jpg\" alt=\"https:\/\/portal.hokuryu.info\/62509\">\n                        <\/div>\n                    <\/a>\n                <\/div>\n            <\/div>\n        <\/div>\n\n        <div class=\"site-blogcard-premium\">\n            <div class=\"bc-label-custom\">\u018flaq\u0259dar m\u0259qal\u0259l\u0259r<\/div>\n            <div class=\"bc-flex-container\">\n                <div class=\"bc-main-text\">\n                    <div class=\"bc-title-link-box\">\n                        <a href=\"https:\/\/portal.hokuryu.info\/az\/kateqoriya\/aboutus\/operations_report\/\" target=\"_blank\">Veb Sayt\u0131n \u018fm\u0259liyyat Hesabat\u0131 (Kateqoriya)<\/a>\n                    <\/div>\n                    <div class=\"bc-excerpt-box\">Bu m\u0259qal\u0259d\u0259 Hokuryu \u015e\u0259h\u0259r Portal\u0131n\u0131n f\u0259aliyy\u0259ti il\u0259 ba\u011fl\u0131 ayl\u0131q hesabatlar, t\u0259hlill\u0259r v\u0259 yenilikl\u0259r yer al\u0131r. \u2022 \u018fm\u0259liyyat Meneceri: Hokuryu...<\/div>\n                <\/div>\n                <div class=\"bc-thumbnail-box\">\n                    <a href=\"https:\/\/portal.hokuryu.info\/az\/kateqoriya\/aboutus\/operations_report\/\" target=\"_blank\">\n                        <div class=\"bc-img-zoom-wrap\">\n                            <img decoding=\"async\" src=\"https:\/\/portal.hokuryu.info\/wp\/wp-content\/uploads\/2026\/02\/20230802DSC06445_1.jpg\" alt=\"Veb Sayt\u0131n \u018fm\u0259liyyat Hesabat\u0131 (Kateqoriya)\">\n                        <\/div>\n                    <\/a>\n                <\/div>\n            <\/div>\n        <\/div>\n\n        <div class=\"site-blogcard-premium\">\n            <div class=\"bc-label-custom\">\u018flaq\u0259dar m\u0259qal\u0259l\u0259r<\/div>\n            <div class=\"bc-flex-container\">\n                <div class=\"bc-main-text\">\n                    <div class=\"bc-title-link-box\">\n                        <a href=\"https:\/\/portal.hokuryu.info\/az\/operations_policy\/\" target=\"_blank\">https:\/\/portal.hokuryu.info\/operations_policy<\/a>\n                    <\/div>\n                    <div class=\"bc-excerpt-box\">S\u0259hif\u0259 m\u0259lumatlar\u0131n\u0131 \u0259ld\u0259 etm\u0259k m\u00fcmk\u00fcn deyil.<\/div>\n                <\/div>\n                <div class=\"bc-thumbnail-box\">\n                    <a href=\"https:\/\/portal.hokuryu.info\/az\/operations_policy\/\" target=\"_blank\">\n                        <div class=\"bc-img-zoom-wrap\">\n                            <img decoding=\"async\" src=\"https:\/\/portal.hokuryu.info\/wp\/wp-content\/uploads\/2026\/02\/20230802DSC06445_1.jpg\" alt=\"https:\/\/portal.hokuryu.info\/operations_policy\">\n                        <\/div>\n                    <\/a>\n                <\/div>\n            <\/div>\n        <\/div>\n\n        <div class=\"site-blogcard-premium\">\n            <div class=\"bc-label-custom\">\u018flaq\u0259dar m\u0259qal\u0259l\u0259r<\/div>\n            <div class=\"bc-flex-container\">\n                <div class=\"bc-main-text\">\n                    <div class=\"bc-title-link-box\">\n                        <a href=\"https:\/\/portal.hokuryu.info\/az\/m%c9%99xfilik-siyas%c9%99ti\/\" target=\"_blank\">https:\/\/portal.hokuryu.info\/privacy-policy<\/a>\n                    <\/div>\n                    <div class=\"bc-excerpt-box\">S\u0259hif\u0259 m\u0259lumatlar\u0131n\u0131 \u0259ld\u0259 etm\u0259k m\u00fcmk\u00fcn deyil.<\/div>\n                <\/div>\n                <div class=\"bc-thumbnail-box\">\n                    <a href=\"https:\/\/portal.hokuryu.info\/az\/m%c9%99xfilik-siyas%c9%99ti\/\" target=\"_blank\">\n                        <div class=\"bc-img-zoom-wrap\">\n                            <img decoding=\"async\" src=\"https:\/\/portal.hokuryu.info\/wp\/wp-content\/uploads\/2026\/02\/20230802DSC06445_1.jpg\" alt=\"https:\/\/portal.hokuryu.info\/privacy-policy\">\n                        <\/div>\n                    <\/a>\n                <\/div>\n            <\/div>\n        <\/div>\n\u3000<br \/>\n\n        <div class=\"site-blogcard-premium\">\n            <div class=\"bc-label-custom\">\u018flaq\u0259dar m\u0259qal\u0259l\u0259r<\/div>\n            <div class=\"bc-flex-container\">\n                <div class=\"bc-main-text\">\n                    <div class=\"bc-title-link-box\">\n                        <a href=\"https:\/\/portal.hokuryu.info\/az\/index.html\/\" target=\"_blank\">Hokuryu \u015e\u0259h\u0259r Portal\u0131 (Hokkaydo) - Yaponiyan\u0131n 1 n\u00f6mr\u0259li G\u00fcn\u0259baxan K\u0259ndi<\/a>\n                    <\/div>\n                    <div class=\"bc-excerpt-box\">G\u00fcn\u0259baxanlar\u0131 il\u0259 tan\u0131nan Hokkaydo \u0259yal\u0259tinin Hokuryu q\u0259s\u0259b\u0259sind\u0259 parlaq \u0259kin\u00e7ilik \u00fcsullar\u0131. &quot;\u0130nsanlar\u0131n h\u0259yat\u0131n\u0131 v\u0259 sa\u011flaml\u0131\u011f\u0131n\u0131 qorumaq \u00fc\u00e7\u00fcn t\u0259hl\u00fck\u0259siz qida istehsal\u0131 (1990)&quot; elan ed\u0259n Hokuryu q\u0259s\u0259b\u0259si. T\u0259sirli...<\/div>\n                <\/div>\n                <div class=\"bc-thumbnail-box\">\n                    <a href=\"https:\/\/portal.hokuryu.info\/az\/index.html\/\" target=\"_blank\">\n                        <div class=\"bc-img-zoom-wrap\">\n                            <img decoding=\"async\" src=\"https:\/\/lh3.googleusercontent.com\/VObf1kbvMs8KaLsut_lSlm999SjzxXpjxIrJgqACNhevhaVBqwpLCxa6k-kthdngh-8UUjxZXlJIdz9JwAjgSxp610qW5BoTh47Ok00PtSa_MR1FFDF7MbdcqA4cmMfI0RHSFm-Dcbil3zherWjzGgbqoipFWPjYSwAyflDpQgkf8TtmbZTAKIx9Fpw-rK-uR3VbcqslfzwUiOoO_J7P_6wBVDIaQx3mux-uUaSAdMDDkfFwxIKfsr6730tlXOh62L9BdDfj9sfNZ0M5FULi8OUnFGZUbc2tpZC06s9UPebAHg65-VGmr07L6-ihI4LyGK6HkC3E40-w3qDheZp6OUCg78EDXs4b3iw-cK0w0wllCvvTIIZx9W1yfFJV-ho2rZ7ga2qFiGbDWIHxh187bcHf65g0i1HafivL9wgl4oFfzlFSclDP8x6fz5hg5poqVQ4qbtehukvBXpTP7fzF70Uanw0iVvp0P7qkhPEl8sgUpzh2kG-pt4A2Q5UcsBoliRd_Aku5G2nG1hXMHMtwgT7rRuIiL8u_pQf1qnz-xExLYEJgNWfEu-sH0TFBPHu3-HxkelZoPHOkuPtCc9D9O_VLW2x9Qz2NjhJDaRYJ8rkYMO5_WMi-iSsWpWpHtmwT0gqOkv5DCFy03fiVdBH067Oxz306a4PJqy9SV5dZiLJnd2KnABLya5emChnfyVpuwb6jTAfdhKMNz9H4V-yMHQAY5ctd4NRNhi3LhW_0TEwa9rY=w160-h150-no\" alt=\"Hokuryu \u015e\u0259h\u0259r Portal\u0131 (Hokkaydo) - Yaponiyan\u0131n 1 n\u00f6mr\u0259li G\u00fcn\u0259baxan K\u0259ndi\">\n                        <\/div>\n                    <\/a>\n                <\/div>\n            <\/div>\n        <\/div>\n<div class=\"img-move\">\n<a href=\"https:\/\/portal.hokuryu.info\/az\/62509\/\">\ud83d\udd8b\ufe0f M\u0259zmun planlamas\u0131, m\u0259qal\u0259 yazmaq, foto se\u00e7imi v\u0259 video yaratmaq: Ikuko Terauchi<img decoding=\"async\" style=\"vertical-align: middle;\" src=\"https:\/\/ehokkaido.net\/wp-content\/uploads\/2021\/12\/2021-12-06-11.41.12.png\" \/> Fotoqrafiya, redakt\u0259 v\u0259 veb sayt\u0131n idar\u0259 edilm\u0259si: Noboru Terauchi<\/a>\n<\/div>\n<p>\u25c7<\/p>\n<div class=\"story-banner\">\n<p class=\"story-banner-title\">Hokuryu \u015f\u0259h\u0259rinin ruhuna toxunan be\u015f hekay\u0259<\/p>\n<div class=\"story-banner-grid\"><a href=\"https:\/\/portal.hokuryu.info\/az\/64463\/\"><img decoding=\"async\" class=\"story-banner-img\" src=\"https:\/\/portal.hokuryu.info\/wp\/wp-content\/uploads\/2026\/04\/20260413-20220804LUBU6108.jpg\" alt=\"G\u00fcn\u0259baxan Festival\u0131 Hekay\u0259si\"><span class=\"story-banner-sub\">G\u00fcn\u0259baxanlar v\u0259 Tarix<\/span><span class=\"story-banner-name\">G\u00fcn\u0259baxan Festival\u0131 Hekay\u0259si<\/span><\/a><a href=\"https:\/\/portal.hokuryu.info\/az\/70781\/\"><img decoding=\"async\" class=\"story-banner-img\" src=\"https:\/\/portal.hokuryu.info\/wp\/wp-content\/uploads\/2026\/04\/20260413-2ee454639d49581b086f096a4cad8a35.jpg\" alt=\"K\u0259nd T\u0259s\u0259rr\u00fcfat\u0131, Qida v\u0259 H\u0259yat\"><span class=\"story-banner-sub\">K\u0259nd T\u0259s\u0259rr\u00fcfat\u0131, Qida v\u0259 H\u0259yat<\/span><span class=\"story-banner-name\">G\u00fcn\u0259baxan D\u00fcy\u00fc Hekay\u0259si<\/span><\/a><a href=\"https:\/\/portal.hokuryu.info\/az\/65955\/\"><img decoding=\"async\" class=\"story-banner-img\" src=\"https:\/\/portal.hokuryu.info\/wp\/wp-content\/uploads\/2026\/04\/20260413-ac3c8e2e56926a378ae45ee5011703e2.jpg\" alt=\"K\u0259nd T\u0259s\u0259rr\u00fcfat\u0131 - Kurosenkoku\"><span class=\"story-banner-sub\">K\u0259nd T\u0259s\u0259rr\u00fcfat\u0131 - Kurosenkoku<\/span><span class=\"story-banner-name\">Kurosenkoku soya paxlas\u0131n\u0131n hekay\u0259si<\/span><\/a><a href=\"https:\/\/portal.hokuryu.info\/az\/64650\/\"><img decoding=\"async\" class=\"story-banner-img\" src=\"https:\/\/portal.hokuryu.info\/wp\/wp-content\/uploads\/2026\/04\/20250925-Gemini_Generated_Image_xnrnb2xnrnb2xnrn.jpg\" alt=\"K\u0259nd t\u0259s\u0259rr\u00fcfat\u0131 - Qarp\u0131z\"><span class=\"story-banner-sub\">K\u0259nd t\u0259s\u0259rr\u00fcfat\u0131 - Qarp\u0131z<\/span><span class=\"story-banner-name\">G\u00fcn\u0259baxan v\u0259 qarp\u0131z yeti\u015fdirilm\u0259sinin hekay\u0259si<\/span><\/a><a href=\"https:\/\/portal.hokuryu.info\/az\/70779\/\"><img decoding=\"async\" class=\"story-banner-img\" src=\"https:\/\/portal.hokuryu.info\/wp\/wp-content\/uploads\/2026\/04\/20260413-20180913_DSC8149.jpg\" alt=\"K\u0259nd t\u0259s\u0259rr\u00fcfat\u0131 - Qovunlar\"><span class=\"story-banner-sub\">K\u0259nd t\u0259s\u0259rr\u00fcfat\u0131 - Qovunlar<\/span><span class=\"story-banner-name\">G\u00fcn\u0259baxan Qovununun Yeti\u015fdirilm\u0259sinin Hekay\u0259si<\/span><\/a><\/div>\n<\/div>","protected":false},"excerpt":{"rendered":"<p>\u5236\u5b9a\uff1a2026\u5e744\u6708 \u5317\u7adc\u753a\u30dd\u30fc\u30bf\u30eb\u306b\u3064\u3044\u3066 \u5317\u7adc\u753a\u30dd\u30fc\u30bf\u30eb\u306f\u3001\u5317\u6d77\u9053\u96e8\u7adc\u90e1\u5317\u7adc\u753a\u3092\u62e0\u70b9\u306b\u3001\u5bfa\u5185\u6607\uff06\u90c1\u5b50\u304c2011\u5e74\u3088\u308a\u904b\u55b6\u3059\u308b\u5730\u57df\u60c5\u5831\u30b5\u30a4\u30c8\u3067\u3059\u3002\u4eba\u53e3\u7d041,600\u4eba\u306e\u5c0f\u3055\u306a\u753a\u304b\u3089\u3001\u4e16\u754c10\u304b\u56fd\u8a9e\u3067\u300c [&hellip;]<\/p>\n","protected":false},"author":1,"featured_media":74116,"parent":0,"menu_order":0,"comment_status":"closed","ping_status":"closed","template":"","meta":{"footnotes":""},"class_list":["post-74117","page","type-page","status-publish","has-post-thumbnail","hentry"],"_links":{"self":[{"href":"https:\/\/portal.hokuryu.info\/az\/wp-json\/wp\/v2\/pages\/74117","targetHints":{"allow":["GET"]}}],"collection":[{"href":"https:\/\/portal.hokuryu.info\/az\/wp-json\/wp\/v2\/pages"}],"about":[{"href":"https:\/\/portal.hokuryu.info\/az\/wp-json\/wp\/v2\/types\/page"}],"author":[{"embeddable":true,"href":"https:\/\/portal.hokuryu.info\/az\/wp-json\/wp\/v2\/users\/1"}],"replies":[{"embeddable":true,"href":"https:\/\/portal.hokuryu.info\/az\/wp-json\/wp\/v2\/comments?post=74117"}],"version-history":[{"count":10,"href":"https:\/\/portal.hokuryu.info\/az\/wp-json\/wp\/v2\/pages\/74117\/revisions"}],"predecessor-version":[{"id":74152,"href":"https:\/\/portal.hokuryu.info\/az\/wp-json\/wp\/v2\/pages\/74117\/revisions\/74152"}],"wp:featuredmedia":[{"embeddable":true,"href":"https:\/\/portal.hokuryu.info\/az\/wp-json\/wp\/v2\/media\/74116"}],"wp:attachment":[{"href":"https:\/\/portal.hokuryu.info\/az\/wp-json\/wp\/v2\/media?parent=74117"}],"curies":[{"name":"wp","href":"https:\/\/api.w.org\/{rel}","templated":true}]}}