{"id":74113,"date":"2026-04-28T11:39:20","date_gmt":"2026-04-28T02:39:20","guid":{"rendered":"https:\/\/portal.hokuryu.info\/?page_id=74113"},"modified":"2026-04-28T15:09:04","modified_gmt":"2026-04-28T06:09:04","slug":"operations_policy","status":"publish","type":"page","link":"https:\/\/portal.hokuryu.info\/az\/operations_policy\/","title":{"rendered":"Hokuryu \u015e\u0259h\u0259r Portal Qrupu - \u018fm\u0259liyyat Siyas\u0259ti"},"content":{"rendered":"<p>Quruldu: Aprel 2026 \u0130dar\u0259etm\u0259 N\u0259zar\u0259t\u00e7il\u0259ri: Noboru Terauchi &amp; Ikuko Terauchi<\/p>\n<p>Hokuryu \u015e\u0259h\u0259r Portal\u0131 (https:\/\/portal.hokuryu.info\/), Hokkaydo \u0259yal\u0259tinin Uryu rayonu, Hokuryu \u015f\u0259h\u0259rind\u0259 yerl\u0259\u015f\u0259n v\u0259 Hokuryu \u015e\u0259h\u0259r \u0130cma D\u0259st\u0259k Hey\u0259ti \u00fczvl\u0259ri Noboru v\u0259 \u0130kuko Terau\u00e7i t\u0259r\u0259find\u0259n idar\u0259 olunan yerli m\u0259lumat veb sayt\u0131d\u0131r. Bu siyas\u0259t, Hokuryu \u015e\u0259h\u0259r Portal\u0131 v\u0259 onunla \u0259laq\u0259li sosial \u015f\u0259b\u0259k\u0259 xidm\u0259tl\u0259ri (bundan sonra &quot;Hokuryu \u015e\u0259h\u0259r Portal\u0131 Qrupu&quot; adland\u0131r\u0131lacaq) \u00fc\u00e7\u00fcn \u0259m\u0259liyyat siyas\u0259tl\u0259rini, h\u0259r bir median\u0131n rollar\u0131n\u0131 v\u0259 m\u0259zmun yaratma standartlar\u0131n\u0131 m\u00fc\u0259yy\u0259n edir.<\/p>\n<h2>1. \u0130dar\u0259etm\u0259 F\u0259ls\u0259f\u0259si<\/h2>\n<p>Hokuryu \u015e\u0259h\u0259r Portal Qrupunun missiyas\u0131, Hokuryu \u015e\u0259h\u0259r sakinl\u0259rinin g\u00fcnd\u0259lik h\u0259yatlar\u0131nda t\u0259bii olaraq t\u0259tbiq etdikl\u0259ri &quot;harmoniya ruhu&quot; v\u0259 &quot;\u015f\u0259fq\u0259t ruhu&quot;nu d\u00fcnyaya orijinal \u015f\u0259kild\u0259 \u00e7atd\u0131rmaqd\u0131r.<\/p>\n<p>Biz inan\u0131r\u0131q ki, bu ki\u00e7ik k\u0259nd k\u0259ndinin h\u0259yat\u0131nda d\u00fcnyan\u0131 yeni bir \u00f6l\u00e7\u00fcy\u0259 aparacaq bir f\u0259ls\u0259f\u0259 var. H\u0259r bir m\u0259qal\u0259, foto\u015f\u0259kil, video v\u0259 sosial media payla\u015f\u0131m\u0131 bu f\u0259ls\u0259f\u0259nin ifad\u0259sidir.<\/p>\n<ul>\n<li>Hokuryu \u015f\u0259h\u0259rinin sakinl\u0259rinin g\u00fcnd\u0259lik h\u0259yat\u0131n\u0131, m\u0259d\u0259niyy\u0259tini v\u0259 s\u0259nayesini oldu\u011fu kimi, d\u00fcr\u00fcst v\u0259 s\u0259mimi \u015f\u0259kild\u0259 \u00e7atd\u0131rmaq.<\/li>\n<li>\u015e\u0259h\u0259r sakinl\u0259rin\u0259 &quot;h\u0259yat t\u0259rzinin d\u00fcnyaya i\u015f\u0131q g\u0259tirdiyini&quot; \u00e7atd\u0131rmaq v\u0259 onlar\u0131n \u0259hval-ruhiyy\u0259sini qald\u0131rmaq.<\/li>\n<li>Hokuryu \u015f\u0259h\u0259rinin ruhunu 10 dild\u0259 v\u0259 140-dan \u00e7ox \u00f6lk\u0259d\u0259 oxuculara \u00e7atd\u0131rmaq.<\/li>\n<li>S\u00fcni intellektl\u0259 t\u0259r\u0259fda\u015fl\u0131\u011f\u0131m\u0131z say\u0259sind\u0259 m\u0259lumat yay\u0131m\u0131m\u0131z\u0131n keyfiyy\u0259tini v\u0259 d\u0259rinliyini art\u0131rma\u011fa davam ed\u0259c\u0259yik.<\/li>\n<\/ul>\n<h2>2. Hokuryu \u015e\u0259h\u0259r portal qrupunun strukturu v\u0259 h\u0259r bir median\u0131n rolu<\/h2>\n<p>Hokuryu Town portal qrupu portal.hokuryu.info \u00fcnvan\u0131nda yerl\u0259\u015fir v\u0259 \u00fc\u00e7 mediadan ibar\u0259tdir: YouTube, Facebook v\u0259 Instagram. Bunlar m\u00fcst\u0259qil kanallar deyil, portal \u0259traf\u0131nda m\u0259rk\u0259zl\u0259\u015fmi\u015f inteqrasiya olunmu\u015f m\u0259lumat yayma sistemidir.<\/p>\n<ul>\n<li><strong>portal.hokuryu.info:<\/strong><br \/>\nH\u0259r \u015fey \u00fc\u00e7\u00fcn \u0259sas baza v\u0259 ba\u015flan\u011f\u0131c n\u00f6qt\u0259si. Arxivl\u0259r 10 dild\u0259 m\u00f6vcuddur. M\u0259qal\u0259l\u0259r, Hokuryu \u015f\u0259h\u0259rinin x\u0259zin\u0259l\u0259ri, yerli t\u0259\u015fkilatlar haqq\u0131nda m\u0259lumatlar, \u0259m\u0259liyyat hesabatlar\u0131 v\u0259 daha \u00e7oxunu \u00f6z\u00fcnd\u0259 birl\u0259\u015fdirir.<\/li>\n<li><strong><a href=\"https:\/\/www.youtube.com\/@hokuryu_portal\/videos\" target=\"_blank\">YouTube<\/a>:<\/strong><br \/>\nBu, se\u00e7ilmi\u015f m\u0259qal\u0259nin video hiss\u0259sidir. Yaln\u0131z portal\u0131n se\u00e7ilmi\u015f m\u0259qal\u0259si il\u0259 inteqrasiya olunmu\u015f videolar yerl\u0259\u015fdiril\u0259c\u0259k; orijinal kanal m\u0259zmunu haz\u0131rlanmayacaq.<\/li>\n<li><strong><a href=\"https:\/\/www.facebook.com\/hokuryunow\" target=\"_blank\">Facebook<\/a>:<\/strong><br \/>\nYerli icmalar \u00fc\u00e7\u00fcn yol ayr\u0131c\u0131. Daxildir: \u2460 \u018fsas m\u0259qal\u0259l\u0259r (Yapon + \u0130ngilis), \u2461 &quot;Hokuryu \u015e\u0259h\u0259rinin X\u0259zin\u0259l\u0259ri&quot; m\u0259qal\u0259l\u0259ri (Yapon + \u0130ngilis) v\u0259 \u2462 M\u00fcxt\u0259lif \u015f\u0259h\u0259r t\u0259\u015fkilatlar\u0131n\u0131n (daxil edilmi\u015f) sosial media hesablar\u0131na ke\u00e7idl\u0259r.<\/li>\n<li><strong><a href=\"https:\/\/www.instagram.com\/hokuryunow\/\" target=\"_blank\">Instagram<\/a>:<\/strong><br \/>\nD\u00fcnya \u00fc\u00e7\u00fcn estetik bir n\u00fcmayi\u015f. Yapon m\u0259tnin\u0259, ingilis dilin\u0259 v\u0259 foto\u015f\u0259kill\u0259r\u0259 diqq\u0259t yetir\u0259r\u0259k &quot;Hokuryu \u015e\u0259h\u0259rinin X\u0259zin\u0259l\u0259ri&quot;ni (Hokuryu \u015e\u0259h\u0259rinin m\u0259nz\u0259r\u0259si \/ Hokuryu \u015e\u0259h\u0259rind\u0259 f\u0259sill\u0259ri ya\u015famaq) payla\u015fmaq.<\/li>\n<\/ul>\n<p>Facebook v\u0259 \u0130nstaqramda payla\u015f\u0131lan &quot;Hokuryu \u015e\u0259h\u0259rinin X\u0259zin\u0259l\u0259ri&quot; m\u0259qal\u0259l\u0259ri eyni m\u0259zmunludur. Bunlar portal.hokuryu.info sayt\u0131ndan &quot;Hokuryu \u015e\u0259h\u0259rinin X\u0259zin\u0259l\u0259ri&quot; kateqoriyas\u0131n\u0131n (Hokuryu \u015e\u0259h\u0259rinin M\u0259nz\u0259r\u0259si \/ Hokuryu \u015e\u0259h\u0259rind\u0259 F\u0259sill\u0259rd\u0259n H\u0259zz Almaq) redakt\u0259 edilmi\u015f versiyalar\u0131d\u0131r v\u0259 yapon v\u0259 ingilis dill\u0259rin\u0259 t\u0259rc\u00fcm\u0259 olunub.<\/p>\n<h2>3. Kontent \u0130stehsal\u0131 Siyas\u0259ti<\/h2>\n<p>Hokuryu Town portal sayt\u0131nda d\u0259rc olunan b\u00fct\u00fcn m\u0259zmun a\u015fa\u011f\u0131dak\u0131 qaydalara uy\u011fun olaraq haz\u0131rlanacaq:<\/p>\n<ul>\n<li><strong>H\u0259qiq\u0259t oldu\u011fu kimi<\/strong>He\u00e7 bir b\u0259z\u0259k v\u0259 ya \u015fi\u015firtm\u0259 olmadan, Hokuryu \u015f\u0259h\u0259rinin g\u00fcnd\u0259lik h\u0259yat\u0131n\u0131 oldu\u011fu kimi \u00e7atd\u0131r\u0131r.<\/li>\n<li><strong>H\u00f6rm\u0259t v\u0259 empatiya<\/strong>Hekay\u0259d\u0259 g\u00f6r\u00fcn\u0259nl\u0259rin v\u0259 m\u00fcsahib\u0259 veril\u0259nl\u0259rin l\u0259yaq\u0259tin\u0259 \u00fcst\u00fcnl\u00fck ver\u0259r\u0259k, isti v\u0259 \u015f\u0259fq\u0259tli bir perspektivl\u0259 qeyd edirik.<\/li>\n<li><strong>Davaml\u0131l\u0131q v\u0259 y\u0131\u011f\u0131lma<\/strong>2011-ci ild\u0259 quruldu\u011fu g\u00fcnd\u0259n b\u0259ri, layih\u0259 m\u0259lumatlar\u0131n qeyd edilm\u0259sinin davam etdirilm\u0259sinin Hokuryu \u015f\u0259h\u0259rinin tarixinin bir hiss\u0259sin\u0259 \u00e7evril\u0259c\u0259yi bar\u0259d\u0259 m\u0259lumatl\u0131l\u0131qla yay\u0131l\u0131b.<\/li>\n<li><strong>\u00c7oxdilli m\u0259suliyy\u0259t<\/strong>Ma\u015f\u0131n t\u0259rc\u00fcm\u0259sind\u0259n istifad\u0259 ed\u0259rk\u0259n, anla\u015f\u0131lmazl\u0131\u011fa s\u0259b\u0259b olmayan ifad\u0259l\u0259ri yoxlad\u0131\u011f\u0131n\u0131zdan \u0259min olun.<\/li>\n<\/ul>\n<h2>4. M\u00fcsahib\u0259l\u0259r v\u0259 se\u00e7il\u0259n \u015f\u0259xsl\u0259rl\u0259 ba\u011fl\u0131 siyas\u0259t<\/h2>\n<p>Hokuryu \u015e\u0259h\u0259r Portal\u0131 \u015f\u0259h\u0259r sakinl\u0259rinin, m\u00fc\u0259ssis\u0259l\u0259rin, t\u0259\u015fkilatlar\u0131n v\u0259 qonaqlar\u0131n \u0259sl adlar\u0131 v\u0259 foto\u015f\u0259kill\u0259ri il\u0259 birlikd\u0259 m\u0259qal\u0259l\u0259r d\u0259rc ed\u0259 bil\u0259r. Portal\u0131n f\u0259aliyy\u0259ti \u00fc\u00e7\u00fcn g\u00f6st\u0259ril\u0259nl\u0259r\u0259 h\u00f6rm\u0259t v\u0259 diqq\u0259t vacibdir.<\/p>\n<ul>\n<li>\u00dcmumi qayda olaraq, m\u00fcsahib\u0259l\u0259r aparmazdan v\u0259 ya \u015f\u0259kil \u00e7\u0259km\u0259zd\u0259n \u0259vv\u0259l \u0259vv\u0259lc\u0259d\u0259n v\u0259 ya yaz\u0131l\u0131 raz\u0131l\u0131q alaca\u011f\u0131q.<\/li>\n<li>Yetkinlik ya\u015f\u0131na \u00e7atmayanlar peyda olarsa, onlar\u0131n valideyn raz\u0131l\u0131\u011f\u0131n\u0131 t\u0259sdiql\u0259y\u0259c\u0259yik.<\/li>\n<li>\u018fg\u0259r m\u0259qal\u0259 v\u0259 ya foto d\u0259rc edildikd\u0259n sonra onu silm\u0259k \u00fc\u00e7\u00fcn sor\u011fu alsaq, d\u0259rhal cavab ver\u0259c\u0259yik.<\/li>\n<li>M\u00fcsahib\u0259l\u0259r aparark\u0259n, m\u00fcmk\u00fcn olduqda m\u0259qal\u0259l\u0259rin v\u0259 foto\u015f\u0259kill\u0259rin 10 dil\u0259 t\u0259rc\u00fcm\u0259 olunaca\u011f\u0131n\u0131 v\u0259 140-dan \u00e7ox \u00f6lk\u0259y\u0259 \u00e7ataca\u011f\u0131n\u0131 siz\u0259 bildir\u0259c\u0259yik.<\/li>\n<li>H\u0259ssas m\u0259zmunun (m\u0259s\u0259l\u0259n, sa\u011flaml\u0131q, ail\u0259 m\u00fcnasib\u0259tl\u0259ri v\u0259 ya maliyy\u0259 v\u0259ziyy\u0259ti) d\u0259rc edilib-edilm\u0259m\u0259sin\u0259 q\u0259rar ver\u0259rk\u0259n x\u00fcsusil\u0259 diqq\u0259tli olaca\u011f\u0131q.<\/li>\n<\/ul>\n<h2>5. M\u00fc\u0259llif H\u00fcquqlar\u0131 v\u0259 M\u0259zmun \u0130stifad\u0259si<\/h2>\n<p>Ba\u015fqa c\u00fcr g\u00f6st\u0259rilm\u0259diyi t\u0259qdird\u0259, Hokuryu Town portal sayt\u0131nda d\u0259rc olunmu\u015f m\u0259qal\u0259l\u0259rin, foto\u015f\u0259kill\u0259rin v\u0259 videolar\u0131n m\u00fc\u0259llif h\u00fcquqlar\u0131 Noboru v\u0259 Ikuko Terau\u00e7iy\u0259 m\u0259xsusdur.<\/p>\n<ul>\n<li>H\u0259r hans\u0131 bir m\u0259qal\u0259ni v\u0259 ya foto\u015f\u0259kili t\u0259krarlamaq v\u0259 ya sitat g\u0259tirm\u0259k ist\u0259yirsinizs\u0259, xahi\u015f edirik \u0259vv\u0259lc\u0259d\u0259n biziml\u0259 \u0259laq\u0259 saxlay\u0131n.<\/li>\n<li>Qeyri-kommersiya v\u0259 icma inki\u015faf\u0131 il\u0259 \u0259laq\u0259li istifad\u0259l\u0259r\u0259 g\u0259ldikd\u0259, m\u00fcmk\u00fcn q\u0259d\u0259r \u00e7evik olaca\u011f\u0131q.<\/li>\n<li>YouTube videolar\u0131n\u0131n yerl\u0259\u015fdirilm\u0259si \u0259vv\u0259lc\u0259d\u0259n bildiri\u015fl\u0259 icaz\u0259 verilir.<\/li>\n<li>Portal daxilind\u0259 m\u00fcxt\u0259lif \u015f\u0259h\u0259r t\u0259\u015fkilatlar\u0131n\u0131n sosial media hesablar\u0131n\u0131n yerl\u0259\u015fdirilm\u0259si v\u0259 t\u0259qdim edilm\u0259si zaman\u0131 m\u0259qs\u0259d h\u0259r bir t\u0259\u015fkilat t\u0259r\u0259find\u0259n m\u0259lumatlar\u0131n yay\u0131lmas\u0131n\u0131 d\u0259st\u0259kl\u0259m\u0259kdir v\u0259 m\u0259zmunda he\u00e7 bir d\u0259yi\u015fiklik edilm\u0259y\u0259c\u0259kdir.<\/li>\n<li>Bu saytdak\u0131 m\u0259zmunun icaz\u0259siz sur\u0259ti v\u0259 ya istifad\u0259si qada\u011fand\u0131r.<\/li>\n<\/ul>\n<h2>6. H\u0259r Platforman\u0131n Xidm\u0259t \u015e\u0259rtl\u0259ri il\u0259 \u018flaq\u0259<\/h2>\n<p>YouTube, Facebook v\u0259 Instagram \u00f6z platformalar\u0131ndan istifad\u0259 ed\u0259r\u0259k f\u0259aliyy\u0259t g\u00f6st\u0259rir. Bu siyas\u0259t h\u0259r platforman\u0131n xidm\u0259t \u015f\u0259rtl\u0259rin\u0259 v\u0259 icma qaydalar\u0131na tabedir. Bu siyas\u0259tl\u0259 h\u0259r platforman\u0131n xidm\u0259t \u015f\u0259rtl\u0259ri aras\u0131nda h\u0259r hans\u0131 bir uy\u011funsuzluq olduqda, h\u0259r platforman\u0131n xidm\u0259t \u015f\u0259rtl\u0259ri \u00fcst\u00fcnl\u00fck t\u0259\u015fkil ed\u0259c\u0259k.<\/p>\n<ul>\n<li><a href=\"https:\/\/www.youtube.com\/howyoutubeworks\/policies\/community-guidelines\/\" target=\"_blank\" rel=\"noopener\">YouTube \u0130cma Qaydalar\u0131<\/a><\/li>\n<li><a href=\"https:\/\/www.facebook.com\/communitystandards\/\" target=\"_blank\" rel=\"noopener\">Meta \u0130cma T\u0259limatlar\u0131 (Facebook v\u0259 Instagram \u00fc\u00e7\u00fcn \u00fcmumi)<\/a><\/li>\n<\/ul>\n<p>Ziyar\u0259t\u00e7il\u0259rin \u015f\u0259xsi m\u0259lumatlar\u0131n\u0131n (kukil\u0259r, giri\u015f analitikas\u0131, sor\u011fular v\u0259 s.) i\u015fl\u0259nm\u0259si il\u0259 ba\u011fl\u0131,<a href=\"https:\/\/portal.hokuryu.info\/az\/m%c9%99xfilik-siyas%c9%99ti\/\">M\u0259xfilik Siyas\u0259ti<\/a>Z\u0259hm\u0259t olmasa, n\u0259z\u0259r yetirin.<\/p>\n<h2>7. \u015e\u0259rhl\u0259r\u0259 v\u0259 sor\u011fulara cavab verm\u0259k siyas\u0259ti<\/h2>\n<ul>\n<li>Portal m\u0259qal\u0259l\u0259rin\u0259 \u015f\u0259rhl\u0259r n\u0259z\u0259rd\u0259n ke\u00e7iril\u0259c\u0259k, t\u0259sdiql\u0259n\u0259c\u0259k v\u0259 d\u0259rc olunacaq.<\/li>\n<li>B\u00f6htan, ayr\u0131-se\u00e7kilik v\u0259 ya spam kimi qiym\u0259tl\u0259ndiril\u0259n \u015f\u0259rhl\u0259r x\u0259b\u0259rdarl\u0131q edilm\u0259d\u0259n silin\u0259c\u0259k.<\/li>\n<li>B\u00fct\u00fcn sosial media platformalar\u0131nda \u015f\u0259rhl\u0259ri eyni meyarlara \u0259sas\u0259n idar\u0259 ed\u0259c\u0259yik.<\/li>\n<li>Sor\u011fular\u0131n\u0131za m\u00fcmk\u00fcn q\u0259d\u0259r tez cavab ver\u0259c\u0259yik, lakin n\u0259z\u0259r\u0259 al\u0131n ki, m\u00fcsahib\u0259 v\u0259 ya dig\u0259r i\u015f \u00f6hd\u0259likl\u0259ri s\u0259b\u0259bind\u0259n bir az vaxt apara bil\u0259r.<\/li>\n<\/ul>\n<h2>8. Siyas\u0259td\u0259ki d\u0259yi\u015fiklikl\u0259rl\u0259 ba\u011fl\u0131<\/h2>\n<p>Bu siyas\u0259t, \u0259m\u0259liyyat \u015f\u0259rtl\u0259rind\u0259ki, qanun v\u0259 qaydalardak\u0131 d\u0259yi\u015fiklikl\u0259r\u0259 v\u0259 ya h\u0259r bir platforman\u0131n xidm\u0259t \u015f\u0259rtl\u0259rin\u0259 uy\u011fun olaraq \u0259vv\u0259lc\u0259d\u0259n x\u0259b\u0259rdarl\u0131q edilm\u0259d\u0259n yenid\u0259n n\u0259z\u0259rd\u0259n ke\u00e7iril\u0259 bil\u0259r. Yenid\u0259n i\u015fl\u0259nmi\u015f siyas\u0259t bu s\u0259hif\u0259d\u0259 yerl\u0259\u015fdirildiyi andan q\u00fcvv\u0259y\u0259 min\u0259c\u0259k.<\/p>\n<h2>sor\u011fu<\/h2>\n<ul>\n<li>\u018fm\u0259liyyat \u0130dar\u0259etm\u0259 N\u0259zar\u0259t\u00e7il\u0259ri: Noboru Terau\u00e7i v\u0259 \u0130kuko Terau\u00e7i, \u0130cma D\u0259st\u0259k Hey\u0259ti, Daxili \u0130\u015fl\u0259r Nazirliyi v\u0259 Rabit\u0259 Sistemi, Hokuryu \u015e\u0259h\u0259ri<\/li>\n<li>E-po\u00e7t: noboru@terasun.net (Z\u0259hm\u0259t olmasa, tam enli @ i\u015far\u0259sini yar\u0131m enli @ i\u015far\u0259si il\u0259 \u0259v\u0259z edin)<\/li>\n<li>\u3012078-2512 11-1 Wa, Hokuryu-cho, Uryu-gun, Hokkaido, Japan Hokuryu Town Hall, Town Future Strategy Division<\/li>\n<li>Tel: 0164-34-2111 (Hokuryu B\u0259l\u0259diyy\u0259 Binas\u0131 - \u018fsas n\u00f6mr\u0259)<\/li>\n<\/ul>\n<p>\u3000<br \/>\n\n        <div class=\"site-blogcard-premium\">\n            <div class=\"bc-label-custom\">\u018flaq\u0259dar m\u0259qal\u0259l\u0259r<\/div>\n            <div class=\"bc-flex-container\">\n                <div class=\"bc-main-text\">\n                    <div class=\"bc-title-link-box\">\n                        <a href=\"https:\/\/portal.hokuryu.info\/az\/about_operator_site\/\" target=\"_blank\">https:\/\/portal.hokuryu.info\/about_operator_site<\/a>\n                    <\/div>\n                    <div class=\"bc-excerpt-box\">S\u0259hif\u0259 m\u0259lumatlar\u0131n\u0131 \u0259ld\u0259 etm\u0259k m\u00fcmk\u00fcn deyil.<\/div>\n                <\/div>\n                <div class=\"bc-thumbnail-box\">\n                    <a href=\"https:\/\/portal.hokuryu.info\/az\/about_operator_site\/\" target=\"_blank\">\n                        <div class=\"bc-img-zoom-wrap\">\n                            <img decoding=\"async\" src=\"https:\/\/portal.hokuryu.info\/wp\/wp-content\/uploads\/2026\/02\/20230802DSC06445_1.jpg\" alt=\"https:\/\/portal.hokuryu.info\/about_operator_site\">\n                        <\/div>\n                    <\/a>\n                <\/div>\n            <\/div>\n        <\/div>\n\n        <div class=\"site-blogcard-premium\">\n            <div class=\"bc-label-custom\">\u018flaq\u0259dar m\u0259qal\u0259l\u0259r<\/div>\n            <div class=\"bc-flex-container\">\n                <div class=\"bc-main-text\">\n                    <div class=\"bc-title-link-box\">\n                        <a href=\"https:\/\/portal.hokuryu.info\/az\/kateqoriya\/aboutus\/operations_report\/\" target=\"_blank\">Veb Sayt\u0131n \u018fm\u0259liyyat Hesabat\u0131 (Kateqoriya)<\/a>\n                    <\/div>\n                    <div class=\"bc-excerpt-box\">Bu m\u0259qal\u0259d\u0259 Hokuryu \u015e\u0259h\u0259r Portal\u0131n\u0131n f\u0259aliyy\u0259ti il\u0259 ba\u011fl\u0131 ayl\u0131q hesabatlar, t\u0259hlill\u0259r v\u0259 yenilikl\u0259r yer al\u0131r. \u2022 \u018fm\u0259liyyat Meneceri: Hokuryu...<\/div>\n                <\/div>\n                <div class=\"bc-thumbnail-box\">\n                    <a href=\"https:\/\/portal.hokuryu.info\/az\/kateqoriya\/aboutus\/operations_report\/\" target=\"_blank\">\n                        <div class=\"bc-img-zoom-wrap\">\n                            <img decoding=\"async\" src=\"https:\/\/portal.hokuryu.info\/wp\/wp-content\/uploads\/2026\/02\/20230802DSC06445_1.jpg\" alt=\"Veb Sayt\u0131n \u018fm\u0259liyyat Hesabat\u0131 (Kateqoriya)\">\n                        <\/div>\n                    <\/a>\n                <\/div>\n            <\/div>\n        <\/div>\n\n        <div class=\"site-blogcard-premium\">\n            <div class=\"bc-label-custom\">\u018flaq\u0259dar m\u0259qal\u0259l\u0259r<\/div>\n            <div class=\"bc-flex-container\">\n                <div class=\"bc-main-text\">\n                    <div class=\"bc-title-link-box\">\n                        <a href=\"https:\/\/portal.hokuryu.info\/az\/m%c9%99xfilik-siyas%c9%99ti\/\" target=\"_blank\">https:\/\/portal.hokuryu.info\/privacy-policy<\/a>\n                    <\/div>\n                    <div class=\"bc-excerpt-box\">S\u0259hif\u0259 m\u0259lumatlar\u0131n\u0131 \u0259ld\u0259 etm\u0259k m\u00fcmk\u00fcn deyil.<\/div>\n                <\/div>\n                <div class=\"bc-thumbnail-box\">\n                    <a href=\"https:\/\/portal.hokuryu.info\/az\/m%c9%99xfilik-siyas%c9%99ti\/\" target=\"_blank\">\n                        <div class=\"bc-img-zoom-wrap\">\n                            <img decoding=\"async\" src=\"https:\/\/portal.hokuryu.info\/wp\/wp-content\/uploads\/2026\/02\/20230802DSC06445_1.jpg\" alt=\"https:\/\/portal.hokuryu.info\/privacy-policy\">\n                        <\/div>\n                    <\/a>\n                <\/div>\n            <\/div>\n        <\/div>\n<p>\u25c7<\/p>\n<div class=\"story-banner\">\n<p class=\"story-banner-title\">Hokuryu \u015f\u0259h\u0259rinin ruhuna toxunan be\u015f hekay\u0259<\/p>\n<div class=\"story-banner-grid\"><a href=\"https:\/\/portal.hokuryu.info\/az\/64463\/\"><img decoding=\"async\" class=\"story-banner-img\" src=\"https:\/\/portal.hokuryu.info\/wp\/wp-content\/uploads\/2026\/04\/20260413-20220804LUBU6108.jpg\" alt=\"G\u00fcn\u0259baxan Festival\u0131 Hekay\u0259si\"><span class=\"story-banner-sub\">G\u00fcn\u0259baxanlar v\u0259 Tarix<\/span><span class=\"story-banner-name\">G\u00fcn\u0259baxan Festival\u0131 Hekay\u0259si<\/span><\/a><a href=\"https:\/\/portal.hokuryu.info\/az\/70781\/\"><img decoding=\"async\" class=\"story-banner-img\" src=\"https:\/\/portal.hokuryu.info\/wp\/wp-content\/uploads\/2026\/04\/20260413-2ee454639d49581b086f096a4cad8a35.jpg\" alt=\"K\u0259nd T\u0259s\u0259rr\u00fcfat\u0131, Qida v\u0259 H\u0259yat\"><span class=\"story-banner-sub\">K\u0259nd T\u0259s\u0259rr\u00fcfat\u0131, Qida v\u0259 H\u0259yat<\/span><span class=\"story-banner-name\">G\u00fcn\u0259baxan D\u00fcy\u00fc Hekay\u0259si<\/span><\/a><a href=\"https:\/\/portal.hokuryu.info\/az\/65955\/\"><img decoding=\"async\" class=\"story-banner-img\" src=\"https:\/\/portal.hokuryu.info\/wp\/wp-content\/uploads\/2026\/04\/20260413-ac3c8e2e56926a378ae45ee5011703e2.jpg\" alt=\"K\u0259nd T\u0259s\u0259rr\u00fcfat\u0131 - Kurosenkoku\"><span class=\"story-banner-sub\">K\u0259nd T\u0259s\u0259rr\u00fcfat\u0131 - Kurosenkoku<\/span><span class=\"story-banner-name\">Kurosenkoku soya paxlas\u0131n\u0131n hekay\u0259si<\/span><\/a><a href=\"https:\/\/portal.hokuryu.info\/az\/64650\/\"><img decoding=\"async\" class=\"story-banner-img\" src=\"https:\/\/portal.hokuryu.info\/wp\/wp-content\/uploads\/2026\/04\/20250925-Gemini_Generated_Image_xnrnb2xnrnb2xnrn.jpg\" alt=\"K\u0259nd t\u0259s\u0259rr\u00fcfat\u0131 - Qarp\u0131z\"><span class=\"story-banner-sub\">K\u0259nd t\u0259s\u0259rr\u00fcfat\u0131 - Qarp\u0131z<\/span><span class=\"story-banner-name\">G\u00fcn\u0259baxan v\u0259 qarp\u0131z yeti\u015fdirilm\u0259sinin hekay\u0259si<\/span><\/a><a href=\"https:\/\/portal.hokuryu.info\/az\/70779\/\"><img decoding=\"async\" class=\"story-banner-img\" src=\"https:\/\/portal.hokuryu.info\/wp\/wp-content\/uploads\/2026\/04\/20260413-20180913_DSC8149.jpg\" alt=\"K\u0259nd t\u0259s\u0259rr\u00fcfat\u0131 - Qovunlar\"><span class=\"story-banner-sub\">K\u0259nd t\u0259s\u0259rr\u00fcfat\u0131 - Qovunlar<\/span><span class=\"story-banner-name\">G\u00fcn\u0259baxan Qovununun Yeti\u015fdirilm\u0259sinin Hekay\u0259si<\/span><\/a><\/div>\n<\/div>","protected":false},"excerpt":{"rendered":"<p>\u5236\u5b9a\uff1a2026\u5e744\u6708\u3000\u904b\u55b6\u7ba1\u7406\u8cac\u4efb\u8005\uff1a\u5bfa\u5185\u6607 \uff06 \u90c1\u5b50 \u5317\u7adc\u753a\u30dd\u30fc\u30bf\u30eb\uff08https:\/\/portal.hokuryu.info\/\uff09\u306f\u3001\u5317\u6d77\u9053\u96e8\u7adc\u90e1\u5317\u7adc\u753a\u3092\u62e0\u70b9\u306b\u3001\u5317\u7adc\u753a\u96c6\u843d\u652f\u63f4\u54e1\u30fb\u5bfa\u5185\u6607\uff06\u90c1\u5b50\u304c\u904b\u55b6\u3059 [&hellip;]<\/p>\n","protected":false},"author":1,"featured_media":74116,"parent":0,"menu_order":0,"comment_status":"closed","ping_status":"closed","template":"","meta":{"footnotes":""},"class_list":["post-74113","page","type-page","status-publish","has-post-thumbnail","hentry"],"_links":{"self":[{"href":"https:\/\/portal.hokuryu.info\/az\/wp-json\/wp\/v2\/pages\/74113","targetHints":{"allow":["GET"]}}],"collection":[{"href":"https:\/\/portal.hokuryu.info\/az\/wp-json\/wp\/v2\/pages"}],"about":[{"href":"https:\/\/portal.hokuryu.info\/az\/wp-json\/wp\/v2\/types\/page"}],"author":[{"embeddable":true,"href":"https:\/\/portal.hokuryu.info\/az\/wp-json\/wp\/v2\/users\/1"}],"replies":[{"embeddable":true,"href":"https:\/\/portal.hokuryu.info\/az\/wp-json\/wp\/v2\/comments?post=74113"}],"version-history":[{"count":14,"href":"https:\/\/portal.hokuryu.info\/az\/wp-json\/wp\/v2\/pages\/74113\/revisions"}],"predecessor-version":[{"id":74154,"href":"https:\/\/portal.hokuryu.info\/az\/wp-json\/wp\/v2\/pages\/74113\/revisions\/74154"}],"wp:featuredmedia":[{"embeddable":true,"href":"https:\/\/portal.hokuryu.info\/az\/wp-json\/wp\/v2\/media\/74116"}],"wp:attachment":[{"href":"https:\/\/portal.hokuryu.info\/az\/wp-json\/wp\/v2\/media?parent=74113"}],"curies":[{"name":"wp","href":"https:\/\/api.w.org\/{rel}","templated":true}]}}