{"id":537,"date":"2021-05-02T12:06:26","date_gmt":"2021-05-02T03:06:26","guid":{"rendered":"http:\/\/portal.hokuryu.info\/?page_id=537"},"modified":"2021-05-02T12:31:55","modified_gmt":"2021-05-02T03:31:55","slug":"537-2","status":"publish","type":"page","link":"https:\/\/portal.hokuryu.info\/az\/537-2\/","title":{"rendered":"Tam m\u0259qal\u0259ni ke\u00e7mi\u015f Hokuryu Town Portal\u0131ndan (2011-2020) buradan oxuya bil\u0259rsiniz"},"content":{"rendered":"<p><center><\/p>\n<table cellpadding=\"30\">\n<tbody>\n<tr bgcolor=\"lightcyan\">\n<td>\n<div style=\"text-align: center;\"><a href=\"https:\/\/portal.hokuryu.info\/az\/index.html\/\"><img decoding=\"async\" class=\"alignnone size-medium wp-image-539\" src=\"https:\/\/portal.hokuryu.info\/wp\/wp-content\/uploads\/2020\/01\/old-portal-300x60.gif\" alt=\"Ke\u00e7mi\u015f Hokuryu \u015e\u0259h\u0259r Portal\u0131 buradad\u0131r\" width=\"300\" height=\"60\" \/><br \/>\n<span style=\"font-size: 12pt;\">(2011-ci ild\u0259n 2019-cu il\u0259 kimi b\u00fct\u00fcn m\u0259qal\u0259l\u0259r\u0259 baxa bil\u0259rsiniz)<\/span><\/a><br \/>\n\u30fb<a style=\"text-decoration: none;\" href=\"https:\/\/portal.hokuryu.info\/az\/himawari.html\/\">G\u00fcn\u0259baxan k\u0259ndi<\/a>\u30fb<a style=\"text-decoration: none;\" href=\"https:\/\/portal.hokuryu.info\/az\/kurosengoku\/\">Kurosengoku soya<\/a>\u30fb<a style=\"text-decoration: none;\" href=\"https:\/\/portal.hokuryu.info\/az\/gun%c9%99baxan-parki\/onsen.html\/\">Hokuryu Onsen<\/a>\u30fb<a style=\"text-decoration: none;\" href=\"https:\/\/portal.hokuryu.info\/az\/news.html\/\">n\u0259 yenilik var<\/a>\u30fb<a style=\"text-decoration: none;\" href=\"https:\/\/portal.hokuryu.info\/az\/treasure.html\/\">Hokuryu \u015f\u0259h\u0259rinin x\u0259zin\u0259l\u0259ri<\/a><br \/>\n\u30fb<a style=\"text-decoration: none;\" href=\"https:\/\/portal.hokuryu.info\/az\/mayor.html\/\">B\u0259l\u0259diyy\u0259 Ba\u015f\u00e7\u0131s\u0131 Yutaka Sano<\/a>\u30fb<a style=\"text-decoration: none;\" href=\"https:\/\/portal.hokuryu.info\/az\/hokuryu-town.html\/\">Hokuryu q\u0259s\u0259b\u0259si<\/a>\u30fb<a style=\"text-decoration: none;\" href=\"https:\/\/portal.hokuryu.info\/az\/hokuryuski.html\/\">B\u0259l\u0259diyy\u0259 xiz\u0259k kurortu<\/a>\n<\/div>\n<\/td>\n<\/tr>\n<\/tbody>\n<\/table>\n<p><\/center><\/p>\n<figure id=\"attachment_7141\" class=\"wp-caption aligncenter\"><a href=\"https:\/\/portal.hokuryu.info\/az\/index.html\/\"><img decoding=\"async\" src=\"https:\/\/portal.hokuryu.info\/wp\/wp-content\/uploads\/2021\/01\/hokuryu_portal_2020-scaled.jpg\" alt=\"Ke\u00e7mi\u015f Hokuryu \u015e\u0259h\u0259r Portal\u0131 (2011-2020)\" width=\"1325\" height=\"2560\" class=\"size-full wp-image-7141\" style=\"border:solid 1px blue\"\/><figcaption class=\"wp-caption-text\">Ke\u00e7mi\u015f Hokuryu \u015e\u0259h\u0259r Portal\u0131 (2011-2020)<\/a><\/figcaption><\/figure>","protected":false},"excerpt":{"rendered":"<p>(2011-ci ild\u0259n 2019-cu il\u0259 q\u0259d\u0259r b\u00fct\u00fcn m\u0259qal\u0259l\u0259r m\u00f6vcuddur) \u30fbG\u00fcn\u0259baxan k\u0259ndi \u30fbKurosenqoku soya paxlas\u0131 \u30fbHokuryu isti bulaqlar\u0131 \u30fbSon x\u0259b\u0259rl\u0259r \u30fbHokuryu \u015f\u0259h\u0259rinin x\u0259zin\u0259l\u0259ri \u30fbB\u0259l\u0259diyy\u0259 meri Sano Yutaka \u30fbHokuryu Town \u30fbMuressiort<\/p>","protected":false},"author":1,"featured_media":538,"parent":0,"menu_order":0,"comment_status":"closed","ping_status":"closed","template":"","meta":{"footnotes":""},"class_list":["post-537","page","type-page","status-publish","has-post-thumbnail","hentry"],"_links":{"self":[{"href":"https:\/\/portal.hokuryu.info\/az\/wp-json\/wp\/v2\/pages\/537","targetHints":{"allow":["GET"]}}],"collection":[{"href":"https:\/\/portal.hokuryu.info\/az\/wp-json\/wp\/v2\/pages"}],"about":[{"href":"https:\/\/portal.hokuryu.info\/az\/wp-json\/wp\/v2\/types\/page"}],"author":[{"embeddable":true,"href":"https:\/\/portal.hokuryu.info\/az\/wp-json\/wp\/v2\/users\/1"}],"replies":[{"embeddable":true,"href":"https:\/\/portal.hokuryu.info\/az\/wp-json\/wp\/v2\/comments?post=537"}],"version-history":[{"count":0,"href":"https:\/\/portal.hokuryu.info\/az\/wp-json\/wp\/v2\/pages\/537\/revisions"}],"wp:featuredmedia":[{"embeddable":true,"href":"https:\/\/portal.hokuryu.info\/az\/wp-json\/wp\/v2\/media\/538"}],"wp:attachment":[{"href":"https:\/\/portal.hokuryu.info\/az\/wp-json\/wp\/v2\/media?parent=537"}],"curies":[{"name":"wp","href":"https:\/\/api.w.org\/{rel}","templated":true}]}}