{"id":3,"date":"2026-04-28T11:36:10","date_gmt":"2026-04-28T02:36:10","guid":{"rendered":"http:\/\/portal.hokuryu.info\/wp"},"modified":"2026-04-28T15:12:15","modified_gmt":"2026-04-28T06:12:15","slug":"m%c9%99xfilik-siyas%c9%99ti","status":"publish","type":"page","link":"https:\/\/portal.hokuryu.info\/az\/privacy-policy\/","title":{"rendered":"M\u0259xfilik Siyas\u0259ti"},"content":{"rendered":"<p>Sonuncu d\u0259f\u0259 d\u00fcz\u0259li\u015f edilib: Aprel 2026 *&quot;M\u00fcsahib\u0259l\u0259r v\u0259 \u00e7\u0131x\u0131\u015flar haqq\u0131nda siyas\u0259t&quot; \u0259lav\u0259 edilib (T\u0259sis edilib: Yanvar 2020)<\/p>\n<p>Hokuryu \u015e\u0259h\u0259r Portal\u0131 (https:\/\/portal.hokuryu.info\/), Hokkaydo, Uryu rayonu, Hokuryu \u015f\u0259h\u0259rind\u0259 yerl\u0259\u015f\u0259n Noboru v\u0259 Ikuko Terauchi t\u0259r\u0259find\u0259n idar\u0259 olunan yerli m\u0259lumat veb sayt\u0131d\u0131r. Bu siyas\u0259t, bu sayt\u0131n istifad\u0259\u00e7il\u0259rinin \u015f\u0259xsi m\u0259lumatlar\u0131n\u0131 nec\u0259 idar\u0259 etdiyimizi m\u00fc\u0259yy\u0259n edir.<\/p>\n<h2>Toplanacaq m\u0259lumatlar v\u0259 onun m\u0259qs\u0259di<\/h2>\n<h3>\u015f\u0259rh<\/h3>\n<p>M\u0259qal\u0259y\u0259 \u015f\u0259rh yazd\u0131\u011f\u0131n\u0131z zaman ad\u0131n\u0131z\u0131, e-po\u00e7t \u00fcnvan\u0131n\u0131z\u0131, veb sayt URL-nizi, IP \u00fcnvan\u0131n\u0131z\u0131 v\u0259 brauzer m\u0259lumatlar\u0131n\u0131z\u0131 toplay\u0131r\u0131q. Bu m\u0259lumat yaln\u0131z spam \u015f\u0259rhl\u0259ri a\u015fkar etm\u0259k v\u0259 qar\u015f\u0131s\u0131n\u0131 almaq \u00fc\u00e7\u00fcn istifad\u0259 olunur v\u0259 ba\u015fqa he\u00e7 bir m\u0259qs\u0259d \u00fc\u00e7\u00fcn istifad\u0259 olunmayacaq. T\u0259sdiql\u0259nmi\u015f \u015f\u0259rhl\u0259r ad\u0131n\u0131zla birlikd\u0259 ictimaiyy\u0259t\u0259 n\u00fcmayi\u015f olunacaq.<\/p>\n<h3>sor\u011fu<\/h3>\n<p>Biziml\u0259 e-po\u00e7t v\u0259 ya dig\u0259r vasit\u0259l\u0259rl\u0259 \u0259laq\u0259 saxlasan\u0131z, \u0259laq\u0259 m\u0259lumatlar\u0131n\u0131z yaln\u0131z sor\u011funuza cavab verm\u0259k \u00fc\u00e7\u00fcn istifad\u0259 olunacaq. Biz onu he\u00e7 bir \u00fc\u00e7\u00fcnc\u00fc t\u0259r\u0259f\u0259 verm\u0259y\u0259c\u0259yik.<\/p>\n<h3>Giri\u015f T\u0259hlili<\/h3>\n<p>Veb sayt\u0131m\u0131z\u0131 t\u0259kmill\u0259\u015fdirm\u0259k \u00fc\u00e7\u00fcn Google Analytics-d\u0259n istifad\u0259 edirik. Toplanan m\u0259lumatlar anoniml\u0259\u015fdirilir v\u0259 \u015f\u0259xsl\u0259ri m\u00fc\u0259yy\u0259n etmir. Google Analytics m\u0259lumat toplanmas\u0131n\u0131 deaktiv etm\u0259k ist\u0259yirsinizs\u0259, z\u0259hm\u0259t olmasa, Google Analytics-d\u0259n \u0130mtina \u018flav\u0259sind\u0259n istifad\u0259 edin.<\/p>\n<h3>Kuki<\/h3>\n<p>\u015e\u0259rh yazark\u0259n ad\u0131n\u0131z\u0131, e-po\u00e7t \u00fcnvan\u0131n\u0131z\u0131 v\u0259 veb sayt URL-nizi kukid\u0259 (iste\u011fe ba\u011fl\u0131) saxlama\u011f\u0131 se\u00e7\u0259 bil\u0259rsiniz. Bu, n\u00f6vb\u0259ti d\u0259f\u0259 \u015f\u0259rh yazd\u0131\u011f\u0131n\u0131z zaman bu m\u0259lumat\u0131 yenid\u0259n daxil etm\u0259k \u0259ziyy\u0259tind\u0259n xilas ed\u0259c\u0259k. Bu kuki bir il saxlan\u0131lacaq.<\/p>\n<h2>\u015e\u0259kill\u0259rin y\u00fckl\u0259nm\u0259si haqq\u0131nda<\/h2>\n<p>Bu saytda yerl\u0259\u015fdiril\u0259n b\u00fct\u00fcn \u015f\u0259kill\u0259r sayt administratoru t\u0259r\u0259find\u0259n \u00e7\u0259kilir v\u0259 idar\u0259 olunur. Yer m\u0259lumatlar\u0131n\u0131 (EXIF GPS) ehtiva ed\u0259n \u015f\u0259kill\u0259r y\u00fckl\u0259m\u0259zd\u0259n \u0259vv\u0259l silinir.<\/p>\n<h2>Dig\u0259r veb saytlardan daxil edilmi\u015f m\u0259zmun<\/h2>\n<p>M\u0259qal\u0259l\u0259r\u0259 YouTube, Facebook, Instagram v\u0259 dig\u0259r platformalardan daxil edilmi\u015f m\u0259zmun daxil ola bil\u0259r. Bu m\u0259zmun h\u0259r bir xidm\u0259tin platformas\u0131nda n\u0259z\u0259rd\u0259 tutuldu\u011fu kimi i\u015fl\u0259yir v\u0259 m\u00fcvafiq m\u0259xfilik siyas\u0259ti t\u0259tbiq olunur.<\/p>\n<p>Bundan \u0259lav\u0259, Hokuryu \u015e\u0259h\u0259r Portal\u0131 \u015f\u0259h\u0259r daxilind\u0259 m\u00fcxt\u0259lif t\u0259\u015fkilatlar v\u0259 qruplar t\u0259r\u0259find\u0259n idar\u0259 olunan sosial media hesablar\u0131ndan payla\u015f\u0131mlar yerl\u0259\u015fdir\u0259 bil\u0259r. Bu, h\u0259m icma daxilind\u0259, h\u0259m d\u0259 xaricind\u0259 bu t\u0259\u015fkilatlardan m\u0259lumatlar\u0131 geni\u015f \u015f\u0259kild\u0259 yaymaq \u00fc\u00e7\u00fcn n\u0259z\u0259rd\u0259 tutulub. D\u0259rc edil\u0259n m\u0259zmun h\u0259r bir t\u0259\u015fkilat t\u0259r\u0259find\u0259n ilkin olaraq yerl\u0259\u015fdirildiyi kimidir v\u0259 Hokuryu \u015e\u0259h\u0259r Portal\u0131 onun m\u0259zmununu d\u0259yi\u015fdirm\u0259y\u0259c\u0259k.<\/p>\n<h2>M\u00fcsahib\u0259l\u0259r v\u0259 m\u00fcsahib\u0259 alanlarla ba\u011fl\u0131 siyas\u0259t<\/h2>\n<p>Hokuryu \u015e\u0259h\u0259r Portal\u0131 \u015f\u0259h\u0259r sakinl\u0259rinin, m\u00fc\u0259ssis\u0259l\u0259rin, t\u0259\u015fkilatlar\u0131n v\u0259 qonaqlar\u0131n \u0259sl adlar\u0131 v\u0259 foto\u015f\u0259kill\u0259ri il\u0259 birlikd\u0259 m\u0259qal\u0259l\u0259r d\u0259rc ed\u0259 bil\u0259r. G\u00f6st\u0259ril\u0259n \u015f\u0259xsl\u0259rin m\u0259xfiliyini v\u0259 l\u0259yaq\u0259tini qorumaq f\u0259aliyy\u0259timizin \u0259sas prinsipl\u0259rind\u0259n biridir v\u0259 biz a\u015fa\u011f\u0131dak\u0131 siyas\u0259tl\u0259r\u0259 uy\u011fun olaraq m\u00fcsahib\u0259l\u0259r apar\u0131r v\u0259 m\u0259qal\u0259l\u0259r d\u0259rc edirik.<\/p>\n<ul>\n<li>\u00dcmumi qayda olaraq, m\u00fcsahib\u0259l\u0259r aparmazdan v\u0259 ya \u015f\u0259kil \u00e7\u0259km\u0259zd\u0259n \u0259vv\u0259l \u0259vv\u0259lc\u0259d\u0259n v\u0259 ya yaz\u0131l\u0131 raz\u0131l\u0131q alaca\u011f\u0131q.<\/li>\n<li>Yetkinlik ya\u015f\u0131na \u00e7atmayanlar peyda olarsa, onlar\u0131n valideyn raz\u0131l\u0131\u011f\u0131n\u0131 t\u0259sdiql\u0259y\u0259c\u0259yik.<\/li>\n<li>M\u00fcsahib\u0259l\u0259r aparark\u0259n oxucular\u0131m\u0131za m\u0259qal\u0259l\u0259rinin v\u0259 foto\u015f\u0259kill\u0259rinin 10 dil\u0259 t\u0259rc\u00fcm\u0259 olunaca\u011f\u0131 v\u0259 d\u00fcnyan\u0131n 140-dan \u00e7ox \u00f6lk\u0259sind\u0259ki oxuculara \u00e7ataca\u011f\u0131 bar\u0259d\u0259 m\u0259lumat verm\u0259k \u00fc\u00e7\u00fcn h\u0259r c\u00fcr s\u0259y g\u00f6st\u0259ririk.<\/li>\n<li>\u018fg\u0259r m\u0259qal\u0259 v\u0259 ya foto d\u0259rc edildikd\u0259n sonra onu silm\u0259k \u00fc\u00e7\u00fcn sor\u011fu alsaq, d\u0259rhal cavab ver\u0259c\u0259yik.<\/li>\n<li>Sa\u011flaml\u0131q, ail\u0259 m\u00fcnasib\u0259tl\u0259ri v\u0259 ya maliyy\u0259 v\u0259ziyy\u0259ti kimi h\u0259ssas m\u0259lumatlar\u0131 ehtiva ed\u0259n m\u0259zmunun d\u0259rc edilib-edilm\u0259m\u0259sin\u0259 q\u0259rar ver\u0259rk\u0259n x\u00fcsusil\u0259 diqq\u0259tli olaca\u011f\u0131q.<\/li>\n<\/ul>\n<p>D\u0259rc olunmu\u015f m\u0259zmunla ba\u011fl\u0131 h\u0259r hans\u0131 bir sor\u011fu v\u0259 ya sor\u011fu \u00fc\u00e7\u00fcn a\u015fa\u011f\u0131dak\u0131 \u0259laq\u0259 m\u0259lumatlar\u0131 vasit\u0259sil\u0259 biziml\u0259 \u0259laq\u0259 saxlamaqdan \u00e7\u0259kinm\u0259yin.<\/p>\n<h2>\u015e\u0259xsi m\u0259lumatlar\u0131n \u00fc\u00e7\u00fcnc\u00fc t\u0259r\u0259fl\u0259r\u0259 verilm\u0259si<\/h2>\n<p>Qanunla t\u0259l\u0259b olundu\u011fu hallar istisna olmaqla, toplad\u0131\u011f\u0131m\u0131z \u015f\u0259xsi m\u0259lumatlar\u0131 \u00fc\u00e7\u00fcnc\u00fc t\u0259r\u0259fl\u0259r\u0259 verm\u0259y\u0259c\u0259yik.<\/p>\n<h2>\u015e\u0259xsi m\u0259lumatlar\u0131n a\u00e7\u0131qlanmas\u0131, d\u00fcz\u0259ldilm\u0259si v\u0259 silinm\u0259si<\/h2>\n<p>\u015e\u0259xsi m\u0259lumatlar\u0131n\u0131z\u0131n a\u00e7\u0131qlanmas\u0131, d\u00fcz\u0259ldilm\u0259si v\u0259 ya silinm\u0259si \u00fc\u00e7\u00fcn m\u00fcraci\u0259t etm\u0259k ist\u0259yirsinizs\u0259, z\u0259hm\u0259t olmasa a\u015fa\u011f\u0131dak\u0131 \u00fcnvanla biziml\u0259 \u0259laq\u0259 saxlay\u0131n. Biz d\u0259rhal cavab ver\u0259c\u0259yik.<\/p>\n<h2>Siyas\u0259t d\u0259yi\u015fiklikl\u0259ri il\u0259 ba\u011fl\u0131<\/h2>\n<p>Bu M\u0259xfilik Siyas\u0259ti laz\u0131m olduqda d\u0259yi\u015fdiril\u0259 bil\u0259r. Yenid\u0259n i\u015fl\u0259nmi\u015f siyas\u0259t bu s\u0259hif\u0259d\u0259 yerl\u0259\u015fdirildiyi andan q\u00fcvv\u0259y\u0259 min\u0259c\u0259k.<\/p>\n<p>H\u0259r bir media orqan\u0131n\u0131n \u0259m\u0259liyyat siyas\u0259ti v\u0259 m\u0259zmun yaratma standartlar\u0131 haqq\u0131nda m\u0259lumat \u00fc\u00e7\u00fcn,<a href=\"https:\/\/portal.hokuryu.info\/az\/operations-policy\/\">Hokuryu \u015e\u0259h\u0259r Portal Qrupunun \u018fm\u0259liyyat Siyas\u0259ti<\/a>Z\u0259hm\u0259t olmasa, a\u015fa\u011f\u0131dak\u0131lara da bax\u0131n.<\/p>\n<h2>sor\u011fu<\/h2>\n<ul>\n<li>\u018fm\u0259liyyat \u0130dar\u0259etm\u0259 N\u0259zar\u0259t\u00e7il\u0259ri: Noboru Terau\u00e7i v\u0259 \u0130kuko Terau\u00e7i, \u0130cma D\u0259st\u0259k Hey\u0259ti, Daxili \u0130\u015fl\u0259r Nazirliyi v\u0259 Rabit\u0259 Sistemi, Hokuryu \u015e\u0259h\u0259ri<\/li>\n<li>E-po\u00e7t: noboru@terasun.net (Z\u0259hm\u0259t olmasa, tam enli @ i\u015far\u0259sini yar\u0131m enli @ i\u015far\u0259si il\u0259 \u0259v\u0259z edin)<\/li>\n<li>\u3012078-2512 11-1 Wa, Hokuryu-cho, Uryu-gun, Hokkaido, Japan Hokuryu Town Hall, Town Future Strategy Division<\/li>\n<li>Tel: 0164-34-2111 (Hokuryu B\u0259l\u0259diyy\u0259 Binas\u0131 - \u018fsas n\u00f6mr\u0259)<\/li>\n<\/ul>\n<p>\u3000<br \/>\n\n        <div class=\"site-blogcard-premium\">\n            <div class=\"bc-label-custom\">\u018flaq\u0259dar m\u0259qal\u0259l\u0259r<\/div>\n            <div class=\"bc-flex-container\">\n                <div class=\"bc-main-text\">\n                    <div class=\"bc-title-link-box\">\n                        <a href=\"https:\/\/portal.hokuryu.info\/az\/about_operator_site\/\" target=\"_blank\">https:\/\/portal.hokuryu.info\/about_operator_site<\/a>\n                    <\/div>\n                    <div class=\"bc-excerpt-box\">S\u0259hif\u0259 m\u0259lumatlar\u0131n\u0131 \u0259ld\u0259 etm\u0259k m\u00fcmk\u00fcn deyil.<\/div>\n                <\/div>\n                <div class=\"bc-thumbnail-box\">\n                    <a href=\"https:\/\/portal.hokuryu.info\/az\/about_operator_site\/\" target=\"_blank\">\n                        <div class=\"bc-img-zoom-wrap\">\n                            <img decoding=\"async\" src=\"https:\/\/portal.hokuryu.info\/wp\/wp-content\/uploads\/2026\/02\/20230802DSC06445_1.jpg\" alt=\"https:\/\/portal.hokuryu.info\/about_operator_site\">\n                        <\/div>\n                    <\/a>\n                <\/div>\n            <\/div>\n        <\/div>\n\n        <div class=\"site-blogcard-premium\">\n            <div class=\"bc-label-custom\">\u018flaq\u0259dar m\u0259qal\u0259l\u0259r<\/div>\n            <div class=\"bc-flex-container\">\n                <div class=\"bc-main-text\">\n                    <div class=\"bc-title-link-box\">\n                        <a href=\"https:\/\/portal.hokuryu.info\/az\/kateqoriya\/aboutus\/operations_report\/\" target=\"_blank\">Veb Sayt\u0131n \u018fm\u0259liyyat Hesabat\u0131 (Kateqoriya)<\/a>\n                    <\/div>\n                    <div class=\"bc-excerpt-box\">Bu m\u0259qal\u0259d\u0259 Hokuryu \u015e\u0259h\u0259r Portal\u0131n\u0131n f\u0259aliyy\u0259ti il\u0259 ba\u011fl\u0131 ayl\u0131q hesabatlar, t\u0259hlill\u0259r v\u0259 yenilikl\u0259r yer al\u0131r. \u2022 \u018fm\u0259liyyat Meneceri: Hokuryu...<\/div>\n                <\/div>\n                <div class=\"bc-thumbnail-box\">\n                    <a href=\"https:\/\/portal.hokuryu.info\/az\/kateqoriya\/aboutus\/operations_report\/\" target=\"_blank\">\n                        <div class=\"bc-img-zoom-wrap\">\n                            <img decoding=\"async\" src=\"https:\/\/portal.hokuryu.info\/wp\/wp-content\/uploads\/2026\/02\/20230802DSC06445_1.jpg\" alt=\"Veb Sayt\u0131n \u018fm\u0259liyyat Hesabat\u0131 (Kateqoriya)\">\n                        <\/div>\n                    <\/a>\n                <\/div>\n            <\/div>\n        <\/div>\n\n        <div class=\"site-blogcard-premium\">\n            <div class=\"bc-label-custom\">\u018flaq\u0259dar m\u0259qal\u0259l\u0259r<\/div>\n            <div class=\"bc-flex-container\">\n                <div class=\"bc-main-text\">\n                    <div class=\"bc-title-link-box\">\n                        <a href=\"https:\/\/portal.hokuryu.info\/az\/operations_policy\/\" target=\"_blank\">https:\/\/portal.hokuryu.info\/operations_policy<\/a>\n                    <\/div>\n                    <div class=\"bc-excerpt-box\">S\u0259hif\u0259 m\u0259lumatlar\u0131n\u0131 \u0259ld\u0259 etm\u0259k m\u00fcmk\u00fcn deyil.<\/div>\n                <\/div>\n                <div class=\"bc-thumbnail-box\">\n                    <a href=\"https:\/\/portal.hokuryu.info\/az\/operations_policy\/\" target=\"_blank\">\n                        <div class=\"bc-img-zoom-wrap\">\n                            <img decoding=\"async\" src=\"https:\/\/portal.hokuryu.info\/wp\/wp-content\/uploads\/2026\/02\/20230802DSC06445_1.jpg\" alt=\"https:\/\/portal.hokuryu.info\/operations_policy\">\n                        <\/div>\n                    <\/a>\n                <\/div>\n            <\/div>\n        <\/div>\n\u3000<\/p>\n<div class=\"img-move\">\n<a href=\"https:\/\/portal.hokuryu.info\/az\/62509\/\">\ud83d\udd8b\ufe0f M\u0259zmun planlamas\u0131, m\u0259qal\u0259 yazmaq, foto se\u00e7imi v\u0259 video yaratmaq: Ikuko Terauchi<img decoding=\"async\" style=\"vertical-align: middle;\" src=\"https:\/\/ehokkaido.net\/wp-content\/uploads\/2021\/12\/2021-12-06-11.41.12.png\" \/> Fotoqrafiya, redakt\u0259 v\u0259 veb sayt\u0131n idar\u0259 edilm\u0259si: Noboru Terauchi<\/a>\n<\/div>\n<p>\u25c7<\/p>\n<div class=\"story-banner\">\n<p class=\"story-banner-title\">Hokuryu \u015f\u0259h\u0259rinin ruhuna toxunan be\u015f hekay\u0259<\/p>\n<div class=\"story-banner-grid\"><a href=\"https:\/\/portal.hokuryu.info\/az\/64463\/\"><img decoding=\"async\" class=\"story-banner-img\" src=\"https:\/\/portal.hokuryu.info\/wp\/wp-content\/uploads\/2026\/04\/20260413-20220804LUBU6108.jpg\" alt=\"G\u00fcn\u0259baxan Festival\u0131 Hekay\u0259si\"><span class=\"story-banner-sub\">G\u00fcn\u0259baxanlar v\u0259 Tarix<\/span><span class=\"story-banner-name\">G\u00fcn\u0259baxan Festival\u0131 Hekay\u0259si<\/span><\/a><a href=\"https:\/\/portal.hokuryu.info\/az\/70781\/\"><img decoding=\"async\" class=\"story-banner-img\" src=\"https:\/\/portal.hokuryu.info\/wp\/wp-content\/uploads\/2026\/04\/20260413-2ee454639d49581b086f096a4cad8a35.jpg\" alt=\"K\u0259nd T\u0259s\u0259rr\u00fcfat\u0131, Qida v\u0259 H\u0259yat\"><span class=\"story-banner-sub\">K\u0259nd T\u0259s\u0259rr\u00fcfat\u0131, Qida v\u0259 H\u0259yat<\/span><span class=\"story-banner-name\">G\u00fcn\u0259baxan D\u00fcy\u00fc Hekay\u0259si<\/span><\/a><a href=\"https:\/\/portal.hokuryu.info\/az\/65955\/\"><img decoding=\"async\" class=\"story-banner-img\" src=\"https:\/\/portal.hokuryu.info\/wp\/wp-content\/uploads\/2026\/04\/20260413-ac3c8e2e56926a378ae45ee5011703e2.jpg\" alt=\"K\u0259nd T\u0259s\u0259rr\u00fcfat\u0131 - Kurosenkoku\"><span class=\"story-banner-sub\">K\u0259nd T\u0259s\u0259rr\u00fcfat\u0131 - Kurosenkoku<\/span><span class=\"story-banner-name\">Kurosenkoku soya paxlas\u0131n\u0131n hekay\u0259si<\/span><\/a><a href=\"https:\/\/portal.hokuryu.info\/az\/64650\/\"><img decoding=\"async\" class=\"story-banner-img\" src=\"https:\/\/portal.hokuryu.info\/wp\/wp-content\/uploads\/2026\/04\/20250925-Gemini_Generated_Image_xnrnb2xnrnb2xnrn.jpg\" alt=\"K\u0259nd t\u0259s\u0259rr\u00fcfat\u0131 - Qarp\u0131z\"><span class=\"story-banner-sub\">K\u0259nd t\u0259s\u0259rr\u00fcfat\u0131 - Qarp\u0131z<\/span><span class=\"story-banner-name\">G\u00fcn\u0259baxan v\u0259 qarp\u0131z yeti\u015fdirilm\u0259sinin hekay\u0259si<\/span><\/a><a href=\"https:\/\/portal.hokuryu.info\/az\/70779\/\"><img decoding=\"async\" class=\"story-banner-img\" src=\"https:\/\/portal.hokuryu.info\/wp\/wp-content\/uploads\/2026\/04\/20260413-20180913_DSC8149.jpg\" alt=\"K\u0259nd t\u0259s\u0259rr\u00fcfat\u0131 - Qovunlar\"><span class=\"story-banner-sub\">K\u0259nd t\u0259s\u0259rr\u00fcfat\u0131 - Qovunlar<\/span><span class=\"story-banner-name\">G\u00fcn\u0259baxan Qovununun Yeti\u015fdirilm\u0259sinin Hekay\u0259si<\/span><\/a><\/div>\n<\/div>","protected":false},"excerpt":{"rendered":"<p>\u6700\u7d42\u6539\u8a02\uff1a2026\u5e744\u6708\u3000\u203b\u300c\u53d6\u6750\u30fb\u767b\u5834\u8005\u306b\u95a2\u3059\u308b\u65b9\u91dd\u300d\u3092\u8ffd\u52a0\u3057\u307e\u3057\u305f\uff08\u5236\u5b9a\uff1a2020\u5e741\u6708\uff09 \u5317\u7adc\u753a\u30dd\u30fc\u30bf\u30eb\uff08https:\/\/portal.hokuryu.info\/\uff09\u306f\u3001\u5317\u6d77\u9053\u96e8\u7adc\u90e1\u5317\u7adc\u753a\u3092\u62e0\u70b9\u306b [&hellip;]<\/p>\n","protected":false},"author":1,"featured_media":72402,"parent":0,"menu_order":0,"comment_status":"closed","ping_status":"open","template":"","meta":{"footnotes":""},"class_list":["post-3","page","type-page","status-publish","has-post-thumbnail","hentry"],"_links":{"self":[{"href":"https:\/\/portal.hokuryu.info\/az\/wp-json\/wp\/v2\/pages\/3","targetHints":{"allow":["GET"]}}],"collection":[{"href":"https:\/\/portal.hokuryu.info\/az\/wp-json\/wp\/v2\/pages"}],"about":[{"href":"https:\/\/portal.hokuryu.info\/az\/wp-json\/wp\/v2\/types\/page"}],"author":[{"embeddable":true,"href":"https:\/\/portal.hokuryu.info\/az\/wp-json\/wp\/v2\/users\/1"}],"replies":[{"embeddable":true,"href":"https:\/\/portal.hokuryu.info\/az\/wp-json\/wp\/v2\/comments?post=3"}],"version-history":[{"count":10,"href":"https:\/\/portal.hokuryu.info\/az\/wp-json\/wp\/v2\/pages\/3\/revisions"}],"predecessor-version":[{"id":74155,"href":"https:\/\/portal.hokuryu.info\/az\/wp-json\/wp\/v2\/pages\/3\/revisions\/74155"}],"wp:featuredmedia":[{"embeddable":true,"href":"https:\/\/portal.hokuryu.info\/az\/wp-json\/wp\/v2\/media\/72402"}],"wp:attachment":[{"href":"https:\/\/portal.hokuryu.info\/az\/wp-json\/wp\/v2\/media?parent=3"}],"curies":[{"name":"wp","href":"https:\/\/api.w.org\/{rel}","templated":true}]}}