{"id":2,"date":"2020-01-13T15:00:04","date_gmt":"2020-01-13T06:00:04","guid":{"rendered":"http:\/\/portal.hokuryu.info\/wp"},"modified":"2026-04-13T15:32:14","modified_gmt":"2026-04-13T06:32:14","slug":"404-tapilmadi","status":"publish","type":"page","link":"https:\/\/portal.hokuryu.info\/az\/404-not-found\/","title":{"rendered":"S\u0259hif\u0259 tap\u0131lmad\u0131."},"content":{"rendered":"<div style=\"text-align:center; padding:20px 0 24px;\">\n<p style=\"font-size:18px; font-weight:700; color:#2d3a6b; margin:0 0 8px;\">Axtard\u0131\u011f\u0131n\u0131z s\u0259hif\u0259 tap\u0131lm\u0131r.<\/p>\n<p style=\"font-size:14px; color:#555; margin:0 0 24px;\">URL d\u0259yi\u015fmi\u015f v\u0259 ya s\u0259hif\u0259 yerini d\u0259yi\u015fmi\u015f ola bil\u0259r. Z\u0259hm\u0259t olmasa, a\u015fa\u011f\u0131da axtar\u0131\u015f etm\u0259y\u0259 \u00e7al\u0131\u015f\u0131n.<\/p>\n<p><a href=\"https:\/\/portal.hokuryu.info\/az\/\" style=\"display:inline-block; background:#0f2a45; color:#ffffff; font-size:15px; font-weight:700; padding:12px 32px; text-decoration:none !important; border-top:4px solid #c8920a; border-left:none; position:relative; transition:opacity 0.2s ease;\" onmouseover=\"this.style.opacity='0.7'; this.style.top='2px'; this.style.left='2px';\" onmouseout=\"this.style.opacity='1'; this.style.top='0px'; this.style.left='0px';\">\u018fn Yuxar\u0131 S\u0259hif\u0259y\u0259 Qay\u0131t<\/a><\/div>\n<div class=\"story-banner\">\n<p class=\"story-banner-title\">Bu be\u015f hekay\u0259 vasit\u0259sil\u0259 Hokuryu \u015f\u0259h\u0259rinin ruhunu ya\u015fay\u0131n.<\/p>\n<\/div>\n<div class=\"story-banner-grid\">\n<a href=\"https:\/\/portal.hokuryu.info\/az\/64463\/\"><img decoding=\"async\" class=\"story-banner-img\" src=\"https:\/\/portal.hokuryu.info\/wp\/wp-content\/uploads\/2026\/04\/20260413-20220804LUBU6108.jpg\" alt=\"G\u00fcn\u0259baxan Festival\u0131 Hekay\u0259si\"><span class=\"story-banner-sub\">G\u00fcn\u0259baxanlar v\u0259 Tarix<\/span><span class=\"story-banner-name\">G\u00fcn\u0259baxan Festival\u0131 Hekay\u0259si<\/span><\/a><br \/>\n<a href=\"https:\/\/portal.hokuryu.info\/az\/70781\/\"><img decoding=\"async\" class=\"story-banner-img\" src=\"https:\/\/portal.hokuryu.info\/wp\/wp-content\/uploads\/2026\/04\/20260413-2ee454639d49581b086f096a4cad8a35.jpg\" alt=\"K\u0259nd T\u0259s\u0259rr\u00fcfat\u0131, Qida v\u0259 H\u0259yat\"><span class=\"story-banner-sub\">K\u0259nd T\u0259s\u0259rr\u00fcfat\u0131, Qida v\u0259 H\u0259yat<\/span><span class=\"story-banner-name\">G\u00fcn\u0259baxan D\u00fcy\u00fc Hekay\u0259si<\/span><\/a><br \/>\n<a href=\"https:\/\/portal.hokuryu.info\/az\/65955\/\"><img decoding=\"async\" class=\"story-banner-img\" src=\"https:\/\/portal.hokuryu.info\/wp\/wp-content\/uploads\/2026\/04\/20260413-ac3c8e2e56926a378ae45ee5011703e2.jpg\" alt=\"K\u0259nd T\u0259s\u0259rr\u00fcfat\u0131 - Kurosenkoku\"><span class=\"story-banner-sub\">K\u0259nd T\u0259s\u0259rr\u00fcfat\u0131 - Kurosenkoku<\/span><span class=\"story-banner-name\">Kurosenkoku soya paxlas\u0131n\u0131n hekay\u0259si<\/span><\/a><br \/>\n<a href=\"https:\/\/portal.hokuryu.info\/az\/64650\/\"><img decoding=\"async\" class=\"story-banner-img\" src=\"https:\/\/portal.hokuryu.info\/wp\/wp-content\/uploads\/2026\/04\/20250925-Gemini_Generated_Image_xnrnb2xnrnb2xnrn.jpg\" alt=\"K\u0259nd t\u0259s\u0259rr\u00fcfat\u0131 - Qarp\u0131z\"><span class=\"story-banner-sub\">K\u0259nd t\u0259s\u0259rr\u00fcfat\u0131 - Qarp\u0131z<\/span><span class=\"story-banner-name\">G\u00fcn\u0259baxan v\u0259 qarp\u0131z yeti\u015fdirilm\u0259sinin hekay\u0259si<\/span><\/a><a href=\"https:\/\/portal.hokuryu.info\/az\/70779\/\"><img decoding=\"async\" class=\"story-banner-img\" src=\"https:\/\/portal.hokuryu.info\/wp\/wp-content\/uploads\/2026\/04\/20260413-20180913_DSC8149.jpg\" alt=\"K\u0259nd t\u0259s\u0259rr\u00fcfat\u0131 - Qovunlar\"><span class=\"story-banner-sub\">K\u0259nd t\u0259s\u0259rr\u00fcfat\u0131 - Qovunlar<\/span><span class=\"story-banner-name\">G\u00fcn\u0259baxan Qovununun Yeti\u015fdirilm\u0259sinin Hekay\u0259si<\/span><\/a><\/div>\n<div style=\"margin:24px 0 8px; border-left:4px solid #EF9F27; padding:10px 16px; background:#7aab6e; color:#ffffff; font-size:14px; font-weight:700; font-family:sans-serif; line-height:1.4;\">Hokuryu q\u0259s\u0259b\u0259sind\u0259ki g\u00fcnd\u0259lik h\u0259yat haqq\u0131nda hekay\u0259l\u0259r toplusu, h\u0259r biri Yaponiya ruhunu \u0259ks etdirir.<\/div>\n<div class=\"story-banner-grid wa-grid\">\n<a href=\"https:\/\/portal.hokuryu.info\/az\/kateqoriya\/%c9%99hat%c9%99-hekay%c9%99si\/\"><span class=\"story-banner-sub\">\u015e\u0259h\u0259r sakinl\u0259rinin g\u00fcnd\u0259lik \u00fcr\u0259kl\u0259ri<\/span><span class=\"story-banner-name\">B\u0259dii m\u0259qal\u0259l\u0259r<\/span><\/a><br \/>\n<a href=\"https:\/\/portal.hokuryu.info\/az\/kateqoriya\/x%c9%99zin%c9%99\/scene\/\"><span class=\"story-banner-sub\">Unudulmaz \u015f\u0259h\u0259r m\u0259nz\u0259r\u0259l\u0259ri<\/span><span class=\"story-banner-name\">Hokuryu \u015f\u0259h\u0259rinin m\u0259nz\u0259r\u0259si<\/span><\/a><br \/>\n<a href=\"https:\/\/portal.hokuryu.info\/az\/kateqoriya\/x%c9%99zin%c9%99\/f%c9%99sill%c9%99r\/\"><span class=\"story-banner-sub\">\u015e\u0259h\u0259rd\u0259 yerli k\u0259nd t\u0259s\u0259rr\u00fcfat\u0131 m\u0259hsullar\u0131ndan h\u0259zz almaq olar<\/span><span class=\"story-banner-name\">M\u00f6vs\u00fcml\u0259rd\u0259n h\u0259zz al\u0131n<\/span><\/a><br \/>\n<a href=\"https:\/\/portal.hokuryu.info\/az\/kateqoriya\/x%c9%99zin%c9%99\/town-life\/\"><span class=\"story-banner-sub\">\u015e\u0259h\u0259r sakinl\u0259ri v\u0259 onlar\u0131n g\u00fcnd\u0259lik h\u0259yat\u0131<\/span><span class=\"story-banner-name\">\u015e\u0259h\u0259r f\u0259aliyy\u0259tl\u0259ri<\/span><\/a><br \/>\n<a href=\"https:\/\/portal.hokuryu.info\/az\/kateqoriya\/hokuryu-il%c9%99-baglidir\/\"><span class=\"story-banner-sub\">\u015e\u0259h\u0259r \u0259traf\u0131ndak\u0131 hadis\u0259l\u0259r v\u0259 m\u00f6vzular<\/span><span class=\"story-banner-name\">\u015e\u0259h\u0259r \u0259traf\u0131ndak\u0131 m\u00f6vzular<\/span><\/a>\n<\/div>","protected":false},"excerpt":{"rendered":"<p>\u304a\u63a2\u3057\u306e\u30da\u30fc\u30b8\u304c\u898b\u3064\u304b\u308a\u307e\u305b\u3093 URL\u304c\u5909\u66f4\u3055\u308c\u305f\u304b\u3001\u30da\u30fc\u30b8\u304c\u79fb\u52d5\u3057\u305f\u53ef\u80fd\u6027\u304c\u3042\u308a\u307e\u3059\u3002\u4ee5\u4e0b\u304b\u3089\u304a\u63a2\u3057\u304f\u3060\u3055\u3044\u3002 \u30c8\u30c3\u30d7\u30da\u30fc\u30b8\u3078\u623b\u308b \u3053\u306e5\u3064\u306e\u7269\u8a9e\u304b\u3089\u3001\u5317\u7adc\u753a\u306e\u9b42\u306b\u89e6\u308c\u3066\u304f\u3060\u3055\u3044\u3002 \u3072\u307e\u308f\u308a\u30fb\u6b74\u53f2\u3072 [&hellip;]<\/p>\n","protected":false},"author":1,"featured_media":73215,"parent":0,"menu_order":0,"comment_status":"closed","ping_status":"open","template":"","meta":{"footnotes":""},"class_list":["post-2","page","type-page","status-publish","has-post-thumbnail","hentry"],"_links":{"self":[{"href":"https:\/\/portal.hokuryu.info\/az\/wp-json\/wp\/v2\/pages\/2","targetHints":{"allow":["GET"]}}],"collection":[{"href":"https:\/\/portal.hokuryu.info\/az\/wp-json\/wp\/v2\/pages"}],"about":[{"href":"https:\/\/portal.hokuryu.info\/az\/wp-json\/wp\/v2\/types\/page"}],"author":[{"embeddable":true,"href":"https:\/\/portal.hokuryu.info\/az\/wp-json\/wp\/v2\/users\/1"}],"replies":[{"embeddable":true,"href":"https:\/\/portal.hokuryu.info\/az\/wp-json\/wp\/v2\/comments?post=2"}],"version-history":[{"count":27,"href":"https:\/\/portal.hokuryu.info\/az\/wp-json\/wp\/v2\/pages\/2\/revisions"}],"predecessor-version":[{"id":73338,"href":"https:\/\/portal.hokuryu.info\/az\/wp-json\/wp\/v2\/pages\/2\/revisions\/73338"}],"wp:featuredmedia":[{"embeddable":true,"href":"https:\/\/portal.hokuryu.info\/az\/wp-json\/wp\/v2\/media\/73215"}],"wp:attachment":[{"href":"https:\/\/portal.hokuryu.info\/az\/wp-json\/wp\/v2\/media?parent=2"}],"curies":[{"name":"wp","href":"https:\/\/api.w.org\/{rel}","templated":true}]}}